{"id":911,"date":"2025-12-25T03:24:53","date_gmt":"2025-12-25T03:24:53","guid":{"rendered":"https:\/\/lyfilter.com\/?post_type=product&#038;p=911"},"modified":"2025-12-25T03:24:53","modified_gmt":"2025-12-25T03:24:53","slug":"10-20jumb-water-filter-cartridge-pp-melt-blown-sediment-water-filter-cartridge-5-micron","status":"publish","type":"product","link":"https:\/\/lyfilter.com\/tr\/10-20jumb-water-filter-cartridge-pp-melt-blown-sediment-water-filter-cartridge-5-micron\/","title":{"rendered":"10 20 \u2033Jumb Su Filtresi Kartu\u015fu PP Eriyik \u00dcflemeli Sediment Su Filtresi Kartu\u015fu 5 mikron"},"content":{"rendered":"<div class=\"pro_aliData\">\n<div class=\"detail-box\">\n<div class=\"scc-wrapper detail-module module-productSpecification\" data-spm=\"pronpeci14\">\n<div id=\"J-rich-text-description\" class=\"richtext richtext-detail rich-text-description\">\n<div id=\"detail_decorate_root\" data-host=\"112311420\" data-id=\"detail_decorate_root\">\n<div id=\"_root\" class=\"engine-app\" data-reactroot=\"\">\n<div id=\"ali-anchor-AliMagic-7f7ca7\" class=\"magic-0\" data-section=\"AliMagic-7f7ca7\" data-section-title=\"Product Description\">\u00dcr\u00fcn A\u00e7\u0131klamas\u0131<\/div>\n<div class=\"icbu-pc-images magic-1\">\n<div>\n<div class=\"flex-layout-v\">\n<div class=\"flex-layout-h magic-1\">\n<div class=\"magic-2\"><img decoding=\"async\" class=\"magic-3\" src=\"https:\/\/img.yfisher.com\/m6076\/1725726990g0q\/jpg70-t3-scale100.webp\" alt=\"10 20Jumb Su Filtresi Kartu\u015fu PP Eriyik \u00dcflemeli Sediment Su Filtresi Kartu\u015fu 5 mikron 7\" data-lazy=\"2\" title=\"\"><\/div>\n<\/div>\n<\/div>\n<\/div>\n<\/div>\n<div class=\"detail-decorate-json-renderer-container\">\n<div class=\"magic-4\">\n<div class=\"magic-5\">\n<div class=\"magic-6\">\n<div class=\"magic-7\">\n<p class=\"magic-8\"><b>Genel A\u00e7\u0131klama<\/b><\/p>\n<p class=\"magic-8\"><span style=\"font-family: Arial, Helvetica;\">Lvyuan pp <a href=\"https:\/\/lyfilter.com\/tr\/melt-blown-filter-cartridge.html\/\">eriyik \u00fcflemeli filtre kartu\u015fu<\/a> serisi, su ar\u0131tma i\u00e7in bir t\u00fcr standart ve basit filtre kartu\u015fudur. Herhangi bir kimyasal yap\u0131\u015ft\u0131r\u0131c\u0131 olmadan polipropilen elyaf\u0131n kayna\u015fmas\u0131 ve i\u00e7 i\u00e7e ge\u00e7mesidir.<\/p>\n<p>100% saf polipropilen hammaddeden yap\u0131lm\u0131\u015ft\u0131r. bu filtre kartu\u015fu, kartu\u015fu y\u00fczeyde ince lifler ve kaba lif ve derin filtrasyon ile 3 katman yapacak olan 3D mikro g\u00f6zenek olu\u015fturmak i\u00e7in radomdur. Filtre kartu\u015funun \u00e7ap\u0131ndaki y\u00fcksek filtrasyon derecesi ve kirletici tutma kapasitesinden gelen elyaf ve yo\u011funluk, d\u00fc\u015f\u00fck bas\u0131n\u00e7 d\u00fc\u015f\u00fc\u015f\u00fc, kademeli olarak de\u011fi\u015fen derin filtrasyon yap\u0131s\u0131, d\u0131\u015fta kay\u0131p ve i\u00e7te yak\u0131n, g\u00fc\u00e7l\u00fc kirletici tutma kapasitesi, ask\u0131da madde, partik\u00fcl ve pas gibi kirleticileri etkili bir \u015fekilde giderebilir, verimli filtrasyon ve uzun hizmet \u00f6mr\u00fc sa\u011flar.<\/span><\/p>\n<\/div>\n<\/div>\n<\/div>\n<\/div>\n<\/div>\n<div class=\"icbu-pc-images magic-1\">\n<div>\n<div class=\"flex-layout-v\">\n<div class=\"flex-layout-h magic-1\">\n<div class=\"magic-9\"><img decoding=\"async\" class=\"magic-10\" src=\"https:\/\/img.yfisher.com\/m6076\/17257276796e1\/jpg70-t3-scale100.webp\" alt=\"10 20Jumb Su Filtresi Kartu\u015fu PP Eriyik \u00dcflemeli Sediment Su Filtresi Kartu\u015fu 5 mikron 9\" data-lazy=\"2\" title=\"\"><\/div>\n<\/div>\n<\/div>\n<\/div>\n<\/div>\n<div class=\"detail-decorate-json-renderer-container\">\n<div class=\"magic-4\">\n<div class=\"magic-5\">\n<div class=\"magic-6\">\n<div class=\"magic-7\">\n<p class=\"magic-8\"><b>\u00d6zellikler:<\/b><\/p>\n<p>1. Y\u00fcksek kir tutma kapasitesi ve uzun servis \u00f6mr\u00fc.<\/p>\n<p>2. \u00d6zel boyut ve logo \u00e7elik conta.<\/p>\n<p>3. Herhangi bir lif d\u00f6k\u00fclmesine neden olmaz.<\/p>\n<\/div>\n<\/div>\n<\/div>\n<\/div>\n<\/div>\n<div class=\"icbu-pc-images magic-1\">\n<div>\n<div class=\"flex-layout-v\">\n<div class=\"flex-layout-h magic-1\">\n<div class=\"magic-11\"><img decoding=\"async\" class=\"magic-12\" src=\"https:\/\/img.yfisher.com\/m6076\/172572699030m\/jpg70-t3-scale100.webp\" alt=\"10 20Jumb Su Filtresi Kartu\u015fu PP Eriyik \u00dcflemeli Sediment Su Filtresi Kartu\u015fu 5 mikron 11\" data-lazy=\"2\" title=\"\"><\/div>\n<\/div>\n<\/div>\n<\/div>\n<\/div>\n<div class=\"detail-decorate-json-renderer-container\">\n<div class=\"magic-4\">\n<div class=\"magic-5\">\n<div class=\"magic-6\">\n<div class=\"magic-7\">\n<p class=\"magic-8\"><b>\u00a0Lvyuan pp <a href=\"https:\/\/lyfilter.com\/tr\/sediment-filter.html\/\">tortu filtresi<\/a> \u015eartname:<\/b><\/p>\n<\/div>\n<\/div>\n<\/div>\n<\/div>\n<\/div>\n<div class=\"ife-detail-decorate-table\">\n<div class=\"table-responsive\">\n<table class=\"all magic-13\">\n<tbody>\n<tr>\n<td>\n<div class=\"magic-14\">Filtre malzemesi<\/div>\n<\/td>\n<td>\n<div class=\"magic-15\">PP (polipropilen)<\/div>\n<\/td>\n<\/tr>\n<tr>\n<td>\n<div class=\"magic-14\">Orta \u00e7ekirdek\/Son kapaklar<\/div>\n<\/td>\n<td>\n<div class=\"magic-15\">PP\/Yok<\/div>\n<\/td>\n<\/tr>\n<tr>\n<td>\n<div class=\"magic-14\">Conta malzemesi<\/div>\n<\/td>\n<td>\n<div class=\"magic-15\">Silikon, EPDM, NBR, VITON, TEFLON, vb.<\/div>\n<\/td>\n<\/tr>\n<tr>\n<td>\n<div class=\"magic-14\">Adapt\u00f6rler<\/div>\n<\/td>\n<td>\n<div class=\"magic-15\">DOE, 222flat, 222fin, 226flat, 226fin veya \u00f6zelle\u015ftirilmi\u015f<\/div>\n<\/td>\n<\/tr>\n<tr>\n<td>\n<div class=\"magic-14\">Y\u00fczey<\/div>\n<\/td>\n<td>\n<div class=\"magic-15\">Parlak, Yivli, Kabartma, \u0130\u011fneli, Portakal kabu\u011fu y\u00fczey<\/div>\n<\/td>\n<\/tr>\n<tr>\n<td>\n<div class=\"magic-14\">\u0130\u00e7 \u00e7ap<\/div>\n<\/td>\n<td>\n<div class=\"magic-15\">28 mm, 30 mm veya \u00f6zelle\u015ftirilmi\u015f<\/div>\n<\/td>\n<\/tr>\n<tr>\n<td>\n<div class=\"magic-14\">D\u0131\u015f \u00e7ap<\/div>\n<\/td>\n<td>\n<div class=\"magic-15\">63 mm, 65 mm veya \u00f6zelle\u015ftirilmi\u015f<\/div>\n<\/td>\n<\/tr>\n<tr>\n<td>\n<div class=\"magic-14\">Uzunluk<\/div>\n<\/td>\n<td>\n<div class=\"magic-15\">10 in\u00e7, 20 in\u00e7, 30 in\u00e7, 40 in\u00e7<\/div>\n<\/td>\n<\/tr>\n<tr>\n<td>\n<div class=\"magic-14\">Maksimum diferansiyel bas\u0131n\u00e7<\/div>\n<\/td>\n<td>\n<div class=\"magic-15\">20\u00b0C'de 3,5 bar<\/div>\n<\/td>\n<\/tr>\n<tr>\n<td>\n<div class=\"magic-14\">Maks. \u00e7al\u0131\u015fma s\u0131cakl\u0131\u011f\u0131<\/div>\n<\/td>\n<td>\n<div class=\"magic-15\">82\u2103<\/div>\n<\/td>\n<\/tr>\n<tr>\n<td>\n<div class=\"magic-14\">Yedek diferansiyel bas\u0131n\u00e7<\/div>\n<\/td>\n<td>\n<div class=\"magic-15\">1-1,5bar<\/div>\n<\/td>\n<\/tr>\n<\/tbody>\n<\/table>\n<\/div>\n<\/div>\n<div class=\"detail-decorate-json-renderer-container\">\n<div class=\"magic-4\">\n<div class=\"magic-5\">\n<div class=\"magic-6\">\n<div class=\"magic-7\">\n<p class=\"magic-8\"><b>Pp eriyik \u00fcflemeli filtrede 10 y\u0131ll\u0131k \u00fcretim ile, \u00f6zelle\u015ftirilmi\u015f \u00f6zellikleri, \u00f6zelle\u015ftirilmi\u015f adapt\u00f6rleri, \u00f6zelle\u015ftirilmi\u015f y\u00fczeyi, \u00f6zelle\u015ftirilmi\u015f gram\u0131 kabul edebiliriz.<\/b><\/p>\n<\/div>\n<\/div>\n<\/div>\n<\/div>\n<\/div>\n<div class=\"detail-decorate-json-renderer-container\">\n<div class=\"magic-4\">\n<div class=\"magic-16\">\n<div class=\"magic-17\">\n<div class=\"magic-17\">\n<div class=\"magic-18\"><img decoding=\"async\" class=\"magic-19\" src=\"https:\/\/img.yfisher.com\/m6076\/1725726990f1j\/jpg70-t3-scale100.webp\" alt=\"10 20Jumb Su Filtresi Kartu\u015fu PP Eriyik \u00dcflemeli Sediment Su Filtresi Kartu\u015fu 5 mikron 13\" data-id=\"img0\" data-lazy=\"2\" title=\"\"><\/div>\n<\/div>\n<\/div>\n<div class=\"magic-6\">\n<div class=\"magic-7\" data-id=\"paragraph0\">\n<p class=\"magic-8\">\u00f6zelle\u015ftirilmi\u015f \u00f6zellikler<\/p>\n<\/div>\n<\/div>\n<\/div>\n<div class=\"magic-16\">\n<div class=\"magic-17\">\n<div class=\"magic-17\">\n<div class=\"magic-18\"><img decoding=\"async\" class=\"magic-20\" src=\"https:\/\/img.yfisher.com\/m6076\/1725726990yl3\/jpg70-t3-scale100.webp\" alt=\"10 20Jumb Su Filtresi Kartu\u015fu PP Eriyik \u00dcflemeli Sediment Su Filtresi Kartu\u015fu 5 mikron 15\" data-id=\"img1\" data-lazy=\"2\" title=\"\"><\/div>\n<\/div>\n<\/div>\n<div class=\"magic-6\">\n<div class=\"magic-7\" data-id=\"paragraph1\">\n<p class=\"magic-8\">\u00e7oklu adapt\u00f6r\/soe<\/p>\n<\/div>\n<\/div>\n<\/div>\n<div class=\"magic-16\">\n<div class=\"magic-17\">\n<div class=\"magic-17\">\n<div class=\"magic-18\"><img decoding=\"async\" class=\"magic-20\" src=\"https:\/\/img.yfisher.com\/m6076\/17257269907i1\/jpg70-t3-scale100.webp\" alt=\"10 20Jumb Su Filtresi Kartu\u015fu PP Eriyik \u00dcflemeli Sediment Su Filtresi Kartu\u015fu 5 mikron 17\" data-id=\"img2\" data-lazy=\"2\" title=\"\"><\/div>\n<\/div>\n<\/div>\n<div class=\"magic-6\">\n<div class=\"magic-7\" data-id=\"paragraph2\">\n<p class=\"magic-8\">5 \u00e7e\u015fit y\u00fczey<\/p>\n<\/div>\n<\/div>\n<\/div>\n<\/div>\n<\/div>\n<div class=\"detail-decorate-json-renderer-container\">\n<div class=\"magic-4\">\n<div class=\"magic-5\">\n<div class=\"magic-6\">\n<div class=\"magic-7\">\n<p class=\"magic-8\"><b>\u00d6zelle\u015ftirme hizmeti:<\/b><\/p>\n<p>1. \u00d6zelle\u015ftirilmi\u015f boyut ve uzunlu\u011fu kabul edin.               2. \u00d6zelle\u015ftirilmi\u015f adpator kabul edin.<\/p>\n<p>3. G\u00f6r\u00fcn\u00fcm\u00fc \u00f6zelle\u015ftirmeyi kabul edin.                        4. \u0130ki hassasiyeti kabul edin.<\/p>\n<p>5. \u00d6zelle\u015ftirilmi\u015f gram kabul edin<\/p>\n<\/div>\n<\/div>\n<\/div>\n<\/div>\n<\/div>\n<div class=\"icbu-pc-images magic-1\">\n<div>\n<div class=\"flex-layout-v\">\n<div class=\"flex-layout-h magic-1\">\n<div class=\"magic-21\"><img decoding=\"async\" class=\"magic-22\" src=\"https:\/\/img.yfisher.com\/m6076\/172572699016s\/jpg70-t3-scale100.webp\" alt=\"10 20Jumb Su Filtresi Kartu\u015fu PP Eriyik \u00dcflemeli Sediment Su Filtresi Kartu\u015fu 5 mikron 19\" data-lazy=\"2\" title=\"\"><\/div>\n<\/div>\n<\/div>\n<\/div>\n<\/div>\n<div id=\"ali-anchor-AliMagic-645o81\" class=\"magic-0\" data-section=\"AliMagic-645o81\" data-section-title=\"Application\">Uygulama<\/div>\n<div class=\"detail-decorate-json-renderer-container\">\n<div class=\"magic-4\">\n<div class=\"magic-5\">\n<div class=\"magic-6\">\n<div class=\"magic-7\">\n<p class=\"magic-8\">1. Belediye musluk suyunda RO su \u00f6n ar\u0131tmas\u0131<\/p>\n<p>2. End\u00fcstri suyu, kaplama filtrasyonu<\/p>\n<p>3. Yiyecek ve i\u00e7ecek<\/p>\n<p>4. Steril su ve ultra saf su \u00f6n filtrasyonu<\/p>\n<p>5. Kimyasal ve \u00e7\u00f6z\u00fcc\u00fc su<\/p>\n<\/div>\n<\/div>\n<\/div>\n<\/div>\n<\/div>\n<div class=\"icbu-pc-images magic-1\">\n<div>\n<div class=\"flex-layout-v\">\n<div class=\"flex-layout-h magic-1\">\n<div class=\"magic-23\"><img decoding=\"async\" class=\"magic-24\" src=\"https:\/\/img.yfisher.com\/m6076\/1725726940dfq\/jpg70-t3-scale100.webp\" alt=\"10 20Jumb Su Filtresi Kartu\u015fu PP Eriyik \u00dcflemeli Sediment Su Filtresi Kartu\u015fu 5 mikron 21\" data-lazy=\"2\" title=\"\"><\/div>\n<\/div>\n<\/div>\n<\/div>\n<\/div>\n<div class=\"icbu-pc-images magic-1\">\n<div>\n<div class=\"flex-layout-v\">\n<div class=\"flex-layout-h magic-1\">\n<div class=\"magic-25\"><img decoding=\"async\" class=\"magic-26\" src=\"https:\/\/img.yfisher.com\/m6076\/17257269068bl\/jpg70-t3-scale100.webp\" alt=\"10 20Jumb Su Filtresi Kartu\u015fu PP Eriyik \u00dcflemeli Sediment Su Filtresi Kartu\u015fu 5 mikron 23\" data-lazy=\"2\" title=\"\"><\/div>\n<\/div>\n<\/div>\n<\/div>\n<\/div>\n<div id=\"ali-anchor-AliMagic-ckj1od\" class=\"magic-0\" data-section=\"AliMagic-ckj1od\" data-section-title=\"Related Products\">\u0130lgili \u00dcr\u00fcnler<\/div>\n<div class=\"detail-decorate-json-renderer-container\">\n<div class=\"magic-4\">\n<div class=\"magic-5\">\n<div class=\"magic-6\">\n<div class=\"magic-7\">\n<p class=\"magic-8\"><b>\u00dcr\u00fcnlerimiz uluslararas\u0131 standartlara uygundur ve bir\u00e7ok \u00fclke ve b\u00f6lgeye ihracat yapmaktad\u0131r. iyi kalite ve iyi fiyat var. beni ara, +86 13574135485, detaylar\u0131 konu\u015fal\u0131m.<\/b><\/p>\n<\/div>\n<\/div>\n<\/div>\n<\/div>\n<\/div>\n<div class=\"icbu-pc-images magic-1\">\n<div>\n<div class=\"flex-layout-v\">\n<div class=\"flex-layout-h magic-1\">\n<div class=\"magic-27\"><a href=\"https:\/\/lyfilter.com\/tr\/10-20-jumb-water-filter-cartridge-pp-melt-blown-sediment-water-filter-cartridge-5-micron-3964.html\/\" target=\"_blank\" rel=\"noopener noreferrer\"><img decoding=\"async\" class=\"magic-28\" src=\"https:\/\/img.yfisher.com\/m6076\/1725726937976\/jpg70-t3-scale100.webp\" alt=\"10 20Jumb Su Filtresi Kartu\u015fu PP Eriyik \u00dcflemeli Sediment Su Filtresi Kartu\u015fu 5 mikron 25\" data-id=\"child-image-0\" data-lazy=\"2\" title=\"\"><\/a><\/div>\n<div class=\"magic-29\"><a href=\"https:\/\/lyfilter.com\/tr\/10-20-jumb-water-filter-cartridge-pp-melt-blown-sediment-water-filter-cartridge-5-micron-3964.html\/\" target=\"_blank\" rel=\"noopener noreferrer\"><img decoding=\"async\" class=\"magic-30\" src=\"https:\/\/img.yfisher.com\/m6076\/1725727682zah\/jpg70-t3-scale100.webp\" alt=\"10 20Jumb Su Filtresi Kartu\u015fu PP Eriyik \u00dcflemeli Sediment Su Filtresi Kartu\u015fu 5 mikron 27\" data-id=\"child-image-1\" data-lazy=\"2\" title=\"\"><\/a><\/div>\n<div class=\"magic-29\"><a href=\"https:\/\/lyfilter.com\/tr\/10-20-jumb-water-filter-cartridge-pp-melt-blown-sediment-water-filter-cartridge-5-micron-3964.html\/\" target=\"_blank\" rel=\"noopener noreferrer\"><img decoding=\"async\" class=\"magic-31\" src=\"https:\/\/img.yfisher.com\/m6076\/1725726906402\/jpg70-t3-scale100.webp\" alt=\"10 20Jumb Su Filtresi Kartu\u015fu PP Eriyik \u00dcflemeli Sediment Su Filtresi Kartu\u015fu 5 mikron 29\" data-id=\"child-image-2\" data-lazy=\"2\" title=\"\"><\/a><\/div>\n<div class=\"magic-29\"><a href=\"https:\/\/lyfilter.com\/tr\/10-20-jumb-water-filter-cartridge-pp-melt-blown-sediment-water-filter-cartridge-5-micron-3964.html\/\" target=\"_blank\" rel=\"noopener noreferrer\"><img decoding=\"async\" class=\"magic-32\" src=\"https:\/\/img.yfisher.com\/m6076\/1725726921em9\/jpg70-t3-scale100.webp\" alt=\"10 20Jumb Su Filtresi Kartu\u015fu PP Eriyik \u00dcflemeli Sediment Su Filtresi Kartu\u015fu 5 mikron 31\" data-id=\"child-image-3\" data-lazy=\"2\" title=\"\"><\/a><\/div>\n<\/div>\n<\/div>\n<\/div>\n<\/div>\n<div class=\"detail-decorate-json-renderer-container\">\n<div class=\"magic-4\">\n<div class=\"magic-5\">\n<div class=\"magic-6\">\n<div class=\"magic-7\">\n<p class=\"magic-8\">\u00a0 \u00a0Titanyum filtre Membran filtre ip sarg\u0131l\u0131 fiter sinterlenmi\u015f karbon<\/p>\n<\/div>\n<\/div>\n<\/div>\n<\/div>\n<\/div>\n<div class=\"icbu-pc-images magic-1\">\n<div>\n<div class=\"flex-layout-v\">\n<div class=\"flex-layout-h magic-1\">\n<div class=\"magic-33\"><a href=\"https:\/\/lyfilter.com\/tr\/10-20-jumb-water-filter-cartridge-pp-melt-blown-sediment-water-filter-cartridge-5-micron-3964.html\/\" target=\"_blank\" rel=\"noopener noreferrer\"><img decoding=\"async\" class=\"magic-34\" src=\"https:\/\/img.yfisher.com\/m6076\/17257268694mn\/jpg70-t3-scale100.webp\" alt=\"10 20Jumb Su Filtresi Kartu\u015fu PP Eriyik \u00dcflemeli Sediment Su Filtresi Kartu\u015fu 5 mikron 33\" data-lazy=\"2\" title=\"\"><\/a><\/div>\n<\/div>\n<\/div>\n<\/div>\n<\/div>\n<div id=\"ali-anchor-AliMagic-7trpwq\" class=\"magic-0\" data-section=\"AliMagic-7trpwq\" data-section-title=\"Certifications\">Sertifikalar<\/div>\n<div class=\"icbu-pc-images magic-1\">\n<div>\n<div class=\"flex-layout-v\">\n<div class=\"flex-layout-h magic-1\">\n<div class=\"magic-35\"><img decoding=\"async\" class=\"magic-36\" src=\"https:\/\/img.yfisher.com\/m6076\/17257267814f6\/jpg70-t3-scale100.webp\" alt=\"10 20Jumb Su Filtresi Kartu\u015fu PP Eriyik \u00dcflemeli Sediment Su Filtresi Kartu\u015fu 5 mikron 35\" data-lazy=\"2\" title=\"\"><\/div>\n<\/div>\n<\/div>\n<\/div>\n<\/div>\n<div id=\"ali-anchor-AliMagic-6wrwll\" class=\"magic-0\" data-section=\"AliMagic-6wrwll\" data-section-title=\"About us\">Hakk\u0131m\u0131zda<\/div>\n<div class=\"detail-decorate-json-renderer-container\">\n<div class=\"magic-4\">\n<div class=\"magic-5\">\n<div class=\"magic-6\">\n<div class=\"magic-7\">\n<p class=\"magic-8\">1. 10 y\u0131ll\u0131k profesyonel \u00fcretici deneyimi.<\/p>\n<p>2. OEM ve ODM \u00f6zelle\u015ftirme hizmeti veriyoruz, her t\u00fcrl\u00fc end\u00fcstriyel su filtresi par\u00e7as\u0131n\u0131 firmam\u0131zda bulabilirsiniz.<\/p>\n<p>3. T\u00fcm \u00fcr\u00fcnler kalite garantisine sahiptir. Sertifikasyonumuz: CE ISO SGS<\/p>\n<p>4. \u00c7al\u0131\u015fanlar\u0131m\u0131z verimli ve sat\u0131\u015flar\u0131m\u0131z profesyonel, profesyonel \u00f6zelle\u015ftirilmi\u015f hizmet verece\u011fiz.<\/p>\n<p>5. \u00dcr\u00fcnlerimiz 100'den fazla \u00fclke ve b\u00f6lgeye ihra\u00e7 edilmektedir. \u0130yi bir \u00fcne kavu\u015ftu.<\/p>\n<p>6. Bir\u00e7ok i\u015fbirlik\u00e7i uzun y\u0131llard\u0131r yan\u0131m\u0131zda duruyor.<\/p>\n<p>7. K\u00fcresel m\u00fc\u015fterilerimize en iyi hizmeti ve kaliteyi sunmaya kararl\u0131y\u0131z, gelecekte giderek daha profesyonel bir \u015firket olaca\u011f\u0131z.<\/p>\n<\/div>\n<\/div>\n<\/div>\n<\/div>\n<\/div>\n<div class=\"icbu-pc-images magic-1\">\n<div>\n<div class=\"flex-layout-v\">\n<div class=\"flex-layout-h magic-1\">\n<div class=\"magic-37\"><img decoding=\"async\" class=\"magic-38\" src=\"https:\/\/img.yfisher.com\/m6076\/17257269408sg\/jpg70-t3-scale100.webp\" alt=\"10 20Jumb Su Filtresi Kartu\u015fu PP Eriyik \u00dcflemeli Sediment Su Filtresi Kartu\u015fu 5 mikron 37\" data-lazy=\"2\" title=\"\"><\/div>\n<\/div>\n<\/div>\n<\/div>\n<\/div>\n<div class=\"icbu-pc-images magic-1\">\n<div>\n<div class=\"flex-layout-v\">\n<div class=\"flex-layout-h magic-1\">\n<div class=\"magic-39\"><img decoding=\"async\" class=\"magic-40\" src=\"https:\/\/img.yfisher.com\/m6076\/17257267732f3\/jpg70-t3-scale100.webp\" alt=\"10 20Jumb Su Filtresi Kartu\u015fu PP Eriyik \u00dcflemeli Sediment Su Filtresi Kartu\u015fu 5 mikron 39\" data-lazy=\"2\" title=\"\"><\/div>\n<\/div>\n<\/div>\n<\/div>\n<\/div>\n<div id=\"ali-anchor-AliMagic-szch9a\" class=\"magic-0\" data-section=\"AliMagic-szch9a\" data-section-title=\"Our Service\">Hizmetlerimiz<\/div>\n<div class=\"detail-decorate-json-renderer-container\">\n<div class=\"magic-4\">\n<h3 class=\"magic-41\" data-id=\"title0\"><\/h3>\n<h3 class=\"magic-42\"><span style=\"font-size: medium;\">M\u00fc\u015fterilerimizle uzun vadeli bir ili\u015fki kuruyor ve m\u00fc\u015fterilerimizden iyi bir itibar kazan\u0131yoruz. Bize kat\u0131lman\u0131z\u0131 ve bizimle i\u015fbirli\u011fi yapman\u0131z\u0131 umuyoruz.<\/span><\/h3>\n<div><\/div>\n<div class=\"magic-5\">\n<div class=\"magic-6\">\n<div class=\"magic-7\" data-id=\"paragraph0\">\n<p class=\"magic-8\"><span style=\"font-family: Arial, Helvetica;\">1. \u00c7iziminizi ve resminizi sundu\u011funuz gibi \u00f6zelle\u015ftirilmi\u015f uzunluk, Paket, logo vb.<\/p>\n<p>2. \u00d6rnek sat\u0131n alma sipari\u015fini kabul edin, filtre kartu\u015fu MOQ = 10.filter housing MOQ = 1'i kabul edin.<\/p>\n<p>3. Size 24 saat i\u00e7inde cevap verece\u011fiz.<\/p>\n<p>4. \u00d6demeyi ald\u0131ktan sonra, ilk kez sizinle ileti\u015fime ge\u00e7ece\u011fiz ve \u00fcretimi d\u00fczenleyece\u011fiz ve en son s\u00fcreci size bildirece\u011fiz.<\/p>\n<p>5. Herhangi bir \u015f\u00fcpheniz varsa, l\u00fctfen bizimle ileti\u015fime ge\u00e7in, sorunu en k\u0131sa s\u00fcrede \u00e7\u00f6zmenize yard\u0131mc\u0131 olaca\u011f\u0131z.<\/span><\/p>\n<\/div>\n<\/div>\n<\/div>\n<\/div>\n<\/div>\n<div id=\"ali-anchor-AliMagic-4pze9z\" class=\"magic-0\" data-section=\"AliMagic-4pze9z\" data-section-title=\"Packing &amp; Delivery\">Paketleme ve Teslimat<\/div>\n<div class=\"detail-decorate-json-renderer-container\">\n<div class=\"magic-4\">\n<div class=\"magic-5\">\n<div class=\"magic-6\">\n<div class=\"magic-7\">\n<p class=\"magic-8\"><b>\u00c7al\u0131\u015fanlar\u0131m\u0131z verimli ve sat\u0131\u015flar\u0131m\u0131z profesyoneldir.  Herhangi bir istek sab\u0131rl\u0131 ve dikkatli bir \u015fekilde cevaplanacak ve \u00e7\u00f6z\u00fclecektir.<br \/>\n\u00dclkenize en k\u0131sa s\u00fcrede \u00fcretim ve teslimat ayarlamak i\u00e7in elimizden gelenin en iyisini yapaca\u011f\u0131z. <\/b><\/p>\n<p class=\"magic-8\"><span style=\"font-family: Arial, Helvetica;\"><b>Paketleme:<\/b><\/span><\/p>\n<p class=\"magic-8\"><span style=\"font-family: Arial, Helvetica;\"><b><br \/>\n<\/b>\u00dcr\u00fcnler, uzun mesafeli deniz ta\u015f\u0131mac\u0131l\u0131\u011f\u0131n\u0131n yan\u0131 s\u0131ra iklimlere uygun, neme ve darbelere kar\u015f\u0131 iyi diren\u00e7 g\u00f6steren y\u00fcksek kaliteli karton \/ tahta sand\u0131k ile paketlenmi\u015ftir.<\/p>\n<p><b>Teslimat s\u00fcresi:<\/b><\/p>\n<p>1. Bu t\u00fcr \u00fcr\u00fcnler stokta varsa, \u00fcr\u00fcn \u00f6deme yap\u0131ld\u0131ktan 1-7 g\u00fcn sonra sizin i\u00e7in g\u00f6nderilecektir.<\/span><\/p>\n<p class=\"magic-8\"><span style=\"font-family: Arial, Helvetica;\"><br \/>\n2. Bu t\u00fcr \u00fcr\u00fcnler stokta yoksa, \u00fcr\u00fcnlerin \u00fcretilmesi yakla\u015f\u0131k 7-25 g\u00fcn s\u00fcrecektir.<\/p>\n<p><b>Nakliye:<\/b><\/span><\/p>\n<p class=\"magic-8\"><span style=\"font-family: Arial, Helvetica;\"><b><br \/>\n<\/b>Denizyolu, Demiryolu, Havayolu (DHL\/UPS\/TNT\/FEDEX)<\/span><\/p>\n<\/div>\n<\/div>\n<\/div>\n<\/div>\n<\/div>\n<div class=\"icbu-pc-images magic-1\">\n<div>\n<div class=\"flex-layout-v\">\n<div class=\"flex-layout-h magic-1\">\n<div class=\"magic-43\"><img decoding=\"async\" class=\"magic-44\" src=\"https:\/\/img.yfisher.com\/m6076\/1725726773qyg\/jpg70-t3-scale100.webp\" alt=\"10 20Jumb Su Filtresi Kartu\u015fu PP Eriyik \u00dcflemeli Sediment Su Filtresi Kartu\u015fu 5 mikron 41\" data-lazy=\"2\" title=\"\"><\/div>\n<\/div>\n<\/div>\n<\/div>\n<\/div>\n<div id=\"ali-anchor-AliMagic-59czm4\" class=\"magic-0\" data-section=\"AliMagic-59czm4\" data-section-title=\"Contact us\">Bize ula\u015f\u0131n<\/div>\n<div class=\"detail-decorate-json-renderer-container\">\n<div class=\"magic-4\">\n<div class=\"magic-5\">\n<div class=\"magic-6\">\n<div class=\"magic-7\">\n<p class=\"magic-8\">Wechat\/skype\/whatsapp: +8613574135485 (h\u0131zl\u0131 yan\u0131t)<\/p>\n<\/div>\n<\/div>\n<\/div>\n<\/div>\n<\/div>\n<div class=\"icbu-pc-images magic-1\">\n<div>\n<div class=\"flex-layout-v\">\n<div class=\"flex-layout-h magic-1\">\n<div class=\"magic-45\"><img decoding=\"async\" class=\"magic-46\" src=\"https:\/\/img.yfisher.com\/m6076\/1725726869dv4\/jpg70-t3-scale100.webp\" alt=\"10 20Jumb Su Filtresi Kartu\u015fu PP Eriyik \u00dcflemeli Sediment Su Filtresi Kartu\u015fu 5 mikron 43\" data-lazy=\"2\" title=\"\"><\/div>\n<\/div>\n<\/div>\n<\/div>\n<\/div>\n<\/div>\n<\/div>\n<\/div>\n<\/div>\n<div data-module=\"detailMarketPackage\"><\/div>\n<div data-module=\"productAuth\"><\/div>\n<\/div>\n<\/div>\n<div class=\"diffStatement\">Y\u00fcksek verimlili\u011fi sayesinde \u00fcr\u00fcn sadece az miktarda enerji t\u00fcketiyor. \u0130nsanlar bu \u00fcr\u00fcn\u00fcn i\u015fletme maliyetinin beklediklerinden daha d\u00fc\u015f\u00fck oldu\u011funu s\u00f6ylediler. Hassas iyon kromatografi uygulamalar\u0131 i\u00e7in do\u011fru analiz ve sonu\u00e7lar sa\u011flayabilir. Bu \u00fcr\u00fcn operat\u00f6rlerin verimlili\u011fini art\u0131rmaya yard\u0131mc\u0131 olur. Sadece genel \u00e7al\u0131\u015fma do\u011frulu\u011funu art\u0131rmakla kalmaz, ayn\u0131 zamanda \u00e7al\u0131\u015fma s\u00fcrelerini de k\u0131salt\u0131r. Hassas iyon kromatografi uygulamalar\u0131 i\u00e7in do\u011fru analiz ve sonu\u00e7lar sa\u011flayabilir.<\/div>","protected":false},"excerpt":{"rendered":"<table>\n<thead>\n<tr>\n<th>Saha<\/th>\n<th>Detaylar<\/th>\n<\/tr>\n<\/thead>\n<tbody>\n<tr>\n<td>Uygulanabilir Sekt\u00f6rler<\/td>\n<td>\u00dcretim Tesisi, Yiyecek ve \u0130\u00e7ecek Fabrikas\u0131, Ev Kullan\u0131m\u0131, su ar\u0131tma<\/td>\n<\/tr>\n<tr>\n<td>Men\u015fe Yeri<\/td>\n<td>Guangdong, \u00c7in<\/td>\n<\/tr>\n<tr>\n<td>Marka Ad\u0131<\/td>\n<td>Lvyuan, OEM, ODM<\/td>\n<\/tr>\n<tr>\n<td>Malzeme<\/td>\n<td>PP<\/td>\n<\/tr>\n<tr>\n<td>A\u011f\u0131rl\u0131k<\/td>\n<td>\u00d6zelle\u015ftirilmi\u015f<\/td>\n<\/tr>\n<tr>\n<td>Boyut<\/td>\n<td>\u00d6zelle\u015ftirilmi\u015f, ince, jumbo<\/td>\n<\/tr>\n<tr>\n<td>G\u00fc\u00e7<\/td>\n<td>0<\/td>\n<\/tr>\n<tr>\n<td>Garanti<\/td>\n<td>Kullan\u0131lam\u0131yor<\/td>\n<\/tr>\n<tr>\n<td>\u00d6zellik<\/td>\n<td>\u00d6zel boyut ve logo \u00e7elik \u00e7alma<\/td>\n<\/tr>\n<tr>\n<td>Sertifikasyon<\/td>\n<td>SGS<\/td>\n<\/tr>\n<tr>\n<td>\u015eekil<\/td>\n<td>Silindir<\/td>\n<\/tr>\n<tr>\n<td>Kullan\u0131m<\/td>\n<td>Su ar\u0131tma<\/td>\n<\/tr>\n<tr>\n<td>Uygulama<\/td>\n<td>End\u00fcstri<\/td>\n<\/tr>\n<tr>\n<td>Renk<\/td>\n<td>Beyaz<\/td>\n<\/tr>\n<tr>\n<td>Paketleme<\/td>\n<td>Ka\u011f\u0131t kutu<\/td>\n<\/tr>\n<tr>\n<td>Hammadde<\/td>\n<td>PP elyaf<\/td>\n<\/tr>\n<tr>\n<td>G\u00f6r\u00fcn\u00fc\u015f<\/td>\n<td>Kabartmal\u0131, parlak, vb.<\/td>\n<\/tr>\n<tr>\n<td>Sa\u011flanan Sat\u0131\u015f Sonras\u0131 Hizmet<\/td>\n<td>\u00c7evrimi\u00e7i destek<\/td>\n<\/tr>\n<tr>\n<td>Tedarik Yetene\u011fi<\/td>\n<td>5000 Adet\/Hafta ba\u015f\u0131na<\/td>\n<\/tr>\n<\/tbody>\n<\/table>","protected":false},"featured_media":913,"comment_status":"open","ping_status":"closed","template":"","meta":{"_gspb_post_css":""},"product_brand":[],"product_cat":[23,17],"product_tag":[387,376,377,320,306,308],"class_list":{"0":"post-911","1":"product","2":"type-product","3":"status-publish","4":"has-post-thumbnail","6":"product_cat-pp-filter-cartridge","7":"product_cat-sediment-filter","8":"product_tag-custom-size","9":"product_tag-cylinder-cartridge","10":"product_tag-oem-odm","11":"product_tag-pp-fiber-filter","12":"product_tag-sgs-certified","13":"product_tag-water-treatment","15":"first","16":"instock","17":"shipping-taxable","18":"product-type-simple"},"_links":{"self":[{"href":"https:\/\/lyfilter.com\/tr\/wp-json\/wp\/v2\/product\/911","targetHints":{"allow":["GET"]}}],"collection":[{"href":"https:\/\/lyfilter.com\/tr\/wp-json\/wp\/v2\/product"}],"about":[{"href":"https:\/\/lyfilter.com\/tr\/wp-json\/wp\/v2\/types\/product"}],"replies":[{"embeddable":true,"href":"https:\/\/lyfilter.com\/tr\/wp-json\/wp\/v2\/comments?post=911"}],"wp:featuredmedia":[{"embeddable":true,"href":"https:\/\/lyfilter.com\/tr\/wp-json\/wp\/v2\/media\/913"}],"wp:attachment":[{"href":"https:\/\/lyfilter.com\/tr\/wp-json\/wp\/v2\/media?parent=911"}],"wp:term":[{"taxonomy":"product_brand","embeddable":true,"href":"https:\/\/lyfilter.com\/tr\/wp-json\/wp\/v2\/product_brand?post=911"},{"taxonomy":"product_cat","embeddable":true,"href":"https:\/\/lyfilter.com\/tr\/wp-json\/wp\/v2\/product_cat?post=911"},{"taxonomy":"product_tag","embeddable":true,"href":"https:\/\/lyfilter.com\/tr\/wp-json\/wp\/v2\/product_tag?post=911"}],"curies":[{"name":"wp","href":"https:\/\/api.w.org\/{rel}","templated":true}]}}