{"id":867,"date":"2025-12-25T01:57:10","date_gmt":"2025-12-25T01:57:10","guid":{"rendered":"https:\/\/lyfilter.com\/?post_type=product&#038;p=867"},"modified":"2025-12-25T02:34:53","modified_gmt":"2025-12-25T02:34:53","slug":"5-micron-20-inch-pp-melt-blown-filter-sediment-water-cartridge-filter-for-water-filters","status":"publish","type":"product","link":"https:\/\/lyfilter.com\/tr\/5-micron-20-inch-pp-melt-blown-filter-sediment-water-cartridge-filter-for-water-filters\/","title":{"rendered":"5 mikron 20 in\u00e7 pp eriyik \u00fcflemeli filtre su filtreleri i\u00e7in tortu su kartu\u015fu filtresi"},"content":{"rendered":"<table>\n<thead>\n<tr>\n<th><strong>Kategori<\/strong><\/th>\n<th><strong>Detaylar<\/strong><\/th>\n<\/tr>\n<\/thead>\n<tbody>\n<tr>\n<td><strong>Durum<\/strong><\/td>\n<td>Yeni<\/td>\n<\/tr>\n<tr>\n<td><strong>Uygulanabilir Sekt\u00f6rler<\/strong><\/td>\n<td>\u00dcretim Tesisi, Yiyecek ve \u0130\u00e7ecek Fabrikas\u0131, Ev Kullan\u0131m\u0131, Su Ar\u0131tma<\/td>\n<\/tr>\n<tr>\n<td><strong>Garanti Sonras\u0131 Hizmet<\/strong><\/td>\n<td>\u00c7evrimi\u00e7i Destek<\/td>\n<\/tr>\n<tr>\n<td><strong>Yerel Hizmet Konumu<\/strong><\/td>\n<td>Hi\u00e7biri<\/td>\n<\/tr>\n<tr>\n<td><strong>Showroom Konumu<\/strong><\/td>\n<td>Hi\u00e7biri<\/td>\n<\/tr>\n<tr>\n<td><strong>Men\u015fe Yeri<\/strong><\/td>\n<td>Guangdong, \u00c7in<\/td>\n<\/tr>\n<tr>\n<td><strong>Marka Ad\u0131<\/strong><\/td>\n<td>Lvyuan, OEM, ODM<\/td>\n<\/tr>\n<tr>\n<td><strong>Malzeme<\/strong><\/td>\n<td>PP (Polipropilen)<\/td>\n<\/tr>\n<tr>\n<td><strong>A\u011f\u0131rl\u0131k<\/strong><\/td>\n<td>\u00d6zelle\u015ftirilmi\u015f<\/td>\n<\/tr>\n<tr>\n<td><strong>Boyut<\/strong><\/td>\n<td>\u00d6zelle\u015ftirilmi\u015f, \u0130nce, Jumbo<\/td>\n<\/tr>\n<tr>\n<td><strong>G\u00fc\u00e7<\/strong><\/td>\n<td>0<\/td>\n<\/tr>\n<tr>\n<td><strong>Garanti<\/strong><\/td>\n<td>Kullan\u0131lam\u0131yor<\/td>\n<\/tr>\n<tr>\n<td><strong>\u00d6zellik<\/strong><\/td>\n<td>\u00d6zel boyut ve logo \u00e7elik \u00e7elik<\/td>\n<\/tr>\n<tr>\n<td><strong>Sertifikasyon<\/strong><\/td>\n<td>SGS<\/td>\n<\/tr>\n<tr>\n<td><strong>\u015eekil<\/strong><\/td>\n<td>Silindir<\/td>\n<\/tr>\n<tr>\n<td><strong>Kullan\u0131m<\/strong><\/td>\n<td>Su Ar\u0131tma<\/td>\n<\/tr>\n<tr>\n<td><strong>Uygulama<\/strong><\/td>\n<td>End\u00fcstri<\/td>\n<\/tr>\n<tr>\n<td><strong>Renk<\/strong><\/td>\n<td>Beyaz<\/td>\n<\/tr>\n<tr>\n<td><strong>Paketleme<\/strong><\/td>\n<td>Ka\u011f\u0131t Kutu<\/td>\n<\/tr>\n<tr>\n<td><strong>Hammadde<\/strong><\/td>\n<td>PP Elyaf<\/td>\n<\/tr>\n<tr>\n<td><strong>G\u00f6r\u00fcn\u00fc\u015f<\/strong><\/td>\n<td>Kabartmal\u0131, Parlak, vb.<\/td>\n<\/tr>\n<tr>\n<td><strong>Tedarik Yetene\u011fi<\/strong><\/td>\n<td>Haftada 5000 Adet<\/td>\n<\/tr>\n<\/tbody>\n<\/table>","protected":false},"excerpt":{"rendered":"<table>\n<thead>\n<tr>\n<th><strong>Kategori<\/strong><\/th>\n<th><strong>Detaylar<\/strong><\/th>\n<\/tr>\n<\/thead>\n<tbody>\n<tr>\n<td><strong>Durum<\/strong><\/td>\n<td>Yeni<\/td>\n<\/tr>\n<tr>\n<td><strong>Uygulanabilir Sekt\u00f6rler<\/strong><\/td>\n<td>\u00dcretim Tesisi, Yiyecek ve \u0130\u00e7ecek Fabrikas\u0131, Ev Kullan\u0131m\u0131, Su Ar\u0131tma<\/td>\n<\/tr>\n<tr>\n<td><strong>Garanti Sonras\u0131 Hizmet<\/strong><\/td>\n<td>\u00c7evrimi\u00e7i Destek<\/td>\n<\/tr>\n<tr>\n<td><strong>Yerel Hizmet Konumu<\/strong><\/td>\n<td>Hi\u00e7biri<\/td>\n<\/tr>\n<tr>\n<td><strong>Showroom Konumu<\/strong><\/td>\n<td>Hi\u00e7biri<\/td>\n<\/tr>\n<tr>\n<td><strong>Men\u015fe Yeri<\/strong><\/td>\n<td>Guangdong, \u00c7in<\/td>\n<\/tr>\n<tr>\n<td><strong>Marka Ad\u0131<\/strong><\/td>\n<td>Lvyuan, OEM, ODM<\/td>\n<\/tr>\n<tr>\n<td><strong>Malzeme<\/strong><\/td>\n<td>PP (Polipropilen)<\/td>\n<\/tr>\n<tr>\n<td><strong>A\u011f\u0131rl\u0131k<\/strong><\/td>\n<td>\u00d6zelle\u015ftirilmi\u015f<\/td>\n<\/tr>\n<tr>\n<td><strong>Boyut<\/strong><\/td>\n<td>\u00d6zelle\u015ftirilmi\u015f, \u0130nce, Jumbo<\/td>\n<\/tr>\n<tr>\n<td><strong>G\u00fc\u00e7<\/strong><\/td>\n<td>0<\/td>\n<\/tr>\n<tr>\n<td><strong>Garanti<\/strong><\/td>\n<td>Kullan\u0131lam\u0131yor<\/td>\n<\/tr>\n<tr>\n<td><strong>\u00d6zellik<\/strong><\/td>\n<td>\u00d6zel boyut ve logo \u00e7elik \u00e7elik<\/td>\n<\/tr>\n<tr>\n<td><strong>Sertifikasyon<\/strong><\/td>\n<td>SGS<\/td>\n<\/tr>\n<tr>\n<td><strong>\u015eekil<\/strong><\/td>\n<td>Silindir<\/td>\n<\/tr>\n<tr>\n<td><strong>Kullan\u0131m<\/strong><\/td>\n<td>Su Ar\u0131tma<\/td>\n<\/tr>\n<tr>\n<td><strong>Uygulama<\/strong><\/td>\n<td>End\u00fcstri<\/td>\n<\/tr>\n<tr>\n<td><strong>Renk<\/strong><\/td>\n<td>Beyaz<\/td>\n<\/tr>\n<tr>\n<td><strong>Paketleme<\/strong><\/td>\n<td>Ka\u011f\u0131t Kutu<\/td>\n<\/tr>\n<tr>\n<td><strong>Hammadde<\/strong><\/td>\n<td>PP Elyaf<\/td>\n<\/tr>\n<tr>\n<td><strong>G\u00f6r\u00fcn\u00fc\u015f<\/strong><\/td>\n<td>Kabartmal\u0131, Parlak, vb.<\/td>\n<\/tr>\n<tr>\n<td><strong>Tedarik Yetene\u011fi<\/strong><\/td>\n<td>Haftada 5000 Adet<\/td>\n<\/tr>\n<\/tbody>\n<\/table>","protected":false},"featured_media":730,"comment_status":"open","ping_status":"closed","template":"","meta":{"_gspb_post_css":""},"product_brand":[],"product_cat":[23,17],"product_tag":[378,376,377,320,306,308],"class_list":{"0":"post-867","1":"product","2":"type-product","3":"status-publish","4":"has-post-thumbnail","6":"product_cat-pp-filter-cartridge","7":"product_cat-sediment-filter","8":"product_tag-custom-sizes","9":"product_tag-cylinder-cartridge","10":"product_tag-oem-odm","11":"product_tag-pp-fiber-filter","12":"product_tag-sgs-certified","13":"product_tag-water-treatment","15":"first","16":"instock","17":"shipping-taxable","18":"product-type-simple"},"_links":{"self":[{"href":"https:\/\/lyfilter.com\/tr\/wp-json\/wp\/v2\/product\/867","targetHints":{"allow":["GET"]}}],"collection":[{"href":"https:\/\/lyfilter.com\/tr\/wp-json\/wp\/v2\/product"}],"about":[{"href":"https:\/\/lyfilter.com\/tr\/wp-json\/wp\/v2\/types\/product"}],"replies":[{"embeddable":true,"href":"https:\/\/lyfilter.com\/tr\/wp-json\/wp\/v2\/comments?post=867"}],"wp:featuredmedia":[{"embeddable":true,"href":"https:\/\/lyfilter.com\/tr\/wp-json\/wp\/v2\/media\/730"}],"wp:attachment":[{"href":"https:\/\/lyfilter.com\/tr\/wp-json\/wp\/v2\/media?parent=867"}],"wp:term":[{"taxonomy":"product_brand","embeddable":true,"href":"https:\/\/lyfilter.com\/tr\/wp-json\/wp\/v2\/product_brand?post=867"},{"taxonomy":"product_cat","embeddable":true,"href":"https:\/\/lyfilter.com\/tr\/wp-json\/wp\/v2\/product_cat?post=867"},{"taxonomy":"product_tag","embeddable":true,"href":"https:\/\/lyfilter.com\/tr\/wp-json\/wp\/v2\/product_tag?post=867"}],"curies":[{"name":"wp","href":"https:\/\/api.w.org\/{rel}","templated":true}]}}