{"id":856,"date":"2025-12-24T09:45:25","date_gmt":"2025-12-24T09:45:25","guid":{"rendered":"https:\/\/lyfilter.com\/?post_type=product&#038;p=856"},"modified":"2025-12-24T09:45:26","modified_gmt":"2025-12-24T09:45:26","slug":"5-10-inch-plastic-frame-80-100-200-micron-washable-mesh-net-filter-cartridge-for-pre-water-filter-element-filtration","status":"publish","type":"product","link":"https:\/\/lyfilter.com\/tr\/5-10-inch-plastic-frame-80-100-200-micron-washable-mesh-net-filter-cartridge-for-pre-water-filter-element-filtration\/","title":{"rendered":"5 10 in\u00e7 Plastik \u00e7er\u00e7eve 80 100 200 mikron \u00d6n su filtresi eleman\u0131 filtrasyonu i\u00e7in y\u0131kanabilir a\u011f filtre kartu\u015fu"},"content":{"rendered":"<div class=\"pro_aliData\">\n<div class=\"detail-box\">\n<div class=\"scc-wrapper detail-module module-productPackagingAndQuickDetail\" data-spm=\"prilinga1e\">\n<div class=\"widget-detail-overview\">\n<div class=\"do-content\">\n<div class=\"do-overview\">\n<div class=\"do-entry do-entry-full\">\n<h3 class=\"do-entry-title\">Paketleme ve Teslimat<\/h3>\n<div class=\"do-entry-list\">\n<dl class=\"do-entry-item\">\n<dt class=\"do-entry-item-key\">Sat\u0131\u015f Birimleri:<\/dt>\n<dd class=\"do-entry-item-val\">Tek \u00fcr\u00fcn<\/dd>\n<\/dl>\n<dl class=\"do-entry-item\">\n<dt class=\"do-entry-item-key\" title=\"Tek paket boyutu:\">Tek paket boyutu:<\/dt>\n<dd class=\"do-entry-item-val\">55X8X8 cm<\/dd>\n<\/dl>\n<dl class=\"do-entry-item\">\n<dt class=\"do-entry-item-key\" title=\"Tek br\u00fct a\u011f\u0131rl\u0131k:\">Tek br\u00fct a\u011f\u0131rl\u0131k:<\/dt>\n<dd class=\"do-entry-item-val\">0.500 kg<\/dd>\n<\/dl>\n<dl class=\"do-entry-item\">\n<dt class=\"do-entry-item-key\">Paket Tipi:<\/dt>\n<dd class=\"do-entry-item-val pkg-method\">5 10 in\u00e7 Plastik \u00e7er\u00e7eve 80 100 200 mikron \u00d6n filtre i\u00e7in y\u0131kanabilir a\u011f filtre kartu\u015fu\u00a0<a href=\"https:\/\/lyfilter.com\/tr\/products.html\/\">su fi\u0307ltre elemani<\/a>\u00a0filtrasyon En iyi birim fiyat ve nakliye maliyeti miktar de\u011fi\u015fikliklerine tabidir. l\u00fctfen en iyi fiyatlar i\u00e7in bize soru\u015fturma g\u00f6ndermekten \u00e7ekinmeyin. Paket 25 adet \/ CTN<\/dd>\n<\/dl>\n<dl class=\"do-entry-item\">\n<dt class=\"do-entry-item-key\" title=\"Teslim S\u00fcresi\">Teslim S\u00fcresi\u00a0<i class=\"next-icon next-icon-help next-icon-xs js-leadtimes-tips\"><\/i>:<\/dt>\n<dd class=\"do-entry-item-val\" title=\"Teslim S\u00fcresi\">\n<div class=\"table-responsive\">\n<table class=\"supply-ability-table ui2-table ui2-table-normal ui2-table-zebra ui2-table-hover\">\n<tbody>\n<tr>\n<td>Miktar (Adet)<\/td>\n<td>1 - 10000<\/td>\n<td>&gt;10000<\/td>\n<\/tr>\n<tr>\n<td>Tahmini Zaman (g\u00fcn)<\/td>\n<td>15<\/td>\n<td>M\u00fczakere edilecek<\/td>\n<\/tr>\n<\/tbody>\n<\/table>\n<\/div>\n<\/dd>\n<\/dl>\n<\/div>\n<\/div>\n<\/div>\n<\/div>\n<\/div>\n<\/div>\n<div class=\"scc-wrapper detail-module module-detailVideo\" data-spm=\"detailvideo\"><\/div>\n<div class=\"scc-wrapper detail-module module-productSpecification\" data-spm=\"pronpeci14\">\n<div id=\"J-rich-text-description\" class=\"richtext richtext-detail rich-text-description\">\n<div id=\"detail_decorate_root\" data-host=\"111218246\" data-magic-global=\"%7B%22bizId%22%3A17381045746%2C%22pageId%22%3A5071907925%2C%22siteId%22%3A5005126472%7D\" data-id=\"detail_decorate_root\">\n<div id=\"ali-anchor-AliMagic-wcaxb4\" class=\"magic-0\" data-section=\"AliMagic-wcaxb4\" data-section-title=\"Product Description\">\u00dcr\u00fcn A\u00e7\u0131klamas\u0131<\/div>\n<div class=\"detail-decorate-json-renderer-container\">\n<div class=\"magic-1\">\n<h3 class=\"magic-2\" data-id=\"title0\"><\/h3>\n<h3 class=\"magic-3\">5 10 in\u00e7 Plastik \u00e7er\u00e7eve 80 100 200 mikron \u00d6n su filtresi eleman\u0131 filtrasyonu i\u00e7in y\u0131kanabilir a\u011f filtre kartu\u015fu<\/h3>\n<div class=\"magic-4\">\n<div class=\"magic-5\">\n<div class=\"magic-6\" data-id=\"paragraph0\">\n<div>Y\u0131kanabilir a\u011f su filtre kartu\u015fu, dahili y\u0131kanabilir naylon a\u011f veya paslanmaz \u00e7elik a\u011f ile sadece 100% saf toksik olmayan polipropilen kullan\u0131larak \u00fcretilmi\u015ftir. \u00d6n su filtresi olarak kullan\u0131labilir.<\/div>\n<div><\/div>\n<div>\u00d6zellikler:<\/div>\n<div><\/div>\n<p>1. Tortu, kum ve as\u0131l\u0131 par\u00e7ac\u0131klar\u0131n giderilmesi; 2. Y\u00fcksek verimlilik, temizlenmesi ve geri y\u0131kanmas\u0131 kolay; 3. DOE ve 222 konfig\u00fcrasyonunun t\u00fcm standart muhafazalar\u0131na uyar; 4. D\u00fc\u015f\u00fck bas\u0131n\u00e7 d\u00fc\u015f\u00fc\u015f\u00fc; 5. Y\u00fcksek kir tutma kapasitesi; 6. Uzun hizmet \u00f6mr\u00fc. 7. Maksimum \u00e7al\u0131\u015fma s\u0131cakl\u0131\u011f\u0131: 55 \u2103; 8. Maksimum fark bas\u0131nc\u0131 0,8 bar (11,6 Psi), 9. Kartu\u015fun en az 12 ayda bir temizlenmesi\/de\u011fi\u015ftirilmesi \u00f6nerilir.<\/p><\/div>\n<\/div>\n<\/div>\n<\/div>\n<\/div>\n<div class=\"icbu-pc-images magic-7\">\n<div>\n<div class=\"flex-layout-v\">\n<div class=\"flex-layout-h magic-7\">\n<div class=\"magic-8\"><img decoding=\"async\" class=\"magic-9\" src=\"https:\/\/img.yfisher.com\/m6076\/1725727431f27\/jpg70-t3-scale100.webp\" alt=\"5 10 in\u00e7 Plastik \u00e7er\u00e7eve 80 100 200 mikron \u00d6n su filtresi eleman\u0131 filtrasyonu i\u00e7in y\u0131kanabilir a\u011f filtre kartu\u015fu 7\" data-id=\"child-image-0\" data-lazy=\"2\" title=\"\"><\/div>\n<div class=\"magic-10\"><img decoding=\"async\" class=\"magic-9\" src=\"https:\/\/img.yfisher.com\/m6076\/1725727431fv4\/jpg70-t3-scale100.webp\" alt=\"5 10 in\u00e7 Plastik \u00e7er\u00e7eve 80 100 200 mikron \u00d6n su filtresi eleman\u0131 filtrasyonu i\u00e7in y\u0131kanabilir a\u011f filtre kartu\u015fu 9\" data-id=\"child-image-1\" data-lazy=\"2\" title=\"\"><\/div>\n<\/div>\n<\/div>\n<\/div>\n<\/div>\n<div class=\"icbu-pc-images magic-7\">\n<div>\n<div class=\"flex-layout-v\">\n<div class=\"flex-layout-h magic-7\">\n<div class=\"magic-11\"><img decoding=\"async\" class=\"magic-12\" src=\"https:\/\/img.yfisher.com\/m6076\/1725727320ygr\/jpg70-t3-scale100.webp\" alt=\"5 10 in\u00e7 Plastik \u00e7er\u00e7eve 80 100 200 mikron \u00d6n su filtresi eleman\u0131 filtrasyonu i\u00e7in y\u0131kanabilir a\u011f filtre kartu\u015fu 11\" data-lazy=\"2\" title=\"\"><\/div>\n<\/div>\n<\/div>\n<\/div>\n<\/div>\n<div class=\"ife-detail-decorate-table\">\n<div class=\"table-responsive\">\n<table class=\"all magic-13\">\n<tbody>\n<tr>\n<td colspan=\"1\" rowspan=\"1\">\n<div class=\"magic-14\">\u00dcr\u00fcn ad\u0131<\/div>\n<\/td>\n<td colspan=\"1\" rowspan=\"1\">\n<div class=\"magic-15\">5 10 in\u00e7 Plastik \u00e7er\u00e7eve 80 100 200 mikron \u00d6n su filtresi eleman\u0131 filtrasyonu i\u00e7in y\u0131kanabilir a\u011f filtre kartu\u015fu<\/div>\n<\/td>\n<\/tr>\n<tr>\n<td colspan=\"1\" rowspan=\"1\">\n<div class=\"magic-14\">Doldurulabilir<\/div>\n<\/td>\n<td colspan=\"1\" rowspan=\"1\">\n<div class=\"magic-15\">Power PHOS, Siliphos, Polifosfat kristal bilye<\/div>\n<\/td>\n<\/tr>\n<tr>\n<td colspan=\"1\" rowspan=\"1\">\n<div class=\"magic-16\"><span style=\"color: #000000;\" data-spm-anchor-id=\"a2700.siteadmin.0.i42.4c773333dtqLo6\">Net malzeme<\/span><\/div>\n<\/td>\n<td colspan=\"1\" rowspan=\"1\">\n<div class=\"magic-17\">Naylon veya paslanmaz \u00e7elik a\u011f<\/div>\n<\/td>\n<\/tr>\n<tr>\n<td colspan=\"1\" rowspan=\"1\">\n<div class=\"magic-14\">Filtre g\u00f6vde malzemesi<\/div>\n<\/td>\n<td colspan=\"1\" rowspan=\"1\">\n<div class=\"magic-15\">PP<\/div>\n<\/td>\n<\/tr>\n<tr>\n<td colspan=\"1\" rowspan=\"1\">\n<div class=\"magic-14\">Uzunluk<\/div>\n<\/td>\n<td colspan=\"1\" rowspan=\"1\">\n<div class=\"magic-15\">5, 10 in\u00e7<\/div>\n<\/td>\n<\/tr>\n<tr>\n<td colspan=\"1\" rowspan=\"1\">\n<div class=\"magic-14\">Filtre muhafazas\u0131 rengi<\/div>\n<\/td>\n<td colspan=\"1\" rowspan=\"1\">\n<div class=\"magic-15\">beyaz, \u015feffaf<\/div>\n<\/td>\n<\/tr>\n<tr>\n<td colspan=\"1\" rowspan=\"1\">\n<div class=\"magic-14\">Fonksiyon<\/div>\n<\/td>\n<td colspan=\"1\" rowspan=\"1\">\n<div class=\"magic-15\">korozyon ve kire\u00e7 \u00f6nleyici<\/div>\n<\/td>\n<\/tr>\n<tr>\n<td colspan=\"1\" rowspan=\"1\">\n<div class=\"magic-14\">Kurulum<\/div>\n<\/td>\n<td colspan=\"1\" rowspan=\"1\">\n<div class=\"magic-15\">Lavabo alt\u0131, Ev \u00d6n Filtrasyonu<\/div>\n<\/td>\n<\/tr>\n<tr>\n<td colspan=\"1\" rowspan=\"1\">\n<div class=\"magic-14\">\u00d6zellik<\/div>\n<\/td>\n<td colspan=\"1\" rowspan=\"1\">\n<div class=\"magic-15\">Yeniden doldurulabilir, tekrar kullan\u0131labilir<\/div>\n<\/td>\n<\/tr>\n<\/tbody>\n<\/table>\n<\/div>\n<\/div>\n<div id=\"ali-anchor-AliMagic-ku05x9\" class=\"magic-0\" data-section=\"AliMagic-ku05x9\" data-section-title=\"Product Show\">\u00dcr\u00fcn G\u00f6sterisi<\/div>\n<div class=\"icbu-pc-images magic-7\">\n<div>\n<div class=\"flex-layout-v\">\n<div class=\"flex-layout-h magic-7\">\n<div class=\"magic-11\"><img decoding=\"async\" class=\"magic-12\" src=\"https:\/\/img.yfisher.com\/m6076\/1725727320oes\/jpg70-t3-scale100.webp\" alt=\"5 10 in\u00e7 Plastik \u00e7er\u00e7eve 80 100 200 mikron \u00d6n su filtresi eleman\u0131 filtrasyonu i\u00e7in y\u0131kanabilir a\u011f filtre kartu\u015fu 13\" data-lazy=\"2\" title=\"\"><\/div>\n<\/div>\n<\/div>\n<\/div>\n<\/div>\n<div class=\"icbu-pc-images magic-7\">\n<div>\n<div class=\"flex-layout-v\">\n<div class=\"flex-layout-h magic-7\">\n<div class=\"magic-11\"><img decoding=\"async\" class=\"magic-12\" src=\"https:\/\/img.yfisher.com\/m6076\/1725727320zlw\/jpg70-t3-scale100.webp\" alt=\"5 10 in\u00e7 Plastik \u00e7er\u00e7eve 80 100 200 mikron \u00d6n su filtresi eleman\u0131 filtrasyonu i\u00e7in y\u0131kanabilir a\u011f filtre kartu\u015fu 15\" data-lazy=\"2\" title=\"\"><\/div>\n<\/div>\n<\/div>\n<\/div>\n<\/div>\n<div class=\"icbu-pc-images magic-7\">\n<div>\n<div class=\"flex-layout-v\">\n<div class=\"flex-layout-h magic-7\">\n<div class=\"magic-18\"><img decoding=\"async\" class=\"magic-19\" src=\"https:\/\/img.yfisher.com\/m6076\/1725727320t9d\/jpg70-t3-scale100.webp\" alt=\"5 10 in\u00e7 Plastik \u00e7er\u00e7eve 80 100 200 mikron \u00d6n su filtresi eleman\u0131 filtrasyonu i\u00e7in y\u0131kanabilir a\u011f filtre kartu\u015fu 17\" data-lazy=\"2\" title=\"\"><\/div>\n<\/div>\n<\/div>\n<\/div>\n<\/div>\n<div id=\"ali-anchor-AliMagic-zn1rbz\" class=\"magic-0\" data-section=\"AliMagic-zn1rbz\" data-section-title=\"Our Company\">\u015eirketimiz<\/div>\n<div class=\"detail-decorate-json-renderer-container\">\n<div class=\"magic-1\">\n<div class=\"magic-4\">\n<div class=\"magic-5\">\n<div class=\"magic-6\">\n<p class=\"magic-20\">Guangzhou Lvyuan Su Ar\u0131tma Equipment Co, Ltd Panyu B\u00f6lgesi, Guangzhou \u015fehrinde yer almaktad\u0131r. Biz kapsaml\u0131 bir kurulu\u015fuz. A\u015fa\u011f\u0131dakileri i\u00e7eren rekabet\u00e7i \u00fcretim hatlar\u0131m\u0131z:<br \/>\n1. Her t\u00fcrl\u00fc filtre kartu\u015fu<br \/>\n2. Kartu\u015f filtre muhafazalar\u0131 ve torba filtre muhafazalar\u0131<br \/>\n3. RO, UF, MBR su ar\u0131tma cihaz\u0131 ve ekipmanlar\u0131<br \/>\n4. Bir\u00e7ok \u00e7e\u015fit Su ar\u0131tma ekipman\u0131<br \/>\n5. Bir\u00e7ok \u00e7e\u015fit Su ar\u0131t\u0131c\u0131lar\u0131 ve ekipmanlar\u0131, su yumu\u015fat\u0131c\u0131lar\u0131 ve daha fazlas\u0131.<br \/>\nKendimizi 10 y\u0131l\u0131 a\u015fk\u0131n s\u00fcredir filtrasyon geli\u015ftirmeye adad\u0131k. T\u00fcm m\u00fc\u015fterilerimiz i\u00e7in geli\u015fmi\u015f teknik destek ve \u00e7\u00f6z\u00fcm sa\u011flayabiliriz.<\/p>\n<\/div>\n<\/div>\n<\/div>\n<\/div>\n<\/div>\n<div class=\"icbu-pc-images magic-7\">\n<div>\n<div class=\"flex-layout-v\">\n<div class=\"flex-layout-h magic-7\">\n<div class=\"magic-21\"><img decoding=\"async\" class=\"magic-22\" src=\"https:\/\/img.yfisher.com\/m6076\/1725286988dit\/jpg70-t3-scale100.webp\" alt=\"5 10 in\u00e7 Plastik \u00e7er\u00e7eve 80 100 200 mikron \u00d6n su filtresi eleman\u0131 filtrasyonu i\u00e7in y\u0131kanabilir a\u011f filtre kartu\u015fu 19\" data-lazy=\"2\" title=\"\"><\/div>\n<\/div>\n<\/div>\n<\/div>\n<\/div>\n<div class=\"icbu-pc-images magic-7\">\n<div>\n<div class=\"flex-layout-v\">\n<div class=\"flex-layout-h magic-7\">\n<div class=\"magic-23\"><img decoding=\"async\" class=\"magic-24\" src=\"https:\/\/img.yfisher.com\/m6076\/1725726960zy4\/jpg70-t3-scale100.webp\" alt=\"5 10 in\u00e7 Plastik \u00e7er\u00e7eve 80 100 200 mikron \u00d6n su filtresi eleman\u0131 filtrasyonu i\u00e7in y\u0131kanabilir a\u011f filtre kartu\u015fu 21\" data-lazy=\"2\" title=\"\"><\/div>\n<\/div>\n<\/div>\n<\/div>\n<\/div>\n<div id=\"ali-anchor-AliMagic-iytxe9\" class=\"magic-0\" data-section=\"AliMagic-iytxe9\" data-section-title=\"Packing &amp; Delivery\">Paketleme ve Teslimat<\/div>\n<div class=\"icbu-pc-images magic-7\">\n<div>\n<div class=\"flex-layout-v\">\n<div class=\"flex-layout-h magic-7\">\n<div class=\"magic-25\"><img decoding=\"async\" class=\"magic-26\" src=\"https:\/\/img.yfisher.com\/m6076\/1725726953i81\/jpg70-t3-scale100.webp\" alt=\"5 10 in\u00e7 Plastik \u00e7er\u00e7eve 80 100 200 mikron \u00d6n su filtresi eleman\u0131 filtrasyonu i\u00e7in y\u0131kanabilir a\u011f filtre kartu\u015fu 23\" data-id=\"child-image-0\" data-lazy=\"2\" title=\"\"><\/div>\n<div class=\"magic-27\"><img class=\"magic-28\" alt=\"5 10 in\u00e7 Plastik \u00e7er\u00e7eve 80 100 200 mikron \u00d6n su filtresi eleman\u0131 filtrasyonu i\u00e7in y\u0131kanabilir a\u011f filtre kartu\u015fu 25\" data-id=\"child-image-1\" data-lazy=\"0\" \/><\/div>\n<div class=\"magic-27\"><img decoding=\"async\" class=\"magic-29\" src=\"https:\/\/img.yfisher.com\/m6076\/172572695459i\/jpg70-t3-scale100.webp\" alt=\"5 10 in\u00e7 Plastik \u00e7er\u00e7eve 80 100 200 mikron \u00d6n su filtresi eleman\u0131 filtrasyonu i\u00e7in y\u0131kanabilir a\u011f filtre kartu\u015fu 27\" data-id=\"child-image-2\" data-lazy=\"2\" title=\"\"><\/div>\n<\/div>\n<\/div>\n<\/div>\n<\/div>\n<div class=\"icbu-pc-detailSellerRecommend magic-30 J_module\" data-magic=\" \" data-magic-status=\"done\">\n<div class=\"icbu-pc-detailSellerRecommend\" data-reactroot=\"\"><\/div>\n<\/div>\n<div id=\"ali-anchor-AliMagic-aynhhf\" class=\"magic-0\" data-section=\"AliMagic-aynhhf\" data-section-title=\"Contact\">\u0130leti\u015fim<\/div>\n<div class=\"icbu-pc-images magic-7\">\n<div>\n<div class=\"flex-layout-v\">\n<div class=\"flex-layout-h magic-7\">\n<div class=\"magic-31\"><img decoding=\"async\" class=\"magic-32\" src=\"https:\/\/img.yfisher.com\/m6076\/1725727157evo\/jpg70-t3-scale100.webp\" alt=\"5 10 in\u00e7 Plastik \u00e7er\u00e7eve 80 100 200 mikron \u00d6n su filtresi eleman\u0131 filtrasyonu i\u00e7in y\u0131kanabilir a\u011f filtre kartu\u015fu 29\" data-lazy=\"2\" title=\"\"><\/div>\n<\/div>\n<\/div>\n<\/div>\n<\/div>\n<div id=\"7663915323\" class=\"J_module\"><\/div>\n<\/div>\n<\/div>\n<\/div>\n<div data-module=\"detailMarketPackage\"><\/div>\n<div data-module=\"productAuth\"><\/div>\n<\/div>\n<\/div>\n<div class=\"diffStatement\">Guangzhou Lvyuan Su Ar\u0131tma Equipment Co, Ltd ara\u015ft\u0131rma ve geli\u015ftirme, \u00fcretim, pazarlama ve hizmet entegre bir y\u00fcksek teknoloji kurulu\u015ftur\u00a0<a href=\"https:\/\/lyfilter.com\/tr\/products.html\/\">su fi\u0307ltre kartu\u015flari<\/a>\u00a0birlikte. M\u00fckemmel filtreleme ve iyi termal stabilite sunar. Guangzhou Lvyuan Su Ar\u0131tma Equipment Co, Ltd. yeterince g\u00fcvenli olduklar\u0131ndan emin olmak i\u00e7in su filtresi kartu\u015flar\u0131n\u0131 paketlemek i\u00e7in kat\u0131 kartonlar kullan\u0131r. M\u00fckemmel filtreleme ve iyi termal stabilite sunar.<\/div>","protected":false},"excerpt":{"rendered":"<table>\n<thead>\n<tr>\n<th><strong>Saha<\/strong><\/th>\n<th><strong>De\u011fer<\/strong><\/th>\n<\/tr>\n<\/thead>\n<tbody>\n<tr>\n<td>Tip<\/td>\n<td>Su Filtresi Par\u00e7alar\u0131<\/td>\n<\/tr>\n<tr>\n<td>\u00dcr\u00fcn Ad\u0131<\/td>\n<td>Y\u0131kanabilir a\u011f kartu\u015fu<\/td>\n<\/tr>\n<tr>\n<td>Model Numaras\u0131<\/td>\n<td>LY-NET<\/td>\n<\/tr>\n<tr>\n<td>Marka Ad\u0131<\/td>\n<td>Lvyuan \/ OEM<\/td>\n<\/tr>\n<tr>\n<td>Men\u015fe Yeri<\/td>\n<td>Guangdong, \u00c7in<\/td>\n<\/tr>\n<tr>\n<td>Uygulama<\/td>\n<td>Otel, Ticari, Ev<\/td>\n<\/tr>\n<tr>\n<td>G\u00fc\u00e7 Kayna\u011f\u0131<\/td>\n<td>El Kitab\u0131<\/td>\n<\/tr>\n<tr>\n<td>Sa\u011flanan Sat\u0131\u015f Sonras\u0131 Hizmet<\/td>\n<td>Hi\u00e7biri<\/td>\n<\/tr>\n<tr>\n<td>Garanti<\/td>\n<td>Hi\u00e7biri<\/td>\n<\/tr>\n<tr>\n<td>Sertifikasyon<\/td>\n<td>CE<\/td>\n<\/tr>\n<tr>\n<td>Uygulama (Kullan\u0131m)<\/td>\n<td>\u00d6n filtre eleman\u0131<\/td>\n<\/tr>\n<tr>\n<td>Uzunluk<\/td>\n<td>5\u2033, 10\u2033 in\u00e7<\/td>\n<\/tr>\n<tr>\n<td>Fonksiyon<\/td>\n<td>Kire\u00e7 \u00f6nleme, kirleri giderme<\/td>\n<\/tr>\n<tr>\n<td>Filtre Ortam\u0131<\/td>\n<td>Power PHOS, Siliphos, Polifosfat kristal k\u00fcre<\/td>\n<\/tr>\n<tr>\n<td>Renk<\/td>\n<td>Beyaz, \u015eeffaf<\/td>\n<\/tr>\n<tr>\n<td>Filtre \u00d6mr\u00fc<\/td>\n<td>3 ila 6 ay<\/td>\n<\/tr>\n<tr>\n<td>Kurulum<\/td>\n<td>\u00d6n filtre muhafazas\u0131<\/td>\n<\/tr>\n<tr>\n<td>\u00c7al\u0131\u015fma S\u0131cakl\u0131\u011f\u0131.<\/td>\n<td>4\u00b0C-80\u00b0C<\/td>\n<\/tr>\n<\/tbody>\n<\/table>","protected":false},"featured_media":862,"comment_status":"open","ping_status":"closed","template":"","meta":{"_gspb_post_css":""},"product_brand":[],"product_cat":[23,17],"product_tag":[369,368,365,367,366,364],"class_list":{"0":"post-856","1":"product","2":"type-product","3":"status-publish","4":"has-post-thumbnail","6":"product_cat-pp-filter-cartridge","7":"product_cat-sediment-filter","8":"product_tag-ce-certified-cartridge","9":"product_tag-hotel-water-filter-parts","10":"product_tag-ly-net-pre-filter","11":"product_tag-polyphosphate-media","12":"product_tag-scale-prevention-filter","13":"product_tag-washable-net-cartridge","15":"first","16":"instock","17":"shipping-taxable","18":"product-type-simple"},"_links":{"self":[{"href":"https:\/\/lyfilter.com\/tr\/wp-json\/wp\/v2\/product\/856","targetHints":{"allow":["GET"]}}],"collection":[{"href":"https:\/\/lyfilter.com\/tr\/wp-json\/wp\/v2\/product"}],"about":[{"href":"https:\/\/lyfilter.com\/tr\/wp-json\/wp\/v2\/types\/product"}],"replies":[{"embeddable":true,"href":"https:\/\/lyfilter.com\/tr\/wp-json\/wp\/v2\/comments?post=856"}],"wp:featuredmedia":[{"embeddable":true,"href":"https:\/\/lyfilter.com\/tr\/wp-json\/wp\/v2\/media\/862"}],"wp:attachment":[{"href":"https:\/\/lyfilter.com\/tr\/wp-json\/wp\/v2\/media?parent=856"}],"wp:term":[{"taxonomy":"product_brand","embeddable":true,"href":"https:\/\/lyfilter.com\/tr\/wp-json\/wp\/v2\/product_brand?post=856"},{"taxonomy":"product_cat","embeddable":true,"href":"https:\/\/lyfilter.com\/tr\/wp-json\/wp\/v2\/product_cat?post=856"},{"taxonomy":"product_tag","embeddable":true,"href":"https:\/\/lyfilter.com\/tr\/wp-json\/wp\/v2\/product_tag?post=856"}],"curies":[{"name":"wp","href":"https:\/\/api.w.org\/{rel}","templated":true}]}}