{"id":849,"date":"2025-12-24T09:41:32","date_gmt":"2025-12-24T09:41:32","guid":{"rendered":"https:\/\/lyfilter.com\/?post_type=product&#038;p=849"},"modified":"2025-12-24T09:41:32","modified_gmt":"2025-12-24T09:41:32","slug":"high-filtration-10-20-inch-big-blue-wine-sediment-filter-pp-water-filter-element","status":"publish","type":"product","link":"https:\/\/lyfilter.com\/tr\/high-filtration-10-20-inch-big-blue-wine-sediment-filter-pp-water-filter-element\/","title":{"rendered":"Y\u00fcksek filtrasyon 10 20 in\u00e7 b\u00fcy\u00fck mavi \u015farap tortu filtresi \/ PP su filtresi eleman\u0131"},"content":{"rendered":"<div class=\"pro_aliData\">\n<div class=\"detail-box\">\n<div class=\"scc-wrapper detail-module module-productPackagingAndQuickDetail\" data-spm=\"prilinga1e\">\n<div class=\"widget-detail-overview\">\n<div class=\"do-content\">\n<div class=\"do-overview\">\n<div class=\"do-entry do-entry-full\">\n<h3 class=\"do-entry-title\">Paketleme ve Teslimat<\/h3>\n<div class=\"do-entry-list\">\n<dl class=\"do-entry-item\">\n<dt class=\"do-entry-item-key\">Sat\u0131\u015f Birimleri:<\/dt>\n<dd class=\"do-entry-item-val\">Tek \u00fcr\u00fcn<\/dd>\n<\/dl>\n<dl class=\"do-entry-item\">\n<dt class=\"do-entry-item-key\" title=\"Tek paket boyutu:\">Tek paket boyutu:<\/dt>\n<dd class=\"do-entry-item-val\">30X5X5 cm<\/dd>\n<\/dl>\n<dl class=\"do-entry-item\">\n<dt class=\"do-entry-item-key\" title=\"Tek br\u00fct a\u011f\u0131rl\u0131k:\">Tek br\u00fct a\u011f\u0131rl\u0131k:<\/dt>\n<dd class=\"do-entry-item-val\">1.000 kg<\/dd>\n<\/dl>\n<dl class=\"do-entry-item\">\n<dt class=\"do-entry-item-key\">Paket Tipi:<\/dt>\n<dd class=\"do-entry-item-val pkg-method\">Y\u00fcksek filtrasyon 10 20 in\u00e7 b\u00fcy\u00fck mavi \u015farap tortu filtresi \/ PP su filtresi eleman\u0131 10 \u201d50PCS \/ CTN 20\u201d 25PCS \/ CTN 30 \u201d25PCS \/ CTN 40\u201d 25PCS \/ CTN<\/dd>\n<\/dl>\n<dl class=\"do-entry-item\">\n<dt class=\"do-entry-item-key\" title=\"Teslim S\u00fcresi\">Teslim S\u00fcresi\u00a0<i class=\"next-icon next-icon-help next-icon-xs js-leadtimes-tips\"><\/i>:<\/dt>\n<dd class=\"do-entry-item-val\" title=\"Teslim S\u00fcresi\">\n<div class=\"table-responsive\">\n<table class=\"supply-ability-table ui2-table ui2-table-normal ui2-table-zebra ui2-table-hover\">\n<tbody>\n<tr>\n<td>Miktar (Adet)<\/td>\n<td>1 - 500<\/td>\n<td>501 - 5000<\/td>\n<td>5001 - 10000<\/td>\n<td>&gt;10000<\/td>\n<\/tr>\n<tr>\n<td>Tahmini Zaman (g\u00fcn)<\/td>\n<td>3<\/td>\n<td>7<\/td>\n<td>10<\/td>\n<td>M\u00fczakere edilecek<\/td>\n<\/tr>\n<\/tbody>\n<\/table>\n<\/div>\n<\/dd>\n<\/dl>\n<\/div>\n<\/div>\n<\/div>\n<\/div>\n<\/div>\n<\/div>\n<div class=\"scc-wrapper detail-module module-detailVideo\" data-spm=\"detailvideo\"><\/div>\n<div class=\"scc-wrapper detail-module module-productSpecification\" data-spm=\"pronpeci14\">\n<div id=\"J-rich-text-description\" class=\"richtext richtext-detail rich-text-description\">\n<p>Giri\u015f:<\/p>\n<p>PP eriyik \u00fcflemeli filtre kartu\u015fu (PPF) polipropilen malzemeden yap\u0131lm\u0131\u015ft\u0131r.<\/p>\n<p>As\u0131l\u0131 maddeleri, partik\u00fclleri ve pas\u0131 etkili bir \u015fekilde temizleyebilir.<\/p>\n<p>Bu t\u00fcr bir kartu\u015f, di\u011ferlerini korumak i\u00e7in \u00f6n filtre kartu\u015fu i\u00e7in kullan\u0131l\u0131r.<\/p>\n<p>&nbsp;<\/p>\n<p>&nbsp;<\/p>\n<p>&nbsp;<\/p>\n<p>&nbsp;<\/p>\n<p>Parametreler:<\/p>\n<div class=\"table-responsive\">\n<table class=\"aliDataTable\">\n<tbody>\n<tr align=\"left\">\n<td valign=\"top\">\u00dcr\u00fcn<\/td>\n<td valign=\"top\">Y\u00fcksek filtrasyon 10 20 in\u00e7 b\u00fcy\u00fck mavi \u015farap tortu filtresi \/ PP su filtresi eleman\u0131<\/td>\n<\/tr>\n<tr align=\"left\">\n<td valign=\"top\">Malzeme<\/td>\n<td valign=\"top\">PP, polipropilen<\/td>\n<\/tr>\n<tr align=\"left\">\n<td valign=\"top\">Stil<\/td>\n<td valign=\"top\">Oluk, Bas\u0131n\u00e7 noktalar\u0131, D\u00fcz, \u00c7aprazlama<\/td>\n<\/tr>\n<tr align=\"left\">\n<td valign=\"top\">Hassas filtreleme<\/td>\n<td valign=\"top\">1~100 mikron<\/td>\n<\/tr>\n<tr align=\"left\">\n<td valign=\"top\">D\u0131\u015f \u00e7ap<\/td>\n<td valign=\"top\">60~65mm<\/td>\n<\/tr>\n<tr align=\"left\">\n<td valign=\"top\">\u0130\u00e7 \u00e7ap<\/td>\n<td valign=\"top\">28mm veya 30mm<\/td>\n<\/tr>\n<tr align=\"left\">\n<td valign=\"top\">Aray\u00fcz<\/td>\n<td valign=\"top\">D\u00fcz, ge\u00e7meli, vidal\u0131<\/td>\n<\/tr>\n<tr align=\"left\">\n<td valign=\"top\">U\u00e7 kapa\u011f\u0131 tipi<\/td>\n<td valign=\"top\">222flat, 222fin, 226flat, 226fin, 215flat, 215fin<\/td>\n<\/tr>\n<tr align=\"left\">\n<td valign=\"top\">Uzunluk<\/td>\n<td valign=\"top\">5\u201d,10\u201d,20\u201d,30\u201d,40\u201d,50\u2033,60\u2033<\/td>\n<\/tr>\n<tr align=\"left\">\n<td valign=\"top\">Maksimum diferansiyel bas\u0131n\u00e7<\/td>\n<td valign=\"top\">3 kgf\/cm\u00b2<\/td>\n<\/tr>\n<tr align=\"left\">\n<td valign=\"top\">Maksimum \u00e7al\u0131\u015fma s\u0131cakl\u0131\u011f\u0131<\/td>\n<td valign=\"top\">80\u00b0c<\/td>\n<\/tr>\n<tr align=\"left\">\n<td valign=\"top\">\u00c7al\u0131\u015fma diferansiyel bas\u0131nc\u0131<\/td>\n<td valign=\"top\">0.1kgf\/cm2<\/td>\n<\/tr>\n<tr align=\"left\">\n<td valign=\"top\">Marka<\/td>\n<td valign=\"top\">Lvyuan\/OEM<\/td>\n<\/tr>\n<tr align=\"left\">\n<td valign=\"top\">Ortak a\u011f\u0131rl\u0131k<\/td>\n<td valign=\"top\">100- 120g\/10\u2033 (\u00d6zelle\u015ftirilebilir)<\/td>\n<\/tr>\n<\/tbody>\n<\/table>\n<\/div>\n<p>&nbsp;<\/p>\n<p>&nbsp;<\/p>\n<p>&nbsp;<\/p>\n<p>&nbsp;<\/p>\n<p>\u00d6zellikler :<\/p>\n<p>1. As\u0131l\u0131 maddeleri, partik\u00fclleri ve pas\u0131 etkili bir \u015fekilde ta\u015f\u0131y\u0131n.<\/p>\n<p>2. Su \u00f6n filtreleme<\/p>\n<p>3. Geni\u015f kimyasal uyumluluk<\/p>\n<p>4. Bas\u0131n\u00e7 ge\u00e7irmez<\/p>\n<p>5. Y\u00fcksek kimyasal diren\u00e7.<\/p>\n<p>6. Her t\u00fcrl\u00fc adapt\u00f6r mevcuttur<\/p>\n<p>7. Y\u00fcksek kirletici tutma kapasitesi ve uzun servis \u00f6mr\u00fc.<\/p>\n<p>&nbsp;<\/p>\n<p>&nbsp;<\/p>\n<p>&nbsp;<\/p>\n<p>&nbsp;<\/p>\n<p>Kapsam:<\/p>\n<p>\u00d6n filtrasyon veya RO sistemi, solvent, kimya end\u00fcstrisi, petrol end\u00fcstrisi,<\/p>\n<p>i\u00e7me suyu ar\u0131tma, elektronik ve enerji end\u00fcstrileri, kaplama,<\/p>\n<p>yiyecek ve i\u00e7ecek, \u015farap, vb.<\/p>\n<p>&nbsp;<\/p>\n<p>&nbsp;<\/p>\n<p>&nbsp;<\/p>\n<p>Paketleme Detay\u0131: 10 \u2033: 50 ADET \/ CTN; 20 \u2033: 25 ADET \/ CTN; 30 \u2033: 25 ADET \/ CTN; 40 \u2033: 25 ADET \/ CTN<\/p>\n<p>Teslimat Detay\u0131: 30% depozitosunu ald\u0131ktan sonra 7 g\u00fcn i\u00e7inde<\/p>\n<p>&nbsp;<\/p>\n<p>&nbsp;<\/p>\n<p>&nbsp;<\/p>\n<p>&nbsp;<\/p>\n<p>&nbsp;<\/p>\n<p>\u00dcr\u00fcn G\u00f6sterileri:<\/p>\n<p><img decoding=\"async\" src=\"https:\/\/img.yfisher.com\/m6076\/1725727044j1x\/jpg70-t3-scale100.webp\" alt=\"Y\u00fcksek filtrasyon 10 20 in\u00e7 b\u00fcy\u00fck mavi \u015farap tortu filtresi \/ PP su filtresi eleman\u0131 7\" data-alt=\"High filtration 10 20 inch big blue wine sediment filter\/PP water filter element\" data-=\"\" data-lazy=\"2\" title=\"\"><\/p>\n<p><img decoding=\"async\" src=\"https:\/\/img.yfisher.com\/m6076\/1725727044jk0\/jpg70-t3-scale100.webp\" alt=\"Y\u00fcksek filtrasyon 10 20 in\u00e7 b\u00fcy\u00fck mavi \u015farap tortu filtresi \/ PP su filtresi eleman\u0131 9\" data-alt=\"High filtration 10 20 inch big blue wine sediment filter\/PP water filter element\" data-=\"\" data-lazy=\"2\" title=\"\"><\/p>\n<p><img decoding=\"async\" src=\"https:\/\/img.yfisher.com\/m6076\/1725727044tl5\/jpg70-t3-scale100.webp\" alt=\"Y\u00fcksek filtrasyon 10 20 in\u00e7 b\u00fcy\u00fck mavi \u015farap tortu filtresi \/ PP su filtresi eleman\u0131 11\" data-alt=\"High filtration 10 20 inch big blue wine sediment filter\/PP water filter element\" data-=\"\" data-lazy=\"2\" title=\"\"><\/p>\n<p><img decoding=\"async\" src=\"https:\/\/img.yfisher.com\/m6076\/1725727044ad0\/jpg70-t3-scale100.webp\" alt=\"Y\u00fcksek filtrasyon 10 20 in\u00e7 b\u00fcy\u00fck mavi \u015farap tortu filtresi \/ PP su filtresi eleman\u0131 13\" data-alt=\"High filtration 10 20 inch big blue wine sediment filter\/PP water filter element\" data-=\"\" data-lazy=\"2\" title=\"\"><\/p>\n<p><img decoding=\"async\" src=\"https:\/\/img.yfisher.com\/m6076\/1725727044yry\/jpg70-t3-scale100.webp\" alt=\"Y\u00fcksek filtrasyon 10 20 in\u00e7 b\u00fcy\u00fck mavi \u015farap tortu filtresi \/ PP su filtresi eleman\u0131 15\" data-alt=\"High filtration 10 20 inch big blue wine sediment filter\/PP water filter element\" data-=\"\" data-lazy=\"2\" title=\"\"><\/p>\n<p><img decoding=\"async\" src=\"https:\/\/img.yfisher.com\/m6076\/17257270441yf\/jpg70-t3-scale100.webp\" alt=\"Y\u00fcksek filtrasyon 10 20 in\u00e7 b\u00fcy\u00fck mavi \u015farap tortu filtresi \/ PP su filtresi eleman\u0131 17\" data-alt=\"High filtration 10 20 inch big blue wine sediment filter\/PP water filter element\" data-=\"\" data-lazy=\"2\" title=\"\"><\/p>\n<p><img decoding=\"async\" src=\"https:\/\/img.yfisher.com\/m6076\/17257270449f1\/jpg70-t3-scale100.webp\" alt=\"Y\u00fcksek filtrasyon 10 20 in\u00e7 b\u00fcy\u00fck mavi \u015farap tortu filtresi \/ PP su filtresi eleman\u0131 19\" data-alt=\"High filtration 10 20 inch big blue wine sediment filter\/PP water filter element\" data-=\"\" data-lazy=\"2\" title=\"\"><\/p>\n<p><img decoding=\"async\" src=\"https:\/\/img.yfisher.com\/m6076\/1725727044bwm\/jpg70-t3-scale100.webp\" alt=\"Y\u00fcksek filtrasyon 10 20 in\u00e7 b\u00fcy\u00fck mavi \u015farap tortu filtresi \/ PP su filtresi eleman\u0131 21\" data-alt=\"High filtration 10 20 inch big blue wine sediment filter\/PP water filter element\" data-=\"\" data-lazy=\"2\" title=\"\"><\/p>\n<p>&nbsp;<\/p>\n<p>&nbsp;<\/p>\n<p>&nbsp;<\/p>\n<p>&nbsp;<\/p>\n<p>&nbsp;<\/p>\n<p>&nbsp;<\/p>\n<p>Pls daha fazla ayr\u0131nt\u0131 veya teklif i\u00e7in bizimle ileti\u015fime ge\u00e7mekten \u00e7ekinmeyin<\/p>\n<p>\u00dcr\u00fcnlerimizle veya \u015firketimizle ilgileniyorsan\u0131z : )<\/p>\n<p>&nbsp;<\/p>\n<p>&nbsp;<\/p>\n<p>&nbsp;<\/p>\n<p>&nbsp;<\/p>\n<p><strong>\u0130leti\u015fim Bilgilerim -----<\/strong><\/p>\n<p><img decoding=\"async\" src=\"https:\/\/img.yfisher.com\/m6076\/1725727044sd3\/jpg70-t3-scale100.webp\" alt=\"Y\u00fcksek filtrasyon 10 20 in\u00e7 b\u00fcy\u00fck mavi \u015farap tortu filtresi \/ PP su filtresi eleman\u0131 23\" data-alt=\"High filtration 10 20 inch big blue wine sediment filter\/PP water filter element\" data-=\"\" data-lazy=\"2\" title=\"\"><\/p>\n<\/div>\n<\/div>\n<div data-module=\"detailMarketPackage\"><\/div>\n<div data-module=\"productAuth\"><\/div>\n<\/div>\n<\/div>\n<div class=\"diffStatement\">Bu alanda s\u0131cak bir \u00fcr\u00fcnd\u00fcr ve bir\u00e7ok m\u00fc\u015fteri taraf\u0131ndan pop\u00fclerdir. \u0130\u00e7 destek katman\u0131, filtre malzemesine yak\u0131ndan ba\u011flanarak g\u00fc\u00e7l\u00fc darbe direncine sahip olmas\u0131n\u0131 sa\u011flar. Lvyuan Su Ar\u0131tma Ekipmanlar\u0131, b\u00fcy\u00fck \u00e7abalarla m\u00fc\u015fteriler aras\u0131nda y\u00fcksek bir itibar olu\u015fturmu\u015ftur.\u00a0<a href=\"https:\/\/lyfilter.com\/tr\/products.html\/\">su fi\u0307ltre kartu\u015flari<\/a>\u00a0ve a\u011f\u0131r promosyon. \u0130\u00e7 destek katman\u0131 filtre malzemesine s\u0131k\u0131 s\u0131k\u0131ya ba\u011fl\u0131d\u0131r ve bu sayede g\u00fc\u00e7l\u00fc darbe direncine sahiptir.<\/div>","protected":false},"excerpt":{"rendered":"<table>\n<thead>\n<tr>\n<th><strong>Saha<\/strong><\/th>\n<th><strong>De\u011fer<\/strong><\/th>\n<\/tr>\n<\/thead>\n<tbody>\n<tr>\n<td>Uygulanabilir Sekt\u00f6rler<\/td>\n<td>Oteller, Konfeksiyon Ma\u011fazalar\u0131, \u0130n\u015faat Malzemesi Ma\u011fazalar\u0131, \u00dcretim Tesisi, Makine Tamir At\u00f6lyeleri, Yiyecek ve \u0130\u00e7ecek Fabrikas\u0131, \u00c7iftlikler, Restoran, Ev Kullan\u0131m\u0131, Perakende, Yiyecek Ma\u011fazas\u0131, Matbaalar, \u0130n\u015faat \u0130\u015fleri, Enerji ve Madencilik, Yiyecek ve \u0130\u00e7ecek Ma\u011fazalar\u0131, Reklam \u015eirketi<\/td>\n<\/tr>\n<tr>\n<td>Men\u015fe Yeri<\/td>\n<td>\u00c7in<\/td>\n<\/tr>\n<tr>\n<td>Marka Ad\u0131<\/td>\n<td>\u00d6zelle\u015ftirilmi\u015f<\/td>\n<\/tr>\n<tr>\n<td>Malzeme<\/td>\n<td>\u00d6zelle\u015ftirilmi\u015f, PP, Polipropilen<\/td>\n<\/tr>\n<tr>\n<td>A\u011f\u0131rl\u0131k<\/td>\n<td>\u00d6zelle\u015ftirilmi\u015f<\/td>\n<\/tr>\n<tr>\n<td>Boyut<\/td>\n<td>\u00d6zelle\u015ftirilmi\u015f<\/td>\n<\/tr>\n<tr>\n<td>G\u00fc\u00e7<\/td>\n<td>0<\/td>\n<\/tr>\n<tr>\n<td>Garanti<\/td>\n<td>1 Y\u0131l<\/td>\n<\/tr>\n<tr>\n<td>Sa\u011flanan Sat\u0131\u015f Sonras\u0131 Hizmet<\/td>\n<td>\u00c7evrimi\u00e7i destek<\/td>\n<\/tr>\n<tr>\n<td>\u00dcr\u00fcn Ad\u0131<\/td>\n<td>10\/20 in\u00e7 Big Blue \u015farap tortu filtresi \/ PP su filtresi eleman\u0131<\/td>\n<\/tr>\n<tr>\n<td>Filtre Tipi<\/td>\n<td>Yiv, Kabartma, Noktalar, \u015eirket logosu<\/td>\n<\/tr>\n<tr>\n<td>Uzunluk<\/td>\n<td>10 \/ 20 in\u00e7<\/td>\n<\/tr>\n<tr>\n<td>D\u0131\u015f \u00c7ap<\/td>\n<td>60-65 mm<\/td>\n<\/tr>\n<tr>\n<td>Micron<\/td>\n<td>1-100 mikron<\/td>\n<\/tr>\n<tr>\n<td>\u0130\u00e7 \u00c7ap<\/td>\n<td>28 mm \/ 30 mm<\/td>\n<\/tr>\n<tr>\n<td>Filtre Aray\u00fcz\u00fc<\/td>\n<td>D\u00fcz tip, Tip 222, Tip 226, Tip 215<\/td>\n<\/tr>\n<tr>\n<td>En Y\u00fcksek S\u0131cakl\u0131k<\/td>\n<td>80\u2103<\/td>\n<\/tr>\n<tr>\n<td>\u0130\u015f Bas\u0131nc\u0131 D\u00fc\u015f\u00fc\u015f\u00fc<\/td>\n<td>0,1 kgf\/c\u33a1<\/td>\n<\/tr>\n<\/tbody>\n<\/table>","protected":false},"featured_media":855,"comment_status":"open","ping_status":"closed","template":"","meta":{"_gspb_post_css":""},"product_brand":[],"product_cat":[23,17],"product_tag":[327,362,359,360,363,361],"class_list":{"0":"post-849","1":"product","2":"type-product","3":"status-publish","4":"has-post-thumbnail","6":"product_cat-pp-filter-cartridge","7":"product_cat-sediment-filter","8":"product_tag-1-100-micron-filter","9":"product_tag-10-20-inch-cartridge","10":"product_tag-big-blue-sediment-filter","11":"product_tag-pp-water-filter-element","12":"product_tag-type-222-226-interface","13":"product_tag-wine-sediment-filtration","15":"first","16":"instock","17":"shipping-taxable","18":"product-type-simple"},"_links":{"self":[{"href":"https:\/\/lyfilter.com\/tr\/wp-json\/wp\/v2\/product\/849","targetHints":{"allow":["GET"]}}],"collection":[{"href":"https:\/\/lyfilter.com\/tr\/wp-json\/wp\/v2\/product"}],"about":[{"href":"https:\/\/lyfilter.com\/tr\/wp-json\/wp\/v2\/types\/product"}],"replies":[{"embeddable":true,"href":"https:\/\/lyfilter.com\/tr\/wp-json\/wp\/v2\/comments?post=849"}],"wp:featuredmedia":[{"embeddable":true,"href":"https:\/\/lyfilter.com\/tr\/wp-json\/wp\/v2\/media\/855"}],"wp:attachment":[{"href":"https:\/\/lyfilter.com\/tr\/wp-json\/wp\/v2\/media?parent=849"}],"wp:term":[{"taxonomy":"product_brand","embeddable":true,"href":"https:\/\/lyfilter.com\/tr\/wp-json\/wp\/v2\/product_brand?post=849"},{"taxonomy":"product_cat","embeddable":true,"href":"https:\/\/lyfilter.com\/tr\/wp-json\/wp\/v2\/product_cat?post=849"},{"taxonomy":"product_tag","embeddable":true,"href":"https:\/\/lyfilter.com\/tr\/wp-json\/wp\/v2\/product_tag?post=849"}],"curies":[{"name":"wp","href":"https:\/\/api.w.org\/{rel}","templated":true}]}}