{"id":824,"date":"2025-12-24T09:23:08","date_gmt":"2025-12-24T09:23:08","guid":{"rendered":"https:\/\/lyfilter.com\/?post_type=product&#038;p=824"},"modified":"2025-12-24T09:23:08","modified_gmt":"2025-12-24T09:23:08","slug":"shower-water-filter-cartridge-pp-melt-blown-cartridge-filter-5-10-20-30-40-inch-customized-size-and-micron-rate","status":"publish","type":"product","link":"https:\/\/lyfilter.com\/tr\/shower-water-filter-cartridge-pp-melt-blown-cartridge-filter-5-10-20-30-40-inch-customized-size-and-micron-rate\/","title":{"rendered":"du\u015f suyu filtre kartu\u015fu PP eriyik \u00fcflemeli kartu\u015f filtre 5 10 20 30 40 in\u00e7 \u00f6zelle\u015ftirilmi\u015f boyut ve mikron oran\u0131"},"content":{"rendered":"<table>\n<thead>\n<tr>\n<th><strong>Saha<\/strong><\/th>\n<th><strong>De\u011fer<\/strong><\/th>\n<\/tr>\n<\/thead>\n<tbody>\n<tr>\n<td>Uygulanabilir Sekt\u00f6rler<\/td>\n<td>\u00dcretim Tesisi, Yiyecek ve \u0130\u00e7ecek Fabrikas\u0131, Ev Kullan\u0131m\u0131, Su Ar\u0131tma<\/td>\n<\/tr>\n<tr>\n<td>Men\u015fe Yeri<\/td>\n<td>Guangdong, \u00c7in<\/td>\n<\/tr>\n<tr>\n<td>Marka Ad\u0131<\/td>\n<td>Lvyuan, OEM, ODM<\/td>\n<\/tr>\n<tr>\n<td>Malzeme<\/td>\n<td>PP<\/td>\n<\/tr>\n<tr>\n<td>Hammadde<\/td>\n<td>PP elyaf<\/td>\n<\/tr>\n<tr>\n<td>A\u011f\u0131rl\u0131k<\/td>\n<td>\u00d6zelle\u015ftirilmi\u015f<\/td>\n<\/tr>\n<tr>\n<td>Boyut<\/td>\n<td>\u00d6zelle\u015ftirilmi\u015f<\/td>\n<\/tr>\n<tr>\n<td>Uzunluk<\/td>\n<td>5\/10\/20\/30\/40 in\u00e7 veya \u00f6zelle\u015ftirilmi\u015f<\/td>\n<\/tr>\n<tr>\n<td>G\u00fc\u00e7<\/td>\n<td>0<\/td>\n<\/tr>\n<tr>\n<td>Garanti<\/td>\n<td>Kullan\u0131lam\u0131yor<\/td>\n<\/tr>\n<tr>\n<td>\u00d6zellik<\/td>\n<td>\u00d6zel boyut ve logo \u00e7elik \u00e7alma<\/td>\n<\/tr>\n<tr>\n<td>Sertifikasyon<\/td>\n<td>SGS<\/td>\n<\/tr>\n<tr>\n<td>\u015eekil<\/td>\n<td>Silindir<\/td>\n<\/tr>\n<tr>\n<td>Kullan\u0131m<\/td>\n<td>Su ar\u0131tma<\/td>\n<\/tr>\n<tr>\n<td>Uygulama<\/td>\n<td>End\u00fcstri<\/td>\n<\/tr>\n<tr>\n<td>Renk<\/td>\n<td>Beyaz<\/td>\n<\/tr>\n<tr>\n<td>G\u00f6r\u00fcn\u00fc\u015f<\/td>\n<td>Kabartmal\u0131, parlak, vb.<\/td>\n<\/tr>\n<tr>\n<td>Paketleme<\/td>\n<td>Ka\u011f\u0131t kutu<\/td>\n<\/tr>\n<tr>\n<td>Sa\u011flanan Sat\u0131\u015f Sonras\u0131 Hizmet<\/td>\n<td>\u00c7evrimi\u00e7i destek<\/td>\n<\/tr>\n<tr>\n<td>Tedarik Yetene\u011fi<\/td>\n<td>5000 Adet\/Hafta ba\u015f\u0131na<\/td>\n<\/tr>\n<tr>\n<td>Video A\u00e7\u0131klamas\u0131<\/td>\n<td>(Sa\u011flanmad\u0131)<\/td>\n<\/tr>\n<\/tbody>\n<\/table>","protected":false},"excerpt":{"rendered":"<table>\n<thead>\n<tr>\n<th><strong>Saha<\/strong><\/th>\n<th><strong>De\u011fer<\/strong><\/th>\n<\/tr>\n<\/thead>\n<tbody>\n<tr>\n<td>Uygulanabilir Sekt\u00f6rler<\/td>\n<td>\u00dcretim Tesisi, Yiyecek ve \u0130\u00e7ecek Fabrikas\u0131, Ev Kullan\u0131m\u0131, Su Ar\u0131tma<\/td>\n<\/tr>\n<tr>\n<td>Men\u015fe Yeri<\/td>\n<td>Guangdong, \u00c7in<\/td>\n<\/tr>\n<tr>\n<td>Marka Ad\u0131<\/td>\n<td>Lvyuan, OEM, ODM<\/td>\n<\/tr>\n<tr>\n<td>Malzeme<\/td>\n<td>PP<\/td>\n<\/tr>\n<tr>\n<td>Hammadde<\/td>\n<td>PP elyaf<\/td>\n<\/tr>\n<tr>\n<td>A\u011f\u0131rl\u0131k<\/td>\n<td>\u00d6zelle\u015ftirilmi\u015f<\/td>\n<\/tr>\n<tr>\n<td>Boyut<\/td>\n<td>\u00d6zelle\u015ftirilmi\u015f<\/td>\n<\/tr>\n<tr>\n<td>Uzunluk<\/td>\n<td>5\/10\/20\/30\/40 in\u00e7 veya \u00f6zelle\u015ftirilmi\u015f<\/td>\n<\/tr>\n<tr>\n<td>G\u00fc\u00e7<\/td>\n<td>0<\/td>\n<\/tr>\n<tr>\n<td>Garanti<\/td>\n<td>Kullan\u0131lam\u0131yor<\/td>\n<\/tr>\n<tr>\n<td>\u00d6zellik<\/td>\n<td>\u00d6zel boyut ve logo \u00e7elik \u00e7alma<\/td>\n<\/tr>\n<tr>\n<td>Sertifikasyon<\/td>\n<td>SGS<\/td>\n<\/tr>\n<tr>\n<td>\u015eekil<\/td>\n<td>Silindir<\/td>\n<\/tr>\n<tr>\n<td>Kullan\u0131m<\/td>\n<td>Su ar\u0131tma<\/td>\n<\/tr>\n<tr>\n<td>Uygulama<\/td>\n<td>End\u00fcstri<\/td>\n<\/tr>\n<tr>\n<td>Renk<\/td>\n<td>Beyaz<\/td>\n<\/tr>\n<tr>\n<td>G\u00f6r\u00fcn\u00fc\u015f<\/td>\n<td>Kabartmal\u0131, parlak, vb.<\/td>\n<\/tr>\n<tr>\n<td>Paketleme<\/td>\n<td>Ka\u011f\u0131t kutu<\/td>\n<\/tr>\n<tr>\n<td>Sa\u011flanan Sat\u0131\u015f Sonras\u0131 Hizmet<\/td>\n<td>\u00c7evrimi\u00e7i destek<\/td>\n<\/tr>\n<tr>\n<td>Tedarik Yetene\u011fi<\/td>\n<td>5000 Adet\/Hafta ba\u015f\u0131na<\/td>\n<\/tr>\n<tr>\n<td>Video A\u00e7\u0131klamas\u0131<\/td>\n<td>(Sa\u011flanmad\u0131)<\/td>\n<\/tr>\n<\/tbody>\n<\/table>","protected":false},"featured_media":825,"comment_status":"open","ping_status":"closed","template":"","meta":{"_gspb_post_css":""},"product_brand":[],"product_cat":[15],"product_tag":[348,322,349,320,306,321],"class_list":{"0":"post-824","1":"product","2":"type-product","3":"status-publish","4":"has-post-thumbnail","6":"product_cat-stainless-steel-filter-housing","7":"product_tag-5-40-inch-filter","8":"product_tag-customized-cylinder-filter","9":"product_tag-oem-odm-branding","10":"product_tag-pp-fiber-filter","11":"product_tag-sgs-certified","12":"product_tag-water-treatment-cartridge","14":"first","15":"instock","16":"shipping-taxable","17":"product-type-simple"},"_links":{"self":[{"href":"https:\/\/lyfilter.com\/tr\/wp-json\/wp\/v2\/product\/824","targetHints":{"allow":["GET"]}}],"collection":[{"href":"https:\/\/lyfilter.com\/tr\/wp-json\/wp\/v2\/product"}],"about":[{"href":"https:\/\/lyfilter.com\/tr\/wp-json\/wp\/v2\/types\/product"}],"replies":[{"embeddable":true,"href":"https:\/\/lyfilter.com\/tr\/wp-json\/wp\/v2\/comments?post=824"}],"wp:featuredmedia":[{"embeddable":true,"href":"https:\/\/lyfilter.com\/tr\/wp-json\/wp\/v2\/media\/825"}],"wp:attachment":[{"href":"https:\/\/lyfilter.com\/tr\/wp-json\/wp\/v2\/media?parent=824"}],"wp:term":[{"taxonomy":"product_brand","embeddable":true,"href":"https:\/\/lyfilter.com\/tr\/wp-json\/wp\/v2\/product_brand?post=824"},{"taxonomy":"product_cat","embeddable":true,"href":"https:\/\/lyfilter.com\/tr\/wp-json\/wp\/v2\/product_cat?post=824"},{"taxonomy":"product_tag","embeddable":true,"href":"https:\/\/lyfilter.com\/tr\/wp-json\/wp\/v2\/product_tag?post=824"}],"curies":[{"name":"wp","href":"https:\/\/api.w.org\/{rel}","templated":true}]}}