{"id":811,"date":"2025-12-24T09:11:41","date_gmt":"2025-12-24T09:11:41","guid":{"rendered":"https:\/\/lyfilter.com\/?post_type=product&#038;p=811"},"modified":"2025-12-24T09:11:41","modified_gmt":"2025-12-24T09:11:41","slug":"10-20-30-40-inch-pp-melt-blown-filter-cartridge-sediment-filter-1micron-5-micron-for-water-filter","status":"publish","type":"product","link":"https:\/\/lyfilter.com\/tr\/10-20-30-40-inch-pp-melt-blown-filter-cartridge-sediment-filter-1micron-5-micron-for-water-filter\/","title":{"rendered":"10 20 30 40 \u0130n\u00e7 PP Eriyik \u00dcflemeli Filtre Kartu\u015fu \/ tortu filtresi Su Filtresi i\u00e7in 1 mikron 5 mikron"},"content":{"rendered":"<h3 class=\"do-entry-title\">Paketleme ve Teslimat<\/h3>\n<div class=\"do-entry-list\">\n<dl class=\"do-entry-item\">\n<dt class=\"do-entry-item-key\">Sat\u0131\u015f Birimleri:<\/dt>\n<dd class=\"do-entry-item-val\">Tek \u00fcr\u00fcn<\/dd>\n<\/dl>\n<dl class=\"do-entry-item\">\n<dt class=\"do-entry-item-key\" title=\"Tek paket boyutu:\">Tek paket boyutu:<\/dt>\n<dd class=\"do-entry-item-val\">53X33X33 cm<\/dd>\n<\/dl>\n<dl class=\"do-entry-item\">\n<dt class=\"do-entry-item-key\" title=\"Tek br\u00fct a\u011f\u0131rl\u0131k:\">Tek br\u00fct a\u011f\u0131rl\u0131k:<\/dt>\n<dd class=\"do-entry-item-val\">5.800 kg<\/dd>\n<\/dl>\n<dl class=\"do-entry-item\">\n<dt class=\"do-entry-item-key\">Paket Tipi:<\/dt>\n<dd class=\"do-entry-item-val pkg-method\">KA\u011eIT KUTU<\/dd>\n<\/dl>\n<dl class=\"do-entry-item\">\n<dt class=\"do-entry-item-key\" title=\"Teslim S\u00fcresi\">Teslim S\u00fcresi\u00a0<i class=\"next-icon next-icon-help next-icon-xs js-leadtimes-tips\"><\/i>:<\/dt>\n<dd class=\"do-entry-item-val\" title=\"Teslim S\u00fcresi\">\n<div class=\"table-responsive\">\n<table class=\"supply-ability-table ui2-table ui2-table-normal ui2-table-zebra ui2-table-hover\">\n<tbody>\n<tr>\n<td>Miktar (Adet)<\/td>\n<td>1 - 100<\/td>\n<td>101 - 500<\/td>\n<td>501 - 1000<\/td>\n<td>&gt;1000<\/td>\n<\/tr>\n<tr>\n<td>Tahmini Zaman (g\u00fcn)<\/td>\n<td>7<\/td>\n<td>10<\/td>\n<td>15<\/td>\n<td>M\u00fczakere edilecek<\/td>\n<\/tr>\n<\/tbody>\n<\/table>\n<\/div>\n<\/dd>\n<\/dl>\n<\/div>","protected":false},"excerpt":{"rendered":"<table>\n<thead>\n<tr>\n<th><strong>Saha<\/strong><\/th>\n<th><strong>De\u011fer<\/strong><\/th>\n<\/tr>\n<\/thead>\n<tbody>\n<tr>\n<td><strong>Uygulanabilir Sekt\u00f6rler<\/strong><\/td>\n<td>\u00dcretim Tesisi, Yiyecek ve \u0130\u00e7ecek Fabrikas\u0131, Ev Kullan\u0131m\u0131, Su Ar\u0131tma<\/td>\n<\/tr>\n<tr>\n<td><strong>Men\u015fe Yeri<\/strong><\/td>\n<td>Guangdong, \u00c7in<\/td>\n<\/tr>\n<tr>\n<td><strong>Marka Ad\u0131<\/strong><\/td>\n<td>Lvyuan, OEM, ODM<\/td>\n<\/tr>\n<tr>\n<td><strong>Malzeme<\/strong><\/td>\n<td>PP<\/td>\n<\/tr>\n<tr>\n<td><strong>Hammadde<\/strong><\/td>\n<td>PP elyaf<\/td>\n<\/tr>\n<tr>\n<td><strong>A\u011f\u0131rl\u0131k<\/strong><\/td>\n<td>\u00d6zelle\u015ftirilmi\u015f<\/td>\n<\/tr>\n<tr>\n<td><strong>Boyut<\/strong><\/td>\n<td>\u00d6zelle\u015ftirilmi\u015f, \u0130nce, Jumbo<\/td>\n<\/tr>\n<tr>\n<td><strong>G\u00fc\u00e7<\/strong><\/td>\n<td>0<\/td>\n<\/tr>\n<tr>\n<td><strong>Garanti<\/strong><\/td>\n<td>Kullan\u0131lam\u0131yor<\/td>\n<\/tr>\n<tr>\n<td><strong>\u00d6zellik<\/strong><\/td>\n<td>\u00d6zel boyut ve logo \u00e7elik \u00e7alma<\/td>\n<\/tr>\n<tr>\n<td><strong>Sertifikasyon<\/strong><\/td>\n<td>SGS<\/td>\n<\/tr>\n<tr>\n<td><strong>\u015eekil<\/strong><\/td>\n<td>Silindir<\/td>\n<\/tr>\n<tr>\n<td><strong>Kullan\u0131m<\/strong><\/td>\n<td>Su ar\u0131tma<\/td>\n<\/tr>\n<tr>\n<td><strong>Uygulama<\/strong><\/td>\n<td>End\u00fcstri<\/td>\n<\/tr>\n<tr>\n<td><strong>Renk<\/strong><\/td>\n<td>Beyaz<\/td>\n<\/tr>\n<tr>\n<td><strong>Paketleme<\/strong><\/td>\n<td>Ka\u011f\u0131t kutu<\/td>\n<\/tr>\n<tr>\n<td><strong>G\u00f6r\u00fcn\u00fc\u015f<\/strong><\/td>\n<td>Kabartmal\u0131, parlak, vb.<\/td>\n<\/tr>\n<tr>\n<td><strong>Sa\u011flanan Sat\u0131\u015f Sonras\u0131 Hizmet<\/strong><\/td>\n<td>\u00c7evrimi\u00e7i destek<\/td>\n<\/tr>\n<\/tbody>\n<\/table>","protected":false},"featured_media":817,"comment_status":"open","ping_status":"closed","template":"","meta":{"_gspb_post_css":""},"product_brand":[],"product_cat":[23,17],"product_tag":[341,342,336,320,306,340],"class_list":{"0":"post-811","1":"product","2":"type-product","3":"status-publish","4":"has-post-thumbnail","6":"product_cat-pp-filter-cartridge","7":"product_cat-sediment-filter","8":"product_tag-customized-filter","9":"product_tag-cylinder-filter","10":"product_tag-embossed-filter","11":"product_tag-pp-fiber-filter","12":"product_tag-sgs-certified","13":"product_tag-water-treatment-filter","15":"first","16":"instock","17":"shipping-taxable","18":"product-type-simple"},"_links":{"self":[{"href":"https:\/\/lyfilter.com\/tr\/wp-json\/wp\/v2\/product\/811","targetHints":{"allow":["GET"]}}],"collection":[{"href":"https:\/\/lyfilter.com\/tr\/wp-json\/wp\/v2\/product"}],"about":[{"href":"https:\/\/lyfilter.com\/tr\/wp-json\/wp\/v2\/types\/product"}],"replies":[{"embeddable":true,"href":"https:\/\/lyfilter.com\/tr\/wp-json\/wp\/v2\/comments?post=811"}],"wp:featuredmedia":[{"embeddable":true,"href":"https:\/\/lyfilter.com\/tr\/wp-json\/wp\/v2\/media\/817"}],"wp:attachment":[{"href":"https:\/\/lyfilter.com\/tr\/wp-json\/wp\/v2\/media?parent=811"}],"wp:term":[{"taxonomy":"product_brand","embeddable":true,"href":"https:\/\/lyfilter.com\/tr\/wp-json\/wp\/v2\/product_brand?post=811"},{"taxonomy":"product_cat","embeddable":true,"href":"https:\/\/lyfilter.com\/tr\/wp-json\/wp\/v2\/product_cat?post=811"},{"taxonomy":"product_tag","embeddable":true,"href":"https:\/\/lyfilter.com\/tr\/wp-json\/wp\/v2\/product_tag?post=811"}],"curies":[{"name":"wp","href":"https:\/\/api.w.org\/{rel}","templated":true}]}}