{"id":775,"date":"2025-12-24T09:00:41","date_gmt":"2025-12-24T09:00:41","guid":{"rendered":"https:\/\/lyfilter.com\/?post_type=product&#038;p=775"},"modified":"2025-12-24T09:00:41","modified_gmt":"2025-12-24T09:00:41","slug":"10-inch-customized-double-precision-pp-water-filter-cartridge-filter-sediment-for-water-filter","status":"publish","type":"product","link":"https:\/\/lyfilter.com\/tr\/10-inch-customized-double-precision-pp-water-filter-cartridge-filter-sediment-for-water-filter\/","title":{"rendered":"10 in\u00e7 \u00f6zelle\u015ftirilmi\u015f Su filtresi i\u00e7in \u00e7ift hassasiyetli pp su filtresi kartu\u015fu filtre tortusu"},"content":{"rendered":"<table>\n<thead>\n<tr>\n<th><strong>Saha<\/strong><\/th>\n<th><strong>De\u011fer<\/strong><\/th>\n<\/tr>\n<\/thead>\n<tbody>\n<tr>\n<td><strong>Uygulanabilir Sekt\u00f6rler<\/strong><\/td>\n<td>\u00dcretim Tesisi, Yiyecek ve \u0130\u00e7ecek Fabrikas\u0131, Ev Kullan\u0131m\u0131, Su Ar\u0131tma<\/td>\n<\/tr>\n<tr>\n<td><strong>Men\u015fe Yeri<\/strong><\/td>\n<td>Guangdong, \u00c7in<\/td>\n<\/tr>\n<tr>\n<td><strong>Marka Ad\u0131<\/strong><\/td>\n<td>Lvyuan, OEM, ODM<\/td>\n<\/tr>\n<tr>\n<td><strong>Malzeme<\/strong><\/td>\n<td>PP<\/td>\n<\/tr>\n<tr>\n<td><strong>Hammadde<\/strong><\/td>\n<td>PP elyaf<\/td>\n<\/tr>\n<tr>\n<td><strong>A\u011f\u0131rl\u0131k<\/strong><\/td>\n<td>\u00d6zelle\u015ftirilmi\u015f<\/td>\n<\/tr>\n<tr>\n<td><strong>Boyut<\/strong><\/td>\n<td>\u00d6zelle\u015ftirilmi\u015f<\/td>\n<\/tr>\n<tr>\n<td><strong>G\u00fc\u00e7<\/strong><\/td>\n<td>0<\/td>\n<\/tr>\n<tr>\n<td><strong>Garanti<\/strong><\/td>\n<td>Kullan\u0131lam\u0131yor<\/td>\n<\/tr>\n<tr>\n<td><strong>\u00d6zellik<\/strong><\/td>\n<td>\u00d6zel boyut ve logo \u00e7elik \u00e7alma<\/td>\n<\/tr>\n<tr>\n<td><strong>Uzunluk<\/strong><\/td>\n<td>1020\/30\/40 veya \u00f6zelle\u015ftirilmi\u015f<\/td>\n<\/tr>\n<tr>\n<td><strong>Sertifikasyon<\/strong><\/td>\n<td>SGS<\/td>\n<\/tr>\n<tr>\n<td><strong>\u015eekil<\/strong><\/td>\n<td>Silindir<\/td>\n<\/tr>\n<tr>\n<td><strong>Kullan\u0131m<\/strong><\/td>\n<td>Su ar\u0131tma<\/td>\n<\/tr>\n<tr>\n<td><strong>Renk<\/strong><\/td>\n<td>Beyaz<\/td>\n<\/tr>\n<tr>\n<td><strong>Paketleme<\/strong><\/td>\n<td>Ka\u011f\u0131t kutu<\/td>\n<\/tr>\n<tr>\n<td><strong>G\u00f6r\u00fcn\u00fc\u015f<\/strong><\/td>\n<td>Kabartmal\u0131, parlak, vb.<\/td>\n<\/tr>\n<tr>\n<td><strong>G\u00f6zenek Boyutu<\/strong><\/td>\n<td>1 mikron ila 150 mikron<\/td>\n<\/tr>\n<tr>\n<td><strong>Sa\u011flanan Sat\u0131\u015f Sonras\u0131 Hizmet<\/strong><\/td>\n<td>Sat\u0131\u015f sonras\u0131 hizmet yok<\/td>\n<\/tr>\n<tr>\n<td><strong>Tedarik Yetene\u011fi<\/strong><\/td>\n<td>5000 Adet\/Hafta ba\u015f\u0131na<\/td>\n<\/tr>\n<\/tbody>\n<\/table>","protected":false},"excerpt":{"rendered":"<p>Su ar\u0131tma i\u00e7in \u00f6zelle\u015ftirilmi\u015f PP fiber silindir filtre, 1-150 mikron g\u00f6zenek boyutu. SGS sertifikal\u0131, kabartmal\u0131 y\u00fczey, \u00f6zel boyutlarda mevcuttur, 5000\/hafta.<\/p>","protected":false},"featured_media":776,"comment_status":"open","ping_status":"closed","template":"","meta":{"_gspb_post_css":""},"product_brand":[],"product_cat":[23,17],"product_tag":[335,322,336,320,302,321],"class_list":{"0":"post-775","1":"product","2":"type-product","3":"status-publish","4":"has-post-thumbnail","6":"product_cat-pp-filter-cartridge","7":"product_cat-sediment-filter","8":"product_tag-1-150-micron-pore-size","9":"product_tag-customized-cylinder-filter","10":"product_tag-embossed-filter","11":"product_tag-pp-fiber-filter","12":"product_tag-sgs-certified-filter","13":"product_tag-water-treatment-cartridge","15":"first","16":"instock","17":"shipping-taxable","18":"product-type-simple"},"_links":{"self":[{"href":"https:\/\/lyfilter.com\/tr\/wp-json\/wp\/v2\/product\/775","targetHints":{"allow":["GET"]}}],"collection":[{"href":"https:\/\/lyfilter.com\/tr\/wp-json\/wp\/v2\/product"}],"about":[{"href":"https:\/\/lyfilter.com\/tr\/wp-json\/wp\/v2\/types\/product"}],"replies":[{"embeddable":true,"href":"https:\/\/lyfilter.com\/tr\/wp-json\/wp\/v2\/comments?post=775"}],"wp:featuredmedia":[{"embeddable":true,"href":"https:\/\/lyfilter.com\/tr\/wp-json\/wp\/v2\/media\/776"}],"wp:attachment":[{"href":"https:\/\/lyfilter.com\/tr\/wp-json\/wp\/v2\/media?parent=775"}],"wp:term":[{"taxonomy":"product_brand","embeddable":true,"href":"https:\/\/lyfilter.com\/tr\/wp-json\/wp\/v2\/product_brand?post=775"},{"taxonomy":"product_cat","embeddable":true,"href":"https:\/\/lyfilter.com\/tr\/wp-json\/wp\/v2\/product_cat?post=775"},{"taxonomy":"product_tag","embeddable":true,"href":"https:\/\/lyfilter.com\/tr\/wp-json\/wp\/v2\/product_tag?post=775"}],"curies":[{"name":"wp","href":"https:\/\/api.w.org\/{rel}","templated":true}]}}