{"id":756,"date":"2025-12-24T08:22:25","date_gmt":"2025-12-24T08:22:25","guid":{"rendered":"https:\/\/lyfilter.com\/?post_type=product&#038;p=756"},"modified":"2025-12-24T08:22:26","modified_gmt":"2025-12-24T08:22:26","slug":"customized-melt-blown-spun-sediment-water-filter-1-5-10-microns-pp-cartridge-water-filter-with-plastic-stainless-steel-core","status":"publish","type":"product","link":"https:\/\/lyfilter.com\/tr\/customized-melt-blown-spun-sediment-water-filter-1-5-10-microns-pp-cartridge-water-filter-with-plastic-stainless-steel-core\/","title":{"rendered":"\u00d6zelle\u015ftirilmi\u015f eriyik \u00fcflemeli \/ E\u011frilmi\u015f tortu su filtresi 1\/5\/10 mikron plastik paslanmaz \u00e7elik \u00e7ekirdekli PP kartu\u015f su filtresi"},"content":{"rendered":"<div class=\"scc-wrapper detail-module module-productPackagingAndQuickDetail\" data-spm=\"prilinga1e\">\n<div class=\"widget-detail-overview\">\n<div class=\"do-content\">\n<div class=\"do-overview\">\n<div class=\"do-entry do-entry-full\">\n<h3 class=\"do-entry-title\">Packaging &amp; Delivery<\/h3>\n<div class=\"do-entry-list\">\n<dl class=\"do-entry-item\">\n<dt class=\"do-entry-item-key\">Selling Units:<\/dt>\n<dd class=\"do-entry-item-val\">Single item<\/dd>\n<\/dl>\n<dl class=\"do-entry-item\">\n<dt class=\"do-entry-item-key\" title=\"Single package size:\">Single package size:<\/dt>\n<dd class=\"do-entry-item-val\">53X33X33 cm<\/dd>\n<\/dl>\n<dl class=\"do-entry-item\">\n<dt class=\"do-entry-item-key\" title=\"Single gross weight:\">Single gross weight:<\/dt>\n<dd class=\"do-entry-item-val\">9.000 kg<\/dd>\n<\/dl>\n<dl class=\"do-entry-item\">\n<dt class=\"do-entry-item-key\">Package Type:<\/dt>\n<dd class=\"do-entry-item-val pkg-method\">Customized melt blown\/Spun sediment water filter 1\/5\/10 microns PP cartridge water filter with plastic stainless steel core : Packed in paper carton.<\/dd>\n<\/dl>\n<dl class=\"do-entry-item\">\n<dt class=\"do-entry-item-key\" title=\"Lead Time\">Lead Time\u00a0<i class=\"next-icon next-icon-help next-icon-xs js-leadtimes-tips\"><\/i>:<\/dt>\n<dd class=\"do-entry-item-val\" title=\"Lead Time\">\n<div class=\"table-responsive\">\n<table class=\"supply-ability-table ui2-table ui2-table-normal ui2-table-zebra ui2-table-hover\">\n<tbody>\n<tr>\n<td>Quantity(Pieces)<\/td>\n<td>1 &#8211; 100<\/td>\n<td>101 &#8211; 500<\/td>\n<td>501 &#8211; 5000<\/td>\n<td>&gt;5000<\/td>\n<\/tr>\n<tr>\n<td>Est. Time(days)<\/td>\n<td>2<\/td>\n<td>3<\/td>\n<td>7<\/td>\n<td>To be negotiated<\/td>\n<\/tr>\n<\/tbody>\n<\/table>\n<\/div>\n<\/dd>\n<\/dl>\n<\/div>\n<\/div>\n<\/div>\n<\/div>\n<\/div>\n<\/div>\n<div class=\"scc-wrapper detail-module module-detailVideo\" data-spm=\"detailvideo\"><\/div>\n<div class=\"scc-wrapper detail-module module-productSpecification\" data-spm=\"pronpeci14\">\n<div id=\"J-rich-text-description\" class=\"richtext richtext-detail rich-text-description\">\n<div data-maya=\"{&quot;theme&quot;:{&quot;face&quot;:&quot;yin&quot;,&quot;fontFace&quot;:&quot;Roboto&quot;,&quot;fontSize&quot;:22,&quot;colors&quot;:2},&quot;items&quot;:[{&quot;title&quot;:&quot;tw7j0&quot;,&quot;formats&quot;:[[{&quot;5v5pe&quot;:&quot;Ia&quot;}],[{&quot;j1sqe&quot;:&quot;Il&quot;},[{&quot;9x49u&quot;:&quot;H&quot;},{&quot;9211g&quot;:&quot;P&quot;}]],[[{&quot;eny38&quot;:&quot;H&quot;},{&quot;eyqdm&quot;:&quot;P&quot;}],{&quot;k1hwa&quot;:&quot;Il&quot;}],[{&quot;lfqnd&quot;:&quot;Il&quot;},[{&quot;q5x9l&quot;:&quot;H&quot;},{&quot;udpza&quot;:&quot;P&quot;}]],[[{&quot;sz1br&quot;:&quot;H&quot;},{&quot;b5cy3&quot;:&quot;P&quot;}],{&quot;6kbub&quot;:&quot;Il&quot;}],[{&quot;smrq2&quot;:&quot;Il&quot;},[{&quot;s9tax&quot;:&quot;H&quot;},{&quot;f9ivh&quot;:&quot;P&quot;}]],[{&quot;vtco8&quot;:{&quot;name&quot;:&quot;Tc&quot;,&quot;theme&quot;:&quot;col-header&quot;,&quot;tableCfgs&quot;:{&quot;sizes&quot;:{&quot;colWidths&quot;:[214,113,165,162],&quot;rowHeights&quot;:[45,23,23,23,23,23,23,23,23,23,23,26,23]}}}}]]},{&quot;title&quot;:&quot;i1hos&quot;,&quot;formats&quot;:[[[[{&quot;wzy9s&quot;:&quot;Id&quot;},{&quot;86gjn&quot;:&quot;Id&quot;}],[[{&quot;fo3ss&quot;:&quot;P&quot;}],[{&quot;vq5ey&quot;:&quot;P&quot;}]]]],[[[{&quot;kq5t7&quot;:&quot;Im&quot;},{&quot;lghrq&quot;:&quot;Im&quot;},{&quot;dpbdd&quot;:&quot;Im&quot;}],[[{&quot;hwmei&quot;:&quot;P&quot;}],[{&quot;wywoz&quot;:&quot;P&quot;}],[{&quot;nszlj&quot;:&quot;P&quot;}]]]],[[[{&quot;3tn5y&quot;:&quot;Id&quot;},{&quot;0c04m&quot;:&quot;Id&quot;}],[[{&quot;3dfmv&quot;:&quot;P&quot;}],[{&quot;mh3mj&quot;:&quot;P&quot;}]]]],[{&quot;m0g5x&quot;:&quot;Ih&quot;},{&quot;evbvo&quot;:&quot;Ih&quot;}],[[[{&quot;yqiy6&quot;:&quot;Id&quot;},{&quot;g6he1&quot;:&quot;Id&quot;}],[[{&quot;dnegi&quot;:&quot;P&quot;}],[{&quot;9t9d1&quot;:&quot;P&quot;}]]]]]},{&quot;title&quot;:&quot;rtyli&quot;,&quot;formats&quot;:[[{&quot;c5rdl&quot;:&quot;Ia&quot;}],[{&quot;iwx9i&quot;:&quot;Ii&quot;},{&quot;vyx4g&quot;:&quot;Ii&quot;},{&quot;lz7qe&quot;:&quot;Ii&quot;}]]},{&quot;title&quot;:&quot;fwao6&quot;,&quot;formats&quot;:[[{&quot;89t53&quot;:&quot;Ih&quot;},{&quot;cuqth&quot;:&quot;Ih&quot;}],[{&quot;vttu1&quot;:&quot;Ih&quot;},{&quot;c6c84&quot;:&quot;Ih&quot;}]]},{&quot;title&quot;:&quot;pmuv7&quot;,&quot;formats&quot;:[[{&quot;vsxsa&quot;:&quot;Ia&quot;}],[{&quot;j90by&quot;:&quot;Ia&quot;}]]},{&quot;title&quot;:&quot;qchxt&quot;,&quot;formats&quot;:[[{&quot;9woz2&quot;:&quot;Il&quot;},[{&quot;9etm3&quot;:&quot;H&quot;},{&quot;la8f1&quot;:&quot;P&quot;}]]]}]}\">\n<div>\n<div>\n<div id=\"tw7j0\">\n<div id=\"ali-anchor-AliMaya-ebmu4\" data-section=\"AliMaya-ebmu4\" data-section-title=\"Product Description\">Product Description<\/div>\n<\/div>\n<div>\n<div id=\"5v5pe\">\n<div><img decoding=\"async\" src=\"https:\/\/img.yfisher.com\/m6076\/172572676906t\/jpg70-t3-scale100.webp\" alt=\"Customized melt blown\/Spun sediment water filter 1\/5\/10 microns PP cartridge water filter with plastic stainless steel core 7\" data-lazy=\"2\" title=\"\"><\/div>\n<\/div>\n<\/div>\n<div>\n<div id=\"j1sqe\">\n<div><img decoding=\"async\" src=\"https:\/\/img.yfisher.com\/m6076\/1725726769ezm\/png70-t3-scale100.webp\" alt=\"Customized melt blown\/Spun sediment water filter 1\/5\/10 microns PP cartridge water filter with plastic stainless steel core 9\" data-lazy=\"2\" title=\"\"><\/div>\n<\/div>\n<div>\n<div id=\"9x49u\">\n<h3><\/h3>\n<h3><\/h3>\n<h3>Various sizes for PP spun melt blown filter<\/h3>\n<\/div>\n<div id=\"9211g\">\n<p><span style=\"font-size: medium;\">PP\u00a0meltblown\u00a0filter\u00a0cartridge(PPF)\u00a0is\u00a0made\u00a0from\u00a0polypropylene\u00a0material.\u00a0It\u00a0can\u00a0remove\u00a0suspended\u00a0substances,\u00a0particles\u00a0and\u00a0rust\u00a0effectively.\u00a0This\u00a0kind\u00a0of\u00a0cartridge\u00a0is\u00a0use\u00a0for\u00a0the\u00a0front\u00a0filter\u00a0cartridge\u00a0to\u00a0protect\u00a0others.<\/span><\/p>\n<\/div>\n<\/div>\n<\/div>\n<div>\n<div>\n<div id=\"eny38\">\n<h3><\/h3>\n<h3><\/h3>\n<h3>OEM dimensions PP melt blown filter cartridge<\/h3>\n<\/div>\n<div id=\"eyqdm\">\n<p><span style=\"font-size: medium;\">Lvyuan PP\u00a0melt blown filter cartridges series is a kind of standard and simple filter cartridges for water purification. It is fusing and interwined of polypropylene fiber without any chemical glues.It is made of 100% pure polypropylene PP raw materials.\u00a0<\/span><\/p>\n<\/div>\n<\/div>\n<div id=\"k1hwa\">\n<div><img decoding=\"async\" src=\"https:\/\/img.yfisher.com\/m6076\/1725726769nrd\/png70-t3-scale100.webp\" alt=\"Customized melt blown\/Spun sediment water filter 1\/5\/10 microns PP cartridge water filter with plastic stainless steel core 11\" data-lazy=\"2\" title=\"\"><\/div>\n<\/div>\n<\/div>\n<div>\n<div id=\"lfqnd\">\n<div><img decoding=\"async\" src=\"https:\/\/img.yfisher.com\/m6076\/1725726769ek9\/png70-t3-scale100.webp\" alt=\"Customized melt blown\/Spun sediment water filter 1\/5\/10 microns PP cartridge water filter with plastic stainless steel core 13\" data-lazy=\"2\" title=\"\"><\/div>\n<\/div>\n<div>\n<div id=\"q5x9l\">\n<h3><\/h3>\n<h3><\/h3>\n<h3>Customized double microns PP water filter<\/h3>\n<\/div>\n<div id=\"udpza\">\n<p><span style=\"font-size: medium;\">Microns can be customized, 2 layers microns PP\u00a0water filter cartridges\u00a0to make strong pollutants holding capacity, it can remove contaminant effectively, such as suspended substance, particulate and rust, providing efficient filtration and long service life.\u00a0<\/span><\/p>\n<\/div>\n<\/div>\n<\/div>\n<div>\n<div>\n<div id=\"sz1br\">\n<h3><\/h3>\n<h3><\/h3>\n<h3><\/h3>\n<h3>PP filter cartridge with composite material<\/h3>\n<\/div>\n<div id=\"b5cy3\">\n<p><span style=\"font-size: medium;\">PP filter cartridge\u00a0with composited filter, it can be customized different size and filtration materials to meet different demand.\u00a0<\/span><\/p>\n<\/div>\n<\/div>\n<div id=\"6kbub\">\n<div><img decoding=\"async\" src=\"https:\/\/img.yfisher.com\/m6076\/17257267697zl\/png70-t3-scale100.webp\" alt=\"Customized melt blown\/Spun sediment water filter 1\/5\/10 microns PP cartridge water filter with plastic stainless steel core 15\" data-lazy=\"2\" title=\"\"><\/div>\n<\/div>\n<\/div>\n<div>\n<div id=\"smrq2\">\n<div><img decoding=\"async\" src=\"https:\/\/img.yfisher.com\/m6076\/1725726769o3n\/png70-t3-scale100.webp\" alt=\"Customized melt blown\/Spun sediment water filter 1\/5\/10 microns PP cartridge water filter with plastic stainless steel core 17\" data-lazy=\"2\" title=\"\"><\/div>\n<\/div>\n<div>\n<div id=\"s9tax\">\n<h3>OEM adaptors for PP water filter element<\/h3>\n<\/div>\n<div id=\"f9ivh\">\n<p><span style=\"font-size: medium;\">Different filter adaptors are available.<\/span><\/p>\n<p><span style=\"font-size: medium;\">Silicone, EPDM, NBR, Viton for option.\u00a0<\/span><\/p>\n<\/div>\n<\/div>\n<\/div>\n<div>\n<div id=\"vtco8\">\n<div class=\"table-responsive\">\n<table class=\"aliDataTable\">\n<tbody>\n<tr>\n<td>\n<div>Product name<\/div>\n<\/td>\n<td colspan=\"3\">\n<div>Customized melt blown\/Spun sediment water filter 1\/5\/10 microns PP cartridge water filter with plastic stainless steel core<\/div>\n<\/td>\n<\/tr>\n<tr>\n<td>\n<div>Material<\/div>\n<\/td>\n<td colspan=\"3\">\n<div>100% Pure polypropylene material<\/div>\n<\/td>\n<\/tr>\n<tr>\n<td>\n<div>Surface<\/div>\n<\/td>\n<td colspan=\"3\">\n<div>Groove,\u00a0 Pressure points,\u00a0 Flat, Embrossing<\/div>\n<\/td>\n<\/tr>\n<tr>\n<td>\n<div>Microns<\/div>\n<\/td>\n<td colspan=\"3\">\n<div>1 ~100 microns<\/div>\n<\/td>\n<\/tr>\n<tr>\n<td>\n<div>Outer diameter<\/div>\n<\/td>\n<td colspan=\"3\">\n<div>OEM<\/div>\n<\/td>\n<\/tr>\n<tr>\n<td>\n<div>Inner diameter<\/div>\n<\/td>\n<td colspan=\"3\">\n<div>OEM<\/div>\n<\/td>\n<\/tr>\n<tr>\n<td>\n<div>Interface<\/div>\n<\/td>\n<td colspan=\"3\">\n<div>Flat, insert, screwed<\/div>\n<\/td>\n<\/tr>\n<tr>\n<td>\n<div>End cap<\/div>\n<\/td>\n<td colspan=\"3\">\n<div>222\/Flat, 222\/Fin, 226\/Flat, 226\/Fin, 215\/Flat, 215\/Fin<\/div>\n<\/td>\n<\/tr>\n<tr>\n<td>\n<div>Length<\/div>\n<\/td>\n<td colspan=\"3\">\n<div>OEM<\/div>\n<\/td>\n<\/tr>\n<tr>\n<td>\n<div>Max differential pressure<\/div>\n<\/td>\n<td colspan=\"3\">\n<div>3 kgf\/cm\u00b2<\/div>\n<\/td>\n<\/tr>\n<tr>\n<td>\n<div>Max operating temperature<\/div>\n<\/td>\n<td colspan=\"3\">\n<div>80\u00b0c<\/div>\n<\/td>\n<\/tr>\n<tr>\n<td>\n<div>Operating differential pressure<\/div>\n<\/td>\n<td colspan=\"3\">\n<div>0.1kgf\/cm2<\/div>\n<\/td>\n<\/tr>\n<tr>\n<td>\n<div>Brand\/Logo<\/div>\n<\/td>\n<td colspan=\"3\">\n<div>OEM<\/div>\n<\/td>\n<\/tr>\n<\/tbody>\n<\/table>\n<\/div>\n<\/div>\n<\/div>\n<\/div>\n<\/div>\n<\/div>\n<\/div>\n<\/div>\n","protected":false},"excerpt":{"rendered":"<table>\n<thead>\n<tr>\n<th><strong>Saha<\/strong><\/th>\n<th><strong>De\u011fer<\/strong><\/th>\n<\/tr>\n<\/thead>\n<tbody>\n<tr>\n<td>Uygulanabilir Sekt\u00f6rler<\/td>\n<td>\u00dcretim Tesisi, Makine Tamir At\u00f6lyeleri, Yiyecek &amp; \u0130\u00e7ecek Fabrikas\u0131, \u00c7iftlikler, Restoran, \u0130n\u015faat \u0130\u015fleri, Enerji &amp; Madencilik, Yiyecek &amp; \u0130\u00e7ecek At\u00f6lyeleri<\/td>\n<\/tr>\n<tr>\n<td>Men\u015fe Yeri<\/td>\n<td>Guangdong, \u00c7in<\/td>\n<\/tr>\n<tr>\n<td>Marka Ad\u0131<\/td>\n<td>LVYUAN\/OEM<\/td>\n<\/tr>\n<tr>\n<td>Malzeme<\/td>\n<td>Polipropilen<\/td>\n<\/tr>\n<tr>\n<td>A\u011f\u0131rl\u0131k<\/td>\n<td>OEM<\/td>\n<\/tr>\n<tr>\n<td>Boyut<\/td>\n<td>OEM<\/td>\n<\/tr>\n<tr>\n<td>G\u00fc\u00e7<\/td>\n<td>0<\/td>\n<\/tr>\n<tr>\n<td>Garanti<\/td>\n<td>Kullan\u0131lam\u0131yor<\/td>\n<\/tr>\n<tr>\n<td>\u00dcr\u00fcn Ad\u0131<\/td>\n<td>Eriyik \u00fcflemeli tortu su filtresi PP kartu\u015f su filtresi<\/td>\n<\/tr>\n<tr>\n<td>Filtre Tipi<\/td>\n<td>Yiv, Kabartma, Noktalar, \u015eirket logosu<\/td>\n<\/tr>\n<tr>\n<td>D\u0131\u015f \u00c7ap<\/td>\n<td>10-200 mm<\/td>\n<\/tr>\n<tr>\n<td>Do\u011fruluk<\/td>\n<td>1-100 mikron<\/td>\n<\/tr>\n<tr>\n<td>\u0130\u00e7 \u00c7ap<\/td>\n<td>OEM<\/td>\n<\/tr>\n<tr>\n<td>Filtre Adapt\u00f6r\u00fc<\/td>\n<td>D\u00fcz tip, Tip 222, Tip 226, Tip 215<\/td>\n<\/tr>\n<tr>\n<td>En Y\u00fcksek S\u0131cakl\u0131k<\/td>\n<td>80\u2103<\/td>\n<\/tr>\n<tr>\n<td>\u0130\u015f Bas\u0131nc\u0131 D\u00fc\u015f\u00fc\u015f\u00fc<\/td>\n<td>0,1 kgf\/c\u33a1<\/td>\n<\/tr>\n<tr>\n<td>En Y\u00fcksek Kapal\u0131<\/td>\n<td>5 kgf\/c\u33a1<\/td>\n<\/tr>\n<tr>\n<td>Maksimum Bas\u0131n\u00e7 D\u00fc\u015f\u00fc\u015f\u00fc<\/td>\n<td>3 kgf\/c\u33a1<\/td>\n<\/tr>\n<tr>\n<td>Sa\u011flanan Sat\u0131\u015f Sonras\u0131 Hizmet<\/td>\n<td>\u00c7evrimi\u00e7i destek<\/td>\n<\/tr>\n<\/tbody>\n<\/table>","protected":false},"featured_media":765,"comment_status":"open","ping_status":"closed","template":"","meta":{"_gspb_post_css":""},"product_brand":[],"product_cat":[23,17],"product_tag":[332,334,330,333,331,329],"class_list":{"0":"post-756","1":"product","2":"type-product","3":"status-publish","4":"has-post-thumbnail","6":"product_cat-pp-filter-cartridge","7":"product_cat-sediment-filter","8":"product_tag-1-100-micron-filtration","9":"product_tag-industrial-water-filter","10":"product_tag-melt-blown-pp-filter","11":"product_tag-polypropylene-filter-element","12":"product_tag-sediment-water-cartridge","13":"product_tag-type-222-226-adaptor","15":"first","16":"instock","17":"shipping-taxable","18":"product-type-simple"},"_links":{"self":[{"href":"https:\/\/lyfilter.com\/tr\/wp-json\/wp\/v2\/product\/756","targetHints":{"allow":["GET"]}}],"collection":[{"href":"https:\/\/lyfilter.com\/tr\/wp-json\/wp\/v2\/product"}],"about":[{"href":"https:\/\/lyfilter.com\/tr\/wp-json\/wp\/v2\/types\/product"}],"replies":[{"embeddable":true,"href":"https:\/\/lyfilter.com\/tr\/wp-json\/wp\/v2\/comments?post=756"}],"wp:featuredmedia":[{"embeddable":true,"href":"https:\/\/lyfilter.com\/tr\/wp-json\/wp\/v2\/media\/765"}],"wp:attachment":[{"href":"https:\/\/lyfilter.com\/tr\/wp-json\/wp\/v2\/media?parent=756"}],"wp:term":[{"taxonomy":"product_brand","embeddable":true,"href":"https:\/\/lyfilter.com\/tr\/wp-json\/wp\/v2\/product_brand?post=756"},{"taxonomy":"product_cat","embeddable":true,"href":"https:\/\/lyfilter.com\/tr\/wp-json\/wp\/v2\/product_cat?post=756"},{"taxonomy":"product_tag","embeddable":true,"href":"https:\/\/lyfilter.com\/tr\/wp-json\/wp\/v2\/product_tag?post=756"}],"curies":[{"name":"wp","href":"https:\/\/api.w.org\/{rel}","templated":true}]}}