{"id":753,"date":"2025-12-24T08:08:03","date_gmt":"2025-12-24T08:08:03","guid":{"rendered":"https:\/\/lyfilter.com\/?post_type=product&#038;p=753"},"modified":"2025-12-24T08:21:21","modified_gmt":"2025-12-24T08:21:21","slug":"factory-custom-specification-1-micron-pp-melt-blown-sediment-filter-for-housing-water-replaced-cartridge-filter","status":"publish","type":"product","link":"https:\/\/lyfilter.com\/tr\/factory-custom-specification-1-micron-pp-melt-blown-sediment-filter-for-housing-water-replaced-cartridge-filter\/","title":{"rendered":"Fabrika \u00f6zel \u015fartname 1 mikron pp eriyik \u00fcflemeli tortu filtresi konut suyu i\u00e7in kartu\u015f filtre de\u011fi\u015ftirildi"},"content":{"rendered":"<div class=\"pro_aliData\">\n<div class=\"detail-box\">\n<div class=\"scc-wrapper detail-module module-productPackagingAndQuickDetail\" data-spm=\"prilinga1e\">\n<div class=\"widget-detail-overview\">\n<div class=\"do-content\">\n<div class=\"do-overview\">\n<div class=\"do-entry do-entry-full\">\n<h3 class=\"do-entry-title\">Paketleme ve Teslimat<\/h3>\n<div class=\"do-entry-list\">\n<dl class=\"do-entry-item\">\n<dt class=\"do-entry-item-key\">Sat\u0131\u015f Birimleri:<\/dt>\n<dd class=\"do-entry-item-val\">Tek \u00fcr\u00fcn<\/dd>\n<\/dl>\n<dl class=\"do-entry-item\">\n<dt class=\"do-entry-item-key\" title=\"Tek paket boyutu:\">Tek paket boyutu:<\/dt>\n<dd class=\"do-entry-item-val\">53X33X33 cm<\/dd>\n<\/dl>\n<dl class=\"do-entry-item\">\n<dt class=\"do-entry-item-key\" title=\"Tek br\u00fct a\u011f\u0131rl\u0131k:\">Tek br\u00fct a\u011f\u0131rl\u0131k:<\/dt>\n<dd class=\"do-entry-item-val\">9.000 kg<\/dd>\n<\/dl>\n<dl class=\"do-entry-item\">\n<dt class=\"do-entry-item-key\">Paket Tipi:<\/dt>\n<dd class=\"do-entry-item-val pkg-method\">Fabrika \u00f6zel \u015fartname 1 mikron pp eriyik \u00fcflemeli tortu filtresi, konut suyu i\u00e7in kartu\u015f filtresinin yerini ald\u0131: Ka\u011f\u0131t kartonda paketlenmi\u015ftir.<\/dd>\n<\/dl>\n<dl class=\"do-entry-item\">\n<dt class=\"do-entry-item-key\" title=\"Teslim S\u00fcresi\">Teslim S\u00fcresi\u00a0<i class=\"next-icon next-icon-help next-icon-xs js-leadtimes-tips\"><\/i>:<\/dt>\n<dd class=\"do-entry-item-val\" title=\"Teslim S\u00fcresi\">\n<div class=\"table-responsive\">\n<table class=\"supply-ability-table ui2-table ui2-table-normal ui2-table-zebra ui2-table-hover\">\n<tbody>\n<tr>\n<td>Miktar (Adet)<\/td>\n<td>1 - 100<\/td>\n<td>101 - 500<\/td>\n<td>501 - 5000<\/td>\n<td>&gt;5000<\/td>\n<\/tr>\n<tr>\n<td>Tahmini Zaman (g\u00fcn)<\/td>\n<td>2<\/td>\n<td>3<\/td>\n<td>7<\/td>\n<td>M\u00fczakere edilecek<\/td>\n<\/tr>\n<\/tbody>\n<\/table>\n<\/div>\n<\/dd>\n<\/dl>\n<\/div>\n<\/div>\n<\/div>\n<\/div>\n<\/div>\n<\/div>\n<div class=\"scc-wrapper detail-module module-detailVideo\" data-spm=\"detailvideo\"><\/div>\n<div class=\"scc-wrapper detail-module module-productSpecification\" data-spm=\"pronpeci14\">\n<div id=\"J-rich-text-description\" class=\"richtext richtext-detail rich-text-description\">\n<div id=\"detail_decorate_root\" data-host=\"111518424\" data-magic-global=\"%7B%22bizId%22%3A17381045746%2C%22pageId%22%3A5025821535%2C%22siteId%22%3A5005126472%7D\" data-id=\"detail_decorate_root\">\n<div id=\"ali-anchor-AliMagic-3ufv0m\" class=\"magic-0\" data-section=\"AliMagic-3ufv0m\" data-section-title=\"Product Description\">\u00dcr\u00fcn A\u00e7\u0131klamas\u0131<\/div>\n<div class=\"icbu-pc-images magic-1\">\n<div>\n<div class=\"flex-layout-v\">\n<div class=\"flex-layout-h magic-1\">\n<div class=\"magic-2\"><img decoding=\"async\" class=\"magic-3\" src=\"https:\/\/img.yfisher.com\/m6076\/172572676906t\/jpg70-t3-scale100.webp\" alt=\"Fabrika \u00f6zel \u015fartname 1 mikron pp eriyik \u00fcflemeli tortu filtresi konut suyu i\u00e7in kartu\u015f filtresi de\u011fi\u015ftirildi 7\" data-lazy=\"2\" title=\"\"><\/div>\n<\/div>\n<\/div>\n<\/div>\n<\/div>\n<div class=\"icbu-pc-images magic-1\">\n<div>\n<div class=\"flex-layout-h\">\n<div class=\"flex-layout-v magic-4\">\n<div class=\"magic-5\"><img decoding=\"async\" class=\"magic-6\" src=\"https:\/\/img.yfisher.com\/m6076\/1725726769ezm\/png70-t3-scale100.webp\" alt=\"Fabrika \u00f6zel \u015fartname 1 mikron pp eriyik \u00fcflemeli tortu filtresi konut suyu i\u00e7in kartu\u015f filtresi de\u011fi\u015ftirildi 9\" data-id=\"child-image-0\" data-lazy=\"2\" title=\"\"><\/div>\n<\/div>\n<div class=\"text-wrapper magic-7\">\n<div class=\"text-wrapper-right text-theme-light text-align-left\">\n<div class=\"text-title\" data-id=\"right-title\">\n<h3 class=\"magic-8\"><span class=\"magic-9\">\u00a0<\/span><\/h3>\n<h3 class=\"magic-8\"><span class=\"magic-9\">\u00a0<\/span><\/h3>\n<h3 class=\"magic-8\"><span class=\"magic-9\">PP spun melt \u00fcflemeli filtre i\u00e7in \u00e7e\u015fitli boyutlar<\/span><\/h3>\n<\/div>\n<div class=\"text-content\" data-id=\"right-content\">\n<p class=\"magic-10\"><span class=\"magic-11\">PP meltblown filtre kartu\u015fu (PPF)\u00a0<\/span><\/p>\n<p class=\"magic-10\"><span class=\"magic-11\">polipropilen malzemeden yap\u0131lm\u0131\u015ft\u0131r.\u00a0<\/span><\/p>\n<p class=\"magic-10\"><span class=\"magic-11\">As\u0131l\u0131 maddeleri uzakla\u015ft\u0131rabilir,\u00a0<\/span><\/p>\n<p class=\"magic-10\"><span class=\"magic-11\">par\u00e7ac\u0131klar\u0131 ve pas\u0131 etkili bir \u015fekilde temizler.\u00a0<\/span><\/p>\n<p class=\"magic-10\"><span class=\"magic-11\">Bu t\u00fcr bir kartu\u015f \u00f6n k\u0131s\u0131m i\u00e7in kullan\u0131l\u0131r\u00a0<\/span><\/p>\n<p class=\"magic-10\"><span class=\"magic-11\">korumak i\u00e7in filtre kartu\u015fu\u00a0<\/span><\/p>\n<p class=\"magic-10\"><span class=\"magic-11\">Di\u011ferleri.<\/span><\/p>\n<\/div>\n<\/div>\n<\/div>\n<\/div>\n<\/div>\n<\/div>\n<div class=\"icbu-pc-images magic-1\">\n<div>\n<div class=\"flex-layout-h\">\n<div class=\"text-wrapper magic-12\">\n<div class=\"text-wrapper-left text-theme-light text-align-left\">\n<div class=\"text-title\" data-id=\"left-title\">\n<h3 class=\"magic-8\"><span class=\"magic-9\">\u00a0<\/span><\/h3>\n<h3 class=\"magic-8\"><span class=\"magic-9\">\u00a0<\/span><\/h3>\n<h3 class=\"magic-8\"><span class=\"magic-9\">OEM boyutlar\u0131 PP eriyik \u00fcflemeli filtre kartu\u015fu<\/span><\/h3>\n<\/div>\n<div class=\"text-content\" data-id=\"left-content\">\n<p class=\"magic-10\"><span class=\"magic-11\">Lvyuan PP <a href=\"https:\/\/lyfilter.com\/tr\/melt-blown-filter-cartridge.html\/\">eriyik \u00fcflemeli filtre kartu\u015fu<\/a>serisi, su ar\u0131tma i\u00e7in bir t\u00fcr standart ve basit filtre kartu\u015fudur. Herhangi bir kimyasal yap\u0131\u015ft\u0131r\u0131c\u0131 olmadan polipropilen elyaf\u0131n kayna\u015fmas\u0131 ve i\u00e7 i\u00e7e ge\u00e7mesidir. 100% saf polipropilen PP hammaddeden yap\u0131lm\u0131\u015ft\u0131r.\u00a0<\/span><\/p>\n<\/div>\n<\/div>\n<\/div>\n<div class=\"flex-layout-v magic-4\">\n<div class=\"magic-5\"><img decoding=\"async\" class=\"magic-6\" src=\"https:\/\/img.yfisher.com\/m6076\/1725726769nrd\/png70-t3-scale100.webp\" alt=\"Fabrika \u00f6zel \u015fartname 1 mikron pp eriyik \u00fcflemeli tortu filtresi konut suyu i\u00e7in kartu\u015f filtresi de\u011fi\u015ftirildi 11\" data-id=\"child-image-0\" data-lazy=\"2\" title=\"\"><\/div>\n<\/div>\n<\/div>\n<\/div>\n<\/div>\n<div class=\"icbu-pc-images magic-1\">\n<div>\n<div class=\"flex-layout-h\">\n<div class=\"flex-layout-v magic-4\">\n<div class=\"magic-5\"><img decoding=\"async\" class=\"magic-6\" src=\"https:\/\/img.yfisher.com\/m6076\/1725726769ek9\/png70-t3-scale100.webp\" alt=\"Fabrika \u00f6zel \u015fartname 1 mikron pp eriyik \u00fcflemeli tortu filtresi konut suyu i\u00e7in kartu\u015f filtresi de\u011fi\u015ftirildi 13\" data-id=\"child-image-0\" data-lazy=\"2\" title=\"\"><\/div>\n<\/div>\n<div class=\"text-wrapper magic-7\">\n<div class=\"text-wrapper-right text-theme-light text-align-left\">\n<div class=\"text-title\" data-id=\"right-title\">\n<h3 class=\"magic-8\"><span class=\"magic-9\">\u00a0<\/span><\/h3>\n<h3 class=\"magic-8\"><span class=\"magic-9\">\u00a0<\/span><\/h3>\n<h3 class=\"magic-8\"><span class=\"magic-9\">\u00d6zelle\u015ftirilmi\u015f \u00e7ift mikron PP su filtresi<\/span><\/h3>\n<\/div>\n<div class=\"text-content\" data-id=\"right-content\">\n<p class=\"magic-10\"><span class=\"magic-11\">Mikronlar \u00f6zelle\u015ftirilebilir, 2 kat mikron PP <a href=\"https:\/\/lyfilter.com\/tr\/products.html\/\">su fi\u0307ltre kartu\u015flari<\/a> G\u00fc\u00e7l\u00fc kirletici tutma kapasitesi sa\u011flamak i\u00e7in, as\u0131l\u0131 madde, partik\u00fcl ve pas gibi kirleticileri etkili bir \u015fekilde giderebilir, verimli filtreleme ve uzun hizmet \u00f6mr\u00fc sa\u011flar.\u00a0<\/span><\/p>\n<\/div>\n<\/div>\n<\/div>\n<\/div>\n<\/div>\n<\/div>\n<div class=\"icbu-pc-images magic-1\">\n<div>\n<div class=\"flex-layout-h\">\n<div class=\"text-wrapper magic-12\">\n<div class=\"text-wrapper-left text-theme-light text-align-left\">\n<div class=\"text-title\" data-id=\"left-title\">\n<h3 class=\"magic-8\"><span class=\"magic-9\">\u00a0<\/span><\/h3>\n<h3 class=\"magic-8\"><span class=\"magic-9\">\u00a0<\/span><\/h3>\n<h3 class=\"magic-8\"><span class=\"magic-9\">\u00a0<\/span><\/h3>\n<h3 class=\"magic-8\"><span class=\"magic-9\">Kompozit malzemeli PP filtre kartu\u015fu<\/span><\/h3>\n<\/div>\n<div class=\"text-content\" data-id=\"left-content\">\n<p class=\"magic-10\"><span class=\"magic-11\"><a href=\"https:\/\/lyfilter.com\/tr\/pp-filter-cartridge.html\/\">PP filtre kartu\u015fu<\/a> Kompozit filtre ile farkl\u0131 talepleri kar\u015f\u0131lamak i\u00e7in farkl\u0131 boyut ve filtrasyon malzemeleri \u00f6zelle\u015ftirilebilir.\u00a0<\/span><\/p>\n<\/div>\n<\/div>\n<\/div>\n<div class=\"flex-layout-v magic-4\">\n<div class=\"magic-5\"><img decoding=\"async\" class=\"magic-6\" src=\"https:\/\/img.yfisher.com\/m6076\/17257267697zl\/png70-t3-scale100.webp\" alt=\"Fabrika \u00f6zel \u015fartname 1 mikron pp eriyik \u00fcflemeli tortu filtresi konut suyu i\u00e7in kartu\u015f filtresi de\u011fi\u015ftirildi 15\" data-id=\"child-image-0\" data-lazy=\"2\" title=\"\"><\/div>\n<\/div>\n<\/div>\n<\/div>\n<\/div>\n<div class=\"icbu-pc-images magic-1\">\n<div>\n<div class=\"flex-layout-h\">\n<div class=\"flex-layout-v magic-4\">\n<div class=\"magic-5\"><img decoding=\"async\" class=\"magic-6\" src=\"https:\/\/img.yfisher.com\/m6076\/1725726769o3n\/png70-t3-scale100.webp\" alt=\"Fabrika \u00f6zel \u015fartname 1 mikron pp eriyik \u00fcflemeli tortu filtresi konut suyu i\u00e7in kartu\u015f filtresi de\u011fi\u015ftirildi 17\" data-id=\"child-image-0\" data-lazy=\"2\" title=\"\"><\/div>\n<\/div>\n<div class=\"text-wrapper magic-7\">\n<div class=\"text-wrapper-right text-theme-light text-align-left\">\n<div class=\"text-title\" data-id=\"right-title\">\n<h3 class=\"magic-8\"><span class=\"magic-9\">\u00a0<\/span><\/h3>\n<h3 class=\"magic-8\"><span class=\"magic-9\">\u00a0<\/span><\/h3>\n<h3 class=\"magic-8\"><span class=\"magic-9\">\u00a0<\/span><\/h3>\n<h3 class=\"magic-8\"><span class=\"magic-9\">\u00a0<\/span><\/h3>\n<h3 class=\"magic-8\"><span class=\"magic-9\">PP su filtresi eleman\u0131 i\u00e7in OEM adapt\u00f6rler<\/span><\/h3>\n<\/div>\n<div class=\"text-content\" data-id=\"right-content\">\n<p class=\"magic-10\"><span class=\"magic-11\">Farkl\u0131 filtre adapt\u00f6rleri mevcuttur.<\/span><\/p>\n<p class=\"magic-10\"><span class=\"magic-11\">\u0130ste\u011fe ba\u011fl\u0131 olarak silikon, EPDM, NBR, Viton.\u00a0<\/span><\/p>\n<\/div>\n<\/div>\n<\/div>\n<\/div>\n<\/div>\n<\/div>\n<div class=\"ife-detail-decorate-table\">\n<div class=\"table-responsive\">\n<table class=\"all magic-13\">\n<tbody>\n<tr>\n<td colspan=\"1\" rowspan=\"1\">\n<div class=\"magic-14\">\u00dcr\u00fcn ad\u0131<\/div>\n<\/td>\n<td colspan=\"3\" rowspan=\"1\">\n<div class=\"magic-15\">Fabrika \u00f6zel \u015fartname 1 mikron pp eriyik \u00fcflemeli tortu filtresi konut kartu\u015fu i\u00e7in su de\u011fi\u015ftirilmi\u015f kartu\u015f filtresi<\/div>\n<\/td>\n<\/tr>\n<tr>\n<td colspan=\"1\" rowspan=\"1\">\n<div class=\"magic-14\">Malzeme<\/div>\n<\/td>\n<td colspan=\"3\" rowspan=\"1\">\n<div class=\"magic-15\">100% Saf polipropilen malzeme<\/div>\n<\/td>\n<\/tr>\n<tr>\n<td colspan=\"1\" rowspan=\"1\">\n<div class=\"magic-14\">Y\u00fczey<\/div>\n<\/td>\n<td colspan=\"3\" rowspan=\"1\">\n<div class=\"magic-15\">Oluk, Bas\u0131n\u00e7 noktalar\u0131, D\u00fcz, \u00c7aprazlama<\/div>\n<\/td>\n<\/tr>\n<tr>\n<td colspan=\"1\" rowspan=\"1\">\n<div class=\"magic-14\">Mikron<\/div>\n<\/td>\n<td colspan=\"3\" rowspan=\"1\">\n<div class=\"magic-18\">1 ~100 mikron<\/div>\n<\/td>\n<\/tr>\n<tr>\n<td colspan=\"1\" rowspan=\"1\">\n<div class=\"magic-14\">D\u0131\u015f \u00e7ap<\/div>\n<\/td>\n<td colspan=\"3\" rowspan=\"1\">\n<div class=\"magic-18\">OEM<\/div>\n<\/td>\n<\/tr>\n<tr>\n<td colspan=\"1\" rowspan=\"1\">\n<div class=\"magic-14\">\u0130\u00e7 \u00e7ap<\/div>\n<\/td>\n<td colspan=\"3\" rowspan=\"1\">\n<div class=\"magic-18\">OEM<\/div>\n<\/td>\n<\/tr>\n<tr>\n<td colspan=\"1\" rowspan=\"1\">\n<div class=\"magic-14\">Aray\u00fcz<\/div>\n<\/td>\n<td colspan=\"3\" rowspan=\"1\">\n<div class=\"magic-18\">D\u00fcz, ge\u00e7meli, vidal\u0131<\/div>\n<\/td>\n<\/tr>\n<tr>\n<td colspan=\"1\" rowspan=\"1\">\n<div class=\"magic-14\">U\u00e7 kapa\u011f\u0131<\/div>\n<\/td>\n<td colspan=\"3\" rowspan=\"1\">\n<div class=\"magic-18\">222\/D\u00fcz, 222\/Kanat, 226\/D\u00fcz, 226\/Kanat, 215\/D\u00fcz, 215\/Kanat<\/div>\n<\/td>\n<\/tr>\n<tr>\n<td colspan=\"1\" rowspan=\"1\">\n<div class=\"magic-14\">Uzunluk<\/div>\n<\/td>\n<td colspan=\"3\" rowspan=\"1\">\n<div class=\"magic-18\">OEM<\/div>\n<\/td>\n<\/tr>\n<tr>\n<td colspan=\"1\" rowspan=\"1\">\n<div class=\"magic-14\">Maksimum diferansiyel bas\u0131n\u00e7<\/div>\n<\/td>\n<td colspan=\"3\" rowspan=\"1\">\n<div class=\"magic-18\">3 kgf\/cm\u00b2<\/div>\n<\/td>\n<\/tr>\n<tr>\n<td colspan=\"1\" rowspan=\"1\">\n<div class=\"magic-14\">Maksimum \u00e7al\u0131\u015fma s\u0131cakl\u0131\u011f\u0131<\/div>\n<\/td>\n<td colspan=\"3\" rowspan=\"1\">\n<div class=\"magic-18\">80\u00b0c<\/div>\n<\/td>\n<\/tr>\n<tr>\n<td colspan=\"1\" rowspan=\"1\">\n<div class=\"magic-14\">\u00c7al\u0131\u015fma diferansiyel bas\u0131nc\u0131<\/div>\n<\/td>\n<td colspan=\"3\" rowspan=\"1\">\n<div class=\"magic-18\">0.1kgf\/cm2<\/div>\n<\/td>\n<\/tr>\n<tr>\n<td colspan=\"1\" rowspan=\"1\">\n<div class=\"magic-14\">Marka\/Logo<\/div>\n<\/td>\n<td colspan=\"3\" rowspan=\"1\">\n<div class=\"magic-18\">OEM<\/div>\n<\/td>\n<\/tr>\n<\/tbody>\n<\/table>\n<\/div>\n<\/div>\n<\/div>\n<\/div>\n<\/div>\n<\/div>\n<\/div>","protected":false},"excerpt":{"rendered":"<p>Packaging &amp; Delivery Selling Units: Single item Single package size: 53X33X33 cm Single gross weight: 9.000 kg Package Type: Factory custom specification 1 micron pp melt blown sediment filter for housing water replaced cartridge filter: Packed in paper carton. Lead Time\u00a0: Quantity(Pieces) 1 &#8211; 100 101 &#8211; 500 501 &#8211; 5000 &gt;5000 Est. Time(days) 2 [&hellip;]<\/p>\n","protected":false},"featured_media":759,"comment_status":"open","ping_status":"closed","template":"","meta":{"_gspb_post_css":""},"product_brand":[],"product_cat":[23,17],"product_tag":[],"class_list":{"0":"post-753","1":"product","2":"type-product","3":"status-publish","4":"has-post-thumbnail","6":"product_cat-pp-filter-cartridge","7":"product_cat-sediment-filter","9":"first","10":"instock","11":"shipping-taxable","12":"product-type-simple"},"_links":{"self":[{"href":"https:\/\/lyfilter.com\/tr\/wp-json\/wp\/v2\/product\/753","targetHints":{"allow":["GET"]}}],"collection":[{"href":"https:\/\/lyfilter.com\/tr\/wp-json\/wp\/v2\/product"}],"about":[{"href":"https:\/\/lyfilter.com\/tr\/wp-json\/wp\/v2\/types\/product"}],"replies":[{"embeddable":true,"href":"https:\/\/lyfilter.com\/tr\/wp-json\/wp\/v2\/comments?post=753"}],"wp:featuredmedia":[{"embeddable":true,"href":"https:\/\/lyfilter.com\/tr\/wp-json\/wp\/v2\/media\/759"}],"wp:attachment":[{"href":"https:\/\/lyfilter.com\/tr\/wp-json\/wp\/v2\/media?parent=753"}],"wp:term":[{"taxonomy":"product_brand","embeddable":true,"href":"https:\/\/lyfilter.com\/tr\/wp-json\/wp\/v2\/product_brand?post=753"},{"taxonomy":"product_cat","embeddable":true,"href":"https:\/\/lyfilter.com\/tr\/wp-json\/wp\/v2\/product_cat?post=753"},{"taxonomy":"product_tag","embeddable":true,"href":"https:\/\/lyfilter.com\/tr\/wp-json\/wp\/v2\/product_tag?post=753"}],"curies":[{"name":"wp","href":"https:\/\/api.w.org\/{rel}","templated":true}]}}