{"id":740,"date":"2025-12-24T07:57:12","date_gmt":"2025-12-24T07:57:12","guid":{"rendered":"https:\/\/lyfilter.com\/?post_type=product&#038;p=740"},"modified":"2025-12-24T08:16:41","modified_gmt":"2025-12-24T08:16:41","slug":"bb-big-blow-rate-spun-pp-polypropylene-composite-carbon-filter-5-microns-sediment-filter-cartridge-with-10x4-5-inch","status":"publish","type":"product","link":"https:\/\/lyfilter.com\/tr\/bb-big-blow-rate-spun-pp-polypropylene-composite-carbon-filter-5-microns-sediment-filter-cartridge-with-10x4-5-inch\/","title":{"rendered":"BB b\u00fcy\u00fck darbe oran\u0131 b\u00fck\u00fclm\u00fc\u015f PP polipropilen kompozit karbon filtre 10 \u00d7 4.5 in\u00e7 ile 5 mikron tortu filtre kartu\u015fu"},"content":{"rendered":"<div class=\"pro_aliData\">\n<div class=\"detail-box\">\n<div class=\"scc-wrapper detail-module module-productPackagingAndQuickDetail\" data-spm=\"prilinga1e\">\n<div class=\"widget-detail-overview\">\n<div class=\"do-content\">\n<div class=\"do-overview\">\n<div class=\"do-entry do-entry-full\">\n<h3 class=\"do-entry-title\">Paketleme ve Teslimat<\/h3>\n<div class=\"do-entry-list\">\n<dl class=\"do-entry-item\">\n<dt class=\"do-entry-item-key\">Sat\u0131\u015f Birimleri:<\/dt>\n<dd class=\"do-entry-item-val\">Tek \u00fcr\u00fcn<\/dd>\n<\/dl>\n<dl class=\"do-entry-item\">\n<dt class=\"do-entry-item-key\" title=\"Tek paket boyutu:\">Tek paket boyutu:<\/dt>\n<dd class=\"do-entry-item-val\">53X33X33 cm<\/dd>\n<\/dl>\n<dl class=\"do-entry-item\">\n<dt class=\"do-entry-item-key\" title=\"Tek br\u00fct a\u011f\u0131rl\u0131k:\">Tek br\u00fct a\u011f\u0131rl\u0131k:<\/dt>\n<dd class=\"do-entry-item-val\">9.000 kg<\/dd>\n<\/dl>\n<dl class=\"do-entry-item\">\n<dt class=\"do-entry-item-key\">Paket Tipi:<\/dt>\n<dd class=\"do-entry-item-val pkg-method\">BB b\u00fcy\u00fck \u00fcfleme oran\u0131 b\u00fck\u00fclm\u00fc\u015f PP polipropilen kompozit karbon filtre 10 \u00d7 4.5 in\u00e7 ile 5 mikron tortu filtre kartu\u015fu: Ka\u011f\u0131t karton i\u00e7inde paketlenmi\u015ftir.<\/dd>\n<\/dl>\n<dl class=\"do-entry-item\">\n<dt class=\"do-entry-item-key\" title=\"Teslim S\u00fcresi\">Teslim S\u00fcresi\u00a0<i class=\"next-icon next-icon-help next-icon-xs js-leadtimes-tips\"><\/i>:<\/dt>\n<dd class=\"do-entry-item-val\" title=\"Teslim S\u00fcresi\">\n<div class=\"table-responsive\">\n<table class=\"supply-ability-table ui2-table ui2-table-normal ui2-table-zebra ui2-table-hover\">\n<tbody>\n<tr>\n<td>Miktar (Adet)<\/td>\n<td>1 - 100<\/td>\n<td>101 - 500<\/td>\n<td>501 - 5000<\/td>\n<td>&gt;5000<\/td>\n<\/tr>\n<tr>\n<td>Tahmini Zaman (g\u00fcn)<\/td>\n<td>3<\/td>\n<td>5<\/td>\n<td>10<\/td>\n<td>M\u00fczakere edilecek<\/td>\n<\/tr>\n<\/tbody>\n<\/table>\n<\/div>\n<\/dd>\n<\/dl>\n<\/div>\n<\/div>\n<\/div>\n<\/div>\n<\/div>\n<\/div>\n<div class=\"scc-wrapper detail-module module-detailVideo\" data-spm=\"detailvideo\"><\/div>\n<div class=\"scc-wrapper detail-module module-productSpecification\" data-spm=\"pronpeci14\">\n<div id=\"J-rich-text-description\" class=\"richtext richtext-detail rich-text-description\">\n<div id=\"detail_decorate_root\" data-host=\"111218246\" data-magic-global=\"%7B%22bizId%22%3A17381045746%2C%22pageId%22%3A5031332643%2C%22siteId%22%3A5005126472%7D\" data-id=\"detail_decorate_root\">\n<div class=\"J_module\">\n<div class=\"detail-decorate-json-renderer-container\">\n<div class=\"magic-0\">\n<div class=\"magic-1\">\n<div class=\"magic-2\">\n<div class=\"magic-3\">BB b\u00fcy\u00fck darbe oran\u0131 b\u00fck\u00fclm\u00fc\u015f PP polipropilen kompozit karbon filtre 10 \u00d7 4.5 in\u00e7 ile 5 mikron tortu filtre kartu\u015fu<\/div>\n<\/div>\n<\/div>\n<\/div>\n<\/div>\n<\/div>\n<div class=\"J_module\">\n<div id=\"ali-anchor-AliMagic-w2627d\" class=\"magic-4\" data-section=\"AliMagic-w2627d\" data-section-title=\"Product Description\">\u00dcr\u00fcn A\u00e7\u0131klamas\u0131<\/div>\n<\/div>\n<div class=\"J_module\">\n<div class=\"icbu-pc-images magic-5\">\n<div>\n<div class=\"flex-layout-v\">\n<div class=\"flex-layout-h magic-5\">\n<div class=\"magic-6\"><img decoding=\"async\" class=\"magic-7\" src=\"https:\/\/img.yfisher.com\/m6076\/172572676906t\/jpg70-t3-scale100.webp\" alt=\"BB b\u00fcy\u00fck darbe oran\u0131 b\u00fck\u00fclm\u00fc\u015f PP polipropilen kompozit karbon filtre 10x4.5 in\u00e7 7 ile 5 mikron sediment filtre kartu\u015fu\" data-lazy=\"2\" title=\"\"><\/div>\n<\/div>\n<\/div>\n<\/div>\n<\/div>\n<\/div>\n<div class=\"J_module\">\n<div class=\"icbu-pc-images magic-5\">\n<div>\n<div class=\"flex-layout-h\">\n<div class=\"flex-layout-v magic-8\">\n<div class=\"magic-9\"><img decoding=\"async\" class=\"magic-10\" src=\"https:\/\/img.yfisher.com\/m6076\/1725726769ezm\/png70-t3-scale100.webp\" alt=\"BB b\u00fcy\u00fck darbe oran\u0131 b\u00fck\u00fclm\u00fc\u015f PP polipropilen kompozit karbon filtre 10x4.5 in\u00e7 9 ile 5 mikron sediment filtre kartu\u015fu\" data-id=\"child-image-0\" data-lazy=\"2\" title=\"\"><\/div>\n<\/div>\n<div class=\"text-wrapper magic-11\">\n<div class=\"text-wrapper-right text-theme-light text-align-left\">\n<div class=\"text-title\" data-id=\"right-title\">\n<h3 class=\"magic-12\">PP spun melt \u00fcflemeli filtre i\u00e7in \u00e7e\u015fitli boyutlar<\/h3>\n<\/div>\n<div class=\"text-content\" data-id=\"right-content\">\n<p class=\"magic-13\"><span style=\"font-size: medium;\">PP meltblown filtre kartu\u015fu (PPF)\u00a0<\/span><\/p>\n<p class=\"magic-13\"><span style=\"font-size: medium;\">polipropilen malzemeden yap\u0131lm\u0131\u015ft\u0131r.\u00a0<\/span><\/p>\n<p class=\"magic-13\"><span style=\"font-size: medium;\">As\u0131l\u0131 maddeleri uzakla\u015ft\u0131rabilir,\u00a0<\/span><\/p>\n<p class=\"magic-13\"><span style=\"font-size: medium;\">par\u00e7ac\u0131klar\u0131 ve pas\u0131 etkili bir \u015fekilde temizler.\u00a0<\/span><\/p>\n<p class=\"magic-13\"><span style=\"font-size: medium;\">Bu t\u00fcr bir kartu\u015f \u00f6n k\u0131s\u0131m i\u00e7in kullan\u0131l\u0131r\u00a0<\/span><\/p>\n<p class=\"magic-13\"><span style=\"font-size: medium;\">korumak i\u00e7in filtre kartu\u015fu\u00a0<\/span><\/p>\n<p class=\"magic-13\"><span style=\"font-size: medium;\">Di\u011ferleri.<\/span><\/p>\n<\/div>\n<\/div>\n<\/div>\n<\/div>\n<\/div>\n<\/div>\n<\/div>\n<div class=\"J_module\">\n<div class=\"icbu-pc-images magic-5\">\n<div>\n<div class=\"flex-layout-h\">\n<div class=\"text-wrapper magic-14\">\n<div class=\"text-wrapper-left text-theme-light text-align-left\">\n<div class=\"text-title\" data-id=\"left-title\">\n<h3 class=\"magic-12\">OEM boyutlar\u0131 PP eriyik \u00fcflemeli filtre kartu\u015fu<\/h3>\n<\/div>\n<div class=\"text-content\" data-id=\"left-content\">\n<p class=\"magic-13\"><span style=\"font-size: medium;\">Lvyuan PP eriyik \u00fcflemeli filtre kartu\u015flar\u0131 serisi, su ar\u0131tma i\u00e7in bir t\u00fcr standart ve basit filtre kartu\u015fudur. Herhangi bir kimyasal yap\u0131\u015ft\u0131r\u0131c\u0131 olmadan polipropilen elyaf\u0131n kayna\u015fmas\u0131 ve i\u00e7 i\u00e7e ge\u00e7mesidir. 100% saf polipropilen PP hammaddeden yap\u0131lm\u0131\u015ft\u0131r.\u00a0<\/span><\/p>\n<\/div>\n<\/div>\n<\/div>\n<div class=\"flex-layout-v magic-8\">\n<div class=\"magic-9\"><img decoding=\"async\" class=\"magic-10\" src=\"https:\/\/img.yfisher.com\/m6076\/1725726769nrd\/png70-t3-scale100.webp\" alt=\"BB b\u00fcy\u00fck darbe oran\u0131 b\u00fck\u00fclm\u00fc\u015f PP polipropilen kompozit karbon filtre 10x4.5 in\u00e7 11 ile 5 mikron tortu filtre kartu\u015fu\" data-id=\"child-image-0\" data-lazy=\"2\" title=\"\"><\/div>\n<\/div>\n<\/div>\n<\/div>\n<\/div>\n<\/div>\n<div class=\"J_module\">\n<div class=\"icbu-pc-images magic-5\">\n<div>\n<div class=\"flex-layout-h\">\n<div class=\"flex-layout-v magic-8\">\n<div class=\"magic-9\"><img decoding=\"async\" class=\"magic-10\" src=\"https:\/\/img.yfisher.com\/m6076\/1725726769ek9\/png70-t3-scale100.webp\" alt=\"BB b\u00fcy\u00fck \u00fcfleme oran\u0131 b\u00fck\u00fclm\u00fc\u015f PP polipropilen kompozit karbon filtre 10x4.5 in\u00e7 13 ile 5 mikron tortu filtre kartu\u015fu\" data-id=\"child-image-0\" data-lazy=\"2\" title=\"\"><\/div>\n<\/div>\n<div class=\"text-wrapper magic-11\">\n<div class=\"text-wrapper-right text-theme-light text-align-left\">\n<div class=\"text-title\" data-id=\"right-title\">\n<h3 class=\"magic-12\">\u00d6zelle\u015ftirilmi\u015f \u00e7ift mikron PP su filtresi<\/h3>\n<\/div>\n<div class=\"text-content\" data-id=\"right-content\">\n<p class=\"magic-13\"><span style=\"font-size: medium;\">Mikronlar \u00f6zelle\u015ftirilebilir, g\u00fc\u00e7l\u00fc kirletici tutma kapasitesi sa\u011flamak i\u00e7in 2 kat mikron PP su filtre kartu\u015flar\u0131, ask\u0131da madde, partik\u00fcl ve pas gibi kirleticileri etkili bir \u015fekilde giderebilir, verimli filtreleme ve uzun hizmet \u00f6mr\u00fc sa\u011flar.\u00a0<\/span><\/p>\n<\/div>\n<\/div>\n<\/div>\n<\/div>\n<\/div>\n<\/div>\n<\/div>\n<div class=\"J_module\">\n<div class=\"icbu-pc-images magic-5\">\n<div>\n<div class=\"flex-layout-h\">\n<div class=\"text-wrapper magic-14\">\n<div class=\"text-wrapper-left text-theme-light text-align-left\">\n<div class=\"text-title\" data-id=\"left-title\">\n<h3 class=\"magic-12\">Kompozit malzemeli PP filtre kartu\u015fu<\/h3>\n<\/div>\n<div class=\"text-content\" data-id=\"left-content\">\n<p class=\"magic-13\"><span style=\"font-size: medium;\">Kompozit filtreli PP filtre kartu\u015fu, farkl\u0131 talebi kar\u015f\u0131lamak i\u00e7in farkl\u0131 boyut ve filtrasyon malzemeleri \u00f6zelle\u015ftirilebilir.\u00a0<\/span><\/p>\n<\/div>\n<\/div>\n<\/div>\n<div class=\"flex-layout-v magic-8\">\n<div class=\"magic-9\"><img decoding=\"async\" class=\"magic-10\" src=\"https:\/\/img.yfisher.com\/m6076\/17257267697zl\/png70-t3-scale100.webp\" alt=\"BB b\u00fcy\u00fck darbe oran\u0131 b\u00fck\u00fclm\u00fc\u015f PP polipropilen kompozit karbon filtre 10x4.5 in\u00e7 15 ile 5 mikron sediment filtre kartu\u015fu\" data-id=\"child-image-0\" data-lazy=\"2\" title=\"\"><\/div>\n<\/div>\n<\/div>\n<\/div>\n<\/div>\n<\/div>\n<div class=\"J_module\">\n<div class=\"icbu-pc-images magic-5\">\n<div>\n<div class=\"flex-layout-h\">\n<div class=\"flex-layout-v magic-8\">\n<div class=\"magic-9\"><img decoding=\"async\" class=\"magic-10\" src=\"https:\/\/img.yfisher.com\/m6076\/1725726769o3n\/png70-t3-scale100.webp\" alt=\"BB b\u00fcy\u00fck darbe oran\u0131 b\u00fck\u00fclm\u00fc\u015f PP polipropilen kompozit karbon filtre 10x4.5 in\u00e7 17 ile 5 mikron tortu filtre kartu\u015fu\" data-id=\"child-image-0\" data-lazy=\"2\" title=\"\"><\/div>\n<\/div>\n<div class=\"text-wrapper magic-11\">\n<div class=\"text-wrapper-right text-theme-light text-align-left\">\n<div class=\"text-title\" data-id=\"right-title\">\n<h3 class=\"magic-12\">PP su filtresi eleman\u0131 i\u00e7in OEM adapt\u00f6rler<\/h3>\n<\/div>\n<div class=\"text-content\" data-id=\"right-content\">\n<p class=\"magic-13\"><span style=\"font-size: medium;\">Farkl\u0131 filtre adapt\u00f6rleri mevcuttur.<\/span><\/p>\n<p class=\"magic-13\"><span style=\"font-size: medium;\">\u0130ste\u011fe ba\u011fl\u0131 olarak silikon, EPDM, NBR, Viton.\u00a0<\/span><\/p>\n<\/div>\n<\/div>\n<\/div>\n<\/div>\n<\/div>\n<\/div>\n<\/div>\n<div class=\"J_module\">\n<div class=\"ife-detail-decorate-table\">\n<div class=\"table-responsive\">\n<table class=\"all magic-15\">\n<tbody>\n<tr>\n<td colspan=\"1\" rowspan=\"1\">\n<div class=\"magic-16\">\u00dcr\u00fcn ad\u0131<\/div>\n<\/td>\n<td colspan=\"3\" rowspan=\"1\">\n<div class=\"magic-17\">BB b\u00fcy\u00fck darbe oran\u0131 b\u00fck\u00fclm\u00fc\u015f PP polipropilen kompozit karbon filtre 10 \u00d7 4.5 in\u00e7 ile 5 mikron tortu filtre kartu\u015fu<\/div>\n<\/td>\n<\/tr>\n<tr>\n<td colspan=\"1\" rowspan=\"1\">\n<div class=\"magic-16\">Malzeme<\/div>\n<\/td>\n<td colspan=\"3\" rowspan=\"1\">\n<div class=\"magic-17\">100% Saf polipropilen malzeme<\/div>\n<\/td>\n<\/tr>\n<tr>\n<td colspan=\"1\" rowspan=\"1\">\n<div class=\"magic-16\">Y\u00fczey<\/div>\n<\/td>\n<td colspan=\"3\" rowspan=\"1\">\n<div class=\"magic-17\">Oluk, Bas\u0131n\u00e7 noktalar\u0131, D\u00fcz, \u00c7aprazlama<\/div>\n<\/td>\n<\/tr>\n<tr>\n<td colspan=\"1\" rowspan=\"1\">\n<div class=\"magic-16\">Mikron<\/div>\n<\/td>\n<td colspan=\"3\" rowspan=\"1\">\n<div class=\"magic-20\">1 ~100 mikron<\/div>\n<\/td>\n<\/tr>\n<tr>\n<td colspan=\"1\" rowspan=\"1\">\n<div class=\"magic-16\">D\u0131\u015f \u00e7ap<\/div>\n<\/td>\n<td colspan=\"3\" rowspan=\"1\">\n<div class=\"magic-20\">OEM<\/div>\n<\/td>\n<\/tr>\n<tr>\n<td colspan=\"1\" rowspan=\"1\">\n<div class=\"magic-16\">\u0130\u00e7 \u00e7ap<\/div>\n<\/td>\n<td colspan=\"3\" rowspan=\"1\">\n<div class=\"magic-20\">OEM<\/div>\n<\/td>\n<\/tr>\n<tr>\n<td colspan=\"1\" rowspan=\"1\">\n<div class=\"magic-16\">Aray\u00fcz<\/div>\n<\/td>\n<td colspan=\"3\" rowspan=\"1\">\n<div class=\"magic-20\">D\u00fcz, ge\u00e7meli, vidal\u0131<\/div>\n<\/td>\n<\/tr>\n<tr>\n<td colspan=\"1\" rowspan=\"1\">\n<div class=\"magic-16\">U\u00e7 kapa\u011f\u0131<\/div>\n<\/td>\n<td colspan=\"3\" rowspan=\"1\">\n<div class=\"magic-20\">222\/D\u00fcz, 222\/Kanat, 226\/D\u00fcz, 226\/Kanat, 215\/D\u00fcz, 215\/Kanat<\/div>\n<\/td>\n<\/tr>\n<tr>\n<td colspan=\"1\" rowspan=\"1\">\n<div class=\"magic-16\">Uzunluk<\/div>\n<\/td>\n<td colspan=\"3\" rowspan=\"1\">\n<div class=\"magic-20\">OEM<\/div>\n<\/td>\n<\/tr>\n<tr>\n<td colspan=\"1\" rowspan=\"1\">\n<div class=\"magic-16\">Maksimum diferansiyel bas\u0131n\u00e7<\/div>\n<\/td>\n<td colspan=\"3\" rowspan=\"1\">\n<div class=\"magic-20\">3 kgf\/cm\u00b2<\/div>\n<\/td>\n<\/tr>\n<tr>\n<td colspan=\"1\" rowspan=\"1\">\n<div class=\"magic-16\">Maksimum \u00e7al\u0131\u015fma s\u0131cakl\u0131\u011f\u0131<\/div>\n<\/td>\n<td colspan=\"3\" rowspan=\"1\">\n<div class=\"magic-20\">80\u00b0c<\/div>\n<\/td>\n<\/tr>\n<tr>\n<td colspan=\"1\" rowspan=\"1\">\n<div class=\"magic-16\">\u00c7al\u0131\u015fma diferansiyel bas\u0131nc\u0131<\/div>\n<\/td>\n<td colspan=\"3\" rowspan=\"1\">\n<div class=\"magic-20\">0.1kgf\/cm2<\/div>\n<\/td>\n<\/tr>\n<tr>\n<td colspan=\"1\" rowspan=\"1\">\n<div class=\"magic-16\">Marka\/Logo<\/div>\n<\/td>\n<td colspan=\"3\" rowspan=\"1\">\n<div class=\"magic-20\">OEM<\/div>\n<\/td>\n<\/tr>\n<\/tbody>\n<\/table>\n<\/div>\n<\/div>\n<\/div>\n<\/div>\n<\/div>\n<\/div>\n<\/div>\n<\/div>","protected":false},"excerpt":{"rendered":"<table>\n<thead>\n<tr>\n<th><strong>Saha<\/strong><\/th>\n<th><strong>De\u011fer<\/strong><\/th>\n<\/tr>\n<\/thead>\n<tbody>\n<tr>\n<td>Durum<\/td>\n<td>Yeni<\/td>\n<\/tr>\n<tr>\n<td>Uygulanabilir Sekt\u00f6rler<\/td>\n<td>Ev Kullan\u0131m\u0131<\/td>\n<\/tr>\n<tr>\n<td>Garanti Sonras\u0131 Hizmet<\/td>\n<td>\u00c7evrimi\u00e7i destek<\/td>\n<\/tr>\n<tr>\n<td>Yerel Hizmet Konumu<\/td>\n<td>Hi\u00e7biri<\/td>\n<\/tr>\n<tr>\n<td>Showroom Konumu<\/td>\n<td>Hi\u00e7biri<\/td>\n<\/tr>\n<tr>\n<td>Video \u00c7\u0131k\u0131\u015f\u0131-Denetim<\/td>\n<td>Sa\u011fland\u0131<\/td>\n<\/tr>\n<tr>\n<td>Makine Test Raporu<\/td>\n<td>Sa\u011fland\u0131<\/td>\n<\/tr>\n<tr>\n<td>Pazarlama T\u00fcr\u00fc<\/td>\n<td>S\u0131radan \u00dcr\u00fcn<\/td>\n<\/tr>\n<tr>\n<td>\u00c7ekirdek Bile\u015fenlerin Garantisi<\/td>\n<td>1 Y\u0131l<\/td>\n<\/tr>\n<tr>\n<td>\u00c7ekirdek Bile\u015fenler<\/td>\n<td>Bas\u0131n\u00e7l\u0131 kap<\/td>\n<\/tr>\n<tr>\n<td>Men\u015fe Yeri<\/td>\n<td>\u00c7in<\/td>\n<\/tr>\n<tr>\n<td>Garanti<\/td>\n<td>1 Y\u0131l<\/td>\n<\/tr>\n<tr>\n<td>Sa\u011flanan Sat\u0131\u015f Sonras\u0131 Hizmet<\/td>\n<td>\u00c7evrimi\u00e7i destek<\/td>\n<\/tr>\n<tr>\n<td>\u00dcr\u00fcn Ad\u0131<\/td>\n<td>Tortu filtre kartu\u015fu<\/td>\n<\/tr>\n<tr>\n<td>Filtre Tipi<\/td>\n<td>Yiv, Kabartma, Noktalar, \u015eirket logosu<\/td>\n<\/tr>\n<tr>\n<td>D\u0131\u015f \u00c7ap<\/td>\n<td>10-200 mm<\/td>\n<\/tr>\n<tr>\n<td>Do\u011fruluk<\/td>\n<td>1-100 mikron<\/td>\n<\/tr>\n<tr>\n<td>\u0130\u00e7 \u00c7ap<\/td>\n<td>OEM<\/td>\n<\/tr>\n<tr>\n<td>Filtre Adapt\u00f6r\u00fc<\/td>\n<td>D\u00fcz tip, Tip 222, Tip 226, Tip 215<\/td>\n<\/tr>\n<tr>\n<td>En Y\u00fcksek S\u0131cakl\u0131k<\/td>\n<td>80\u2103<\/td>\n<\/tr>\n<tr>\n<td>\u0130\u015f Bas\u0131nc\u0131 D\u00fc\u015f\u00fc\u015f\u00fc<\/td>\n<td>0,1 kgf\/c\u33a1<\/td>\n<\/tr>\n<tr>\n<td>En Y\u00fcksek Kapal\u0131<\/td>\n<td>5 kgf\/c\u33a1<\/td>\n<\/tr>\n<tr>\n<td>Maksimum Bas\u0131n\u00e7 D\u00fc\u015f\u00fc\u015f\u00fc<\/td>\n<td>3 kgf\/c\u33a1<\/td>\n<\/tr>\n<\/tbody>\n<\/table>","protected":false},"featured_media":750,"comment_status":"open","ping_status":"closed","template":"","meta":{"_gspb_post_css":""},"product_brand":[],"product_cat":[17,23],"product_tag":[327,328,326,317,325,329],"class_list":{"0":"post-740","1":"product","2":"type-product","3":"status-publish","4":"has-post-thumbnail","6":"product_cat-sediment-filter","7":"product_cat-pp-filter-cartridge","8":"product_tag-1-100-micron-filter","9":"product_tag-groove-embossed-filter","10":"product_tag-home-water-filtration","11":"product_tag-online-support","12":"product_tag-sediment-filter-cartridge","13":"product_tag-type-222-226-adaptor","15":"first","16":"instock","17":"shipping-taxable","18":"product-type-simple"},"_links":{"self":[{"href":"https:\/\/lyfilter.com\/tr\/wp-json\/wp\/v2\/product\/740","targetHints":{"allow":["GET"]}}],"collection":[{"href":"https:\/\/lyfilter.com\/tr\/wp-json\/wp\/v2\/product"}],"about":[{"href":"https:\/\/lyfilter.com\/tr\/wp-json\/wp\/v2\/types\/product"}],"replies":[{"embeddable":true,"href":"https:\/\/lyfilter.com\/tr\/wp-json\/wp\/v2\/comments?post=740"}],"wp:featuredmedia":[{"embeddable":true,"href":"https:\/\/lyfilter.com\/tr\/wp-json\/wp\/v2\/media\/750"}],"wp:attachment":[{"href":"https:\/\/lyfilter.com\/tr\/wp-json\/wp\/v2\/media?parent=740"}],"wp:term":[{"taxonomy":"product_brand","embeddable":true,"href":"https:\/\/lyfilter.com\/tr\/wp-json\/wp\/v2\/product_brand?post=740"},{"taxonomy":"product_cat","embeddable":true,"href":"https:\/\/lyfilter.com\/tr\/wp-json\/wp\/v2\/product_cat?post=740"},{"taxonomy":"product_tag","embeddable":true,"href":"https:\/\/lyfilter.com\/tr\/wp-json\/wp\/v2\/product_tag?post=740"}],"curies":[{"name":"wp","href":"https:\/\/api.w.org\/{rel}","templated":true}]}}