{"id":733,"date":"2025-12-24T07:43:29","date_gmt":"2025-12-24T07:43:29","guid":{"rendered":"https:\/\/lyfilter.com\/?post_type=product&#038;p=733"},"modified":"2025-12-24T08:17:00","modified_gmt":"2025-12-24T08:17:00","slug":"deep-sediment-water-filtration-1-5-10-25-microns-10-inch-pp-groove-filter-cartridge-for-household-industrial-water-prefilter","status":"publish","type":"product","link":"https:\/\/lyfilter.com\/tr\/deep-sediment-water-filtration-1-5-10-25-microns-10-inch-pp-groove-filter-cartridge-for-household-industrial-water-prefilter\/","title":{"rendered":"Derin tortu su filtrasyonu 1\/5\/10\/25 mikron 10 in\u00e7 pp oluk filtre kartu\u015fu ev end\u00fcstriyel su \u00f6n filtresi i\u00e7in"},"content":{"rendered":"<div class=\"pro_aliData\">\n<div class=\"detail-box\">\n<div class=\"scc-wrapper detail-module module-productPackagingAndQuickDetail\" data-spm=\"prilinga1e\">\n<div class=\"widget-detail-overview\">\n<div class=\"do-content\">\n<div class=\"do-overview\">\n<div class=\"do-entry do-entry-full\">\n<h3 class=\"do-entry-title\">Paketleme ve Teslimat<\/h3>\n<div class=\"do-entry-list\">\n<dl class=\"do-entry-item\">\n<dt class=\"do-entry-item-key\">Sat\u0131\u015f Birimleri:<\/dt>\n<dd class=\"do-entry-item-val\">Tek \u00fcr\u00fcn<\/dd>\n<\/dl>\n<dl class=\"do-entry-item\">\n<dt class=\"do-entry-item-key\" title=\"Tek paket boyutu:\">Tek paket boyutu:<\/dt>\n<dd class=\"do-entry-item-val\">26X3X3 cm<\/dd>\n<\/dl>\n<dl class=\"do-entry-item\">\n<dt class=\"do-entry-item-key\" title=\"Tek br\u00fct a\u011f\u0131rl\u0131k:\">Tek br\u00fct a\u011f\u0131rl\u0131k:<\/dt>\n<dd class=\"do-entry-item-val\">1.000 kg<\/dd>\n<\/dl>\n<dl class=\"do-entry-item\">\n<dt class=\"do-entry-item-key\">Paket Tipi:<\/dt>\n<dd class=\"do-entry-item-val pkg-method\">Derin tortulu su filtrasyonu 1\/5\/10\/25 mikron 10 in\u00e7 pp oluklu filtre kartu\u015fu, ev tipi end\u00fcstriyel su \u00f6n filtresi i\u00e7in: Ka\u011f\u0131t karton i\u00e7inde paketlenmi\u015ftir.<\/dd>\n<\/dl>\n<dl class=\"do-entry-item\">\n<dt class=\"do-entry-item-key\" title=\"Teslim S\u00fcresi\">Teslim S\u00fcresi\u00a0<i class=\"next-icon next-icon-help next-icon-xs js-leadtimes-tips\"><\/i>:<\/dt>\n<dd class=\"do-entry-item-val\" title=\"Teslim S\u00fcresi\">\n<div class=\"table-responsive\">\n<table class=\"supply-ability-table ui2-table ui2-table-normal ui2-table-zebra ui2-table-hover\">\n<tbody>\n<tr>\n<td>Miktar (Adet)<\/td>\n<td>1 - 100<\/td>\n<td>101 - 500<\/td>\n<td>501 - 5000<\/td>\n<td>&gt;5000<\/td>\n<\/tr>\n<tr>\n<td>Tahmini Zaman (g\u00fcn)<\/td>\n<td>3<\/td>\n<td>5<\/td>\n<td>10<\/td>\n<td>M\u00fczakere edilecek<\/td>\n<\/tr>\n<\/tbody>\n<\/table>\n<\/div>\n<\/dd>\n<\/dl>\n<\/div>\n<\/div>\n<\/div>\n<\/div>\n<\/div>\n<\/div>\n<div class=\"scc-wrapper detail-module module-detailVideo\" data-spm=\"detailvideo\"><\/div>\n<div class=\"scc-wrapper detail-module module-productSpecification\" data-spm=\"pronpeci14\">\n<div id=\"J-rich-text-description\" class=\"richtext richtext-detail rich-text-description\">\n<div id=\"detail_decorate_root\" data-host=\"111218246\" data-id=\"detail_decorate_root\">\n<div id=\"_root\" class=\"engine-app\" data-reactroot=\"\">\n<div id=\"ali-anchor-AliMagic-au9aqo\" class=\"magic-0\" data-section=\"AliMagic-au9aqo\" data-section-title=\"Product Description\">\u00dcr\u00fcn A\u00e7\u0131klamas\u0131<\/div>\n<div class=\"icbu-pc-images magic-1\">\n<div>\n<div class=\"flex-layout-v\">\n<div class=\"flex-layout-h magic-1\">\n<div class=\"magic-2\"><img decoding=\"async\" class=\"magic-3\" src=\"https:\/\/img.yfisher.com\/m6076\/172572676906t\/jpg70-t3-scale100.webp\" alt=\"Derin tortu su filtrasyonu 1\/5\/10\/25 mikron 10 in\u00e7 pp oluk filtre kartu\u015fu ev end\u00fcstriyel su \u00f6n filtresi i\u00e7in 7\" data-lazy=\"2\" title=\"\"><\/div>\n<\/div>\n<\/div>\n<\/div>\n<\/div>\n<div class=\"icbu-pc-images magic-1\">\n<div>\n<div class=\"flex-layout-h\">\n<div class=\"flex-layout-v magic-4\">\n<div class=\"magic-5\"><img decoding=\"async\" class=\"magic-6\" src=\"https:\/\/img.yfisher.com\/m6076\/1725726769ezm\/png70-t3-scale100.webp\" alt=\"Derin tortu su filtrasyonu 1\/5\/10\/25 mikron 10 in\u00e7 pp oluk filtre kartu\u015fu ev end\u00fcstriyel su \u00f6n filtresi i\u00e7in 9\" data-id=\"child-image-0\" data-lazy=\"2\" title=\"\"><\/div>\n<\/div>\n<div class=\"text-wrapper magic-7\">\n<div class=\"text-wrapper-right text-theme-light text-align-left\">\n<div class=\"text-title\" data-id=\"right-title\">\n<h3 class=\"magic-8\"><span class=\"magic-9\">PP spun melt \u00fcflemeli filtre i\u00e7in \u00e7e\u015fitli boyutlar<\/span><\/h3>\n<\/div>\n<div class=\"text-content\" data-id=\"right-content\">\n<p class=\"magic-10\"><span class=\"magic-9\">PP meltblown filtre kartu\u015fu (PPF)\u00a0<\/span><\/p>\n<p class=\"magic-10\"><span class=\"magic-9\">polipropilen malzemeden yap\u0131lm\u0131\u015ft\u0131r.\u00a0<\/span><\/p>\n<p class=\"magic-10\"><span class=\"magic-9\">As\u0131l\u0131 maddeleri uzakla\u015ft\u0131rabilir,\u00a0<\/span><\/p>\n<p class=\"magic-10\"><span class=\"magic-9\">par\u00e7ac\u0131klar\u0131 ve pas\u0131 etkili bir \u015fekilde temizler.\u00a0<\/span><\/p>\n<p class=\"magic-10\"><span class=\"magic-9\">Bu t\u00fcr bir kartu\u015f \u00f6n k\u0131s\u0131m i\u00e7in kullan\u0131l\u0131r\u00a0<\/span><\/p>\n<p class=\"magic-10\"><span class=\"magic-9\">korumak i\u00e7in filtre kartu\u015fu\u00a0<\/span><\/p>\n<p class=\"magic-10\"><span class=\"magic-9\">Di\u011ferleri.<\/span><\/p>\n<\/div>\n<\/div>\n<\/div>\n<\/div>\n<\/div>\n<\/div>\n<div class=\"icbu-pc-images magic-1\">\n<div class=\"flex-layout-h\">\n<div class=\"text-wrapper magic-11\">\n<div class=\"text-wrapper-left text-theme-light text-align-left\">\n<div class=\"text-title\" data-id=\"left-title\">\n<h3 class=\"magic-8\"><span class=\"magic-9\">OEM boyutlar\u0131 PP eriyik \u00fcflemeli filtre kartu\u015fu<\/span><\/h3>\n<\/div>\n<div class=\"text-content\" data-id=\"left-content\">\n<p class=\"magic-10\"><span class=\"magic-9\">Lvyuan PP eriyik \u00fcflemeli filtre kartu\u015flar\u0131 serisi, su ar\u0131tma i\u00e7in bir t\u00fcr standart ve basit filtre kartu\u015fudur. Herhangi bir kimyasal yap\u0131\u015ft\u0131r\u0131c\u0131 olmadan polipropilen elyaf\u0131n kayna\u015fmas\u0131 ve i\u00e7 i\u00e7e ge\u00e7mesidir. 100% saf polipropilen PP hammaddeden yap\u0131lm\u0131\u015ft\u0131r.\u00a0<\/span><\/p>\n<p class=\"magic-10\"><span class=\"magic-9\"><b><span style=\"color: #71a3a1;\">Bayan Vickie Yung<br \/>\nMob.\/Whatsapp: +86 15975359293<br \/>\nSkype: vickie9293<\/span><\/b><br \/>\n<\/span><\/p>\n<\/div>\n<\/div>\n<\/div>\n<div class=\"flex-layout-v magic-4\">\n<div class=\"magic-5\"><img decoding=\"async\" class=\"magic-6\" src=\"https:\/\/img.yfisher.com\/m6076\/1725726769nrd\/png70-t3-scale100.webp\" alt=\"Derin tortu su filtrasyonu 1\/5\/10\/25 mikron 10 in\u00e7 pp oluk filtre kartu\u015fu ev end\u00fcstriyel su \u00f6n filtresi i\u00e7in 11\" data-id=\"child-image-0\" data-lazy=\"2\" title=\"\"><\/div>\n<\/div>\n<\/div>\n<\/div>\n<div class=\"icbu-pc-images magic-1\">\n<div>\n<div class=\"flex-layout-h\">\n<div class=\"flex-layout-v magic-4\">\n<div class=\"magic-5\"><img decoding=\"async\" class=\"magic-6\" src=\"https:\/\/img.yfisher.com\/m6076\/1725726769ek9\/png70-t3-scale100.webp\" alt=\"Derin tortu su filtrasyonu 1\/5\/10\/25 mikron 10 in\u00e7 pp oluk filtre kartu\u015fu ev end\u00fcstriyel su \u00f6n filtresi i\u00e7in 13\" data-id=\"child-image-0\" data-lazy=\"2\" title=\"\"><\/div>\n<\/div>\n<div class=\"text-wrapper magic-7\">\n<div class=\"text-wrapper-right text-theme-light text-align-left\">\n<div class=\"text-title\" data-id=\"right-title\">\n<h3 class=\"magic-8\"><span class=\"magic-9\">\u00d6zelle\u015ftirilmi\u015f \u00e7ift mikron PP su filtresi<\/span><\/h3>\n<\/div>\n<div class=\"text-content\" data-id=\"right-content\">\n<p class=\"magic-10\"><span class=\"magic-9\">Mikronlar \u00f6zelle\u015ftirilebilir, g\u00fc\u00e7l\u00fc kirletici tutma kapasitesi sa\u011flamak i\u00e7in 2 kat mikron PP su filtre kartu\u015flar\u0131, ask\u0131da madde, partik\u00fcl ve pas gibi kirleticileri etkili bir \u015fekilde giderebilir, verimli filtreleme ve uzun hizmet \u00f6mr\u00fc sa\u011flar.\u00a0<\/span><\/p>\n<\/div>\n<\/div>\n<\/div>\n<\/div>\n<\/div>\n<\/div>\n<div class=\"icbu-pc-images magic-1\">\n<div>\n<div class=\"flex-layout-h\">\n<div class=\"text-wrapper magic-11\">\n<div class=\"text-wrapper-left text-theme-light text-align-left\">\n<div class=\"text-title\" data-id=\"left-title\">\n<h3 class=\"magic-8\"><span class=\"magic-9\">Kompozit malzemeli PP filtre kartu\u015fu<\/span><\/h3>\n<\/div>\n<div class=\"text-content\" data-id=\"left-content\">\n<p class=\"magic-10\"><span class=\"magic-9\">Kompozit filtreli PP filtre kartu\u015fu, farkl\u0131 talebi kar\u015f\u0131lamak i\u00e7in farkl\u0131 boyut ve filtrasyon malzemeleri \u00f6zelle\u015ftirilebilir.\u00a0<\/span><\/p>\n<\/div>\n<\/div>\n<\/div>\n<div class=\"flex-layout-v magic-4\">\n<div class=\"magic-5\"><img decoding=\"async\" class=\"magic-6\" src=\"https:\/\/img.yfisher.com\/m6076\/17257267697zl\/png70-t3-scale100.webp\" alt=\"Derin tortu su filtrasyonu 1\/5\/10\/25 mikron 10 in\u00e7 pp oluk filtre kartu\u015fu ev end\u00fcstriyel su \u00f6n filtresi i\u00e7in 15\" data-id=\"child-image-0\" data-lazy=\"2\" title=\"\"><\/div>\n<\/div>\n<\/div>\n<\/div>\n<\/div>\n<div class=\"icbu-pc-images magic-1\">\n<div>\n<div class=\"flex-layout-h\">\n<div class=\"flex-layout-v magic-4\">\n<div class=\"magic-5\"><img decoding=\"async\" class=\"magic-6\" src=\"https:\/\/img.yfisher.com\/m6076\/1725726769o3n\/png70-t3-scale100.webp\" alt=\"Derin tortu su filtrasyonu 1\/5\/10\/25 mikron 10 in\u00e7 pp oluk filtre kartu\u015fu ev end\u00fcstriyel su \u00f6n filtresi i\u00e7in 17\" data-id=\"child-image-0\" data-lazy=\"2\" title=\"\"><\/div>\n<\/div>\n<div class=\"text-wrapper magic-7\">\n<div class=\"text-wrapper-right text-theme-light text-align-left\">\n<div class=\"text-title\" data-id=\"right-title\">\n<h3 class=\"magic-8\"><span class=\"magic-9\">PP su filtresi eleman\u0131 i\u00e7in OEM adapt\u00f6rler<\/span><\/h3>\n<\/div>\n<div class=\"text-content\" data-id=\"right-content\">\n<p class=\"magic-10\"><span class=\"magic-9\">Farkl\u0131 filtre adapt\u00f6rleri mevcuttur.<\/span><\/p>\n<p class=\"magic-10\"><span class=\"magic-9\">\u0130ste\u011fe ba\u011fl\u0131 olarak silikon, EPDM, NBR, Viton.\u00a0<\/span><\/p>\n<\/div>\n<\/div>\n<\/div>\n<\/div>\n<\/div>\n<\/div>\n<div class=\"ife-detail-decorate-table\">\n<div class=\"table-responsive\">\n<table class=\"all magic-12\">\n<tbody>\n<tr>\n<td colspan=\"1\" rowspan=\"1\">\n<div class=\"magic-13\">\u00dcr\u00fcn ad\u0131<\/div>\n<\/td>\n<td colspan=\"3\" rowspan=\"1\">\n<div class=\"magic-14\">Derin tortu su filtrasyonu 1\/5\/10\/25 mikron 10 in\u00e7 pp oluk filtre kartu\u015fu ev end\u00fcstriyel su \u00f6n filtresi i\u00e7in<\/div>\n<\/td>\n<\/tr>\n<tr>\n<td colspan=\"1\" rowspan=\"1\">\n<div class=\"magic-13\">Malzeme<\/div>\n<\/td>\n<td colspan=\"3\" rowspan=\"1\">\n<div class=\"magic-14\">100% Saf polipropilen malzeme<\/div>\n<\/td>\n<\/tr>\n<tr>\n<td colspan=\"1\" rowspan=\"1\">\n<div class=\"magic-13\">Y\u00fczey<\/div>\n<\/td>\n<td colspan=\"3\" rowspan=\"1\">\n<div class=\"magic-14\">Oluk, Bas\u0131n\u00e7 noktalar\u0131, D\u00fcz, \u00c7aprazlama<\/div>\n<\/td>\n<\/tr>\n<tr>\n<td colspan=\"1\" rowspan=\"1\">\n<div class=\"magic-13\">Mikron<\/div>\n<\/td>\n<td colspan=\"3\" rowspan=\"1\">\n<div class=\"magic-17\">1 ~100 mikron<\/div>\n<\/td>\n<\/tr>\n<tr>\n<td colspan=\"1\" rowspan=\"1\">\n<div class=\"magic-13\">D\u0131\u015f \u00e7ap<\/div>\n<\/td>\n<td colspan=\"3\" rowspan=\"1\">\n<div class=\"magic-17\">OEM<\/div>\n<\/td>\n<\/tr>\n<tr>\n<td colspan=\"1\" rowspan=\"1\">\n<div class=\"magic-13\">\u0130\u00e7 \u00e7ap<\/div>\n<\/td>\n<td colspan=\"3\" rowspan=\"1\">\n<div class=\"magic-17\">OEM<\/div>\n<\/td>\n<\/tr>\n<tr>\n<td colspan=\"1\" rowspan=\"1\">\n<div class=\"magic-13\">Aray\u00fcz<\/div>\n<\/td>\n<td colspan=\"3\" rowspan=\"1\">\n<div class=\"magic-17\">D\u00fcz, ge\u00e7meli, vidal\u0131<\/div>\n<\/td>\n<\/tr>\n<tr>\n<td colspan=\"1\" rowspan=\"1\">\n<div class=\"magic-13\">U\u00e7 kapa\u011f\u0131<\/div>\n<\/td>\n<td colspan=\"3\" rowspan=\"1\">\n<div class=\"magic-17\">222\/D\u00fcz, 222\/Kanat, 226\/D\u00fcz, 226\/Kanat, 215\/D\u00fcz, 215\/Kanat<\/div>\n<\/td>\n<\/tr>\n<tr>\n<td colspan=\"1\" rowspan=\"1\">\n<div class=\"magic-13\">Uzunluk<\/div>\n<\/td>\n<td colspan=\"3\" rowspan=\"1\">\n<div class=\"magic-17\">OEM<\/div>\n<\/td>\n<\/tr>\n<tr>\n<td colspan=\"1\" rowspan=\"1\">\n<div class=\"magic-13\">Maksimum diferansiyel bas\u0131n\u00e7<\/div>\n<\/td>\n<td colspan=\"3\" rowspan=\"1\">\n<div class=\"magic-17\">3 kgf\/cm\u00b2<\/div>\n<\/td>\n<\/tr>\n<tr>\n<td colspan=\"1\" rowspan=\"1\">\n<div class=\"magic-13\">Maksimum \u00e7al\u0131\u015fma s\u0131cakl\u0131\u011f\u0131<\/div>\n<\/td>\n<td colspan=\"3\" rowspan=\"1\">\n<div class=\"magic-17\">80\u00b0c<\/div>\n<\/td>\n<\/tr>\n<tr>\n<td colspan=\"1\" rowspan=\"1\">\n<div class=\"magic-13\">\u00c7al\u0131\u015fma diferansiyel bas\u0131nc\u0131<\/div>\n<\/td>\n<td colspan=\"3\" rowspan=\"1\">\n<div class=\"magic-17\">0.1kgf\/cm2<\/div>\n<\/td>\n<\/tr>\n<tr>\n<td colspan=\"1\" rowspan=\"1\">\n<div class=\"magic-13\">Marka\/Logo<\/div>\n<\/td>\n<td colspan=\"3\" rowspan=\"1\">\n<div class=\"magic-17\">OEM<\/div>\n<\/td>\n<\/tr>\n<\/tbody>\n<\/table>\n<\/div>\n<\/div>\n<\/div>\n<\/div>\n<\/div>\n<\/div>\n<\/div>\n<\/div>","protected":false},"excerpt":{"rendered":"<table>\n<thead>\n<tr>\n<th><strong>\u00d6znitelik<\/strong><\/th>\n<th><strong>Detaylar<\/strong><\/th>\n<\/tr>\n<\/thead>\n<tbody>\n<tr>\n<td><strong>Durum<\/strong><\/td>\n<td>Yeni<\/td>\n<\/tr>\n<tr>\n<td><strong>Uygulanabilir Sekt\u00f6rler<\/strong><\/td>\n<td>Oteller, Konfeksiyon Ma\u011fazalar\u0131, \u0130n\u015faat Malzemesi Ma\u011fazalar\u0131, \u00dcretim Tesisi, Makine Tamir At\u00f6lyeleri, Yiyecek ve \u0130\u00e7ecek Fabrikas\u0131, \u00c7iftlikler, Restoran, Ev Kullan\u0131m\u0131, Perakende, Yiyecek Ma\u011fazas\u0131, Matbaalar, \u0130n\u015faat \u0130\u015fleri, Enerji ve Madencilik, Yiyecek ve \u0130\u00e7ecek Ma\u011fazalar\u0131, Reklam \u015eirketi<\/td>\n<\/tr>\n<tr>\n<td><strong>Men\u015fe Yeri<\/strong><\/td>\n<td>\u00c7in<\/td>\n<\/tr>\n<tr>\n<td><strong>Marka Ad\u0131<\/strong><\/td>\n<td>LVYUAN\/OEM<\/td>\n<\/tr>\n<tr>\n<td><strong>Malzeme<\/strong><\/td>\n<td>Polipropilen<\/td>\n<\/tr>\n<tr>\n<td><strong>A\u011f\u0131rl\u0131k<\/strong><\/td>\n<td>OEM<\/td>\n<\/tr>\n<tr>\n<td><strong>Boyut<\/strong><\/td>\n<td>OEM<\/td>\n<\/tr>\n<tr>\n<td><strong>G\u00fc\u00e7<\/strong><\/td>\n<td>0<\/td>\n<\/tr>\n<tr>\n<td><strong>Garanti<\/strong><\/td>\n<td>Kullan\u0131lam\u0131yor<\/td>\n<\/tr>\n<tr>\n<td><strong>\u00dcr\u00fcn Ad\u0131<\/strong><\/td>\n<td>Su \u00d6n Filtresi i\u00e7in 25 Mikron 10 \u0130n\u00e7 PP Yivli Filtre Kartu\u015fu<\/td>\n<\/tr>\n<tr>\n<td><strong>Filtre Tipi<\/strong><\/td>\n<td>Oluk, Kabartma, Noktalar, \u015eirket Logosu<\/td>\n<\/tr>\n<tr>\n<td><strong>D\u0131\u015f \u00c7ap<\/strong><\/td>\n<td>10-200mm<\/td>\n<\/tr>\n<tr>\n<td><strong>Do\u011fruluk<\/strong><\/td>\n<td>1-100 Mikron<\/td>\n<\/tr>\n<tr>\n<td><strong>\u0130\u00e7 \u00c7ap<\/strong><\/td>\n<td>OEM<\/td>\n<\/tr>\n<tr>\n<td><strong>Filtre Adapt\u00f6r\u00fc<\/strong><\/td>\n<td>D\u00fcz Tip, Tip 222, Tip 226, Tip 215<\/td>\n<\/tr>\n<tr>\n<td><strong>En Y\u00fcksek S\u0131cakl\u0131k<\/strong><\/td>\n<td>80\u2103<\/td>\n<\/tr>\n<tr>\n<td><strong>\u0130\u015f Bas\u0131nc\u0131 D\u00fc\u015f\u00fc\u015f\u00fc<\/strong><\/td>\n<td>0,1kgf\/c\u33a1<\/td>\n<\/tr>\n<tr>\n<td><strong>En Y\u00fcksek Kapal\u0131<\/strong><\/td>\n<td>5kgf\/c\u33a1<\/td>\n<\/tr>\n<tr>\n<td><strong>Maksimum Bas\u0131n\u00e7 D\u00fc\u015f\u00fc\u015f\u00fc<\/strong><\/td>\n<td>3kgf\/c\u33a1<\/td>\n<\/tr>\n<tr>\n<td><strong>Sa\u011flanan Sat\u0131\u015f Sonras\u0131 Hizmet<\/strong><\/td>\n<td>\u00c7evrimi\u00e7i Destek<\/td>\n<\/tr>\n<\/tbody>\n<\/table>","protected":false},"featured_media":736,"comment_status":"open","ping_status":"closed","template":"","meta":{"_gspb_post_css":""},"product_brand":[],"product_cat":[23,17],"product_tag":[316,318,317,319,314,315],"class_list":{"0":"post-733","1":"product","2":"type-product","3":"status-publish","4":"has-post-thumbnail","6":"product_cat-pp-filter-cartridge","7":"product_cat-sediment-filter","8":"product_tag-10-inch-filter","9":"product_tag-filtration-system","10":"product_tag-online-support","11":"product_tag-polypropylene-filter","12":"product_tag-pp-groove-filter","13":"product_tag-water-prefilter","15":"first","16":"instock","17":"shipping-taxable","18":"product-type-simple"},"_links":{"self":[{"href":"https:\/\/lyfilter.com\/tr\/wp-json\/wp\/v2\/product\/733","targetHints":{"allow":["GET"]}}],"collection":[{"href":"https:\/\/lyfilter.com\/tr\/wp-json\/wp\/v2\/product"}],"about":[{"href":"https:\/\/lyfilter.com\/tr\/wp-json\/wp\/v2\/types\/product"}],"replies":[{"embeddable":true,"href":"https:\/\/lyfilter.com\/tr\/wp-json\/wp\/v2\/comments?post=733"}],"wp:featuredmedia":[{"embeddable":true,"href":"https:\/\/lyfilter.com\/tr\/wp-json\/wp\/v2\/media\/736"}],"wp:attachment":[{"href":"https:\/\/lyfilter.com\/tr\/wp-json\/wp\/v2\/media?parent=733"}],"wp:term":[{"taxonomy":"product_brand","embeddable":true,"href":"https:\/\/lyfilter.com\/tr\/wp-json\/wp\/v2\/product_brand?post=733"},{"taxonomy":"product_cat","embeddable":true,"href":"https:\/\/lyfilter.com\/tr\/wp-json\/wp\/v2\/product_cat?post=733"},{"taxonomy":"product_tag","embeddable":true,"href":"https:\/\/lyfilter.com\/tr\/wp-json\/wp\/v2\/product_tag?post=733"}],"curies":[{"name":"wp","href":"https:\/\/api.w.org\/{rel}","templated":true}]}}