{"id":663,"date":"2025-12-24T06:08:57","date_gmt":"2025-12-24T06:08:57","guid":{"rendered":"https:\/\/lyfilter.com\/?post_type=product&#038;p=663"},"modified":"2026-05-08T01:15:08","modified_gmt":"2026-05-08T01:15:08","slug":"10-20-30-40-50-microns-sintered-pe-powder-filter","status":"publish","type":"product","link":"https:\/\/lyfilter.com\/tr\/10-20-30-40-50-microns-sintered-pe-powder-filter\/","title":{"rendered":"10 20 30 40 50 mikron sinterlenmi\u015f pe toz filtre"},"content":{"rendered":"<div class=\"unit-detail-html-tabs__content-attr\">\n<div class=\"unit-product-attrparam\">\n<div class=\"unit-product-attrparam__items row\">\n<div class=\"col-12 col-md-6\">\n<div class=\"unit-product-attrparam__item\">\n<div class=\"unit-product-attrparam__label\">Malzeme\uff1aPE<\/div>\n<\/div>\n<\/div>\n<\/div>\n<\/div>\n<\/div>\n<div class=\"unit-detail-html-tabs__content-featuresAttr\"><\/div>\n<div class=\"unit-detail-html-tabs__content-html\">\n<div class=\"d-tem11-graphic tem11-graphic mockup\" data-detail=\"wrap\">\n<div class=\"tab_row\">\n<div class=\"img\"><img decoding=\"async\" title=\"\" src=\"https:\/\/img.yfisher.com\/m6076\/17257266546eq\/jpg70-t3-scale100.webp\" alt=\"10 20 30 40 50 mikron sinterlenmi\u015f pe toz filtre 2\" data-lazy=\"2\"><\/div>\n<div class=\"text_box\">\n<div class=\"txt\">\n<div class=\"title\">Lvyuan, t\u00fcp, \u00e7ubuk, mum, levha vb. \u015fekillerde g\u00f6zenekli PE, HDPE, PTFE, PVDF, PA, Naylon 6 dahil olmak \u00fczere \u00e7ok \u00e7e\u015fitli sinterlenmi\u015f g\u00f6zenekli plastik filtre \u00fcr\u00fcnleri \u00fcretmektedir. \u00c7e\u015fitli filtrasyon oran\u0131, \u015fekilleri ve \u00f6zellikleri ile sinterlenmi\u015f g\u00f6zenekli plastik filtre kartu\u015flar\u0131, su ar\u0131tma, kimya m\u00fchendisli\u011fi, t\u0131bbi ar\u0131tma, otomobil, \u00e7evre koruma ve ya\u011f su ay\u0131r\u0131c\u0131 ve susturucu, sarho\u015f s\u00fcr\u00fc\u015f test cihaz\u0131, medikal tedavi i\u00e7in k\u00f6r tapa, \u015furup ve gres filtre cihaz\u0131, end\u00fcstriyel ak\u00fc i\u00e7in patlama \u00f6nleyici dilimler, otomobil ak\u00fcs\u00fc i\u00e7in aside dayan\u0131kl\u0131 dilimler, at\u0131k su ar\u0131tma, su ar\u0131tma filtre sistemi ve daha fazlas\u0131 gibi di\u011fer end\u00fcstrilerde yayg\u0131n olarak kullan\u0131lmaktad\u0131r.<\/div>\n<\/div>\n<\/div>\n<\/div>\n<\/div>\n<div class=\"er-fangkuang1\">\n<p>\u25c6\u25c6 Lvyuan sinterlenmi\u015f g\u00f6zenekli platik filtreler farkl\u0131 m\u00fc\u015fterilerin gereksinimlerini kar\u015f\u0131layabilir. \u00d6zel kal\u0131planm\u0131\u015f \u015eekiller mevcuttur.<\/p>\n<p>PE ve HDPE Sinterlenmi\u015f filtre kartu\u015fu \uff1a<br \/>\nSinterlenmi\u015f G\u00f6zenekli Polietilen (PE) \u00fcr\u00fcnler, d\u00fcnyada en yayg\u0131n kullan\u0131lan plastik filtre eleman\u0131d\u0131r. G\u00f6zenekli PE plastikler, g\u00fc\u00e7l\u00fc kimyasal (asitler ve alkali) dirence ve 1 ila 200um aras\u0131nda geni\u015f mikron oranlar\u0131na sahip g\u00fc\u00e7l\u00fc, hafif termoplastiktir. Farkl\u0131 uygulamalar i\u00e7in t\u00fcpler, levhalar, \u00e7ubuklar ve kal\u0131planm\u0131\u015f \u015fekillerde Ultra y\u00fcksek molek\u00fcler a\u011f\u0131rl\u0131kl\u0131 Polietilen (UHMWPE) ve Y\u00fcksek yo\u011funluklu Polietilen (HDPE) mevcuttur.<\/p>\n<p>PTFE Sinterlenmi\u015f filtre kartu\u015fu:<br \/>\nMikro G\u00f6zenekli PTFE filtre elemanlar\u0131 saf PTFE (Polytetrafluoroethylene) gran\u00fcllerinin sinterlenmesi ile \u00fcretilir, yap\u0131s\u0131nda ba\u015fka hi\u00e7bir madde kullan\u0131lmaz. Bu filtre elemanlar\u0131 genellikle sadece 100% saf tek kullan\u0131ml\u0131k PTFE kullan\u0131labildi\u011finde \u00f6nerilmektedir. PTFE'nin avantaj\u0131, 200 \u2103'ye kadar daha y\u00fcksek bir maksimum s\u0131cakl\u0131k ve biraz daha iyi kimyasal diren\u00e7tir. Bu filtre elemanlar\u0131 en iyi sonu\u00e7lar\u0131 vermek i\u00e7in ultrasonik olarak temizlenmelidir.<\/p>\n<p>PVDF Sinterlenmi\u015f filtre kartu\u015fu:<br \/>\nSinterlenmi\u015f g\u00f6zenekli PVDF (Poliviniliden flor\u00fcr) \u00fcr\u00fcnleri, sert termal, ultraviyole, ozon ve kimyasal ko\u015fullara maruz kald\u0131klar\u0131nda iyi se\u00e7imlerdir. G\u00f6zenekli PVDF \u00fcr\u00fcnleri son derece serttir ve ortalama 25 mikron g\u00f6zenek boyutuna sahiptir. 62'den 149\u00b0C'ye kadar s\u0131cakl\u0131klarda \u00e7al\u0131\u015fabilir.<\/p>\n<p>PA\/Naylon Sinterlenmi\u015f filtre kartu\u015fu:<br \/>\nPoliamidlerin (PA) ticari ad\u0131 olan naylon, amin ve karbonil gruplar\u0131 i\u00e7eren yar\u0131 kristal bir polimerdir. \u00c7ok say\u0131da versiyonu vard\u0131r. Naylon\/PA, 190 \u2103 yumu\u015fama s\u0131cakl\u0131\u011f\u0131 ile y\u00fcksek mukavemete ve termal dirence sahiptir. \u00c7al\u0131\u015fma s\u0131cakl\u0131\u011f\u0131 -40 \u2103 ila 121 \u2103 aras\u0131nda olan sinterlenmi\u015f PA \/ Naylon g\u00f6zenekli \u00fcr\u00fcnler \u00e7ok y\u00fcksek gerilme mukavemetine, iyi a\u015f\u0131nma ve kimyasal dirence ve d\u00fc\u015f\u00fck s\u00fcrt\u00fcnme katsay\u0131s\u0131na sahiptir.<\/p>\n<\/div>\n<div class=\"er-fangkuang1\">\n<p>\u00a0 \u00dcr\u00fcn \u00d6zelli\u011fi<\/p>\n<div class=\"description\">\n<ul>\n<li><span class=\"font-color\">\u25ea \u00a0\u00a0<\/span>Birim alan ba\u015f\u0131na daha fazla ak\u0131\u015f sa\u011flamak i\u00e7in y\u00fcksek g\u00f6zeneklilik (60%);<\/li>\n<li><span class=\"font-color\">\u25ea\u00a0 \u00a0<\/span>P\u00fcr\u00fczs\u00fcz d\u0131\u015f y\u00fczey, kirlilikler kolay yap\u0131\u015fmaz, geri y\u0131kama kolay ve eksiksizdir;<\/li>\n<li><span class=\"font-color\">\u25ea\u00a0 \u00a0<\/span>Kirlenme \u00f6nleme \u00f6zelli\u011fi: Filtrenin k\u00fc\u00e7\u00fck boyutu sayesinde kirlilikler filtre g\u00f6vdesinde tutulamaz;<\/li>\n<li><span class=\"font-color\">\u25ea\u00a0 \u00a0<\/span>G\u00fc\u00e7l\u00fc asit, alkali korozyonuna kar\u015f\u0131 diren\u00e7, organik \u00e7\u00f6z\u00fcc\u00fclere kar\u015f\u0131 diren\u00e7;<\/li>\n<li><span class=\"font-color\">\u25ea\u00a0 \u00a0<\/span>M\u00fckemmel mekanik \u00f6zellikler;<\/li>\n<li><span class=\"font-color\">\u25ea\u00a0 \u00a0<\/span>Par\u00e7ac\u0131k sal\u0131n\u0131m\u0131 yok.<\/li>\n<li><span class=\"font-color\">\u25ea\u00a0 \u00a0<\/span>\u00dcr\u00fcn yelpazesi ve geni\u015f uygulama alan\u0131<\/li>\n<\/ul>\n<\/div>\n<\/div>\n<div class=\"d-tem04-title text-left d-interval manS\" data-detail=\"wrap\">\n<h2 class=\"heading\">\u00dcr\u00fcn Parametresi<\/h2>\n<\/div>\n<div class=\"table-responsive\">\n<table class=\"table table-bordered table-hover\">\n<tbody>\n<tr class=\"firstRow\">\n<td colspan=\"2\"><strong>Fiter Kartu\u015f boyutlar\u0131<\/strong><\/td>\n<\/tr>\n<tr>\n<td width=\"284\">Normal boyut (mm)<\/td>\n<td width=\"660\">31x12x1000, 31x20x1000, 38x20x1000, 38x18x1000, 38x20x1200, 38x20x1300, 38x20x150, 38x20x400, 38x20x250, 38x20x200, 38x20x180, 38x20x150, 50x20x1000, 50x31x1000, 50x38x1000, 65x31x1000, 65x38x1000, 64x44x1000, 78x62x750mm, vb.<\/td>\n<\/tr>\n<tr>\n<td width=\"193\">Di\u011fer boyutlar<\/td>\n<td width=\"659\">M\u00fc\u015fterinin iste\u011fine g\u00f6re \u00f6zelle\u015ftirilebilir.<\/td>\n<\/tr>\n<tr>\n<td colspan=\"2\"><strong>Yap\u0131 malzemesi<\/strong><\/td>\n<\/tr>\n<tr>\n<td width=\"193\">Filtre ortam\u0131 se\u00e7ene\u011fi<\/td>\n<td width=\"659\">PE, HDPE, PTFE, PVDF, PA\/Naylon vb.<\/td>\n<\/tr>\n<tr>\n<td width=\"193\">Konekt\u00f6r tipi<\/td>\n<td width=\"659\">D\u00fcz, U\u00e7 tipi, Di\u015f tipi, Fin<\/td>\n<\/tr>\n<tr>\n<td width=\"193\">U\u00e7 kapaklar\u0131<\/td>\n<td width=\"659\">PP, M36, M30, M25, M22, M14, M12 veya iste\u011fe ba\u011fl\u0131 olarak.<\/td>\n<\/tr>\n<tr>\n<td colspan=\"2\"><strong>Performans<\/strong><\/td>\n<\/tr>\n<tr>\n<td width=\"193\">Kald\u0131rma oran\u0131<\/td>\n<td width=\"659\">0.3, 0.45, 1, 3, 5, 10, 20, 30, 40, 50 \u03bcm<\/td>\n<\/tr>\n<tr>\n<td width=\"193\">Maksimum \u00c7al\u0131\u015fma S\u0131cakl\u0131\u011f\u0131<\/td>\n<td width=\"659\">\u2266 82 \u2103<\/td>\n<\/tr>\n<tr>\n<td width=\"193\">Maksimum \u00c7al\u0131\u015fma Bas\u0131nc\u0131<\/td>\n<td width=\"659\">6.0bar<\/td>\n<\/tr>\n<\/tbody>\n<\/table>\n<\/div>\n<\/div>","protected":false},"excerpt":{"rendered":"<table>\n<thead>\n<tr>\n<th>Ba\u015flang\u0131\u00e7 Liman\u0131:<\/th>\n<th>Guangzhou<\/th>\n<\/tr>\n<\/thead>\n<tbody>\n<tr>\n<td>\u00dcretim Kapasitesi:<\/td>\n<td>400 adet\/Ay<\/td>\n<\/tr>\n<tr>\n<td>Men\u015fe Yeri:<\/td>\n<td>Guangdong, \u00c7in<\/td>\n<\/tr>\n<tr>\n<td>\u00d6deme:<\/td>\n<td>D \/ P, T \/ T, Western Union, MoneyGram, Alibaba Ticaret G\u00fcvencesi, paypal<\/td>\n<\/tr>\n<tr>\n<td>ADEDI:<\/td>\n<td>1 birim<\/td>\n<\/tr>\n<tr>\n<td>Teslimat S\u00fcresi:<\/td>\n<td>7 i\u015f g\u00fcn\u00fc i\u00e7erisinde<\/td>\n<\/tr>\n<tr>\n<td>Sertifika:<\/td>\n<td>ISO 9001<\/td>\n<\/tr>\n<tr>\n<td>Marka:<\/td>\n<td>OEM\/Lvyuan<\/td>\n<\/tr>\n<\/tbody>\n<\/table>","protected":false},"featured_media":667,"comment_status":"open","ping_status":"closed","template":"","meta":{"_gspb_post_css":""},"product_brand":[],"product_cat":[17,22],"product_tag":[263,261,266,260,265,259],"class_list":{"0":"post-663","1":"product","2":"type-product","3":"status-publish","4":"has-post-thumbnail","6":"product_cat-sediment-filter","7":"product_cat-sintered-filter-cartridge","8":"product_tag-fast-delivery","9":"product_tag-guangdong-china","10":"product_tag-guangzhou","11":"product_tag-iso-9001","12":"product_tag-lvyuan","13":"product_tag-oem","15":"first","16":"instock","17":"shipping-taxable","18":"product-type-simple"},"_links":{"self":[{"href":"https:\/\/lyfilter.com\/tr\/wp-json\/wp\/v2\/product\/663","targetHints":{"allow":["GET"]}}],"collection":[{"href":"https:\/\/lyfilter.com\/tr\/wp-json\/wp\/v2\/product"}],"about":[{"href":"https:\/\/lyfilter.com\/tr\/wp-json\/wp\/v2\/types\/product"}],"replies":[{"embeddable":true,"href":"https:\/\/lyfilter.com\/tr\/wp-json\/wp\/v2\/comments?post=663"}],"wp:featuredmedia":[{"embeddable":true,"href":"https:\/\/lyfilter.com\/tr\/wp-json\/wp\/v2\/media\/667"}],"wp:attachment":[{"href":"https:\/\/lyfilter.com\/tr\/wp-json\/wp\/v2\/media?parent=663"}],"wp:term":[{"taxonomy":"product_brand","embeddable":true,"href":"https:\/\/lyfilter.com\/tr\/wp-json\/wp\/v2\/product_brand?post=663"},{"taxonomy":"product_cat","embeddable":true,"href":"https:\/\/lyfilter.com\/tr\/wp-json\/wp\/v2\/product_cat?post=663"},{"taxonomy":"product_tag","embeddable":true,"href":"https:\/\/lyfilter.com\/tr\/wp-json\/wp\/v2\/product_tag?post=663"}],"curies":[{"name":"wp","href":"https:\/\/api.w.org\/{rel}","templated":true}]}}