{"id":661,"date":"2025-12-24T06:06:07","date_gmt":"2025-12-24T06:06:07","guid":{"rendered":"https:\/\/lyfilter.com\/?post_type=product&#038;p=661"},"modified":"2026-04-16T11:50:33","modified_gmt":"2026-04-16T11:50:33","slug":"10-inch-1-micron-stainless-steel-ss316-metal-porous-sintered-filter-cartridge-for-liquid-filtration","status":"publish","type":"product","link":"https:\/\/lyfilter.com\/tr\/10-inch-1-micron-stainless-steel-ss316-metal-porous-sintered-filter-cartridge-for-liquid-filtration\/","title":{"rendered":"S\u0131v\u0131 Filtrasyonu \u0130\u00e7in 10 \u0130n\u00e7 1 Mikron Paslanmaz \u00c7elik SS316 Metal G\u00f6zenekli Sinterlenmi\u015f Filtre Kartu\u015fu"},"content":{"rendered":"<div class=\"d-tem11-graphic tem11-graphic mockup\" data-detail=\"wrap\">\n<div class=\"tab_row\">\n<div class=\"img\"><img decoding=\"async\" title=\"Sinterlenmi\u015f Metal Filtre Kartu\u015fu\" src=\"https:\/\/img.yfisher.com\/m6076\/1725286980bjf\/jpg70-t3-scale100.webp\" alt=\"Sinterlenmi\u015f Metal Filtre Kartu\u015fu\" border=\"0\" vspace=\"0\" data-lazy=\"2\" \/><\/div>\n<div class=\"text_box\">\n<div class=\"txt\">\n<div class=\"title\">\n<p><strong>Sinterlenmi\u015f metal filtre kartu\u015fu, y\u00fcksek s\u0131cakl\u0131kta sinterleme yoluyla paslanmaz tozun kal\u0131planmas\u0131yla yap\u0131l\u0131r, ayr\u0131ca benzersiz teknolojiyi benimser ve \u00fcretim tekni\u011fini s\u0131k\u0131 bir \u015fekilde kontrol eder (g\u00fc\u00e7 tane da\u011f\u0131l\u0131m\u0131, kal\u0131plama ve sinterleme dahil).\u00a0<\/strong><\/p>\n<p><strong>Paslanmaz \u00e7elik sinterlenmi\u015f filtreler, y\u00fcksek makine mukavemeti ile karakterize edilir, daha geni\u015f bir hassasiyet kapsam\u0131na sahip g\u00f6zenekli metal sinterlenmi\u015f filtre \u00fcretmek i\u00e7in y\u00fcksek ko\u015fullar ayarlanabilir. Y\u00fcksek s\u0131cakl\u0131k direnci ve \u0130yi hava ge\u00e7irgenli\u011fi.<\/strong><\/p>\n<p><strong>Lvyuan Filter'\u0131n m\u00fckemmel makine g\u00fcc\u00fcne sahip metal filtre kartu\u015fu, y\u00fcksek s\u0131cakl\u0131k, y\u00fcksek bas\u0131n\u00e7 ve g\u00fc\u00e7l\u00fc koroziviteye uygulanabilir.<\/strong><\/p>\n<\/div>\n<\/div>\n<\/div>\n<\/div>\n<\/div>\n<div class=\"er-fangkuang1\">\n<p>\u25c6\u25c6 Ana uygulama durumlar\u0131<\/p>\n<p>1. Kataliz\u00f6r\u00fcn filtrasyonu ve geri kazan\u0131m\u0131.<\/p>\n<p>2. Petrokimya end\u00fcstrisinde s\u0131cak gaz filtrasyonu<\/p>\n<p>3. Metalurji end\u00fcstrisinin y\u00fcksek s\u0131cakl\u0131ktaki baca gaz\u0131n\u0131n safla\u015ft\u0131r\u0131lmas\u0131<\/p>\n<p>4. Kat\u0131 em\u00fcle yatak ve gaz\u0131n toz geri kazan\u0131m\u0131<\/p>\n<p>5. Termik enerji ve n\u00fckleer elektrik enerjisi \u00fcretiminde toz ve u\u00e7 gaz ar\u0131t\u0131m\u0131.<\/p>\n<p>&nbsp;<\/p>\n<\/div>\n<div class=\"er-fangkuang1\">\n<p>\u00a0 \u00dcr\u00fcn \u00d6zelli\u011fi<\/p>\n<div class=\"description\">\n<ul>\n<li><span class=\"font-color\">\u25ea Y\u00fcksek g\u00f6zeneklilik ve iyi hava ge\u00e7irgenli\u011fi, ortam g\u00f6\u00e7\u00fc yok.<\/span><\/li>\n<li><span class=\"font-color\">\u25ea\u00a0 \u00a0<\/span>Y\u00fcksek kir tutma kapasitesi.<\/li>\n<li><span class=\"font-color\">\u25ea\u00a0 \u00a0<\/span>Y\u00fcksek bas\u0131n\u00e7 direnci, dayanma kapasitesi ve d\u00fc\u015f\u00fck bas\u0131n\u00e7 d\u00fc\u015f\u00fc\u015f\u00fc.<\/li>\n<li><span class=\"font-color\">\u25ea\u00a0 \u00a0<\/span>Y\u00fcksek s\u0131cakl\u0131k direnci \uff0c \u00d6zellikle s\u0131cak gaz filtrasyonuna uygulanabilir<\/li>\n<li><span class=\"font-color\">\u25ea\u00a0 \u00a0<\/span>Nominal 1 \u03bcm ila 200 \u03bcm aras\u0131nda \u00e7e\u015fitli mikron de\u011ferleri mevcuttur.<\/li>\n<li><span class=\"font-color\">\u25ea\u00a0 \u00a0<\/span>Geni\u015f kimyasal uyumluluk i\u00e7in g\u00fc\u00e7l\u00fc korozyon direnci.<\/li>\n<li><span class=\"font-color\">\u25ea<\/span>\u00a0\u00a0Tamamen SS316 veya SS316L'den yap\u0131lm\u0131\u015ft\u0131r, temizlenebilir ve tekrar kullan\u0131labilir<\/li>\n<li><span class=\"font-color\">\u25ea\u00a0 \u00a0<\/span>\u00d6zel boyutlar kabul edilir.<\/li>\n<\/ul>\n<\/div>\n<\/div>\n<div class=\"d-tem04-title text-left d-interval manS\" data-detail=\"wrap\">\n<h2 class=\"heading\">\u00dcr\u00fcn Parametresi<\/h2>\n<\/div>\n<p>Lvyuan Filter'\u0131n sinterlenmi\u015f filtre kartu\u015flar\u0131, yo\u011fun \u0131s\u0131 ve bas\u0131n\u00e7 alt\u0131nda birden fazla metal veya polimer elyaf katman\u0131n\u0131n kayna\u015ft\u0131r\u0131lmas\u0131 i\u015flemiyle yap\u0131l\u0131r, bu sinterlenmi\u015f kartu\u015f filtre ola\u011fan\u00fcst\u00fc dayan\u0131kl\u0131l\u0131k ve performans sunar. G\u00f6zenekli bir yap\u0131ya sahip olan sinterlenmi\u015f SS filtre kartu\u015flar\u0131, y\u00fcksek ak\u0131\u015f h\u0131zlar\u0131n\u0131 korurken ince partik\u00fclleri yakalamada m\u00fckemmeldir.<\/p>\n<div class=\"table-responsive\">\n<table class=\"table table-bordered table-hover\">\n<tbody>\n<tr class=\"firstRow\">\n<td colspan=\"2\"><strong>Fiter Kartu\u015f boyutlar\u0131<\/strong><\/td>\n<\/tr>\n<tr>\n<td>Uzunluk<\/td>\n<td>5\u2019\u2019 (125mm), 10\u2019\u2019 (250mm), 20\u2019\u2019 (500mm), 30\u2019\u2019 (750mm), 40\u2019\u2019 (1000mm)<\/td>\n<\/tr>\n<tr>\n<td>\u00c7ap<\/td>\n<td>\u00d860, 65, 70, 80 mm<\/td>\n<\/tr>\n<tr>\n<td>Di\u011fer boyutlar<\/td>\n<td>M\u00fc\u015fterinin iste\u011fine g\u00f6re \u00f6zelle\u015ftirilebilir.<\/td>\n<\/tr>\n<tr>\n<td colspan=\"2\"><strong>Yap\u0131 malzemesi<\/strong><\/td>\n<\/tr>\n<tr>\n<td>Filtre ortam\u0131<\/td>\n<td>SUS316\uff0c 316L paslanmaz \u00e7elik<\/td>\n<\/tr>\n<tr>\n<td>Konekt\u00f6r tipi<\/td>\n<td>D\u00fcz, U\u00e7 tipi, Di\u015f tipi, Fin<\/td>\n<\/tr>\n<tr>\n<td>U\u00e7 kapaklar\u0131<\/td>\n<td>DOE, SOE, 215, 222, 226, M20, M30, M42, 1\u2019\u2019 NPT\/BSP veya iste\u011fe ba\u011fl\u0131 olarak.<\/td>\n<\/tr>\n<tr>\n<td>S\u0131zd\u0131rmazl\u0131k malzemesi<\/td>\n<td>Silikon, NBR, EPDM, Buna, Teflon, vb.<\/td>\n<\/tr>\n<tr>\n<td colspan=\"2\"><strong>Performans<\/strong><\/td>\n<\/tr>\n<tr>\n<td>Kald\u0131rma oran\u0131<\/td>\n<td>0,2-200 \u03bcm, vb.<\/td>\n<\/tr>\n<tr>\n<td>\u00c7al\u0131\u015fma S\u0131cakl\u0131\u011f\u0131<\/td>\n<td>\u2265 -270\u00baC, \u2264500\u00baC<\/td>\n<\/tr>\n<tr>\n<td>Temizleme y\u00f6ntemi<\/td>\n<td>geri y\u0131kama, ultrasonik veya di\u011fer a\u015f\u0131nd\u0131r\u0131c\u0131 olmayan temizlik<\/td>\n<\/tr>\n<tr>\n<td>Maksimum \u00c7al\u0131\u015fma Bas\u0131nc\u0131 Diferansiyeli<\/td>\n<td>4.0 bar<\/td>\n<\/tr>\n<\/tbody>\n<\/table>\n<\/div>\n<div class=\"d-tem04-title text-left d-interval manS\" data-detail=\"wrap\">\n<h2 class=\"heading\">\u00dcr\u00fcn Detaylar\u0131<\/h2>\n<\/div>\n<div class=\"d-tem05-technology mockup\" data-detail=\"wrap\">\n<div class=\"items\">\n<div class=\"item tab_row bg-color-before\">\n<div class=\"img d-font-size-fix\"><img decoding=\"async\" title=\"G\u00f6zenekli Paslanmaz \u00c7elik Filtre\" src=\"https:\/\/img.yfisher.com\/m6076\/1725286980kcb\/jpg70-t3-scale100.webp\" alt=\"G\u00f6zenekli Paslanmaz \u00c7elik Filtre\" border=\"0\" vspace=\"0\" data-lazy=\"1\" \/><\/div>\n<div class=\"text_box\">\n<div class=\"txt font-color d-font-size-fix\">\n<div class=\"numbox\">B\u00f6l\u00fcm.1<\/div>\n<div class=\"title\">\n<p>Toz tane boyutu ve teknik ko\u015fullar, daha geni\u015f bir hassasiyet kapsam\u0131na sahip g\u00f6zenekli paslanmaz \u00e7elik filtre \u00fcretecek \u015fekilde ayarlanabilir.<\/p>\n<\/div>\n<\/div>\n<\/div>\n<\/div>\n<div class=\"item tab_row bg-color-before\">\n<div class=\"img d-font-size-fix\"><img decoding=\"async\" title=\"Paslanmaz \u00c7elik Filtre Kartu\u015fu\" src=\"https:\/\/img.yfisher.com\/m6076\/1725286980nty\/jpg70-t3-scale100.webp\" alt=\"Paslanmaz \u00c7elik Filtre Kartu\u015fu\" border=\"0\" vspace=\"0\" data-lazy=\"1\" \/><\/div>\n<div class=\"text_box\">\n<div class=\"txt font-color d-font-size-fix\">\n<div class=\"numbox\">B\u00f6l\u00fcm.2<\/div>\n<div class=\"title\">Kararl\u0131 \u015fekil, y\u00fcksek darbeye dayan\u0131kl\u0131l\u0131k ve alternatif y\u00fck kapasitesi di\u011fer metallerden \u00fcst\u00fcnd\u00fcr.<\/div>\n<\/div>\n<\/div>\n<\/div>\n<div class=\"item tab_row bg-color-before\">\n<div class=\"img d-font-size-fix\"><img decoding=\"async\" title=\"Metal Filtre Kartu\u015fu\" src=\"https:\/\/img.yfisher.com\/m6076\/17252869809sj\/jpg70-t3-scale100.webp\" alt=\"Metal Filtre Kartu\u015fu\" border=\"0\" vspace=\"0\" data-lazy=\"1\" \/><\/div>\n<div class=\"text_box\">\n<div class=\"txt font-color d-font-size-fix\">\n<div class=\"numbox\">B\u00f6l\u00fcm.3<\/div>\n<div class=\"title\">Farkl\u0131 \u015fekillerde ve hassasiyette farkl\u0131 metal filtre kartu\u015fu \u00fcr\u00fcnleri olarak \u00fcretilebilir. Ayr\u0131ca kaynak i\u015flemi ile \u00e7e\u015fitli aray\u00fczlerle e\u015fle\u015ftirilebilir.<\/div>\n<\/div>\n<\/div>\n<\/div>\n<\/div>\n<\/div>","protected":false},"excerpt":{"rendered":"<table>\n<thead>\n<tr>\n<th>Ba\u015flang\u0131\u00e7 Liman\u0131:<\/th>\n<th>Guangzhou<\/th>\n<\/tr>\n<\/thead>\n<tbody>\n<tr>\n<td>\u00dcretim Kapasitesi:<\/td>\n<td>400 adet\/Ay<\/td>\n<\/tr>\n<tr>\n<td>Men\u015fe Yeri:<\/td>\n<td>Guangdong, \u00c7in<\/td>\n<\/tr>\n<tr>\n<td>\u00d6deme:<\/td>\n<td>D \/ P, T \/ T, Western Union, MoneyGram, Alibaba Ticaret G\u00fcvencesi, paypal<\/td>\n<\/tr>\n<tr>\n<td>ADEDI:<\/td>\n<td>1 birim<\/td>\n<\/tr>\n<tr>\n<td>Teslimat S\u00fcresi:<\/td>\n<td>7 i\u015f g\u00fcn\u00fc i\u00e7erisinde<\/td>\n<\/tr>\n<tr>\n<td>Sertifika:<\/td>\n<td>ISO 9001<\/td>\n<\/tr>\n<tr>\n<td>Marka:<\/td>\n<td>OEM\/Lvyuan<\/td>\n<\/tr>\n<\/tbody>\n<\/table>","protected":false},"featured_media":664,"comment_status":"open","ping_status":"closed","template":"","meta":{"_gspb_post_css":""},"product_brand":[],"product_cat":[17,22],"product_tag":[263,261,266,260,265,259],"class_list":{"0":"post-661","1":"product","2":"type-product","3":"status-publish","4":"has-post-thumbnail","6":"product_cat-sediment-filter","7":"product_cat-sintered-filter-cartridge","8":"product_tag-fast-delivery","9":"product_tag-guangdong-china","10":"product_tag-guangzhou","11":"product_tag-iso-9001","12":"product_tag-lvyuan","13":"product_tag-oem","15":"first","16":"instock","17":"shipping-taxable","18":"product-type-simple"},"_links":{"self":[{"href":"https:\/\/lyfilter.com\/tr\/wp-json\/wp\/v2\/product\/661","targetHints":{"allow":["GET"]}}],"collection":[{"href":"https:\/\/lyfilter.com\/tr\/wp-json\/wp\/v2\/product"}],"about":[{"href":"https:\/\/lyfilter.com\/tr\/wp-json\/wp\/v2\/types\/product"}],"replies":[{"embeddable":true,"href":"https:\/\/lyfilter.com\/tr\/wp-json\/wp\/v2\/comments?post=661"}],"wp:featuredmedia":[{"embeddable":true,"href":"https:\/\/lyfilter.com\/tr\/wp-json\/wp\/v2\/media\/664"}],"wp:attachment":[{"href":"https:\/\/lyfilter.com\/tr\/wp-json\/wp\/v2\/media?parent=661"}],"wp:term":[{"taxonomy":"product_brand","embeddable":true,"href":"https:\/\/lyfilter.com\/tr\/wp-json\/wp\/v2\/product_brand?post=661"},{"taxonomy":"product_cat","embeddable":true,"href":"https:\/\/lyfilter.com\/tr\/wp-json\/wp\/v2\/product_cat?post=661"},{"taxonomy":"product_tag","embeddable":true,"href":"https:\/\/lyfilter.com\/tr\/wp-json\/wp\/v2\/product_tag?post=661"}],"curies":[{"name":"wp","href":"https:\/\/api.w.org\/{rel}","templated":true}]}}