{"id":647,"date":"2025-12-24T03:37:00","date_gmt":"2025-12-24T03:37:00","guid":{"rendered":"https:\/\/lyfilter.com\/?post_type=product&#038;p=647"},"modified":"2025-12-24T06:31:18","modified_gmt":"2025-12-24T06:31:18","slug":"sintered-metal-filters-suppliers-porous-titanium-rod-filter-cartridge-titanium-water-filter","status":"publish","type":"product","link":"https:\/\/lyfilter.com\/tr\/sintered-metal-filters-suppliers-porous-titanium-rod-filter-cartridge-titanium-water-filter\/","title":{"rendered":"Sinterlenmi\u015f metal filtreler tedarik\u00e7ileri g\u00f6zenekli titanyum \u00e7ubuk filtre kartu\u015fu titanyum su filtresi"},"content":{"rendered":"<div class=\"d-tem11-graphic tem11-graphic mockup\" data-detail=\"wrap\">\n<div class=\"tab_row\">\n<div class=\"img\"><img decoding=\"async\" title=\"\" src=\"https:\/\/img.yfisher.com\/m6076\/1725726659fo8\/jpg70-t3-scale100.webp\" alt=\"Sinterlenmi\u015f metal filtreler tedarik\u00e7ileri g\u00f6zenekli titanyum \u00e7ubuk filtre kartu\u015fu 5\" data-lazy=\"2\"><\/div>\n<div class=\"text_box\">\n<div class=\"txt\">\n<div class=\"title\">Sinterlenmi\u015f Titanyum su filtre kartu\u015fu, y\u00fcksek s\u0131cakl\u0131kta sinterleme i\u015flemi ile yap\u0131lan ana hammadde olarak saf titanyum tozuna (99.7% veya daha y\u00fcksek) dayanmaktad\u0131r. D\u00fczg\u00fcn yap\u0131, k\u00fc\u00e7\u00fck g\u00f6zenek yo\u011funlu\u011fu y\u00fcksektir, filtrasyon direnci, iyi ge\u00e7irgenlik. Ayr\u0131ca y\u00fcksek filtrasyon hassasiyetine, asit ve alkali korozyonuna, y\u00fcksek s\u0131cakl\u0131\u011fa dayan\u0131kl\u0131 \u00f6zelli\u011fe sahiptir. Kat\u0131 s\u0131v\u0131, gaz ay\u0131rma ve safla\u015ft\u0131rma i\u00e7in kullan\u0131labilir. Servis performans\u0131 m\u00fckemmeldir, ancak emme filtresi ve pres filtresi, ikincil kirlilik olu\u015fturmaz, basit kullan\u0131m, \u00e7evrimi\u00e7i rejenerasyon olabilir, temizlenmesi kolay ve uzun \u00f6m\u00fcrl\u00fcd\u00fcr.<\/div>\n<\/div>\n<\/div>\n<\/div>\n<\/div>\n<div class=\"er-fangkuang1\">\n<p>\u00a0 \u00dcr\u00fcn \u00d6zelli\u011fi<\/p>\n<div class=\"description\">\n<ul>\n<li style=\"list-style-type: none;\">\n<ul>\n<li><\/li>\n<li><span class=\"font-color\">\u25ea \u00a0\u00a0<\/span>D\u00fczg\u00fcn yap\u0131, dar g\u00f6zenek boyutu da\u011f\u0131l\u0131m\u0131 ve y\u00fcksek ay\u0131rma verimlili\u011fi.<\/li>\n<li><span class=\"font-color\">\u25ea\u00a0 \u00a0<\/span>Y\u00fcksek g\u00f6zeneklilik, filtrasyon direnci daha az ve penetrasyon verimlili\u011fi y\u00fcksektir.<\/li>\n<li><span class=\"font-color\">\u25ea\u00a0 \u00a0<\/span>Y\u00fcksek s\u0131cakl\u0131\u011fa dayan\u0131kl\u0131d\u0131r, normalde 280 derecenin alt\u0131nda kullan\u0131labilir.<\/li>\n<li><span class=\"font-color\">\u25ea\u00a0 \u00a0<\/span>\u0130yi kimyasal stabilite, asit ve alkali korozyon direnci ve oksidasyon direnci.<\/li>\n<\/ul>\n<\/li>\n<\/ul>\n<p><span class=\"font-color\">\u25ea\u00a0 \u00a0<\/span>Hi\u00e7bir partik\u00fcl d\u00fc\u015fmez, konsantrenin ikincil kirlilik olu\u015fturmas\u0131na neden olmaz, g\u0131da hijyeni ve farmas\u00f6tik GMP gerekliliklerine uygundur.<\/p>\n<ul>\n<li><span class=\"font-color\">\u25ea\u00a0 \u00a0<\/span>\u0130yi mekanik performans, emme filtrasyonuna ve pres filtrasyonuna sahip olabilir, basit kullan\u0131m.<\/li>\n<li><span class=\"font-color\">\u25ea\u00a0 \u00a0<\/span>D\u00fc\u015f\u00fck diferansiyel bas\u0131n\u00e7, kapak alan\u0131 k\u00fc\u00e7\u00fckt\u00fcr ve b\u00fcy\u00fck su ak\u0131\u015f h\u0131z\u0131; mekanik performans, emme filtrasyonuna ve pres filtrasyonuna sahip olabilir, basit kullan\u0131m.<\/li>\n<li><span class=\"font-color\">\u25ea\u00a0 \u00a0<\/span>G\u00fc\u00e7l\u00fc antimikrobiyal yetenek, mikrop yok.<\/li>\n<li><span class=\"font-color\">\u25ea\u00a0 \u00a0<\/span>Bitmi\u015f \u00fcr\u00fcn teknolojisi iyidir, toplam uzunlu\u011fun \u00fcst uzunlu\u011fu 1000 mm'ye ula\u015fabilir.<\/li>\n<li><span class=\"font-color\">\u25ea\u00a0 \u00a0<\/span>On-line rejenerasyon yap\u0131labilir, temizlenmesi kolayd\u0131r ve uzun \u00f6m\u00fcrl\u00fcd\u00fcr.<\/li>\n<\/ul>\n<\/div>\n<\/div>\n<div class=\"d-tem04-title text-left d-interval manS\" data-detail=\"wrap\">\n<h2 class=\"heading\">\u00dcr\u00fcn Parametresi<\/h2>\n<\/div>\n<div class=\"table-responsive\">\n<table class=\"table table-bordered table-hover\">\n<tbody>\n<tr class=\"firstRow\">\n<td colspan=\"2\"><strong>Fiter Kartu\u015f boyutlar\u0131<\/strong><\/td>\n<\/tr>\n<tr>\n<td>Uzunluk<\/td>\n<td>5\u2019\u2019 (125mm), 10\u2019\u2019 (250mm), 20\u2019\u2019 (500mm), 30\u2019\u2019 (750mm), 40\u2019\u2019 (1000mm)<\/td>\n<\/tr>\n<tr>\n<td>\u00c7ap<\/td>\n<td>\u00d822, 30, 50, 60, 70, 80, 100, 120mm<\/td>\n<\/tr>\n<tr>\n<td>Di\u011fer boyutlar<\/td>\n<td>M\u00fc\u015fterinin iste\u011fine g\u00f6re \u00f6zelle\u015ftirilebilir.<\/td>\n<\/tr>\n<tr>\n<td colspan=\"2\"><strong>Yap\u0131 malzemesi<\/strong><\/td>\n<\/tr>\n<tr>\n<td>Filtre ortam\u0131<\/td>\n<td>Titanyum<\/td>\n<\/tr>\n<tr>\n<td>Konekt\u00f6r tipi<\/td>\n<td>D\u00fcz, U\u00e7 tipi, Di\u015f tipi, Fin<\/td>\n<\/tr>\n<tr>\n<td>U\u00e7 kapaklar\u0131<\/td>\n<td>DOE, 215, 222, 226, M20, M30, M42 veya iste\u011fe ba\u011fl\u0131 olarak.<\/td>\n<\/tr>\n<tr>\n<td>S\u0131zd\u0131rmazl\u0131k malzemesi<\/td>\n<td>Silikon, NBR, EPDM, Floro kau\u00e7uk, vb.<\/td>\n<\/tr>\n<tr>\n<td colspan=\"2\"><strong>Performans<\/strong><\/td>\n<\/tr>\n<tr>\n<td>Kald\u0131rma oran\u0131<\/td>\n<td>0.1, 0.45, 1, 3, 5, 10, 20, 30, 40, 50, 100um<\/td>\n<\/tr>\n<tr>\n<td>G\u00f6zeneklilik<\/td>\n<td>28-50%<\/td>\n<\/tr>\n<tr>\n<td>S\u0131cakl\u0131k Tolerans\u0131<\/td>\n<td>\u2266 300 \u2103 \u0131slak<\/td>\n<\/tr>\n<tr>\n<td>Ge\u00e7irgenlik<\/td>\n<td>0,02-20L\/cm2 dk Pa<\/td>\n<\/tr>\n<tr>\n<td>Maksimum \u00c7al\u0131\u015fma Bas\u0131nc\u0131 Diferansiyeli<\/td>\n<td>6.0 bar<\/td>\n<\/tr>\n<tr>\n<td>Ak\u0131\u015f h\u0131z\u0131 (L\/H)<\/td>\n<td>180, 200, 250, 280, 300, 350, 500, 800, 1000, 1500, 1600<\/td>\n<\/tr>\n<\/tbody>\n<\/table>\n<\/div>\n<p>\u25c6\u25c6Saf su ak\u0131\u015f h\u0131z\u0131 referans tablosu: 10\u201d sinterlenmi\u015f titanyum kartu\u015fun ba\u015flang\u0131\u00e7 de\u011feri (P=0,2 MPa, 1cP, 25\u2103)<\/p>\n<div class=\"table-responsive\">\n<table class=\"table table-bordered table-hover\">\n<tbody>\n<tr class=\"firstRow\">\n<td>Mikron oran\u0131 (\u03bcm)<\/td>\n<td>0.2<\/td>\n<td>0.45<\/td>\n<td>1<\/td>\n<td>2<\/td>\n<td>3<\/td>\n<td>5<\/td>\n<td>10<\/td>\n<td>20<\/td>\n<td>30<\/td>\n<\/tr>\n<tr>\n<td>Ak\u0131\u015f h\u0131z\u0131 (L\/H)<\/td>\n<td>180<\/td>\n<td>200<\/td>\n<td>250<\/td>\n<td>280<\/td>\n<td>300<\/td>\n<td>350<\/td>\n<td>500<\/td>\n<td>800<\/td>\n<td>1000<\/td>\n<\/tr>\n<\/tbody>\n<\/table>\n<\/div>","protected":false},"excerpt":{"rendered":"<table>\n<thead>\n<tr>\n<th>Ba\u015flang\u0131\u00e7 Liman\u0131:<\/th>\n<th>Guangzhou<\/th>\n<\/tr>\n<\/thead>\n<tbody>\n<tr>\n<td>\u00dcretim Kapasitesi:<\/td>\n<td>400 adet\/Ay<\/td>\n<\/tr>\n<tr>\n<td>Men\u015fe Yeri:<\/td>\n<td>Guangdong, \u00c7in<\/td>\n<\/tr>\n<tr>\n<td>\u00d6deme:<\/td>\n<td>T \/ T, Alibaba Ticaret G\u00fcvencesi, paypal<\/td>\n<\/tr>\n<tr>\n<td>ADEDI:<\/td>\n<td>10 adet<\/td>\n<\/tr>\n<tr>\n<td>Model:<\/td>\n<td>LY-TIC<\/td>\n<\/tr>\n<tr>\n<td>Teslimat S\u00fcresi:<\/td>\n<td>7 ila 15 i\u015f g\u00fcn\u00fc i\u00e7inde<\/td>\n<\/tr>\n<tr>\n<td>Sertifika:<\/td>\n<td>SGS, ISO 9001<\/td>\n<\/tr>\n<tr>\n<td>Marka:<\/td>\n<td>OEM\/Lvyuan<\/td>\n<\/tr>\n<\/tbody>\n<\/table>","protected":false},"featured_media":651,"comment_status":"open","ping_status":"closed","template":"","meta":{"_gspb_post_css":""},"product_brand":[],"product_cat":[17,22],"product_tag":[266,260,265,277,259,269],"class_list":{"0":"post-647","1":"product","2":"type-product","3":"status-publish","4":"has-post-thumbnail","6":"product_cat-sediment-filter","7":"product_cat-sintered-filter-cartridge","8":"product_tag-guangzhou","9":"product_tag-iso-9001","10":"product_tag-lvyuan","11":"product_tag-ly-tic","12":"product_tag-oem","13":"product_tag-sgs","15":"first","16":"instock","17":"shipping-taxable","18":"product-type-simple"},"_links":{"self":[{"href":"https:\/\/lyfilter.com\/tr\/wp-json\/wp\/v2\/product\/647","targetHints":{"allow":["GET"]}}],"collection":[{"href":"https:\/\/lyfilter.com\/tr\/wp-json\/wp\/v2\/product"}],"about":[{"href":"https:\/\/lyfilter.com\/tr\/wp-json\/wp\/v2\/types\/product"}],"replies":[{"embeddable":true,"href":"https:\/\/lyfilter.com\/tr\/wp-json\/wp\/v2\/comments?post=647"}],"wp:featuredmedia":[{"embeddable":true,"href":"https:\/\/lyfilter.com\/tr\/wp-json\/wp\/v2\/media\/651"}],"wp:attachment":[{"href":"https:\/\/lyfilter.com\/tr\/wp-json\/wp\/v2\/media?parent=647"}],"wp:term":[{"taxonomy":"product_brand","embeddable":true,"href":"https:\/\/lyfilter.com\/tr\/wp-json\/wp\/v2\/product_brand?post=647"},{"taxonomy":"product_cat","embeddable":true,"href":"https:\/\/lyfilter.com\/tr\/wp-json\/wp\/v2\/product_cat?post=647"},{"taxonomy":"product_tag","embeddable":true,"href":"https:\/\/lyfilter.com\/tr\/wp-json\/wp\/v2\/product_tag?post=647"}],"curies":[{"name":"wp","href":"https:\/\/api.w.org\/{rel}","templated":true}]}}