{"id":643,"date":"2025-12-24T03:34:26","date_gmt":"2025-12-24T03:34:26","guid":{"rendered":"https:\/\/lyfilter.com\/?post_type=product&#038;p=643"},"modified":"2025-12-24T06:38:59","modified_gmt":"2025-12-24T06:38:59","slug":"ss-sintered-filter-cartridge-metal-mesh-filter-suppliers","status":"publish","type":"product","link":"https:\/\/lyfilter.com\/tr\/ss-sintered-filter-cartridge-metal-mesh-filter-suppliers\/","title":{"rendered":"SS Sinterlenmi\u015f Filtre Kartu\u015fu metal \u00f6rg\u00fc filtre Tedarik\u00e7iler"},"content":{"rendered":"<div class=\"d-tem11-graphic tem11-graphic mockup\" data-detail=\"wrap\">\n<div class=\"tab_row\">\n<div class=\"img\"><\/div>\n<div class=\"text_box\">\n<div class=\"txt\">\n<div class=\"title\">\n<p>Paslanmaz \u00e7elik filtre eleman\u0131, geni\u015f bir filtreleme alan\u0131 ve y\u00fcksek ak\u0131\u015f h\u0131z\u0131 elde edebilir. Kartu\u015f \u00f6mr\u00fcn\u00fc uzat\u0131r ve daha fazla kir tutma kapasitesine sahiptir.<\/p>\n<p>Ayr\u0131ca, paslanmaz \u00e7elik filtre kartu\u015flar\u0131 temizlenebilir ve yeniden kullan\u0131labilir uygulamalar i\u00e7in tasarlanm\u0131\u015ft\u0131r, b\u00f6ylece s\u0131k kartu\u015f de\u011fi\u015fimini ortadan kald\u0131r\u0131r, b\u00f6ylece bertaraf maliyetini \u00f6nemli \u00f6l\u00e7\u00fcde azaltabilir.<\/p>\n<p>Standart olmayan Paslanmaz \u00e7elik filtre kartu\u015flar\u0131, \u00e7e\u015fitli boyut, u\u00e7 kapa\u011f\u0131, d\u0131\u015f kafes deseni vb. ile kolayca \u00f6zelle\u015ftirilebilir. M\u00fc\u015fteri bize ss filtre kartu\u015funun resmini ve \u00e7izimini verdi\u011fi s\u00fcrece, size tam ss filtre eleman\u0131n\u0131 \u00f6zel olarak yapabiliriz.<\/p>\n<\/div>\n<\/div>\n<\/div>\n<\/div>\n<\/div>\n<div class=\"er-fangkuang1\">\n<p>\u25c6\u25c6 Sinterlenmi\u015f Paslanmaz \u00c7elik Filtre Kartu\u015flar\u0131, y\u00fcksek s\u0131cakl\u0131k, y\u00fcksek diferansiyel bas\u0131n\u00e7 ve y\u00fcksek viskozite uygulamalar\u0131 i\u00e7in m\u00fckemmel se\u00e7imdir. 304, 316 veya 316L malzemeden \u00fcretilen, end\u00fcstride yayg\u0131n olarak kullan\u0131lan ba\u015fl\u0131ca 3 tip paslanmaz \u00e7elik kartu\u015f tasar\u0131m\u0131 vard\u0131r.<\/p>\n<p>1. D\u00fcz silindirik tasar\u0131ml\u0131 SS wiremesh filtre kartu\u015fu.<br \/>\n2. Pileli konfig\u00fcrasyon tasar\u0131m\u0131 SS katlanm\u0131\u015f a\u011f filtre kartu\u015fu.<br \/>\n3. Sinterlenmi\u015f SS316 metal tozu tipi SS filtre kartu\u015fu.<\/p>\n<\/div>\n<div class=\"er-fangkuang1\">\n<p>\u00a0 \u00dcr\u00fcn \u00d6zelli\u011fi<\/p>\n<div class=\"description\">\n<ul>\n<li><span class=\"font-color\">\u00a0<\/span>M\u00fckemmel mekanik dayan\u0131m.<\/li>\n<li>Y\u00fcksek kir tutma kapasitesi.<\/li>\n<li><span class=\"font-color\">\u00a0<\/span>Y\u00fcksek bas\u0131n\u00e7 direnci, dayanma kapasitesi ve d\u00fc\u015f\u00fck bas\u0131n\u00e7 d\u00fc\u015f\u00fc\u015f\u00fc.<\/li>\n<li>73\u00b0C ila 480\u00b0C aras\u0131 s\u0131cakl\u0131k de\u011ferleri.<\/li>\n<li>Nominal 2um'dan 1000um'a kadar \u00e7e\u015fitli mikron de\u011ferleri mevcuttur.<\/li>\n<li>Uzun hizmet \u00f6mr\u00fc i\u00e7in geri y\u0131kama ve temizlenebilir.<\/li>\n<li>Geni\u015f kimyasal uyumluluk i\u00e7in g\u00fc\u00e7l\u00fc korozyon direnci.<\/li>\n<li>Y\u00fcksek ge\u00e7irgenlik, ortam g\u00f6\u00e7\u00fc yok.<\/li>\n<li>\u00d6zel boyutlar kabul edilir.<\/li>\n<\/ul>\n<\/div>\n<\/div>\n<div class=\"d-tem04-title text-left d-interval manS\" data-detail=\"wrap\">\n<h2 class=\"heading\">\u00dcr\u00fcn Parametresi<\/h2>\n<\/div>\n<div class=\"table-responsive\">\n<table class=\"table table-bordered table-hover\">\n<tbody>\n<tr class=\"firstRow\">\n<td colspan=\"2\"><strong>Fiter Kartu\u015f boyutlar\u0131<\/strong><\/td>\n<\/tr>\n<tr>\n<td>Uzunluk<\/td>\n<td>5\u2019\u2019 (125mm), 10\u2019\u2019 (250mm), 20\u2019\u2019 (500mm), 30\u2019\u2019 (750mm), 40\u2019\u2019 (1000mm)<\/td>\n<\/tr>\n<tr>\n<td>\u00c7ap<\/td>\n<td>\u00d825, 30, 50, 60, 65, 70mm<\/td>\n<\/tr>\n<tr>\n<td>Di\u011fer boyutlar<\/td>\n<td>M\u00fc\u015fterinin iste\u011fine g\u00f6re \u00f6zelle\u015ftirilebilir.<\/td>\n<\/tr>\n<tr>\n<td colspan=\"2\"><strong>Yap\u0131 malzemesi<\/strong><\/td>\n<\/tr>\n<tr>\n<td>Filtre ortam\u0131<\/td>\n<td>SUS304, 316\uff0c 316L paslanmaz \u00e7elik<\/td>\n<\/tr>\n<tr>\n<td>Konekt\u00f6r tipi<\/td>\n<td>D\u00fcz, U\u00e7 tipi, Di\u015f tipi, Fin<\/td>\n<\/tr>\n<tr>\n<td>U\u00e7 kapaklar\u0131<\/td>\n<td>DOE, SOE, 215, 222, 226, M20, M30, M42, 1\u2019\u2019 NPT\/BSP veya iste\u011fe ba\u011fl\u0131 olarak.<\/td>\n<\/tr>\n<tr>\n<td>D\u0131\u015f koruma a\u011f\u0131<\/td>\n<td>Opsiyonel<\/td>\n<\/tr>\n<tr>\n<td>S\u0131zd\u0131rmazl\u0131k malzemesi<\/td>\n<td>Silikon, NBR, EPDM, Buna, Teflon, vb.<\/td>\n<\/tr>\n<tr>\n<td colspan=\"2\"><strong>Performans<\/strong><\/td>\n<\/tr>\n<tr>\n<td>Kald\u0131rma oran\u0131<\/td>\n<td>1, 3, 5, 10, 20, 30, 40, 50, 100um, vb.<\/td>\n<\/tr>\n<tr>\n<td>Etkin Y\u00fczey Alan\u0131<\/td>\n<td>10\u2033 kartu\u015f eleman\u0131 ba\u015f\u0131na 0,65 metrekare<\/td>\n<\/tr>\n<tr>\n<td>\u00c7al\u0131\u015fma S\u0131cakl\u0131\u011f\u0131<\/td>\n<td>\u2266 480\u2103<\/td>\n<\/tr>\n<tr>\n<td>Temizleme y\u00f6ntemi<\/td>\n<td>geri y\u0131kama, ultrasonik veya di\u011fer a\u015f\u0131nd\u0131r\u0131c\u0131 olmayan temizlik<\/td>\n<\/tr>\n<tr>\n<td>Maksimum \u00c7al\u0131\u015fma Bas\u0131nc\u0131 Diferansiyeli<\/td>\n<td>4.0 bar<\/td>\n<\/tr>\n<\/tbody>\n<\/table>\n<\/div>\n<div class=\"d-tem04-title text-left d-interval manS\" data-detail=\"wrap\">\n<h2 class=\"heading\">\u00dcr\u00fcn Detaylar\u0131<\/h2>\n<\/div>\n<div class=\"d-tem05-technology mockup\" data-detail=\"wrap\">\n<div class=\"items\">\n<div class=\"item tab_row bg-color-before\">\n<div class=\"text_box\">\n<div class=\"txt font-color d-font-size-fix\">\n<div class=\"numbox\">B\u00f6l\u00fcm.1<\/div>\n<div class=\"title\">Koruyucu tabaka, filtre tabakas\u0131, dispersiyon tabakas\u0131, 1. takviye tabakas\u0131 ve 2. takviye tabakas\u0131 dahil olmak \u00fczere y\u00fcksek kir tutma kapasitesi i\u00e7in 5 kat sinterlenmi\u015f paslanmaz \u00e7elik a\u011f.<\/div>\n<\/div>\n<\/div>\n<\/div>\n<div class=\"item tab_row bg-color-before\">\n<div class=\"img d-font-size-fix\"><img decoding=\"async\" title=\"\" src=\"https:\/\/img.yfisher.com\/m6076\/1725726657xnp\/jpg70-t3-scale100.webp\" alt=\"SS Sinterlenmi\u015f Filtre Kartu\u015fu metal \u00f6rg\u00fc filtre Tedarik\u00e7iler 6\" data-lazy=\"1\"><\/div>\n<div class=\"text_box\">\n<div class=\"txt font-color d-font-size-fix\">\n<div class=\"numbox\">B\u00f6l\u00fcm.2<\/div>\n<div class=\"title\">Pileli y\u00fczeyin ezilmesini ve hasar g\u00f6rmesini \u00f6nlemek i\u00e7in d\u0131\u015f koruma paslanmaz a\u011f iste\u011fe ba\u011fl\u0131d\u0131r.<\/div>\n<\/div>\n<\/div>\n<\/div>\n<div class=\"item tab_row bg-color-before\">\n<div class=\"img d-font-size-fix\"><img decoding=\"async\" title=\"\" src=\"https:\/\/img.yfisher.com\/m6076\/1725726657v6o\/jpg70-t3-scale100.webp\" alt=\"SS Sinterlenmi\u015f Filtre Kartu\u015fu metal \u00f6rg\u00fc filtre Tedarik\u00e7iler 7\" data-lazy=\"1\"><\/div>\n<div class=\"text_box\">\n<div class=\"txt font-color d-font-size-fix\">\n<div class=\"numbox\">B\u00f6l\u00fcm.3<\/div>\n<div class=\"title\">\u00c7e\u015fitli boyutlar ve \u00e7e\u015fitli u\u00e7 kapaklar\u0131 mevcuttur.<\/div>\n<\/div>\n<\/div>\n<\/div>\n<\/div>\n<\/div>","protected":false},"excerpt":{"rendered":"<table>\n<thead>\n<tr>\n<th>Ba\u015flang\u0131\u00e7 Liman\u0131:<\/th>\n<th>Guangzhou<\/th>\n<\/tr>\n<\/thead>\n<tbody>\n<tr>\n<td>\u00dcretim Kapasitesi:<\/td>\n<td>400 adet\/Ay<\/td>\n<\/tr>\n<tr>\n<td>Men\u015fe Yeri:<\/td>\n<td>Guangdong, \u00c7in<\/td>\n<\/tr>\n<tr>\n<td>\u00d6deme:<\/td>\n<td>T \/ T, Alibaba Ticaret G\u00fcvencesi, paypal<\/td>\n<\/tr>\n<tr>\n<td>ADEDI:<\/td>\n<td>10 adet<\/td>\n<\/tr>\n<tr>\n<td>Teslimat S\u00fcresi:<\/td>\n<td>7 ila 15 i\u015f g\u00fcn\u00fc i\u00e7inde<\/td>\n<\/tr>\n<tr>\n<td>Sertifika:<\/td>\n<td>SGS, ISO 9001<\/td>\n<\/tr>\n<tr>\n<td>Marka:<\/td>\n<td>OEM\/Lvyuan<\/td>\n<\/tr>\n<\/tbody>\n<\/table>","protected":false},"featured_media":646,"comment_status":"open","ping_status":"closed","template":"","meta":{"_gspb_post_css":""},"product_brand":[],"product_cat":[17,22],"product_tag":[261,266,260,265,259,269],"class_list":{"0":"post-643","1":"product","2":"type-product","3":"status-publish","4":"has-post-thumbnail","6":"product_cat-sediment-filter","7":"product_cat-sintered-filter-cartridge","8":"product_tag-guangdong-china","9":"product_tag-guangzhou","10":"product_tag-iso-9001","11":"product_tag-lvyuan","12":"product_tag-oem","13":"product_tag-sgs","15":"first","16":"instock","17":"shipping-taxable","18":"product-type-simple"},"_links":{"self":[{"href":"https:\/\/lyfilter.com\/tr\/wp-json\/wp\/v2\/product\/643","targetHints":{"allow":["GET"]}}],"collection":[{"href":"https:\/\/lyfilter.com\/tr\/wp-json\/wp\/v2\/product"}],"about":[{"href":"https:\/\/lyfilter.com\/tr\/wp-json\/wp\/v2\/types\/product"}],"replies":[{"embeddable":true,"href":"https:\/\/lyfilter.com\/tr\/wp-json\/wp\/v2\/comments?post=643"}],"wp:featuredmedia":[{"embeddable":true,"href":"https:\/\/lyfilter.com\/tr\/wp-json\/wp\/v2\/media\/646"}],"wp:attachment":[{"href":"https:\/\/lyfilter.com\/tr\/wp-json\/wp\/v2\/media?parent=643"}],"wp:term":[{"taxonomy":"product_brand","embeddable":true,"href":"https:\/\/lyfilter.com\/tr\/wp-json\/wp\/v2\/product_brand?post=643"},{"taxonomy":"product_cat","embeddable":true,"href":"https:\/\/lyfilter.com\/tr\/wp-json\/wp\/v2\/product_cat?post=643"},{"taxonomy":"product_tag","embeddable":true,"href":"https:\/\/lyfilter.com\/tr\/wp-json\/wp\/v2\/product_tag?post=643"}],"curies":[{"name":"wp","href":"https:\/\/api.w.org\/{rel}","templated":true}]}}