{"id":633,"date":"2025-12-24T03:28:01","date_gmt":"2025-12-24T03:28:01","guid":{"rendered":"https:\/\/lyfilter.com\/?post_type=product&#038;p=633"},"modified":"2026-04-22T00:51:55","modified_gmt":"2026-04-22T00:51:55","slug":"sintered-activated-carbon-block-filter-cartridge-customized-specification-activated-carbon-water-filter","status":"publish","type":"product","link":"https:\/\/lyfilter.com\/tr\/sintered-activated-carbon-block-filter-cartridge-customized-specification-activated-carbon-water-filter\/","title":{"rendered":"Sinterlenmi\u015f Aktif Karbon Blok filtre kartu\u015fu \u00d6zelle\u015ftirilmi\u015f \u015eartname aktif karbon su filtresi"},"content":{"rendered":"<div class=\"d-tem11-graphic tem11-graphic mockup\" data-detail=\"wrap\">\n<div class=\"tab_row\">\n<div class=\"img\"><img decoding=\"async\" title=\"\" src=\"https:\/\/img.yfisher.com\/m6076\/1725726651oda\/jpg70-t3-scale100.webp\" alt=\"Sinterlenmi\u015f Aktif Karbon Blok filtre kartu\u015fu 5\" data-lazy=\"2\"><\/div>\n<div class=\"text_box\">\n<div class=\"txt\">\n<div class=\"title\">Lvyuan sinterlenmi\u015f karbon blok filtre kartu\u015fu, hindistan cevizi kabu\u011fu, k\u00f6m\u00fcr gibi y\u00fcksek kaliteli ve y\u00fcksek iyot de\u011ferli aktif karbon malzemelerden yap\u0131lm\u0131\u015ft\u0131r. Sinterleme kal\u0131plama tipi CTO karbon blok filtreler g\u00fc\u00e7l\u00fc adsorpsiyon kabiliyetine ve iyi sert yap\u0131ya sahiptir. Sinterlenmi\u015f karbon blok filtre kartu\u015fu y\u00fcksek filtrasyon verimlili\u011fine sahiptir. Klor, k\u00f6t\u00fc tat ve koku, kloramin, tortu, organik kimyasal ve a\u011f\u0131r metal vb. giderebilir. Dahas\u0131, sinterlenmi\u015f karbon blok filtreler, normal ekstr\u00fcde tip CTO karbon su filtresi kartu\u015flar\u0131na g\u00f6re daha uzun hizmet \u00f6mr\u00fc ile daha kararl\u0131 ve daha g\u00fcvenilirdir.<\/div>\n<\/div>\n<\/div>\n<\/div>\n<\/div>\n<div class=\"er-fangkuang1\">\n<p>\u00a0 \u00dcr\u00fcn \u00d6zelli\u011fi<\/p>\n<div class=\"description\">\n<ul>\n<li><span class=\"font-color\">\u25ea \u00a0\u00a0<\/span>Geni\u015f filtrasyon alan\u0131, g\u00fc\u00e7l\u00fc emme kapasitesi, y\u00fcksek ak\u0131\u015f h\u0131z\u0131.<\/li>\n<li><span class=\"font-color\">\u25ea\u00a0 \u00a0<\/span>Y\u00fcksek kir tutma kapasitesi, d\u00fc\u015f\u00fck damlama, y\u00fcksek filtrasyon verimlili\u011fi.<\/li>\n<li><span class=\"font-color\">\u25ea\u00a0 \u00a0<\/span>T\u00fcm standart filtre yuvalar\u0131na veya spor \u015fi\u015felerine uyar.<\/li>\n<li><span class=\"font-color\">\u25ea\u00a0 \u00a0<\/span>Y\u00fcksek iyot de\u011ferli aktif karbon malzemeler<\/li>\n<li><span class=\"font-color\">\u25ea\u00a0 \u00a0<\/span>K\u00f6t\u00fc kokular\u0131, renkleri, klorlu bile\u015fikleri, VOCS ve THMS'yi etkili bir \u015fekilde giderir;<\/li>\n<li><span class=\"font-color\">\u25ea\u00a0 \u00a0<\/span>Uzun hizmet \u00f6mr\u00fc<\/li>\n<\/ul>\n<\/div>\n<\/div>\n<div class=\"d-tem04-title text-left d-interval manS\" data-detail=\"wrap\">\n<h2 class=\"heading\">\u00dcr\u00fcn Parametresi<\/h2>\n<\/div>\n<div class=\"table-responsive\">\n<table class=\"table table-bordered table-hover\">\n<tbody>\n<tr class=\"firstRow\">\n<td colspan=\"2\" align=\"left\" valign=\"top\"><strong>Fiter Kartu\u015f boyutlar\u0131<\/strong><\/td>\n<\/tr>\n<tr>\n<td>D\u0131\u015f \u00e7ap<\/td>\n<td>14, 16, 19, 25, 28, 30, 35, 38, 40, 45, 46, 50, 53, 55, 60, 63, 64, 67, 70, 76, 90, 96.5, 103, 105, 121mm<\/td>\n<\/tr>\n<tr>\n<td>\u0130\u00e7 \u00e7ap<\/td>\n<td>6, 8, 10, 12, 14, 16, 18, 20, 22, 25, 28, 30, 32, 35, 38, 40, 45, 50mm<\/td>\n<\/tr>\n<tr>\n<td>Uzunluk<\/td>\n<td>5\u2019\u2019 (125mm), 10\u2019\u2019 (250mm), 20\u2019\u2019 (500mm), 30\u2019\u2019 (750mm), 40\u2019\u2019 (1000mm)<\/td>\n<\/tr>\n<tr>\n<td>Di\u011fer boyutlar<\/td>\n<td>M\u00fc\u015fterinin iste\u011fine g\u00f6re \u00f6zelle\u015ftirilebilir.<\/td>\n<\/tr>\n<tr>\n<td colspan=\"2\" align=\"left\" valign=\"top\"><strong>Yap\u0131 malzemesi<\/strong><\/td>\n<\/tr>\n<tr>\n<td>Filtre ortam\u0131<\/td>\n<td>Hindistan cevizi kabu\u011fu karbonu, k\u00f6m\u00fcr karbonu<\/td>\n<\/tr>\n<tr>\n<td>Enc kapaklar\u0131<\/td>\n<td>Polipropilen<\/td>\n<\/tr>\n<tr>\n<td>Netle\u015ftirme<\/td>\n<td>Polipropilen<\/td>\n<\/tr>\n<tr>\n<td>Conta\/boru malzemesi<\/td>\n<td>Silikon, EPDM, NBR, Viton<\/td>\n<\/tr>\n<tr>\n<td colspan=\"2\" align=\"left\" valign=\"top\"><strong>Performans<\/strong><\/td>\n<\/tr>\n<tr>\n<td>Kald\u0131rma oran\u0131<\/td>\n<td>5, 10, 25 um<\/td>\n<\/tr>\n<tr>\n<td>Maksimum \u00c7al\u0131\u015fma S\u0131cakl\u0131\u011f\u0131<\/td>\n<td>\u2266 80\u2103<\/td>\n<\/tr>\n<tr>\n<td>Maksimum \u00c7al\u0131\u015fma Bas\u0131nc\u0131<\/td>\n<td>10 bar<\/td>\n<\/tr>\n<tr>\n<td>Maksimum diferansiyel bas\u0131n\u00e7<\/td>\n<td>25\u00b0C'de 7 bar<\/td>\n<\/tr>\n<\/tbody>\n<\/table>\n<\/div>\n<div class=\"d-tem04-title text-left d-interval manS\" data-detail=\"wrap\">\n<h2 class=\"heading\">\u00dcr\u00fcn Detaylar\u0131<\/h2>\n<\/div>\n<div class=\"d-tem05-technology mockup\" data-detail=\"wrap\">\n<div class=\"items\">\n<div class=\"item tab_row bg-color-before\">\n<div class=\"img d-font-size-fix\"><img decoding=\"async\" title=\"\" src=\"https:\/\/img.yfisher.com\/m6076\/1725726651z3g\/jpg70-t3-scale100.webp\" alt=\"Sinterlenmi\u015f Aktif Karbon Blok filtre kartu\u015fu 6\" data-lazy=\"2\"><\/div>\n<div class=\"text_box\">\n<div class=\"txt font-color d-font-size-fix\">\n<div class=\"numbox\">B\u00f6l\u00fcm.1<\/div>\n<div class=\"title\">\u00c7e\u015fitli boyutlar. Boyut iste\u011fe g\u00f6re \u00f6zelle\u015ftirilebilir.<\/div>\n<\/div>\n<\/div>\n<\/div>\n<div class=\"item tab_row bg-color-before\">\n<div class=\"img d-font-size-fix\"><img decoding=\"async\" title=\"\" src=\"https:\/\/img.yfisher.com\/m6076\/1725726651zjx\/jpg70-t3-scale100.webp\" alt=\"Sinterlenmi\u015f Aktif Karbon Blok filtre kartu\u015fu 7\" data-lazy=\"2\"><\/div>\n<div class=\"text_box\">\n<div class=\"txt font-color d-font-size-fix\">\n<div class=\"numbox\">B\u00f6l\u00fcm.2<\/div>\n<div class=\"title\">Sinterlenmi\u015f Aktif karbonun PP eriyik \u00fcflemeli filtre medyas\u0131 ile kombinasyonu (iste\u011fe ba\u011fl\u0131).<\/div>\n<\/div>\n<\/div>\n<\/div>\n<div class=\"item tab_row bg-color-before\">\n<div class=\"img d-font-size-fix\"><img decoding=\"async\" title=\"\" src=\"https:\/\/img.yfisher.com\/m6076\/1725726651ofi\/jpg70-t3-scale100.webp\" alt=\"Sinterlenmi\u015f Aktif Karbon Blok filtre kartu\u015fu 8\" data-lazy=\"2\"><\/div>\n<div class=\"text_box\">\n<div class=\"txt font-color d-font-size-fix\">\n<div class=\"numbox\">B\u00f6l\u00fcm.3<\/div>\n<div class=\"title\">Yenilik\u00e7i teknoloji, sinterlenmi\u015f karbon filtre i\u015flevlerini kire\u00e7 \u00f6nleme, a\u011f\u0131r metal giderme, anti-bakteriyel, flor ve amonyak azotu giderme vb.<\/div>\n<\/div>\n<\/div>\n<\/div>\n<div class=\"d-tem04-title text-left d-interval manS\" data-detail=\"wrap\">\n<h2 class=\"heading\">\u00dcr\u00fcn Uygulamalar\u0131<\/h2>\n<\/div>\n<div class=\"d-tem15-graphic mockup\" data-detail=\"wrap\">\n<div class=\"clearfix d-clearfix\">\n<div class=\"col-sm-12 col-md-4 col-xs-6\">\n<div class=\"thumbnail\"><img decoding=\"async\" title=\"\" src=\"https:\/\/img.yfisher.com\/m6076\/172572665131t\/jpg70-t3-scale100.webp\" alt=\"Sinterlenmi\u015f Aktif Karbon Blok filtre kartu\u015fu 9\" data-lazy=\"2\"><\/div>\n<div class=\"description\">Su ar\u0131tma<\/div>\n<\/div>\n<div class=\"col-sm-12 col-md-4 col-xs-6\">\n<div class=\"thumbnail\"><img decoding=\"async\" title=\"\" src=\"https:\/\/img.yfisher.com\/m6076\/17257266517x1\/jpg70-t3-scale100.webp\" alt=\"Sinterlenmi\u015f Aktif Karbon Blok filtre kartu\u015fu 10\" data-lazy=\"2\"><\/div>\n<div class=\"description\">Hava ve gaz ar\u0131tma<\/div>\n<\/div>\n<div class=\"col-sm-12 col-md-4 col-xs-6\">\n<div class=\"thumbnail\"><img decoding=\"async\" title=\"\" src=\"https:\/\/img.yfisher.com\/m6076\/1725726651qv5\/jpg70-t3-scale100.webp\" alt=\"Sinterlenmi\u015f Aktif Karbon Blok filtre kartu\u015fu 11\" data-lazy=\"2\"><\/div>\n<div class=\"description\">\u0130la\u00e7lar ve t\u0131bbi \u00fcr\u00fcnler<\/div>\n<\/div>\n<\/div>\n<\/div>\n<div class=\"d-tem15-graphic mockup\" data-detail=\"wrap\">\n<div class=\"clearfix d-clearfix\">\n<div class=\"col-sm-12 col-md-4 col-xs-6\">\n<div class=\"thumbnail\"><img decoding=\"async\" title=\"\" src=\"https:\/\/img.yfisher.com\/m6076\/1725726651xzi\/jpg70-t3-scale100.webp\" alt=\"Sinterlenmi\u015f Aktif Karbon Blok filtre kartu\u015fu 12\" data-lazy=\"2\"><\/div>\n<div class=\"description\">G\u0131da ve i\u00e7ecek i\u015fleme<\/div>\n<\/div>\n<div class=\"col-sm-12 col-md-4 col-xs-6\">\n<div class=\"thumbnail\"><img decoding=\"async\" title=\"\" src=\"https:\/\/img.yfisher.com\/m6076\/17257266517ey\/jpg70-t3-scale100.webp\" alt=\"Sinterlenmi\u015f Aktif Karbon Blok filtre kartu\u015fu 13\" data-lazy=\"2\"><\/div>\n<div class=\"description\">Otomotiv<\/div>\n<\/div>\n<div class=\"col-sm-12 col-md-4 col-xs-6\">\n<div class=\"thumbnail\"><img decoding=\"async\" title=\"\" src=\"https:\/\/img.yfisher.com\/m6076\/1725726651ig2\/jpg70-t3-scale100.webp\" alt=\"Sinterlenmi\u015f Aktif Karbon Blok filtre kartu\u015fu 14\" data-lazy=\"2\"><\/div>\n<div class=\"description\">Kaplama End\u00fcstrisi<\/div>\n<\/div>\n<\/div>\n<\/div>\n<\/div>\n<\/div>","protected":false},"excerpt":{"rendered":"<table>\n<thead>\n<tr>\n<th>Ba\u015flang\u0131\u00e7 Liman\u0131:<\/th>\n<th>Guangzhou<\/th>\n<\/tr>\n<\/thead>\n<tbody>\n<tr>\n<td>\u00dcretim Kapasitesi:<\/td>\n<td>5000 adet\/Ay<\/td>\n<\/tr>\n<tr>\n<td>Men\u015fe Yeri:<\/td>\n<td>Guangdong, \u00c7in<\/td>\n<\/tr>\n<tr>\n<td>\u00d6deme:<\/td>\n<td>T \/ T, Alibaba Ticaret G\u00fcvencesi, paypal<\/td>\n<\/tr>\n<tr>\n<td>ADEDI:<\/td>\n<td>10 adet<\/td>\n<\/tr>\n<tr>\n<td>Teslimat S\u00fcresi:<\/td>\n<td>7 ila 15 i\u015f g\u00fcn\u00fc i\u00e7inde<\/td>\n<\/tr>\n<tr>\n<td>Sertifika:<\/td>\n<td>SGS, ISO 9001<\/td>\n<\/tr>\n<tr>\n<td>Marka:<\/td>\n<td>LVYUAN<\/td>\n<\/tr>\n<\/tbody>\n<\/table>","protected":false},"featured_media":634,"comment_status":"open","ping_status":"closed","template":"","meta":{"_gspb_post_css":""},"product_brand":[],"product_cat":[17,22],"product_tag":[275,261,266,260,265,269],"class_list":{"0":"post-633","1":"product","2":"type-product","3":"status-publish","4":"has-post-thumbnail","6":"product_cat-sediment-filter","7":"product_cat-sintered-filter-cartridge","8":"product_tag-fast-shipping","9":"product_tag-guangdong-china","10":"product_tag-guangzhou","11":"product_tag-iso-9001","12":"product_tag-lvyuan","13":"product_tag-sgs","15":"first","16":"instock","17":"shipping-taxable","18":"product-type-simple"},"_links":{"self":[{"href":"https:\/\/lyfilter.com\/tr\/wp-json\/wp\/v2\/product\/633","targetHints":{"allow":["GET"]}}],"collection":[{"href":"https:\/\/lyfilter.com\/tr\/wp-json\/wp\/v2\/product"}],"about":[{"href":"https:\/\/lyfilter.com\/tr\/wp-json\/wp\/v2\/types\/product"}],"replies":[{"embeddable":true,"href":"https:\/\/lyfilter.com\/tr\/wp-json\/wp\/v2\/comments?post=633"}],"wp:featuredmedia":[{"embeddable":true,"href":"https:\/\/lyfilter.com\/tr\/wp-json\/wp\/v2\/media\/634"}],"wp:attachment":[{"href":"https:\/\/lyfilter.com\/tr\/wp-json\/wp\/v2\/media?parent=633"}],"wp:term":[{"taxonomy":"product_brand","embeddable":true,"href":"https:\/\/lyfilter.com\/tr\/wp-json\/wp\/v2\/product_brand?post=633"},{"taxonomy":"product_cat","embeddable":true,"href":"https:\/\/lyfilter.com\/tr\/wp-json\/wp\/v2\/product_cat?post=633"},{"taxonomy":"product_tag","embeddable":true,"href":"https:\/\/lyfilter.com\/tr\/wp-json\/wp\/v2\/product_tag?post=633"}],"curies":[{"name":"wp","href":"https:\/\/api.w.org\/{rel}","templated":true}]}}