{"id":627,"date":"2025-12-24T03:24:18","date_gmt":"2025-12-24T03:24:18","guid":{"rendered":"https:\/\/lyfilter.com\/?post_type=product&#038;p=627"},"modified":"2025-12-24T06:49:44","modified_gmt":"2025-12-24T06:49:44","slug":"ptfe-membrane-pleated-water-filter-cartridge-with-internal-stainless-steel-reinforcing-ring","status":"publish","type":"product","link":"https:\/\/lyfilter.com\/tr\/ptfe-membrane-pleated-water-filter-cartridge-with-internal-stainless-steel-reinforcing-ring\/","title":{"rendered":"Dahili paslanmaz \u00e7elik takviye halkal\u0131 PTFE membranl\u0131 pileli su filtresi kartu\u015fu"},"content":{"rendered":"<div class=\"d-tem11-graphic tem11-graphic mockup\" data-detail=\"wrap\">\n<div class=\"tab_row\">\n<div class=\"img\"><img decoding=\"async\" title=\"\" src=\"https:\/\/img.yfisher.com\/m6076\/17252869725dl\/jpg70-t3-scale100.webp\" alt=\"Dahili paslanmaz \u00e7elik takviye halkal\u0131 PTFE membran pileli su filtresi kartu\u015fu 6\" data-lazy=\"2\"><\/div>\n<div class=\"text_box\">\n<div class=\"txt\">\n<div class=\"title\">PTFE membran kartu\u015f filtre ithal do\u011fal malzemeden \u00fcretilmi\u015ftir<br \/>\nhidrofobik PTFE (Polytetrafluoroethylene) membran ve dokuma olmayan destek malzemeleri. Adapt\u00f6rler, herhangi bir kirlilik olas\u0131l\u0131\u011f\u0131n\u0131 \u00f6nlemek i\u00e7in yap\u0131\u015ft\u0131r\u0131c\u0131 veya tutkal kullan\u0131lmadan termal olarak kaynaklanm\u0131\u015ft\u0131r. Bu ekonomik PTFE membran kartu\u015f filtreler, bas\u0131n\u00e7l\u0131 hava uygulamalar\u0131nda yayg\u0131n olarak kullan\u0131lan polipropilen filtrelere k\u0131yasla \u00fcst\u00fcn hidrofobiklik sa\u011flayarak, tipik PTFE filtrenin daha y\u00fcksek maliyetleri olmaks\u0131z\u0131n hem yard\u0131mc\u0131 uygulamalar hem de tank havaland\u0131rma uygulamalar\u0131 i\u00e7in idealdir.<\/div>\n<\/div>\n<\/div>\n<\/div>\n<\/div>\n<div class=\"er-fangkuang1\">\n<p>\u00a0 \u00dcr\u00fcn \u00d6zelli\u011fi<\/p>\n<div class=\"description\">\n<ul>\n<li><span class=\"font-color\">\u25ea \u00a0\u00a0<\/span>M\u00fckemmel hidrofobik performans, su erozyonu yayg\u0131n PVDF membran\u0131ndan daha dayan\u0131kl\u0131d\u0131r.<\/li>\n<li><span class=\"font-color\">\u25ea\u00a0 \u00a0<\/span>Su \u015fokuna, geri bas\u0131nca ve tekrarlanan y\u00fcksek s\u0131cakl\u0131k sterilizasyonuna dayan\u0131r.<\/li>\n<li><span class=\"font-color\">\u25ea\u00a0 \u00a0<\/span>100% bakteri tutma ve 0,2 \u03bcm partik\u00fcle kadar etkili filtreleme.<\/li>\n<li><span class=\"font-color\">\u25ea\u00a0 \u00a0<\/span>100% b\u00fct\u00fcnl\u00fc\u011f\u00fc test edilmi\u015ftir.<\/li>\n<li><span class=\"font-color\">\u25ea\u00a0 \u00a0<\/span>Herhangi bir yap\u0131\u015ft\u0131r\u0131c\u0131 i\u00e7ermeyen, temiz ve stabil, ila\u00e7 end\u00fcstrisinin y\u00fcksek standartlar\u0131n\u0131 kar\u015f\u0131layan 2 \u00e7e\u015fit s\u0131cak kaynak malzemesinden (PTFE ve PP) yap\u0131lm\u0131\u015ft\u0131r.<\/li>\n<\/ul>\n<\/div>\n<\/div>\n<div class=\"d-tem04-title text-left d-interval manS\" data-detail=\"wrap\">\n<h2 class=\"heading\">\u00dcr\u00fcn Parametresi<\/h2>\n<\/div>\n<div class=\"table-responsive\">\n<table class=\"table table-bordered table-hover\">\n<tbody>\n<tr class=\"firstRow\">\n<td>\u00dcr\u00fcn Ad\u0131<\/td>\n<td>Paslanmaz \u00e7elik 222 ile 10 in\u00e7 PTFE membranl\u0131 pileli filtre kartu\u015fu<\/td>\n<\/tr>\n<tr>\n<td>Filtre ortam\u0131<\/td>\n<td>PTFE membran<\/td>\n<\/tr>\n<tr>\n<td>Destek<\/td>\n<td>PP\/Polipropilen<\/td>\n<\/tr>\n<tr>\n<td>\u00c7ekirdek\/ U\u00e7 kapa\u011f\u0131<\/td>\n<td>PP\/Polipropilen<\/td>\n<\/tr>\n<tr>\n<td>Conta malzemesi<\/td>\n<td>Silikon\/EPDM\/VITON\/PTFE\/NBR\/TEFLON<\/td>\n<\/tr>\n<tr>\n<td>D\u0131\u015f \u00e7ap<\/td>\n<td>2,7\u2018\u2019 (69mm)<\/td>\n<\/tr>\n<tr>\n<td>Uzunluk<\/td>\n<td>9.75\u201d, 10\u201d, 20\u201d, 30\u201d, 40\u201d, \u00d6zelle\u015ftirilmi\u015f<\/td>\n<\/tr>\n<tr>\n<td>U\u00e7 kapa\u011f\u0131<\/td>\n<td>215\/222\/226\/FIN\/DOE\/SS<\/td>\n<\/tr>\n<tr>\n<td>Filtrasyon alan\u0131<\/td>\n<td>\u22650.72m\u00b2<\/td>\n<\/tr>\n<tr>\n<td>Maksimum \u00e7al\u0131\u015fma s\u0131cakl\u0131\u011f\u0131<\/td>\n<td>80\u2103, 0.173Mpa<\/td>\n<\/tr>\n<tr>\n<td>Mikron derecesi (\u03bcm)<\/td>\n<td>0.2, 0.45<\/td>\n<\/tr>\n<\/tbody>\n<\/table>\n<\/div>\n<div class=\"d-tem04-title text-left d-interval manS\" data-detail=\"wrap\">\n<h2 class=\"heading\">\u00dcr\u00fcn Detaylar\u0131<\/h2>\n<\/div>\n<div class=\"d-tem05-technology mockup\" data-detail=\"wrap\">\n<div class=\"items\">\n<div class=\"item tab_row bg-color-before\">\n<div class=\"img d-font-size-fix\"><img decoding=\"async\" title=\"\" src=\"https:\/\/img.yfisher.com\/m6076\/1725286972l2c\/jpg70-t3-scale100.webp\" alt=\"Dahili paslanmaz \u00e7elik takviye halkal\u0131 PTFE membran pileli su filtresi kartu\u015fu 7\" data-lazy=\"2\"><\/div>\n<div class=\"text_box\">\n<div class=\"txt font-color d-font-size-fix\">\n<div class=\"numbox\">B\u00f6l\u00fcm.1<\/div>\n<div class=\"title\">Herhangi bir yap\u0131\u015ft\u0131r\u0131c\u0131 i\u00e7ermeyen, temiz ve sa\u011flam 2 \u00e7e\u015fit s\u0131cak kaynak malzemesinden (PTFE ve PP) yap\u0131lm\u0131\u015ft\u0131r.<\/div>\n<\/div>\n<\/div>\n<\/div>\n<div class=\"item tab_row bg-color-before\">\n<div class=\"img d-font-size-fix\"><img decoding=\"async\" title=\"\" src=\"https:\/\/img.yfisher.com\/m6076\/1725286972qrm\/jpg70-t3-scale100.webp\" alt=\"Dahili paslanmaz \u00e7elik takviye halkal\u0131 PTFE membran pileli su filtresi kartu\u015fu 8\" data-lazy=\"2\"><\/div>\n<div class=\"text_box\">\n<div class=\"txt font-color d-font-size-fix\">\n<div class=\"numbox\">B\u00f6l\u00fcm.2<\/div>\n<div class=\"title\">PTFE contal\u0131 DOE \u00e7ift a\u00e7\u0131l\u0131ml\u0131 PTFE membran filtre. Farmas\u00f6tik ve di\u011fer kat\u0131 uygulamalar i\u00e7in iyi bir se\u00e7imdir.<\/div>\n<\/div>\n<\/div>\n<\/div>\n<div class=\"item tab_row bg-color-before\">\n<div class=\"img d-font-size-fix\"><img decoding=\"async\" title=\"\" src=\"https:\/\/img.yfisher.com\/m6076\/1725286972wr5\/jpg70-t3-scale100.webp\" alt=\"Dahili paslanmaz \u00e7elik takviye halkal\u0131 PTFE membran pileli su filtresi kartu\u015fu 9\" data-lazy=\"2\"><\/div>\n<div class=\"text_box\">\n<div class=\"txt font-color d-font-size-fix\">\n<div class=\"numbox\">B\u00f6l\u00fcm.3<\/div>\n<div class=\"title\">Adapt\u00f6rler, herhangi bir kirlilik olas\u0131l\u0131\u011f\u0131n\u0131 \u00f6nlemek i\u00e7in yap\u0131\u015ft\u0131r\u0131c\u0131 veya tutkal kullan\u0131lmadan termal olarak kaynaklanm\u0131\u015ft\u0131r.<\/div>\n<\/div>\n<\/div>\n<\/div>\n<div class=\"item tab_row bg-color-before\">\n<div class=\"img d-font-size-fix\"><img decoding=\"async\" title=\"\" src=\"https:\/\/img.yfisher.com\/m6076\/17252869724na\/jpg70-t3-scale100.webp\" alt=\"Dahili paslanmaz \u00e7elik takviye halkal\u0131 PTFE membran pileli su filtresi kartu\u015fu 10\" data-lazy=\"2\"><\/div>\n<div class=\"text_box\">\n<div class=\"txt font-color d-font-size-fix\">\n<div class=\"numbox\">B\u00f6l\u00fcm.4<\/div>\n<div class=\"title\">Farkl\u0131 uzunluk ve \u00e7e\u015fitlilikte u\u00e7 kapa\u011f\u0131 iste\u011fe ba\u011fl\u0131d\u0131r.<\/div>\n<\/div>\n<\/div>\n<\/div>\n<div class=\"d-tem04-title text-left d-interval manS\" data-detail=\"wrap\">\n<h2 class=\"heading\">\u00dcr\u00fcn Uygulamalar\u0131<\/h2>\n<\/div>\n<div class=\"d-tem15-graphic mockup\" data-detail=\"wrap\">\n<div class=\"clearfix d-clearfix\">\n<div class=\"col-sm-12 col-md-4 col-xs-6\">\n<div class=\"thumbnail\"><img decoding=\"async\" title=\"\" src=\"https:\/\/img.yfisher.com\/m6076\/1725286972eol\/jpg70-t3-scale100.webp\" alt=\"Dahili paslanmaz \u00e7elik takviye halkal\u0131 PTFE membran pileli su filtresi kartu\u015fu 11\" data-lazy=\"2\"><\/div>\n<div class=\"description\">\n<p>Ters osmoz su sistemi \u00f6n filtreleme<\/p>\n<\/div>\n<\/div>\n<div class=\"col-sm-12 col-md-4 col-xs-6\">\n<div class=\"thumbnail\"><img decoding=\"async\" title=\"\" src=\"https:\/\/img.yfisher.com\/m6076\/1725286972xbs\/jpg70-t3-scale100.webp\" alt=\"Dahili paslanmaz \u00e7elik takviye halkal\u0131 PTFE membran pileli su filtresi kartu\u015fu 12\" data-lazy=\"2\"><\/div>\n<div class=\"description\">Elektronik end\u00fcstrisi<\/div>\n<\/div>\n<div class=\"col-sm-12 col-md-4 col-xs-6\">\n<div class=\"thumbnail\"><img decoding=\"async\" title=\"\" src=\"https:\/\/img.yfisher.com\/m6076\/1725286973s9v\/png70-t3-scale100.webp\" alt=\"Dahili paslanmaz \u00e7elik takviye halkal\u0131 PTFE membran pileli su filtresi kartu\u015fu 13\" data-lazy=\"2\"><\/div>\n<div class=\"description\">Maden suyu filtrasyonu<\/div>\n<\/div>\n<\/div>\n<\/div>\n<div class=\"d-tem15-graphic mockup\" data-detail=\"wrap\">\n<div class=\"clearfix d-clearfix\">\n<div class=\"col-sm-12 col-md-4 col-xs-6\">\n<div class=\"thumbnail\"><img decoding=\"async\" title=\"\" src=\"https:\/\/img.yfisher.com\/m6076\/1725286973jsc\/png70-t3-scale100.webp\" alt=\"Dahili paslanmaz \u00e7elik takviye halkal\u0131 PTFE membranl\u0131 pileli su filtresi kartu\u015fu 14\" data-lazy=\"2\"><\/div>\n<div class=\"description\">Organik \u00e7\u00f6z\u00fcc\u00fc ve m\u00fcrekkep filtrasyonu<\/div>\n<\/div>\n<div class=\"col-sm-12 col-md-4 col-xs-6\">\n<div class=\"thumbnail\"><img decoding=\"async\" title=\"\" src=\"https:\/\/img.yfisher.com\/m6076\/1725286973e46\/jpg70-t3-scale100.webp\" alt=\"Dahili paslanmaz \u00e7elik takviye halkal\u0131 PTFE membran pileli su filtresi kartu\u015fu 15\" data-lazy=\"2\"><\/div>\n<div class=\"description\">\u0130la\u00e7lar\u0131n filtrasyonu<\/div>\n<\/div>\n<div class=\"col-sm-12 col-md-4 col-xs-6\">\n<div class=\"thumbnail\"><img decoding=\"async\" title=\"\" src=\"https:\/\/img.yfisher.com\/m6076\/172528697395f\/jpg70-t3-scale100.webp\" alt=\"Dahili paslanmaz \u00e7elik takviye halkal\u0131 PTFE membran pileli su filtresi kartu\u015fu 16\" data-lazy=\"2\"><\/div>\n<div class=\"description\">Biyolojik filtrasyon<\/div>\n<\/div>\n<\/div>\n<\/div>\n<\/div>\n<\/div>","protected":false},"excerpt":{"rendered":"<table>\n<thead>\n<tr>\n<th>Ba\u015flang\u0131\u00e7 Liman\u0131:<\/th>\n<th>Guangzhou<\/th>\n<\/tr>\n<\/thead>\n<tbody>\n<tr>\n<td>\u00dcretim Kapasitesi:<\/td>\n<td>500 adet\/Ay<\/td>\n<\/tr>\n<tr>\n<td>Men\u015fe Yeri:<\/td>\n<td>Guangdong, \u00c7in<\/td>\n<\/tr>\n<tr>\n<td>\u00d6deme:<\/td>\n<td>T \/ T, Western Union, MoneyGram, Alibaba Ticaret G\u00fcvencesi, paypal<\/td>\n<\/tr>\n<tr>\n<td>ADEDI:<\/td>\n<td>10 adet<\/td>\n<\/tr>\n<tr>\n<td>Model:<\/td>\n<td>LY-PL-PTFE<\/td>\n<\/tr>\n<tr>\n<td>Teslimat S\u00fcresi:<\/td>\n<td>7 i\u015f g\u00fcn\u00fc i\u00e7erisinde<\/td>\n<\/tr>\n<tr>\n<td>Sertifika:<\/td>\n<td>SGS, ISO 9001<\/td>\n<\/tr>\n<tr>\n<td>Marka:<\/td>\n<td>LVYUAN<\/td>\n<\/tr>\n<\/tbody>\n<\/table>","protected":false},"featured_media":629,"comment_status":"open","ping_status":"closed","template":"","meta":{"_gspb_post_css":""},"product_brand":[],"product_cat":[17,21],"product_tag":[261,266,260,265,274,269],"class_list":{"0":"post-627","1":"product","2":"type-product","3":"status-publish","4":"has-post-thumbnail","6":"product_cat-sediment-filter","7":"product_cat-pleated-filter-cartridge","8":"product_tag-guangdong-china","9":"product_tag-guangzhou","10":"product_tag-iso-9001","11":"product_tag-lvyuan","12":"product_tag-ly-pl-ptfe","13":"product_tag-sgs","15":"first","16":"instock","17":"shipping-taxable","18":"product-type-simple"},"_links":{"self":[{"href":"https:\/\/lyfilter.com\/tr\/wp-json\/wp\/v2\/product\/627","targetHints":{"allow":["GET"]}}],"collection":[{"href":"https:\/\/lyfilter.com\/tr\/wp-json\/wp\/v2\/product"}],"about":[{"href":"https:\/\/lyfilter.com\/tr\/wp-json\/wp\/v2\/types\/product"}],"replies":[{"embeddable":true,"href":"https:\/\/lyfilter.com\/tr\/wp-json\/wp\/v2\/comments?post=627"}],"wp:featuredmedia":[{"embeddable":true,"href":"https:\/\/lyfilter.com\/tr\/wp-json\/wp\/v2\/media\/629"}],"wp:attachment":[{"href":"https:\/\/lyfilter.com\/tr\/wp-json\/wp\/v2\/media?parent=627"}],"wp:term":[{"taxonomy":"product_brand","embeddable":true,"href":"https:\/\/lyfilter.com\/tr\/wp-json\/wp\/v2\/product_brand?post=627"},{"taxonomy":"product_cat","embeddable":true,"href":"https:\/\/lyfilter.com\/tr\/wp-json\/wp\/v2\/product_cat?post=627"},{"taxonomy":"product_tag","embeddable":true,"href":"https:\/\/lyfilter.com\/tr\/wp-json\/wp\/v2\/product_tag?post=627"}],"curies":[{"name":"wp","href":"https:\/\/api.w.org\/{rel}","templated":true}]}}