{"id":622,"date":"2025-12-24T03:22:19","date_gmt":"2025-12-24T03:22:19","guid":{"rendered":"https:\/\/lyfilter.com\/?post_type=product&#038;p=622"},"modified":"2025-12-24T06:44:10","modified_gmt":"2025-12-24T06:44:10","slug":"5-inch-10-inch-replacement-pp-pleated-water-filter-cartridge","status":"publish","type":"product","link":"https:\/\/lyfilter.com\/tr\/5-inch-10-inch-replacement-pp-pleated-water-filter-cartridge\/","title":{"rendered":"5 in\u00e7 10 in\u00e7 Yedek PP pileli su filtresi kartu\u015fu"},"content":{"rendered":"<div class=\"d-tem11-graphic tem11-graphic mockup\" data-detail=\"wrap\">\n<div class=\"tab_row\">\n<div class=\"img\"><img decoding=\"async\" title=\"\" src=\"https:\/\/img.yfisher.com\/m6076\/1725726646o9l\/jpg70-t3-scale100.webp\" alt=\"5 in\u00e7 10 in\u00e7 Yedek PP pileli su filtresi kartu\u015fu 5\" data-lazy=\"2\"><\/div>\n<div class=\"text_box\">\n<div class=\"txt\">\n<p>PP pileli filtre kartu\u015fu, \u00e7ok \u00e7e\u015fitli kritik uygulamalarda s\u0131v\u0131lar\u0131n y\u00fcksek verimlilikte ve tutarl\u0131 bir \u015fekilde filtrelenmesini sa\u011flar.<\/p>\n<p>Benzersiz d\u00fc\u015f\u00fck diferansiyel bas\u0131nc\u0131, y\u00fcksek ak\u0131\u015f hacmi, m\u00fckemmel filtrasyon mikronlar\u0131 sayesinde 0,1 ila 60um aras\u0131ndaki partik\u00fcllerin giderilmesini sa\u011flayan pilili membran filtre ortam\u0131ndan yap\u0131lm\u0131\u015ft\u0131r, g\u00f6zenek boyutu besleme bas\u0131nc\u0131n\u0131n titre\u015fiminden etkilenmez.<\/p>\n<p>Y\u00fcksek y\u00fczey alan\u0131, uzun hizmet \u00f6mr\u00fc ve d\u00fc\u015f\u00fck ba\u015flang\u0131\u00e7 bas\u0131n\u00e7 d\u00fc\u015f\u00fc\u015fleri sa\u011flar. T\u00fcm kartu\u015f donan\u0131m bile\u015fenleri, kritik proses uygulamalar\u0131nda kullan\u0131lmak \u00fczere y\u00fcksek safl\u0131kta polipropilen malzemelerden yap\u0131lm\u0131\u015ft\u0131r. T\u00fcm Kartu\u015flar, kontaminasyon olas\u0131l\u0131\u011f\u0131n\u0131 en aza indirmek i\u00e7in temiz oda ortam\u0131nda \u00fcretilir ve monte edilir.<\/p>\n<p>Bu tip kartu\u015flar, piyasada bulunan \u00e7o\u011fu filtre muhafazas\u0131na uyacak \u015fekilde \u00e7ok \u00e7e\u015fitli konfig\u00fcrasyonlarda mevcuttur.<\/p>\n<\/div>\n<\/div>\n<\/div>\n<\/div>\n<div class=\"er-fangkuang1\">\n<p>\u00a0 \u00dcr\u00fcn \u00d6zelli\u011fi<\/p>\n<div class=\"description\">\n<ul>\n<li><span class=\"font-color\">\u25ea \u00a0 \u00a0<\/span>M\u00fckemmel kimyasal uyumluluk. Organik \u00e7\u00f6z\u00fcc\u00fcleri, asit bazlar\u0131 filtrelemek i\u00e7in uygundur.<\/li>\n<li><span class=\"font-color\">\u25ea\u00a0 \u00a0<\/span>\u00c7ok katmanl\u0131 PP membran yap\u0131s\u0131, kademeli bir filtrasyon g\u00f6zenek boyutu sa\u011flar ve PP pileli su kartu\u015fu filtrelerinin kir tutma kapasitesini art\u0131r\u0131r.<\/li>\n<li><span class=\"font-color\">\u25ea\u00a0 \u00a0<\/span>B\u00fcy\u00fck ak\u0131\u015f hacmi, d\u00fc\u015f\u00fck diferansiyel bas\u0131n\u00e7 ve uzun servis \u00f6mr\u00fc.<\/li>\n<li><span class=\"font-color\">\u25ea\u00a0 \u00a0<\/span>Y\u00fcksek ak\u0131\u015fl\u0131 hidrofilik membran.<\/li>\n<li><span class=\"font-color\">\u25ea\u00a0 \u00a0<\/span>Pileli tasar\u0131m, derin filtreleme i\u00e7in filtreleme alan\u0131n\u0131 art\u0131rm\u0131\u015ft\u0131r.<\/li>\n<li><span class=\"font-color\">\u25ea\u00a0 \u00a0<\/span>Termal ba\u011flama tekni\u011finin uygulanmas\u0131, g\u00fc\u00e7l\u00fc ve herhangi bir kirlilik yok.<\/li>\n<li><span class=\"font-color\">\u25ea\u00a0 \u00a0<\/span>Tam mikron giderme derecesi.<\/li>\n<li><span class=\"font-color\">\u25ea\u00a0 \u00a0<\/span>Y\u00fcksek kir tutma kapasitesi i\u00e7in kademeli g\u00f6zenek yo\u011funlu\u011fu.<\/li>\n<li><span class=\"font-color\">\u25ea\u00a0 \u00a0<\/span>Kabin ve y\u00fcksek bas\u0131n\u00e7l\u0131 buhar ile temiz ve sterilizasyonda yayg\u0131n kullan\u0131m.<\/li>\n<\/ul>\n<\/div>\n<\/div>\n<div class=\"d-tem04-title text-left d-interval manS\" data-detail=\"wrap\">\n<h2 class=\"heading\">\u00dcr\u00fcn Parametresi<\/h2>\n<\/div>\n<div class=\"table-responsive\">\n<table class=\"table table-bordered table-hover\">\n<tbody>\n<tr class=\"firstRow\">\n<td>Filtre ortam\u0131<\/td>\n<td>PP\/Polipropilen<\/td>\n<\/tr>\n<tr>\n<td>Destek<\/td>\n<td>PP\/Polipropilen<\/td>\n<\/tr>\n<tr>\n<td>\u00c7ekirdek\/ U\u00e7 kapa\u011f\u0131<\/td>\n<td>PP\/Polipropilen<\/td>\n<\/tr>\n<tr>\n<td>Conta malzemesi<\/td>\n<td>Silikon\/EPDM\/NBR\/Viton\/Teflon<\/td>\n<\/tr>\n<tr>\n<td>D\u0131\u015f \u00e7ap<\/td>\n<td>2.7\u201d, \u00f6zelle\u015ftirilmi\u015f<\/td>\n<\/tr>\n<tr>\n<td>Uzunluk<\/td>\n<td>9,75\u201d, 10\u201d, 20\u201d, 30\u201d, 40\u201d \u00f6zelle\u015ftirilmi\u015f<\/td>\n<\/tr>\n<tr>\n<td>U\u00e7 kapa\u011f\u0131<\/td>\n<td>DOE, 215, 222, 226, FIN, FLAT, Paslanmaz \u00e7elik veya \u00f6zelle\u015ftirilmi\u015f.<\/td>\n<\/tr>\n<tr>\n<td>Filtrasyon alan\u0131<\/td>\n<td>0.4-0.7m\u00b2 (10\u201d)<\/td>\n<\/tr>\n<tr>\n<td>Maksimum \u00e7al\u0131\u015fma s\u0131cakl\u0131\u011f\u0131<\/td>\n<td>88\u2103, 0,28Mpa. 60\u2103, 0.42Mpa.<\/td>\n<\/tr>\n<tr>\n<td>Mikron derecesi (\u03bcm)<\/td>\n<td>0.1, 0.2, 0.45, 0.65, 1, 2, 3, 5, 10, 20, 25, 30, 50, 60<\/td>\n<\/tr>\n<\/tbody>\n<\/table>\n<\/div>\n<div class=\"d-tem04-title text-left d-interval manS\" data-detail=\"wrap\">\n<h2 class=\"heading\">\u00dcr\u00fcn Detaylar\u0131<\/h2>\n<\/div>\n<div class=\"d-tem05-technology mockup\" data-detail=\"wrap\">\n<div class=\"items\">\n<div class=\"item tab_row bg-color-before\">\n<div class=\"img d-font-size-fix\"><img decoding=\"async\" title=\"\" src=\"https:\/\/img.yfisher.com\/m6076\/1725726646zs0\/jpg70-t3-scale100.webp\" alt=\"5 in\u00e7 10 in\u00e7 Yedek PP pileli su filtresi kartu\u015fu 6\" data-lazy=\"2\"><\/div>\n<div class=\"text_box\">\n<div class=\"txt font-color d-font-size-fix\">\n<div class=\"numbox\">B\u00f6l\u00fcm.1<\/div>\n<div class=\"title\">Polipropilen u\u00e7 kapaklar medya paketlerine termal olarak ba\u011flan\u0131r ve kritik proses s\u0131v\u0131lar\u0131yla reaksiyona girebilecek veya onlar\u0131 kirletebilecek yap\u0131\u015ft\u0131r\u0131c\u0131lara olan ihtiyac\u0131 ortadan kald\u0131r\u0131r. G\u00fc\u00e7l\u00fcd\u00fcr ve kirlilik yaratmaz.<\/div>\n<\/div>\n<\/div>\n<\/div>\n<div class=\"item tab_row bg-color-before\">\n<div class=\"img d-font-size-fix\"><img decoding=\"async\" title=\"\" src=\"https:\/\/img.yfisher.com\/m6076\/17257266461qh\/jpg70-t3-scale100.webp\" alt=\"5 in\u00e7 10 in\u00e7 Yedek PP pileli su filtresi kartu\u015fu 7\" data-lazy=\"2\"><\/div>\n<div class=\"text_box\">\n<div class=\"txt font-color d-font-size-fix\">\n<div class=\"numbox\">B\u00f6l\u00fcm.2<\/div>\n<div class=\"title\">Sert polipropilen destekli i\u00e7 \u00e7ekirdek ve d\u0131\u015f \u00e7ekirde\u011fe sahip y\u00fcksek verimli 100% t\u00fcm polipropilen kartu\u015flar. Farkl\u0131 m\u00fc\u015fterilerin gereksinimlerini kar\u015f\u0131lamak i\u00e7in \u00f6zelle\u015ftirilmi\u015f boyutlar sa\u011fl\u0131yoruz.<\/div>\n<\/div>\n<\/div>\n<\/div>\n<div class=\"item tab_row bg-color-before\">\n<div class=\"img d-font-size-fix\"><img decoding=\"async\" title=\"\" src=\"https:\/\/img.yfisher.com\/m6076\/1725726646n2s\/jpg70-t3-scale100.webp\" alt=\"5 in\u00e7 10 in\u00e7 Yedek PP pileli su filtresi kartu\u015fu 8\" data-lazy=\"2\"><\/div>\n<div class=\"text_box\">\n<div class=\"txt font-color d-font-size-fix\">\n<div class=\"numbox\">B\u00f6l\u00fcm.3<\/div>\n<div class=\"title\">Her filtre muhafazas\u0131na ve filtrasyon end\u00fcstrisine uyacak \u015fekilde farkl\u0131 u\u00e7 kapaklar\u0131, 100% herhangi bir organik ba\u011flay\u0131c\u0131 i\u00e7ermeyen tamamen saf polipropilen pilili malzeme.<\/div>\n<\/div>\n<\/div>\n<\/div>\n<div class=\"item tab_row bg-color-before\">\n<div class=\"img d-font-size-fix\"><img decoding=\"async\" title=\"\" src=\"https:\/\/img.yfisher.com\/m6076\/1725726646s6k\/jpg70-t3-scale100.webp\" alt=\"5 in\u00e7 10 in\u00e7 Yedek PP pileli su filtresi kartu\u015fu 9\" data-lazy=\"2\"><\/div>\n<div class=\"text_box\">\n<div class=\"txt font-color d-font-size-fix\">\n<div class=\"numbox\">B\u00f6l\u00fcm.4<\/div>\n<div class=\"title\">DOE 20 in\u00e7 PP malzemeden pileli filtre kartu\u015fu, EPDM contal\u0131, kademeli g\u00f6zenekli \u00e7ok katmanl\u0131.<\/div>\n<\/div>\n<\/div>\n<\/div>\n<div class=\"d-tem04-title text-left d-interval manS\" data-detail=\"wrap\">\n<h2 class=\"heading\">\u00dcr\u00fcn Uygulamalar\u0131<\/h2>\n<\/div>\n<div class=\"d-tem15-graphic mockup\" data-detail=\"wrap\">\n<div class=\"clearfix d-clearfix\">\n<div class=\"col-sm-12 col-md-4 col-xs-6\">\n<div class=\"thumbnail\"><img decoding=\"async\" title=\"\" src=\"https:\/\/img.yfisher.com\/m6076\/1725286972eol\/jpg70-t3-scale100.webp\" alt=\"5 in\u00e7 10 in\u00e7 Yedek PP pileli su filtresi kartu\u015fu 10\" data-lazy=\"2\"><\/div>\n<div class=\"description\">\n<p>Ters osmoz su sistemi \u00f6n filtreleme<\/p>\n<\/div>\n<\/div>\n<div class=\"col-sm-12 col-md-4 col-xs-6\">\n<div class=\"thumbnail\"><img decoding=\"async\" title=\"\" src=\"https:\/\/img.yfisher.com\/m6076\/1725726646jx2\/jpg70-t3-scale100.webp\" alt=\"5 in\u00e7 10 in\u00e7 Yedek PP pileli su filtresi kartu\u015fu 11\" data-lazy=\"2\"><\/div>\n<div class=\"description\">\u0130\u00e7ecek filtrasyonu<\/div>\n<\/div>\n<div class=\"col-sm-12 col-md-4 col-xs-6\">\n<div class=\"thumbnail\"><img decoding=\"async\" title=\"\" src=\"https:\/\/img.yfisher.com\/m6076\/1725286973s9v\/png70-t3-scale100.webp\" alt=\"5 in\u00e7 10 in\u00e7 Yedek PP pileli su filtresi kartu\u015fu 12\" data-lazy=\"2\"><\/div>\n<div class=\"description\">Maden suyu filtrasyonu<\/div>\n<\/div>\n<\/div>\n<\/div>\n<div class=\"d-tem15-graphic mockup\" data-detail=\"wrap\">\n<div class=\"clearfix d-clearfix\">\n<div class=\"col-sm-12 col-md-4 col-xs-6\">\n<div class=\"thumbnail\"><img decoding=\"async\" title=\"\" src=\"https:\/\/img.yfisher.com\/m6076\/1725286973jsc\/png70-t3-scale100.webp\" alt=\"5 in\u00e7 10 in\u00e7 Yedek PP pileli su filtresi kartu\u015fu 13\" data-lazy=\"2\"><\/div>\n<div class=\"description\">Organik \u00e7\u00f6z\u00fcc\u00fc ve m\u00fcrekkep filtrasyonu<\/div>\n<\/div>\n<div class=\"col-sm-12 col-md-4 col-xs-6\">\n<div class=\"thumbnail\"><img decoding=\"async\" title=\"\" src=\"https:\/\/img.yfisher.com\/m6076\/1725286973e46\/jpg70-t3-scale100.webp\" alt=\"5 in\u00e7 10 in\u00e7 Yedek PP pileli su filtresi kartu\u015fu 14\" data-lazy=\"2\"><\/div>\n<div class=\"description\">\u0130la\u00e7lar\u0131n filtrasyonu<\/div>\n<\/div>\n<div class=\"col-sm-12 col-md-4 col-xs-6\">\n<div class=\"thumbnail\"><img decoding=\"async\" title=\"\" src=\"https:\/\/img.yfisher.com\/m6076\/172528697395f\/jpg70-t3-scale100.webp\" alt=\"5 in\u00e7 10 in\u00e7 Yedek PP pileli su filtresi kartu\u015fu 15\" data-lazy=\"2\"><\/div>\n<div class=\"description\">Biyolojik filtrasyon<\/div>\n<\/div>\n<\/div>\n<\/div>\n<\/div>\n<\/div>","protected":false},"excerpt":{"rendered":"<table>\n<thead>\n<tr>\n<th>Ba\u015flang\u0131\u00e7 Liman\u0131:<\/th>\n<th>Guangzhou<\/th>\n<\/tr>\n<\/thead>\n<tbody>\n<tr>\n<td>\u00dcretim Kapasitesi:<\/td>\n<td>500 adet\/Ay<\/td>\n<\/tr>\n<tr>\n<td>Men\u015fe Yeri:<\/td>\n<td>Guangdong, \u00c7in<\/td>\n<\/tr>\n<tr>\n<td>\u00d6deme:<\/td>\n<td>T \/ T, Alibaba Ticaret G\u00fcvencesi, paypal<\/td>\n<\/tr>\n<tr>\n<td>ADEDI:<\/td>\n<td>10 adet<\/td>\n<\/tr>\n<tr>\n<td>Model:<\/td>\n<td>LY-PL-PP<\/td>\n<\/tr>\n<tr>\n<td>Teslimat S\u00fcresi:<\/td>\n<td>7 i\u015f g\u00fcn\u00fc i\u00e7erisinde<\/td>\n<\/tr>\n<tr>\n<td>Sertifika:<\/td>\n<td>SGS, ISO 9001<\/td>\n<\/tr>\n<tr>\n<td>Marka:<\/td>\n<td>OEM\/Lvyuan<\/td>\n<\/tr>\n<\/tbody>\n<\/table>","protected":false},"featured_media":624,"comment_status":"open","ping_status":"closed","template":"","meta":{"_gspb_post_css":""},"product_brand":[],"product_cat":[21,17],"product_tag":[261,266,260,265,273,259],"class_list":{"0":"post-622","1":"product","2":"type-product","3":"status-publish","4":"has-post-thumbnail","6":"product_cat-pleated-filter-cartridge","7":"product_cat-sediment-filter","8":"product_tag-guangdong-china","9":"product_tag-guangzhou","10":"product_tag-iso-9001","11":"product_tag-lvyuan","12":"product_tag-ly-pl-pp","13":"product_tag-oem","15":"first","16":"instock","17":"shipping-taxable","18":"product-type-simple"},"_links":{"self":[{"href":"https:\/\/lyfilter.com\/tr\/wp-json\/wp\/v2\/product\/622","targetHints":{"allow":["GET"]}}],"collection":[{"href":"https:\/\/lyfilter.com\/tr\/wp-json\/wp\/v2\/product"}],"about":[{"href":"https:\/\/lyfilter.com\/tr\/wp-json\/wp\/v2\/types\/product"}],"replies":[{"embeddable":true,"href":"https:\/\/lyfilter.com\/tr\/wp-json\/wp\/v2\/comments?post=622"}],"wp:featuredmedia":[{"embeddable":true,"href":"https:\/\/lyfilter.com\/tr\/wp-json\/wp\/v2\/media\/624"}],"wp:attachment":[{"href":"https:\/\/lyfilter.com\/tr\/wp-json\/wp\/v2\/media?parent=622"}],"wp:term":[{"taxonomy":"product_brand","embeddable":true,"href":"https:\/\/lyfilter.com\/tr\/wp-json\/wp\/v2\/product_brand?post=622"},{"taxonomy":"product_cat","embeddable":true,"href":"https:\/\/lyfilter.com\/tr\/wp-json\/wp\/v2\/product_cat?post=622"},{"taxonomy":"product_tag","embeddable":true,"href":"https:\/\/lyfilter.com\/tr\/wp-json\/wp\/v2\/product_tag?post=622"}],"curies":[{"name":"wp","href":"https:\/\/api.w.org\/{rel}","templated":true}]}}