{"id":617,"date":"2025-12-24T03:20:08","date_gmt":"2025-12-24T03:20:08","guid":{"rendered":"https:\/\/lyfilter.com\/?post_type=product&#038;p=617"},"modified":"2025-12-24T06:44:20","modified_gmt":"2025-12-24T06:44:20","slug":"0-2-%ce%bcm-5-inch-pes-membrane-pleated-cartridge-filters-manufacturer","status":"publish","type":"product","link":"https:\/\/lyfilter.com\/tr\/0-2-%ce%bcm-5-inch-pes-membrane-pleated-cartridge-filters-manufacturer\/","title":{"rendered":"0,2 \u03bcm 5 in\u00e7 PES membran pileli kartu\u015f filtre \u00fcreticisi"},"content":{"rendered":"<div class=\"d-tem11-graphic tem11-graphic mockup\" data-detail=\"wrap\">\n<div class=\"tab_row\">\n<div class=\"img\"><img decoding=\"async\" title=\"\" src=\"https:\/\/img.yfisher.com\/m6076\/1725726643y2e\/png70-t3-scale100.webp\" alt=\"0,2 \u03bcm 5 in\u00e7 PES membran pileli kartu\u015f filtreler \u00fcretici 5\" data-lazy=\"2\"><\/div>\n<div class=\"text_box\">\n<div class=\"txt\">\n<p>PES pileli filtre kartu\u015fu, ithal polieters\u00fclfon (PES) membran ortam\u0131ndan ve dokuma olmayan destek malzemelerinden yap\u0131lm\u0131\u015ft\u0131r Kafes \u00e7ekirde\u011fi ve u\u00e7 kapaklar\u0131n malzemesi polipropilendir. Mutlak hassasiyetli polieters\u00fclfon membran (PES) filtre kartu\u015flar\u0131, adapt\u00f6rler herhangi bir tutkal kullan\u0131lmadan, herhangi bir kirlilik olmadan medya ile termal olarak kaynaklan\u0131r.<\/p>\n<p>PES filtre kartu\u015fu, uygulamalar\u0131 sterilize etmek i\u00e7in kritik \u00f6n filtreleme ve \u00e7ok \u00e7e\u015fitli zorlu steril olmayan uygulamalarda son filtreleme i\u00e7in idealdir. Do\u011fas\u0131 gere\u011fi hidrofilik olan membran y\u00fczey aktif madde veya \u0131slat\u0131c\u0131 madde i\u00e7ermez, bu da etkili filtrasyon ve ak\u0131\u015f h\u0131zlar\u0131 sa\u011flar<\/p>\n<p>Geni\u015f PH de\u011ferleri aral\u0131\u011f\u0131 ve naylon membrana g\u00f6re daha d\u00fc\u015f\u00fck protein adsorpsiyonu nedeniyle ila\u00e7, g\u0131da ve kimya end\u00fcstrilerinde son filtrasyon i\u00e7in tercih edilen filtre kartu\u015fu haline gelmi\u015ftir.<\/p>\n<\/div>\n<\/div>\n<\/div>\n<\/div>\n<div class=\"er-fangkuang1\">\n<p>\u00a0 \u00dcr\u00fcn \u00d6zelli\u011fi<\/p>\n<div class=\"description\">\n<ul>\n<li><span class=\"font-color\">\u25ea \u00a0\u00a0<\/span>\u00dcr\u00fcn m\u00fckemmel tutma verimlili\u011fi ve uzun ak\u0131\u015f \u00f6mr\u00fc sunarak bira, \u015farap ve \u015fi\u015felenmi\u015f suyun ar\u0131t\u0131lmas\u0131 i\u00e7in ideal bir filtre haline gelir.<\/li>\n<\/ul>\n<ul>\n<li><span class=\"font-color\">\u25ea\u00a0 \u00a0<\/span>M\u00fckemmel kimyasal uyumluluk performans\u0131.<\/li>\n<li><span class=\"font-color\">\u25ea\u00a0 \u00a0<\/span>Y\u00fcksek s\u0131cakl\u0131k dayan\u0131m\u0131, Asit ve Alkali dayan\u0131m\u0131.<\/li>\n<li><span class=\"font-color\">\u25ea\u00a0 \u00a0<\/span>Y\u00fcksek ak\u0131\u015fl\u0131 hidrofilik membran.<\/li>\n<li><span class=\"font-color\">\u25ea\u00a0 \u00a0<\/span>Lif b\u0131rakmaz, y\u00fcksek standartta eczac\u0131l\u0131k ve g\u0131da end\u00fcstrisi gereksinimlerini kar\u015f\u0131lar.<\/li>\n<li><span class=\"font-color\">\u25ea\u00a0 \u00a0<\/span>PES pileli kartu\u015f filtreler, performans ve tutarl\u0131l\u0131\u011f\u0131 sa\u011flamak i\u00e7in \u00fcretim s\u0131ras\u0131nda b\u00fct\u00fcnl\u00fck testine tabi tutulur.<\/li>\n<\/ul>\n<\/div>\n<\/div>\n<div class=\"d-tem04-title text-left d-interval manS\" data-detail=\"wrap\">\n<h2 class=\"heading\">\u00dcr\u00fcn Parametresi<\/h2>\n<\/div>\n<div class=\"table-responsive\">\n<table class=\"table table-bordered table-hover\">\n<tbody>\n<tr class=\"firstRow\">\n<td>\u00dcr\u00fcn Ad\u0131<\/td>\n<td>0,2 \u03bcm PES membran pileli kartu\u015f filtre 5 in\u00e7<\/td>\n<\/tr>\n<tr>\n<td>Filtre ortam\u0131<\/td>\n<td>PES (Polieters\u00fclfon)<\/td>\n<\/tr>\n<tr>\n<td>Destek<\/td>\n<td>PP\/Polipropilen<\/td>\n<\/tr>\n<tr>\n<td>\u00c7ekirdek\/ U\u00e7 kapa\u011f\u0131<\/td>\n<td>PP\/Polipropilen<\/td>\n<\/tr>\n<tr>\n<td>Conta malzemesi<\/td>\n<td>Silikon\/EPDM\/VITON\/PTFE\/NBR\/TEFLON<\/td>\n<\/tr>\n<tr>\n<td>D\u0131\u015f \u00e7ap<\/td>\n<td>2,7\u201d (69 mm)<\/td>\n<\/tr>\n<tr>\n<td>Uzunluk<\/td>\n<td>5\u201d, 9.75\u201d, 10\u201d, 20\u201d, 30\u201d, 40\u201d, \u00d6zelle\u015ftirilmi\u015f<\/td>\n<\/tr>\n<tr>\n<td>U\u00e7 kapa\u011f\u0131<\/td>\n<td>215\/222\/226\/FIN\/DOE\/SS<\/td>\n<\/tr>\n<tr>\n<td>Filtrasyon alan\u0131<\/td>\n<td>\u22650.6m\u00b2<\/td>\n<\/tr>\n<tr>\n<td>Maksimum \u00e7al\u0131\u015fma s\u0131cakl\u0131\u011f\u0131<\/td>\n<td>\u2264140\u2103, 0,28Mpa<\/td>\n<\/tr>\n<tr>\n<td>Mikron derecesi (\u03bcm)<\/td>\n<td>0.1, 0.2, 0.45, 0.65<\/td>\n<\/tr>\n<\/tbody>\n<\/table>\n<\/div>\n<div class=\"d-tem04-title text-left d-interval manS\" data-detail=\"wrap\">\n<h2 class=\"heading\">\u00dcr\u00fcn Detaylar\u0131<\/h2>\n<\/div>\n<div class=\"d-tem05-technology mockup\" data-detail=\"wrap\">\n<div class=\"items\">\n<div class=\"item tab_row bg-color-before\">\n<div class=\"img d-font-size-fix\"><img decoding=\"async\" title=\"\" src=\"https:\/\/img.yfisher.com\/m6076\/1725726643xgc\/png70-t3-scale100.webp\" alt=\"0,2 \u03bcm 5 in\u00e7 PES membran pileli kartu\u015f filtreler \u00fcretici 6\" data-lazy=\"2\"><\/div>\n<div class=\"text_box\">\n<div class=\"txt font-color d-font-size-fix\">\n<div class=\"numbox\">B\u00f6l\u00fcm.1<\/div>\n<div class=\"title\">Tek katmanl\u0131 ve \u00e7ift katmanl\u0131 membran, performans ve tutarl\u0131l\u0131\u011f\u0131 sa\u011flamak i\u00e7in \u00fcretim s\u0131ras\u0131nda b\u00fct\u00fcnl\u00fck testine tabi tutulur.<\/div>\n<\/div>\n<\/div>\n<\/div>\n<div class=\"item tab_row bg-color-before\">\n<div class=\"img d-font-size-fix\"><img decoding=\"async\" title=\"\" src=\"https:\/\/img.yfisher.com\/m6076\/1725726643w7c\/png70-t3-scale100.webp\" alt=\"0,2 \u03bcm 5 in\u00e7 PES membran pileli kartu\u015f filtreler \u00fcretici 7\" data-lazy=\"2\"><\/div>\n<div class=\"text_box\">\n<div class=\"txt font-color d-font-size-fix\">\n<div class=\"numbox\">B\u00f6l\u00fcm.2<\/div>\n<div class=\"title\">0,1 \u03bcm ila 0,65 \u03bcm mutlak mikron oran\u0131nda, y\u00fcksek ak\u0131\u015f h\u0131z\u0131 kapasitesi konut yat\u0131r\u0131m\u0131n\u0131 azalt\u0131r.<\/div>\n<\/div>\n<\/div>\n<\/div>\n<div class=\"item tab_row bg-color-before\">\n<div class=\"img d-font-size-fix\"><img decoding=\"async\" title=\"\" src=\"https:\/\/img.yfisher.com\/m6076\/1725726643ltg\/png70-t3-scale100.webp\" alt=\"0,2 \u03bcm 5 in\u00e7 PES membran pileli kartu\u015f filtreler \u00fcretici 8\" data-lazy=\"2\"><\/div>\n<div class=\"text_box\">\n<div class=\"txt font-color d-font-size-fix\">\n<div class=\"numbox\">B\u00f6l\u00fcm.3<\/div>\n<div class=\"title\">Geni\u015f kimyasal uyumluluk ve iyi \u0131s\u0131 direnci, se\u00e7iminiz i\u00e7in ekonomik ve ithal PES membran.<\/div>\n<\/div>\n<\/div>\n<\/div>\n<div class=\"item tab_row bg-color-before\">\n<div class=\"img d-font-size-fix\"><img decoding=\"async\" title=\"\" src=\"https:\/\/img.yfisher.com\/m6076\/1725726643we2\/png70-t3-scale100.webp\" alt=\"0,2 \u03bcm 5 in\u00e7 PES membran pileli kartu\u015f filtreler \u00fcretici 9\" data-lazy=\"2\"><\/div>\n<div class=\"text_box\">\n<div class=\"txt font-color d-font-size-fix\">\n<div class=\"numbox\">B\u00f6l\u00fcm.4<\/div>\n<div class=\"title\">Farkl\u0131 kartu\u015f filtre u\u00e7 kapaklar\u0131 opsiyoneldir. FIN\/215\/222\/FLAT\/226 ve paslanmaz \u00e7elik.<\/div>\n<\/div>\n<\/div>\n<\/div>\n<div class=\"d-tem04-title text-left d-interval manS\" data-detail=\"wrap\">\n<h2 class=\"heading\">\u00dcr\u00fcn Uygulamalar\u0131<\/h2>\n<\/div>\n<div class=\"d-tem15-graphic mockup\" data-detail=\"wrap\">\n<div class=\"clearfix d-clearfix\">\n<div class=\"col-sm-12 col-md-4 col-xs-6\">\n<div class=\"thumbnail\"><img decoding=\"async\" title=\"\" src=\"https:\/\/img.yfisher.com\/m6076\/1725726643idj\/png70-t3-scale100.webp\" alt=\"0,2 \u03bcm 5 in\u00e7 PES membran pileli kartu\u015f filtre \u00fcreticisi 10\" data-lazy=\"2\"><\/div>\n<div class=\"description\">\n<p>T\u0131p<\/p>\n<\/div>\n<\/div>\n<div class=\"col-sm-12 col-md-4 col-xs-6\">\n<div class=\"thumbnail\"><img decoding=\"async\" title=\"\" src=\"https:\/\/img.yfisher.com\/m6076\/1725726643og5\/png70-t3-scale100.webp\" alt=\"0,2 \u03bcm 5 in\u00e7 PES membran pileli kartu\u015f filtreler \u00fcretici 11\" data-lazy=\"2\"><\/div>\n<div class=\"description\">Biyoloji Teknolojisi<\/div>\n<\/div>\n<div class=\"col-sm-12 col-md-4 col-xs-6\">\n<div class=\"thumbnail\"><img decoding=\"async\" title=\"\" src=\"https:\/\/img.yfisher.com\/m6076\/1725286973s9v\/png70-t3-scale100.webp\" alt=\"0,2 \u03bcm 5 in\u00e7 PES membran pileli kartu\u015f filtre \u00fcreticisi 12\" data-lazy=\"2\"><\/div>\n<div class=\"description\">Ultra saf su<\/div>\n<\/div>\n<\/div>\n<\/div>\n<div class=\"d-tem15-graphic mockup\" data-detail=\"wrap\">\n<div class=\"clearfix d-clearfix\">\n<div class=\"col-sm-12 col-md-4 col-xs-6\">\n<div class=\"thumbnail\"><img decoding=\"async\" title=\"\" src=\"https:\/\/img.yfisher.com\/m6076\/1725286973jsc\/png70-t3-scale100.webp\" alt=\"0,2 \u03bcm 5 in\u00e7 PES membran pileli kartu\u015f filtreler \u00fcretici 13\" data-lazy=\"2\"><\/div>\n<div class=\"description\">kimyasal hammadde filtrasyonu<\/div>\n<\/div>\n<div class=\"col-sm-12 col-md-4 col-xs-6\">\n<div class=\"thumbnail\"><img decoding=\"async\" title=\"\" src=\"https:\/\/img.yfisher.com\/m6076\/1725726643we2\/jpg70-t3-scale100.webp\" alt=\"0,2 \u03bcm 5 in\u00e7 PES membran pileli kartu\u015f filtreler \u00fcretici 14\" data-lazy=\"2\"><\/div>\n<div class=\"description\">\u0130\u00e7ecek<\/div>\n<\/div>\n<div class=\"col-sm-12 col-md-4 col-xs-6\">\n<div class=\"thumbnail\"><img decoding=\"async\" title=\"\" src=\"https:\/\/img.yfisher.com\/m6076\/1725726643yla\/png70-t3-scale100.webp\" alt=\"0,2 \u03bcm 5 in\u00e7 PES membran pileli kartu\u015f filtre \u00fcreticisi 15\" data-lazy=\"2\"><\/div>\n<div class=\"description\">Bira<\/div>\n<\/div>\n<\/div>\n<\/div>\n<\/div>\n<\/div>","protected":false},"excerpt":{"rendered":"<table>\n<thead>\n<tr>\n<th>Ba\u015flang\u0131\u00e7 Liman\u0131:<\/th>\n<th>Guangzhou<\/th>\n<\/tr>\n<\/thead>\n<tbody>\n<tr>\n<td>\u00dcretim Kapasitesi:<\/td>\n<td>500 adet\/Ay<\/td>\n<\/tr>\n<tr>\n<td>Men\u015fe Yeri:<\/td>\n<td>Guangdong, \u00c7in<\/td>\n<\/tr>\n<tr>\n<td>\u00d6deme:<\/td>\n<td>T \/ T, Western Union, MoneyGram, Alibaba Ticaret G\u00fcvencesi, paypal<\/td>\n<\/tr>\n<tr>\n<td>ADEDI:<\/td>\n<td>10 adet<\/td>\n<\/tr>\n<tr>\n<td>Model:<\/td>\n<td>LY-PL-PES<\/td>\n<\/tr>\n<tr>\n<td>Teslimat S\u00fcresi:<\/td>\n<td>7 i\u015f g\u00fcn\u00fc i\u00e7erisinde<\/td>\n<\/tr>\n<tr>\n<td>Sertifika:<\/td>\n<td>SGS<\/td>\n<\/tr>\n<tr>\n<td>Marka:<\/td>\n<td>OEM\/Lvyuan<\/td>\n<\/tr>\n<\/tbody>\n<\/table>","protected":false},"featured_media":618,"comment_status":"open","ping_status":"closed","template":"","meta":{"_gspb_post_css":""},"product_brand":[],"product_cat":[21,17],"product_tag":[261,266,265,272,259,269],"class_list":{"0":"post-617","1":"product","2":"type-product","3":"status-publish","4":"has-post-thumbnail","6":"product_cat-pleated-filter-cartridge","7":"product_cat-sediment-filter","8":"product_tag-guangdong-china","9":"product_tag-guangzhou","10":"product_tag-lvyuan","11":"product_tag-ly-pl-pes","12":"product_tag-oem","13":"product_tag-sgs","15":"first","16":"instock","17":"shipping-taxable","18":"product-type-simple"},"_links":{"self":[{"href":"https:\/\/lyfilter.com\/tr\/wp-json\/wp\/v2\/product\/617","targetHints":{"allow":["GET"]}}],"collection":[{"href":"https:\/\/lyfilter.com\/tr\/wp-json\/wp\/v2\/product"}],"about":[{"href":"https:\/\/lyfilter.com\/tr\/wp-json\/wp\/v2\/types\/product"}],"replies":[{"embeddable":true,"href":"https:\/\/lyfilter.com\/tr\/wp-json\/wp\/v2\/comments?post=617"}],"wp:featuredmedia":[{"embeddable":true,"href":"https:\/\/lyfilter.com\/tr\/wp-json\/wp\/v2\/media\/618"}],"wp:attachment":[{"href":"https:\/\/lyfilter.com\/tr\/wp-json\/wp\/v2\/media?parent=617"}],"wp:term":[{"taxonomy":"product_brand","embeddable":true,"href":"https:\/\/lyfilter.com\/tr\/wp-json\/wp\/v2\/product_brand?post=617"},{"taxonomy":"product_cat","embeddable":true,"href":"https:\/\/lyfilter.com\/tr\/wp-json\/wp\/v2\/product_cat?post=617"},{"taxonomy":"product_tag","embeddable":true,"href":"https:\/\/lyfilter.com\/tr\/wp-json\/wp\/v2\/product_tag?post=617"}],"curies":[{"name":"wp","href":"https:\/\/api.w.org\/{rel}","templated":true}]}}