{"id":611,"date":"2025-12-24T03:18:18","date_gmt":"2025-12-24T03:18:18","guid":{"rendered":"https:\/\/lyfilter.com\/?post_type=product&#038;p=611"},"modified":"2025-12-24T06:48:13","modified_gmt":"2025-12-24T06:48:13","slug":"30-inch-nylon-n66-membrane-pleated-water-filter-cartridge-suppliers","status":"publish","type":"product","link":"https:\/\/lyfilter.com\/tr\/30-inch-nylon-n66-membrane-pleated-water-filter-cartridge-suppliers\/","title":{"rendered":"30 in\u00e7 Naylon N66 membran pilili su filtresi kartu\u015fu tedarik\u00e7ileri"},"content":{"rendered":"<div class=\"d-tem11-graphic tem11-graphic mockup\" data-detail=\"wrap\">\n<div class=\"tab_row\">\n<div class=\"img\"><img decoding=\"async\" title=\"\" src=\"https:\/\/img.yfisher.com\/m6076\/17257266419wj\/jpg70-t3-scale100.webp\" alt=\"30 in\u00e7 Naylon N66 membran pilili su filtresi kartu\u015fu tedarik\u00e7ileri 2\" data-lazy=\"2\"><\/div>\n<div class=\"text_box\">\n<div class=\"txt\">\n<div class=\"title\">N6 pileli filtre kartu\u015fu, Naylon 6 medya ve dokuma olmayan destek malzemelerinden yap\u0131lm\u0131\u015ft\u0131r. Adapt\u00f6rler, herhangi bir yap\u0131\u015ft\u0131r\u0131c\u0131 kullan\u0131lmadan, herhangi bir kirlilik ve pislik olmadan ortamla termal olarak kaynaklan\u0131r. Temiz ve kararl\u0131, her filtre kartu\u015fu 100% b\u00fct\u00fcnl\u00fc\u011f\u00fc ile s\u0131k\u0131 testlerden ge\u00e7mi\u015ftir. S\u0131k\u0131 \u00fcretim ortam\u0131 ve en iyi filtrasyon g\u00fcvenli\u011fini sa\u011flar. Naylon pileli filtre kartu\u015fu veya Naylon membran pileli kartu\u015f filtre, dokunmam\u0131\u015f polyester malzeme ortam\u0131na y\u00fcksek safl\u0131kta Naylon 66 membran kullan\u0131r. \u00c7o\u011funlukla son a\u015fama filtrasyon uygulamalar\u0131 i\u00e7indir.<\/div>\n<\/div>\n<\/div>\n<\/div>\n<\/div>\n<div class=\"er-fangkuang1\">\n<p>\u00a0 \u00dcr\u00fcn \u00d6zelli\u011fi<\/p>\n<div class=\"description\">\n<ul>\n<li><span class=\"font-color\">\u25ea \u00a0\u00a0<\/span>Y\u00fcksek kir tutma kapasitesi ve uzun servis \u00f6mr\u00fc.<\/li>\n<li><span class=\"font-color\">\u25ea\u00a0\u00a0<\/span>\u00a0Naylon membran hidrofilik olmas\u0131 nedeniyle \u00f6n \u0131slatmaya gerek yoktur.<\/li>\n<li><span class=\"font-color\">\u25ea\u00a0 \u00a0<\/span>E\u015fit da\u011f\u0131lm\u0131\u015f g\u00f6zenek \u00e7ap\u0131, iyi filtrasyon etkisi.<\/li>\n<li><span class=\"font-color\">\u25ea\u00a0 \u00a0<\/span>M\u00fckemmel kimyasal uyumluluk, 50% H2O2'ye kadar ve 1.6%'ye kadar a\u011fart\u0131c\u0131 (800PPmNaClo) dahil olmak \u00fczere \u00e7o\u011fu s\u0131hhi reaktifle uyumludur.<\/li>\n<li><span class=\"font-color\">\u25ea\u00a0 \u00a0<\/span>Elyaf sal\u0131n\u0131m\u0131 yoktur, ila\u00e7 end\u00fcstrisinin standartlar\u0131na tamamen uygundur.<\/li>\n<\/ul>\n<\/div>\n<\/div>\n<div class=\"d-tem04-title text-left d-interval manS\" data-detail=\"wrap\">\n<h2 class=\"heading\">\u00dcr\u00fcn Parametresi<\/h2>\n<\/div>\n<div class=\"table-responsive\">\n<table class=\"table table-bordered table-hover\">\n<tbody>\n<tr class=\"firstRow\">\n<td>\u00dcr\u00fcn Ad\u0131<\/td>\n<td>226 adapt\u00f6rl\u00fc 30 in\u00e7 Naylon N66 membran pileli filtre eleman\u0131 (LY-PL-N66)<\/td>\n<\/tr>\n<tr>\n<td>Filtre ortam\u0131<\/td>\n<td>Naylon (N66)<\/td>\n<\/tr>\n<tr>\n<td>Destek<\/td>\n<td>PP\/Polipropilen<\/td>\n<\/tr>\n<tr>\n<td>\u00c7ekirdek\/ U\u00e7 kapa\u011f\u0131<\/td>\n<td>PP\/Polipropilen<\/td>\n<\/tr>\n<tr>\n<td>Conta malzemesi<\/td>\n<td>Silikon\/EPDM\/VITON\/PTFE\/NBR\/TEFLON<\/td>\n<\/tr>\n<tr>\n<td>D\u0131\u015f \u00e7ap<\/td>\n<td>2,7\u201d (69 mm)<\/td>\n<\/tr>\n<tr>\n<td>Uzunluk<\/td>\n<td>5\u201d, 9.75\u201d, 10\u201d, 20\u201d, 30\u201d, 40\u201d, \u00d6zelle\u015ftirilmi\u015f<\/td>\n<\/tr>\n<tr>\n<td>U\u00e7 kapa\u011f\u0131<\/td>\n<td>215\/222\/226\/FIN\/DOE\/SS<\/td>\n<\/tr>\n<tr>\n<td>Filtrasyon alan\u0131<\/td>\n<td>\u22650.6m\u00b2<\/td>\n<\/tr>\n<tr>\n<td>Maksimum \u00e7al\u0131\u015fma s\u0131cakl\u0131\u011f\u0131<\/td>\n<td>\u2264 49\u2103<\/td>\n<\/tr>\n<tr>\n<td>Mikron derecesi (\u03bcm)<\/td>\n<td>0.2, 0.45, 0.65, 1<\/td>\n<\/tr>\n<\/tbody>\n<\/table>\n<\/div>\n<div class=\"d-tem04-title text-left d-interval manS\" data-detail=\"wrap\">\n<h2 class=\"heading\">\u00dcr\u00fcn Detaylar\u0131<\/h2>\n<\/div>\n<div class=\"d-tem05-technology mockup\" data-detail=\"wrap\">\n<div class=\"items\">\n<div class=\"item tab_row bg-color-before\">\n<div class=\"img d-font-size-fix\"><img decoding=\"async\" title=\"\" src=\"https:\/\/img.yfisher.com\/m6076\/1725726641vkd\/jpg70-t3-scale100.webp\" alt=\"30 in\u00e7 Naylon N66 membran pilili su filtresi kartu\u015fu tedarik\u00e7ileri 3\" data-lazy=\"2\"><\/div>\n<div class=\"text_box\">\n<div class=\"txt font-color d-font-size-fix\">\n<div class=\"numbox\">B\u00f6l\u00fcm.1<\/div>\n<div class=\"title\">Membran\u0131n mikron derecesi iste\u011fe ba\u011fl\u0131d\u0131r. Bu saha i\u00e7in sipari\u015f edilebilecek se\u00e7enekler aras\u0131nda 10\u2033 ila 40\u2033 uzunlu\u011funda 0,03 ila 0,45 mikron bulunmaktad\u0131r.<\/div>\n<\/div>\n<\/div>\n<\/div>\n<div class=\"item tab_row bg-color-before\">\n<div class=\"img d-font-size-fix\"><img decoding=\"async\" title=\"\" src=\"https:\/\/img.yfisher.com\/m6076\/1725726641cip\/jpg70-t3-scale100.webp\" alt=\"30 in\u00e7 Naylon N66 membran pilili su filtresi kartu\u015fu tedarik\u00e7ileri 4\" data-lazy=\"2\"><\/div>\n<div class=\"text_box\">\n<div class=\"txt font-color d-font-size-fix\">\n<div class=\"numbox\">B\u00f6l\u00fcm.2<\/div>\n<div class=\"title\">\u00c7ift A\u00e7\u0131k U\u00e7lu (DOE), 222 veya 226 u\u00e7lu konfig\u00fcrasyonlar\u0131n t\u00fcm\u00fc EPDM\/PTFE\/S\u0130L\u0130KON\/TEFLON contalarla standart olarak gelir.<\/div>\n<\/div>\n<\/div>\n<\/div>\n<div class=\"item tab_row bg-color-before\">\n<div class=\"img d-font-size-fix\"><img decoding=\"async\" title=\"\" src=\"https:\/\/img.yfisher.com\/m6076\/172572664168b\/jpg70-t3-scale100.webp\" alt=\"30 in\u00e7 Naylon N66 membran pilili su filtresi kartu\u015fu tedarik\u00e7ileri 5\" data-lazy=\"2\"><\/div>\n<div class=\"text_box\">\n<div class=\"txt font-color d-font-size-fix\">\n<div class=\"numbox\">B\u00f6l\u00fcm.3<\/div>\n<div class=\"title\">Filtre \u00e7ekirde\u011fi ve o-ring malzemesi, membran katman say\u0131s\u0131 kullan\u0131c\u0131lara daha fazla se\u00e7enek sunar<\/div>\n<\/div>\n<\/div>\n<\/div>\n<div class=\"item tab_row bg-color-before\">\n<div class=\"img d-font-size-fix\"><img decoding=\"async\" title=\"\" src=\"https:\/\/img.yfisher.com\/m6076\/1725726641jhy\/jpg70-t3-scale100.webp\" alt=\"30 in\u00e7 Naylon N66 membran pilili su filtresi kartu\u015fu tedarik\u00e7ileri 6\" data-lazy=\"2\"><\/div>\n<div class=\"text_box\">\n<div class=\"txt font-color d-font-size-fix\">\n<div class=\"numbox\">B\u00f6l\u00fcm.4<\/div>\n<div class=\"title\">Filtre kartu\u015flar\u0131n\u0131n t\u00fcm par\u00e7alar\u0131 eczane gereksinimlerini kar\u015f\u0131lamak i\u00e7in y\u00fcksek kalitededir.<\/div>\n<\/div>\n<\/div>\n<\/div>\n<div class=\"d-tem04-title text-left d-interval manS\" data-detail=\"wrap\">\n<h2 class=\"heading\">\u00dcr\u00fcn Uygulamalar\u0131<\/h2>\n<\/div>\n<div class=\"d-tem15-graphic mockup\" data-detail=\"wrap\">\n<div class=\"clearfix d-clearfix\">\n<div class=\"col-sm-12 col-md-4 col-xs-6\">\n<div class=\"thumbnail\"><img decoding=\"async\" title=\"\" src=\"https:\/\/img.yfisher.com\/m6076\/17252869702lg\/jpg70-t3-scale100.webp\" alt=\"30 in\u00e7 Naylon N66 membran pilili su filtresi kartu\u015fu tedarik\u00e7ileri 7\" data-lazy=\"2\"><\/div>\n<div class=\"description\">\n<p>Belediye musluk suyunda RO su \u00f6n ar\u0131tmas\u0131<\/p>\n<\/div>\n<\/div>\n<div class=\"col-sm-12 col-md-4 col-xs-6\">\n<div class=\"thumbnail\"><img decoding=\"async\" title=\"\" src=\"https:\/\/img.yfisher.com\/m6076\/1725286970srn\/jpg70-t3-scale100.webp\" alt=\"30 in\u00e7 Naylon N66 membran pilili su filtresi kartu\u015fu tedarik\u00e7ileri 8\" data-lazy=\"2\"><\/div>\n<div class=\"description\">End\u00fcstri suyu, kaplama filtrasyonu<\/div>\n<\/div>\n<div class=\"col-sm-12 col-md-4 col-xs-6\">\n<div class=\"thumbnail\"><img decoding=\"async\" title=\"\" src=\"https:\/\/img.yfisher.com\/m6076\/1725286970f8t\/jpg70-t3-scale100.webp\" alt=\"30 in\u00e7 Naylon N66 membran pilili su filtresi kartu\u015fu tedarik\u00e7ileri 9\" data-lazy=\"2\"><\/div>\n<div class=\"description\">Yiyecek ve i\u00e7ecek<\/div>\n<\/div>\n<\/div>\n<\/div>\n<div class=\"d-tem15-graphic mockup\" data-detail=\"wrap\">\n<div class=\"clearfix d-clearfix\">\n<div class=\"col-sm-12 col-md-4 col-xs-6\">\n<div class=\"thumbnail\"><img decoding=\"async\" title=\"\" src=\"https:\/\/img.yfisher.com\/m6076\/1725286970bzw\/jpg70-t3-scale100.webp\" alt=\"30 in\u00e7 Naylon N66 membran pilili su filtresi kartu\u015fu tedarik\u00e7ileri 10\" data-lazy=\"2\"><\/div>\n<div class=\"description\">Steril su ve ultra saf su \u00f6n filtrasyonu<\/div>\n<\/div>\n<div class=\"col-sm-12 col-md-4 col-xs-6\">\n<div class=\"thumbnail\"><img decoding=\"async\" title=\"\" src=\"https:\/\/img.yfisher.com\/m6076\/1725286970fd2\/jpg70-t3-scale100.webp\" alt=\"30 in\u00e7 Naylon N66 membran pileli su filtresi kartu\u015fu tedarik\u00e7ileri 11\" data-lazy=\"2\"><\/div>\n<div class=\"description\">Kimyasal ve \u00e7\u00f6z\u00fcc\u00fc su<\/div>\n<\/div>\n<div class=\"col-sm-12 col-md-4 col-xs-6\">\n<div class=\"thumbnail\"><img decoding=\"async\" title=\"\" src=\"https:\/\/img.yfisher.com\/m6076\/1725286970v45\/jpg70-t3-scale100.webp\" alt=\"30 in\u00e7 Naylon N66 membran pilili su filtresi kartu\u015fu tedarik\u00e7ileri 12\" data-lazy=\"2\"><\/div>\n<div class=\"description\">Deniz suyu tuzdan ar\u0131nd\u0131rma<\/div>\n<\/div>\n<\/div>\n<\/div>\n<\/div>\n<\/div>","protected":false},"excerpt":{"rendered":"<table>\n<thead>\n<tr>\n<th>Ba\u015flang\u0131\u00e7 Liman\u0131:<\/th>\n<th>Guangzhou<\/th>\n<\/tr>\n<\/thead>\n<tbody>\n<tr>\n<td>\u00dcretim Kapasitesi:<\/td>\n<td>500 adet\/Ay<\/td>\n<\/tr>\n<tr>\n<td>Men\u015fe Yeri:<\/td>\n<td>Guanddong, \u00c7in<\/td>\n<\/tr>\n<tr>\n<td>\u00d6deme:<\/td>\n<td>T \/ T, Western Union, Alibaba Ticaret G\u00fcvencesi, paypal<\/td>\n<\/tr>\n<tr>\n<td>ADEDI:<\/td>\n<td>10 adet<\/td>\n<\/tr>\n<tr>\n<td>Model:<\/td>\n<td>LY-PL-N66<\/td>\n<\/tr>\n<tr>\n<td>Teslimat S\u00fcresi:<\/td>\n<td>Tam \u00f6demeden sonra 7 g\u00fcn i\u00e7inde.<\/td>\n<\/tr>\n<tr>\n<td>Sertifika:<\/td>\n<td>SGS<\/td>\n<\/tr>\n<tr>\n<td>Marka:<\/td>\n<td>OEM\/Lvyuan<\/td>\n<\/tr>\n<\/tbody>\n<\/table>","protected":false},"featured_media":615,"comment_status":"open","ping_status":"closed","template":"","meta":{"_gspb_post_css":""},"product_brand":[],"product_cat":[17,21],"product_tag":[261,266,265,271,259,269],"class_list":{"0":"post-611","1":"product","2":"type-product","3":"status-publish","4":"has-post-thumbnail","6":"product_cat-sediment-filter","7":"product_cat-pleated-filter-cartridge","8":"product_tag-guangdong-china","9":"product_tag-guangzhou","10":"product_tag-lvyuan","11":"product_tag-ly-pl-n66","12":"product_tag-oem","13":"product_tag-sgs","15":"first","16":"instock","17":"shipping-taxable","18":"product-type-simple"},"_links":{"self":[{"href":"https:\/\/lyfilter.com\/tr\/wp-json\/wp\/v2\/product\/611","targetHints":{"allow":["GET"]}}],"collection":[{"href":"https:\/\/lyfilter.com\/tr\/wp-json\/wp\/v2\/product"}],"about":[{"href":"https:\/\/lyfilter.com\/tr\/wp-json\/wp\/v2\/types\/product"}],"replies":[{"embeddable":true,"href":"https:\/\/lyfilter.com\/tr\/wp-json\/wp\/v2\/comments?post=611"}],"wp:featuredmedia":[{"embeddable":true,"href":"https:\/\/lyfilter.com\/tr\/wp-json\/wp\/v2\/media\/615"}],"wp:attachment":[{"href":"https:\/\/lyfilter.com\/tr\/wp-json\/wp\/v2\/media?parent=611"}],"wp:term":[{"taxonomy":"product_brand","embeddable":true,"href":"https:\/\/lyfilter.com\/tr\/wp-json\/wp\/v2\/product_brand?post=611"},{"taxonomy":"product_cat","embeddable":true,"href":"https:\/\/lyfilter.com\/tr\/wp-json\/wp\/v2\/product_cat?post=611"},{"taxonomy":"product_tag","embeddable":true,"href":"https:\/\/lyfilter.com\/tr\/wp-json\/wp\/v2\/product_tag?post=611"}],"curies":[{"name":"wp","href":"https:\/\/api.w.org\/{rel}","templated":true}]}}