{"id":604,"date":"2025-12-24T03:15:40","date_gmt":"2025-12-24T03:15:40","guid":{"rendered":"https:\/\/lyfilter.com\/?post_type=product&#038;p=604"},"modified":"2025-12-24T03:15:40","modified_gmt":"2025-12-24T03:15:40","slug":"customized-specification-polypropylene-pp-melt-blown-filter-cartridge","status":"publish","type":"product","link":"https:\/\/lyfilter.com\/tr\/customized-specification-polypropylene-pp-melt-blown-filter-cartridge\/","title":{"rendered":"\u00d6zelle\u015ftirilmi\u015f \u015eartname Polipropilen PP Eriyik \u00dcflemeli Filtre Kartu\u015fu"},"content":{"rendered":"<div class=\"d-tem11-graphic tem11-graphic mockup\" data-detail=\"wrap\">\n<div class=\"tab_row\">\n<div class=\"img\"><img decoding=\"async\" title=\"\" src=\"https:\/\/img.yfisher.com\/m6076\/1725286970vgl\/jpg70-t3-scale100.webp\" alt=\"\u00d6zelle\u015ftirilmi\u015f \u015eartname Polipropilen PP Eriyik \u00dcflemeli Filtre Kartu\u015fu 6\" data-lazy=\"2\"><\/div>\n<div class=\"text_box\">\n<div class=\"txt\">\n<div class=\"title\">\n<p>Lvyuan pp eriyik \u00fcflemeli filtre kartu\u015fu serisi, su ar\u0131tma i\u00e7in bir t\u00fcr standart ve basit filtre kartu\u015fudur.<\/p>\n<p>Polipropilen elyaf\u0131n herhangi bir kimyasal yap\u0131\u015ft\u0131r\u0131c\u0131 olmadan kayna\u015ft\u0131r\u0131lmas\u0131 ve i\u00e7 i\u00e7e ge\u00e7irilmesidir. 100% saf polipropilen hammaddeden \u00fcretilmi\u015ftir. Bu filtre kartu\u015fu, kartu\u015fu y\u00fczeyde ince lifler ve kaba lif ve derin filtrasyon ile 3 katman haline getirecek olan 3D mikro g\u00f6zenek olu\u015fturmak i\u00e7in rastgeledir.<\/p>\n<p>Filtre kartu\u015funun \u00e7ap\u0131ndaki y\u00fcksek filtrasyon derecesi ve kirletici tutma kapasitesinden lif ve yo\u011funluk, d\u00fc\u015f\u00fck bas\u0131n\u00e7 d\u00fc\u015f\u00fc\u015f\u00fc, d\u0131\u015f k\u0131sm\u0131 gev\u015fek ve i\u00e7 k\u0131sm\u0131 kapal\u0131, g\u00fc\u00e7l\u00fc kirletici tutma kapasitesine sahip kademeli olarak de\u011fi\u015fen derin filtrasyon yap\u0131s\u0131, ask\u0131da kalan madde, partik\u00fcl ve pas gibi kirleticileri etkili bir \u015fekilde giderebilir, verimli filtrasyon ve uzun hizmet \u00f6mr\u00fc sa\u011flar.<\/p>\n<\/div>\n<\/div>\n<\/div>\n<\/div>\n<\/div>\n<div class=\"er-fangkuang1\">\n<p>\u00a0 \u00dcr\u00fcn \u00d6zelli\u011fi<\/p>\n<div class=\"description\">\n<ul>\n<li><span class=\"font-color\">\u25ea \u00a0\u00a0<\/span>Y\u00fcksek kir tutma kapasitesi ve uzun servis \u00f6mr\u00fc.<\/li>\n<li><span class=\"font-color\">\u25ea\u00a0 \u00a0<\/span>\u00d6zel boyut ve logolu \u00e7elik conta.<\/li>\n<li><span class=\"font-color\">\u25ea\u00a0 \u00a0<\/span>Elyaf d\u00f6k\u00fclmesine neden olmaz.<\/li>\n<li><span class=\"font-color\">\u25ea\u00a0 \u00a0<\/span>M\u00fckemmel kimyasal uyumluluk.<\/li>\n<li><span class=\"font-color\">\u25ea\u00a0 \u00a0<\/span>Yap\u0131\u015ft\u0131r\u0131c\u0131 veya katk\u0131 maddesi i\u00e7ermez.<\/li>\n<li><span class=\"font-color\">\u25ea\u00a0 \u00a0<\/span>Gram a\u011f\u0131rl\u0131\u011f\u0131 \u00f6zelle\u015ftirin.<\/li>\n<\/ul>\n<\/div>\n<\/div>\n<div class=\"d-tem04-title text-left d-interval manS\" data-detail=\"wrap\">\n<h2 class=\"heading\">\u00dcr\u00fcn Parametresi<\/h2>\n<\/div>\n<div class=\"table-responsive\">\n<table class=\"table table-bordered table-hover\">\n<tbody>\n<tr class=\"firstRow\">\n<td>Filtre malzemesi<\/td>\n<td>PP\uff08polipropilen\uff09<\/td>\n<\/tr>\n<tr>\n<td>Orta \u00e7ekirdek<\/td>\n<td>PP\/Yok<\/td>\n<\/tr>\n<tr>\n<td>U\u00e7 kapaklar\u0131<\/td>\n<td>PP<\/td>\n<\/tr>\n<tr>\n<td>Conta malzemesi<\/td>\n<td>Silikon, EPDM, NBR, VITON, TEFLON, vb.<\/td>\n<\/tr>\n<tr>\n<td>Kod<\/td>\n<td>DOE, K\u0130T, \u00f6zelle\u015ftirilmi\u015f<\/td>\n<\/tr>\n<tr>\n<td>Y\u00fczey<\/td>\n<td>Parlak, Yivli, Kabartma \u0130\u011fneli, Portakal kabu\u011fu y\u00fczey<\/td>\n<\/tr>\n<tr>\n<td>\u0130\u00e7 \u00e7ap<\/td>\n<td>20 mm, 28 mm, 30 mm, 200 mm, \u00f6zelle\u015ftirilmi\u015f<\/td>\n<\/tr>\n<tr>\n<td>D\u0131\u015f \u00e7ap<\/td>\n<td>60 mm, 63 mm, 65 mm, 110 mm, 115 mm, \u00f6zelle\u015ftirilmi\u015f<\/td>\n<\/tr>\n<tr>\n<td>Uzunluk<\/td>\n<td>10\/20\/30\/40 in\u00e7 veya \u00f6zelle\u015ftirilmi\u015f<\/td>\n<\/tr>\n<tr>\n<td>Maksimum diferansiyel bas\u0131n\u00e7<\/td>\n<td>20\u00b0C'de 3,5 bar<\/td>\n<\/tr>\n<tr>\n<td>Maks. \u00e7al\u0131\u015fma s\u0131cakl\u0131\u011f\u0131<\/td>\n<td>82\u2103<\/td>\n<\/tr>\n<tr>\n<td>Yedek diferansiyel bas\u0131n\u00e7<\/td>\n<td>1-1,5bar<\/td>\n<\/tr>\n<\/tbody>\n<\/table>\n<\/div>\n<div class=\"d-tem04-title text-left d-interval manS\" data-detail=\"wrap\">\n<h2 class=\"heading\">\u00dcr\u00fcn Detaylar\u0131<\/h2>\n<\/div>\n<p>PP tortu filtre kartu\u015funda on y\u0131ll\u0131k deneyimle, farkl\u0131 OD ve uzunluk, \u00e7oklu adapt\u00f6r, farkl\u0131 g\u00f6r\u00fcn\u00fcm, iki hassasiyet, \u00f6zelle\u015ftirilmi\u015f gram gibi \u00e7e\u015fitli \u00f6zellikler sa\u011flayabiliriz.<\/p>\n<div class=\"d-tem05-technology mockup\" data-detail=\"wrap\">\n<div class=\"items\">\n<div class=\"item tab_row bg-color-before\">\n<div class=\"img d-font-size-fix\"><img decoding=\"async\" title=\"\" src=\"https:\/\/img.yfisher.com\/m6076\/17252869705cs\/jpg70-t3-scale100.webp\" alt=\"\u00d6zel \u015eartname Polipropilen PP Eriyik \u00dcflemeli Filtre Kartu\u015fu 7\" data-lazy=\"2\"><\/div>\n<div class=\"text_box\">\n<div class=\"txt font-color d-font-size-fix\">\n<div class=\"numbox\">B\u00f6l\u00fcm.1<\/div>\n<div class=\"title\">\u00d6zelle\u015ftirilmi\u015f boyut ve uzunlu\u011fu kabul edin<\/div>\n<\/div>\n<\/div>\n<\/div>\n<div class=\"item tab_row bg-color-before\">\n<div class=\"img d-font-size-fix\"><img decoding=\"async\" title=\"\" src=\"https:\/\/img.yfisher.com\/m6076\/1725286970so1\/jpg70-t3-scale100.webp\" alt=\"\u00d6zelle\u015ftirilmi\u015f \u015eartname Polipropilen PP Eriyik \u00dcflemeli Filtre Kartu\u015fu 8\" data-lazy=\"2\"><\/div>\n<div class=\"text_box\">\n<div class=\"txt font-color d-font-size-fix\">\n<div class=\"numbox\">B\u00f6l\u00fcm.2<\/div>\n<div class=\"title\">\u00d6zelle\u015ftirilmi\u015f reklamc\u0131y\u0131 kabul et<\/div>\n<\/div>\n<\/div>\n<\/div>\n<div class=\"item tab_row bg-color-before\">\n<div class=\"img d-font-size-fix\"><img decoding=\"async\" title=\"\" src=\"https:\/\/img.yfisher.com\/m6076\/17252869708eg\/jpg70-t3-scale100.webp\" alt=\"\u00d6zel \u015eartname Polipropilen PP Eriyik \u00dcflemeli Filtre Kartu\u015fu 9\" data-lazy=\"2\"><\/div>\n<div class=\"text_box\">\n<div class=\"txt font-color d-font-size-fix\">\n<div class=\"numbox\">B\u00f6l\u00fcm.3<\/div>\n<div class=\"title\">G\u00f6r\u00fcn\u00fcm\u00fc \u00f6zelle\u015ftirmeyi kabul et<\/div>\n<\/div>\n<\/div>\n<\/div>\n<div class=\"item tab_row bg-color-before\">\n<div class=\"img d-font-size-fix\"><img decoding=\"async\" title=\"\" src=\"https:\/\/img.yfisher.com\/m6076\/1725286970x78\/jpg70-t3-scale100.webp\" alt=\"\u00d6zelle\u015ftirilmi\u015f \u015eartname Polipropilen PP Eriyik \u00dcflemeli Filtre Kartu\u015fu 10\" data-lazy=\"2\"><\/div>\n<div class=\"text_box\">\n<div class=\"txt font-color d-font-size-fix\">\n<div class=\"numbox\">B\u00f6l\u00fcm.4<\/div>\n<div class=\"title\">\u0130ki hassasiyeti kabul edin<\/div>\n<\/div>\n<\/div>\n<\/div>\n<div class=\"item tab_row bg-color-before\">\n<div class=\"img d-font-size-fix\"><img decoding=\"async\" title=\"\" src=\"https:\/\/img.yfisher.com\/m6076\/1725286970i3a\/jpg70-t3-scale100.webp\" alt=\"\u00d6zel \u015eartname Polipropilen PP Eriyik \u00dcflemeli Filtre Kartu\u015fu 11\" data-lazy=\"2\"><\/div>\n<div class=\"text_box\">\n<div class=\"txt font-color d-font-size-fix\">\n<div class=\"numbox\">B\u00f6l\u00fcm.5<\/div>\n<div class=\"title\">\u00d6zelle\u015ftirilmi\u015f gram kabul edin<\/div>\n<\/div>\n<\/div>\n<\/div>\n<div class=\"d-tem04-title text-left d-interval manS\" data-detail=\"wrap\">\n<h2 class=\"heading\">\u00dcr\u00fcn Uygulamalar\u0131<\/h2>\n<\/div>\n<div class=\"d-tem15-graphic mockup\" data-detail=\"wrap\">\n<div class=\"clearfix d-clearfix\">\n<div class=\"col-sm-12 col-md-4 col-xs-6\">\n<div class=\"thumbnail\"><img decoding=\"async\" title=\"\" src=\"https:\/\/img.yfisher.com\/m6076\/17252869702lg\/jpg70-t3-scale100.webp\" alt=\"\u00d6zelle\u015ftirilmi\u015f \u015eartname Polipropilen PP Eriyik \u00dcflemeli Filtre Kartu\u015fu 12\" data-lazy=\"2\"><\/div>\n<div class=\"description\">\n<p>Belediye musluk suyunda RO su \u00f6n ar\u0131tmas\u0131<\/p>\n<\/div>\n<\/div>\n<div class=\"col-sm-12 col-md-4 col-xs-6\">\n<div class=\"thumbnail\"><img decoding=\"async\" title=\"\" src=\"https:\/\/img.yfisher.com\/m6076\/1725286970srn\/jpg70-t3-scale100.webp\" alt=\"\u00d6zel \u015eartname Polipropilen PP Eriyik \u00dcflemeli Filtre Kartu\u015fu 13\" data-lazy=\"2\"><\/div>\n<div class=\"description\">End\u00fcstri suyu, kaplama filtrasyonu<\/div>\n<\/div>\n<div class=\"col-sm-12 col-md-4 col-xs-6\">\n<div class=\"thumbnail\"><img decoding=\"async\" title=\"\" src=\"https:\/\/img.yfisher.com\/m6076\/1725286970f8t\/jpg70-t3-scale100.webp\" alt=\"\u00d6zel \u015eartname Polipropilen PP Eriyik \u00dcflemeli Filtre Kartu\u015fu 14\" data-lazy=\"2\"><\/div>\n<div class=\"description\">Yiyecek ve i\u00e7ecek<\/div>\n<\/div>\n<\/div>\n<\/div>\n<div class=\"d-tem15-graphic mockup\" data-detail=\"wrap\">\n<div class=\"clearfix d-clearfix\">\n<div class=\"col-sm-12 col-md-4 col-xs-6\">\n<div class=\"thumbnail\"><img decoding=\"async\" title=\"\" src=\"https:\/\/img.yfisher.com\/m6076\/1725286970bzw\/jpg70-t3-scale100.webp\" alt=\"\u00d6zel \u015eartname Polipropilen PP Eriyik \u00dcflemeli Filtre Kartu\u015fu 15\" data-lazy=\"2\"><\/div>\n<div class=\"description\">Steril su ve ultra saf su \u00f6n filtrasyonu<\/div>\n<\/div>\n<div class=\"col-sm-12 col-md-4 col-xs-6\">\n<div class=\"thumbnail\"><img decoding=\"async\" title=\"\" src=\"https:\/\/img.yfisher.com\/m6076\/1725286970fd2\/jpg70-t3-scale100.webp\" alt=\"\u00d6zelle\u015ftirilmi\u015f \u015eartname Polipropilen PP Eriyik \u00dcflemeli Filtre Kartu\u015fu 16\" data-lazy=\"2\"><\/div>\n<div class=\"description\">Kimyasal ve \u00e7\u00f6z\u00fcc\u00fc su<\/div>\n<\/div>\n<div class=\"col-sm-12 col-md-4 col-xs-6\">\n<div class=\"thumbnail\"><img decoding=\"async\" title=\"\" src=\"https:\/\/img.yfisher.com\/m6076\/1725286970v45\/jpg70-t3-scale100.webp\" alt=\"\u00d6zel \u015eartname Polipropilen PP Eriyik \u00dcflemeli Filtre Kartu\u015fu 17\" data-lazy=\"2\"><\/div>\n<div class=\"description\">Deniz suyu tuzdan ar\u0131nd\u0131rma<\/div>\n<\/div>\n<\/div>\n<\/div>\n<\/div>\n<\/div>","protected":false},"excerpt":{"rendered":"<table>\n<thead>\n<tr>\n<th>Ba\u015flang\u0131\u00e7 Liman\u0131:<\/th>\n<th>Guangzhou<\/th>\n<\/tr>\n<\/thead>\n<tbody>\n<tr>\n<td>\u00dcretim Kapasitesi:<\/td>\n<td>500 adet\/Ay<\/td>\n<\/tr>\n<tr>\n<td>Men\u015fe Yeri:<\/td>\n<td>Guangdong, \u00c7in<\/td>\n<\/tr>\n<tr>\n<td>\u00d6deme:<\/td>\n<td>D \/ P, T \/ T, Western Union, MoneyGram, Alibaba Ticaret G\u00fcvencesi, paypal<\/td>\n<\/tr>\n<tr>\n<td>ADEDI:<\/td>\n<td>100 adet<\/td>\n<\/tr>\n<tr>\n<td>Model:<\/td>\n<td>LY-PP<\/td>\n<\/tr>\n<tr>\n<td>Teslimat S\u00fcresi:<\/td>\n<td>7 i\u015f g\u00fcn\u00fc i\u00e7erisinde<\/td>\n<\/tr>\n<tr>\n<td>Sertifika:<\/td>\n<td>SGS<\/td>\n<\/tr>\n<tr>\n<td>Marka:<\/td>\n<td>OEM\/Lvyuan<\/td>\n<\/tr>\n<\/tbody>\n<\/table>","protected":false},"featured_media":610,"comment_status":"open","ping_status":"closed","template":"","meta":{"_gspb_post_css":""},"product_brand":[],"product_cat":[23,17],"product_tag":[261,266,265,270,259,269],"class_list":{"0":"post-604","1":"product","2":"type-product","3":"status-publish","4":"has-post-thumbnail","6":"product_cat-pp-filter-cartridge","7":"product_cat-sediment-filter","8":"product_tag-guangdong-china","9":"product_tag-guangzhou","10":"product_tag-lvyuan","11":"product_tag-ly-pp","12":"product_tag-oem","13":"product_tag-sgs","15":"first","16":"instock","17":"shipping-taxable","18":"product-type-simple"},"_links":{"self":[{"href":"https:\/\/lyfilter.com\/tr\/wp-json\/wp\/v2\/product\/604","targetHints":{"allow":["GET"]}}],"collection":[{"href":"https:\/\/lyfilter.com\/tr\/wp-json\/wp\/v2\/product"}],"about":[{"href":"https:\/\/lyfilter.com\/tr\/wp-json\/wp\/v2\/types\/product"}],"replies":[{"embeddable":true,"href":"https:\/\/lyfilter.com\/tr\/wp-json\/wp\/v2\/comments?post=604"}],"wp:featuredmedia":[{"embeddable":true,"href":"https:\/\/lyfilter.com\/tr\/wp-json\/wp\/v2\/media\/610"}],"wp:attachment":[{"href":"https:\/\/lyfilter.com\/tr\/wp-json\/wp\/v2\/media?parent=604"}],"wp:term":[{"taxonomy":"product_brand","embeddable":true,"href":"https:\/\/lyfilter.com\/tr\/wp-json\/wp\/v2\/product_brand?post=604"},{"taxonomy":"product_cat","embeddable":true,"href":"https:\/\/lyfilter.com\/tr\/wp-json\/wp\/v2\/product_cat?post=604"},{"taxonomy":"product_tag","embeddable":true,"href":"https:\/\/lyfilter.com\/tr\/wp-json\/wp\/v2\/product_tag?post=604"}],"curies":[{"name":"wp","href":"https:\/\/api.w.org\/{rel}","templated":true}]}}