{"id":599,"date":"2025-12-24T03:12:25","date_gmt":"2025-12-24T03:12:25","guid":{"rendered":"https:\/\/lyfilter.com\/?post_type=product&#038;p=599"},"modified":"2025-12-24T06:47:29","modified_gmt":"2025-12-24T06:47:29","slug":"hf-series-5-10-micron-high-flow-filter-pleated-sediment-cartridge-for-water-filter-treatment","status":"publish","type":"product","link":"https:\/\/lyfilter.com\/tr\/hf-series-5-10-micron-high-flow-filter-pleated-sediment-cartridge-for-water-filter-treatment\/","title":{"rendered":"HF Serisi 5\/10 Mikron Y\u00fcksek ak\u0131\u015f filtresi Su Filtresi ar\u0131t\u0131m\u0131 i\u00e7in Pileli Sediment Kartu\u015fu"},"content":{"rendered":"<div class=\"d-tem11-graphic tem11-graphic mockup\" data-detail=\"wrap\">\n<div class=\"tab_row\">\n<div class=\"img\"><img decoding=\"async\" title=\"\" src=\"https:\/\/img.yfisher.com\/m6076\/1725726639yas\/jpg70-t3-scale100.webp\" alt=\"HF Serisi 5\/10 Mikron Y\u00fcksek ak\u0131\u015f filtresi Su Filtresi ar\u0131t\u0131m\u0131 i\u00e7in Pileli Sediment Kartu\u015fu 5\" data-lazy=\"2\"><\/div>\n<div class=\"text_box\">\n<div class=\"txt\">\n<div class=\"title\">LY-HFPL filtre kartu\u015fu, Lvyuan Water Purification Equipment Co. Ltd. taraf\u0131ndan geli\u015ftirilen yeni bir \u00fcr\u00fcnd\u00fcr. Guangzhou, \u00c7in'de. 6 in\u00e7\/152 mm geni\u015f \u00e7apa sahiptir. 100% polipropilen ortamdan yap\u0131lm\u0131\u015ft\u0131r. Sert g\u00fc\u00e7l\u00fc kafes, y\u00fcksek su ak\u0131\u015f filtrelerinin filtrasyon i\u015flemi s\u0131ras\u0131nda daha b\u00fcy\u00fck bir \u00e7al\u0131\u015fma bas\u0131nc\u0131 \u00fcstlenmesini sa\u011flar. B\u00fcy\u00fck filtre alan\u0131na sahip geni\u015f \u00e7ap, filtre kartu\u015flar\u0131n\u0131n say\u0131s\u0131n\u0131 ve gerekli muhafaza boyutunu azaltmay\u0131 sa\u011flar. Uzun hizmet \u00f6mr\u00fc ve y\u00fcksek ak\u0131\u015f h\u0131z\u0131, bir\u00e7ok uygulamada d\u00fc\u015f\u00fck yat\u0131r\u0131m ve daha az insan g\u00fcc\u00fc ile sonu\u00e7lan\u0131r. Bu t\u00fcr LY-HFPL \u00fcr\u00fcn\u00fc su ar\u0131t\u0131m\u0131nda \u00e7e\u015fitli uygulamalara sahiptir.<\/div>\n<\/div>\n<\/div>\n<\/div>\n<\/div>\n<div class=\"er-fangkuang1\">\n<p>\u00a0 \u00dcr\u00fcn \u00d6zelli\u011fi<\/p>\n<div class=\"description\">\n<ul>\n<li><span class=\"font-color\">\u25ea \u00a0 \u00a0<\/span>Ak\u0131\u015f y\u00f6n\u00fc nedeniyle t\u00fcm kirleticiler kartu\u015flar i\u00e7inde giderilebilir.<\/li>\n<li><span class=\"font-color\">\u25ea\u00a0 \u00a0<\/span>Su filtrasyonu i\u00e7in bir filtre kartu\u015fu ba\u015f\u0131na 110m\u00b3\/saate kadar ak\u0131\u015f h\u0131z\u0131.<\/li>\n<li><span class=\"font-color\">\u25ea\u00a0 \u00a0<\/span>Maks. 50% filtre sisteminin azalt\u0131lmas\u0131.<\/li>\n<li><span class=\"font-color\">\u25ea\u00a0 \u00a0<\/span>Y\u00fcksek ak\u0131\u015fl\u0131 filtre elemanlar\u0131nda b\u00fcy\u00fck kir tutma i\u00e7in \u00e7oklu membran katmanlar\u0131.<\/li>\n<li><span class=\"font-color\">\u25ea\u00a0 \u00a0<\/span>Daha g\u00fc\u00e7l\u00fc bas\u0131n\u00e7 direnci i\u00e7in termal olarak ba\u011flanm\u0131\u015f yap\u0131.<\/li>\n<li><span class=\"font-color\">\u25ea\u00a0 \u00a0<\/span>Kulp tasar\u0131m\u0131 h\u0131zl\u0131 kurulum, g\u00fcvenlik ve maliyeti d\u00fc\u015f\u00fcr\u00fcr.<\/li>\n<\/ul>\n<\/div>\n<\/div>\n<div class=\"d-tem04-title text-left d-interval manS\" data-detail=\"wrap\">\n<h2 class=\"heading\">\u00dcr\u00fcn Parametresi<\/h2>\n<\/div>\n<div class=\"table-responsive\">\n<table class=\"table table-bordered table-hover\">\n<tbody>\n<tr class=\"firstRow\">\n<td>\u00dcr\u00fcn Ad\u0131<\/td>\n<td>Repalcement Y\u00fcksek ak\u0131\u015fl\u0131 su filtresi kartu\u015fu 60 in\u00e7 (LY-HFPL)<\/td>\n<\/tr>\n<tr>\n<td>Filtre ortam\u0131<\/td>\n<td>PP\/Polipropilen membran<\/td>\n<\/tr>\n<tr>\n<td>Destek<\/td>\n<td>PP\/Polipropilen<\/td>\n<\/tr>\n<tr>\n<td>\u00c7ekirdek\/ U\u00e7 kapa\u011f\u0131<\/td>\n<td>PP\/Polipropilen<\/td>\n<\/tr>\n<tr>\n<td>Conta malzemesi<\/td>\n<td>Silikon\/EPDM\/VITON\/PTFE\/NBR<\/td>\n<\/tr>\n<tr>\n<td>D\u0131\u015f \u00e7ap<\/td>\n<td>6\u201d (152mm)<\/td>\n<\/tr>\n<tr>\n<td colspan=\"1\" rowspan=\"1\">\u0130\u00e7 \u00e7ap<\/td>\n<td colspan=\"1\" rowspan=\"1\">3,5 in\u00e7 (89 mm)<\/td>\n<\/tr>\n<tr>\n<td>Uzunluk<\/td>\n<td>20\u201d, 40\u201d, 60\u201d, \u00d6zelle\u015ftirilmi\u015f<\/td>\n<\/tr>\n<tr>\n<td>Maksimum \u00e7al\u0131\u015fma s\u0131cakl\u0131\u011f\u0131<\/td>\n<td>82\u2103<\/td>\n<\/tr>\n<tr>\n<td>Mikron derecesi (\u03bcm)<\/td>\n<td>1, 4, 5, 10, 15, 20, 40, 70, 100<\/td>\n<\/tr>\n<\/tbody>\n<\/table>\n<\/div>\n<div class=\"d-tem04-title text-left d-interval manS\" data-detail=\"wrap\">\n<h2 class=\"heading\">\u00dcr\u00fcn Detaylar\u0131<\/h2>\n<\/div>\n<div class=\"d-tem05-technology mockup\" data-detail=\"wrap\">\n<div class=\"items\">\n<div class=\"item tab_row bg-color-before\">\n<div class=\"img d-font-size-fix\"><img decoding=\"async\" title=\"\" src=\"https:\/\/img.yfisher.com\/m6076\/1725726639rle\/jpg70-t3-scale100.webp\" alt=\"HF Serisi 5\/10 Mikron Y\u00fcksek ak\u0131\u015f filtresi Su Filtresi ar\u0131t\u0131m\u0131 i\u00e7in Pileli Sediment Kartu\u015fu 6\" data-lazy=\"2\"><\/div>\n<div class=\"text_box\">\n<div class=\"txt font-color d-font-size-fix\">\n<div class=\"numbox\">B\u00f6l\u00fcm.1<\/div>\n<div class=\"description\">\n<p>\u2605 Tek bir y\u00fcksek ak\u0131\u015f eleman\u0131nda kademeli filtrasyon g\u00f6zenek boyutlar\u0131.<\/p>\n<p>\u2605 Daha kolay ve daha rahat kurulum ve de\u011fi\u015ftirme.<\/p>\n<p>\u2605 Optimize edilmi\u015f membran yap\u0131s\u0131 ile pileli, daha iyi filtreleme ve verimlilik.<\/p>\n<p>\u2605 U \u015feklindeki s\u0131zd\u0131rmazl\u0131k olu\u011fu y\u00fcksek filtrasyon verimlili\u011fi sa\u011flar.<\/p>\n<p>Filtre i\u00e7inden d\u0131\u015f filtrelemeye kadar t\u00fcm kirlilikler filtre i\u00e7inde tutulur.<\/p>\n<\/div>\n<\/div>\n<\/div>\n<\/div>\n<div class=\"d-tem04-title text-left d-interval manS\" data-detail=\"wrap\">\n<h2 class=\"heading\">\u00dcr\u00fcn Uygulamalar\u0131<\/h2>\n<\/div>\n<div class=\"d-tem15-graphic mockup\" data-detail=\"wrap\">\n<div class=\"clearfix d-clearfix\">\n<div class=\"col-sm-12 col-md-4 col-xs-6\">\n<div class=\"thumbnail\"><img decoding=\"async\" title=\"\" src=\"https:\/\/img.yfisher.com\/m6076\/1725726634yem\/jpg70-t3-scale100.webp\" alt=\"HF Serisi 5\/10 Mikron Y\u00fcksek ak\u0131\u015f filtresi Su Filtresi ar\u0131t\u0131m\u0131 i\u00e7in Pileli Sediment Kartu\u015fu 7\" data-lazy=\"2\"><\/div>\n<div class=\"description\">\n<p>Belediye musluk suyu, RO \u00f6n filtrasyonu, Deniz suyu tuzdan ar\u0131nd\u0131rma \u00f6n i\u015flemi<\/p>\n<\/div>\n<\/div>\n<div class=\"col-sm-12 col-md-4 col-xs-6\">\n<div class=\"thumbnail\"><img decoding=\"async\" title=\"\" src=\"https:\/\/img.yfisher.com\/m6076\/1725726634jwi\/jpg70-t3-scale100.webp\" alt=\"HF Serisi 5\/10 Mikron Y\u00fcksek ak\u0131\u015f filtresi Su Filtresi ar\u0131t\u0131m\u0131 i\u00e7in Pileli Sediment Kartu\u015fu 8\" data-lazy=\"2\"><\/div>\n<div class=\"description\">Kondens suyu filtrasyonu, enerji \u00fcretiminde s\u0131cak su geri kazan\u0131m\u0131<\/div>\n<\/div>\n<div class=\"col-sm-12 col-md-4 col-xs-6\">\n<div class=\"thumbnail\"><img decoding=\"async\" title=\"\" src=\"https:\/\/img.yfisher.com\/m6076\/1725726636iet\/jpg70-t3-scale100.webp\" alt=\"HF Serisi 5\/10 Mikron Y\u00fcksek ak\u0131\u015f filtresi Su Filtresi ar\u0131t\u0131m\u0131 i\u00e7in Pileli Sediment Kartu\u015fu 9\" data-lazy=\"2\"><\/div>\n<div class=\"description\">BioPharm pazar\u0131nda API, solventler ve su filtrasyonu<\/div>\n<\/div>\n<\/div>\n<\/div>\n<div class=\"d-tem15-graphic mockup\" data-detail=\"wrap\">\n<div class=\"clearfix d-clearfix\">\n<div class=\"col-sm-12 col-md-4 col-xs-6\">\n<div class=\"thumbnail\"><img decoding=\"async\" title=\"\" src=\"https:\/\/img.yfisher.com\/m6076\/1725726636pxa\/jpg70-t3-scale100.webp\" alt=\"HF Serisi 5\/10 Mikron Y\u00fcksek ak\u0131\u015f filtresi Su Filtresi ar\u0131t\u0131m\u0131 i\u00e7in Pileli Sediment Kartu\u015fu 10\" data-lazy=\"2\"><\/div>\n<div class=\"description\">\u015ei\u015felenmi\u015f su, y\u00fcksek fruktoz, yemeklik ya\u011f, alkols\u00fcz i\u00e7ecekler ve s\u00fct filtrasyonu<\/div>\n<\/div>\n<div class=\"col-sm-12 col-md-4 col-xs-6\">\n<div class=\"thumbnail\"><img decoding=\"async\" title=\"\" src=\"https:\/\/img.yfisher.com\/m6076\/1725726636l6r\/jpg70-t3-scale100.webp\" alt=\"HF Serisi 5\/10 Mikron Y\u00fcksek ak\u0131\u015f filtresi Su Filtresi ar\u0131t\u0131m\u0131 i\u00e7in Pileli Sediment Kartu\u015fu 11\" data-lazy=\"2\"><\/div>\n<div class=\"description\">Boyalar ve kaplamalar, Petrokimya, rafineriler, CD\/DVD, manyetik medya, Petrokimya, Rafineriler<\/div>\n<\/div>\n<div class=\"col-sm-12 col-md-4 col-xs-6\">\n<div class=\"thumbnail\"><img decoding=\"async\" title=\"\" src=\"https:\/\/img.yfisher.com\/m6076\/1725726636vx4\/jpg70-t3-scale100.webp\" alt=\"HF Serisi 5\/10 Mikron Y\u00fcksek ak\u0131\u015f filtresi Su Filtresi ar\u0131t\u0131m\u0131 i\u00e7in Pileli Sediment Kartu\u015fu 12\" data-lazy=\"2\"><\/div>\n<div class=\"description\">Mikroelektronik, film, fiber ve re\u00e7ine<\/div>\n<\/div>\n<\/div>\n<\/div>\n<\/div>\n<\/div>","protected":false},"excerpt":{"rendered":"<table>\n<thead>\n<tr>\n<th>Ba\u015flang\u0131\u00e7 Liman\u0131:<\/th>\n<th>Guangzhou<\/th>\n<\/tr>\n<\/thead>\n<tbody>\n<tr>\n<td>\u00dcretim Kapasitesi:<\/td>\n<td>10000 adet\/Ay<\/td>\n<\/tr>\n<tr>\n<td>Men\u015fe Yeri:<\/td>\n<td>Guangdong, \u00c7in<\/td>\n<\/tr>\n<tr>\n<td>\u00d6deme:<\/td>\n<td>L \/ C, T \/ T, Western Union, Alibaba Ticaret G\u00fcvencesi, paypal<\/td>\n<\/tr>\n<tr>\n<td>ADEDI:<\/td>\n<td>1 adet<\/td>\n<\/tr>\n<tr>\n<td>Model:<\/td>\n<td>LY-HFPL<\/td>\n<\/tr>\n<tr>\n<td>Teslimat S\u00fcresi:<\/td>\n<td>7 i\u015f g\u00fcn\u00fc i\u00e7erisinde<\/td>\n<\/tr>\n<tr>\n<td>Sertifika:<\/td>\n<td>SGS, ISO 9001<\/td>\n<\/tr>\n<tr>\n<td>Marka:<\/td>\n<td>OEM\/Lvyuan<\/td>\n<\/tr>\n<\/tbody>\n<\/table>","protected":false},"featured_media":602,"comment_status":"open","ping_status":"closed","template":"","meta":{"_gspb_post_css":""},"product_brand":[],"product_cat":[20,17],"product_tag":[261,266,265,268,259,269],"class_list":{"0":"post-599","1":"product","2":"type-product","3":"status-publish","4":"has-post-thumbnail","6":"product_cat-high-flow-filter-cartridge","7":"product_cat-sediment-filter","8":"product_tag-guangdong-china","9":"product_tag-guangzhou","10":"product_tag-lvyuan","11":"product_tag-ly-hfpl","12":"product_tag-oem","13":"product_tag-sgs","15":"first","16":"instock","17":"shipping-taxable","18":"product-type-simple"},"_links":{"self":[{"href":"https:\/\/lyfilter.com\/tr\/wp-json\/wp\/v2\/product\/599","targetHints":{"allow":["GET"]}}],"collection":[{"href":"https:\/\/lyfilter.com\/tr\/wp-json\/wp\/v2\/product"}],"about":[{"href":"https:\/\/lyfilter.com\/tr\/wp-json\/wp\/v2\/types\/product"}],"replies":[{"embeddable":true,"href":"https:\/\/lyfilter.com\/tr\/wp-json\/wp\/v2\/comments?post=599"}],"wp:featuredmedia":[{"embeddable":true,"href":"https:\/\/lyfilter.com\/tr\/wp-json\/wp\/v2\/media\/602"}],"wp:attachment":[{"href":"https:\/\/lyfilter.com\/tr\/wp-json\/wp\/v2\/media?parent=599"}],"wp:term":[{"taxonomy":"product_brand","embeddable":true,"href":"https:\/\/lyfilter.com\/tr\/wp-json\/wp\/v2\/product_brand?post=599"},{"taxonomy":"product_cat","embeddable":true,"href":"https:\/\/lyfilter.com\/tr\/wp-json\/wp\/v2\/product_cat?post=599"},{"taxonomy":"product_tag","embeddable":true,"href":"https:\/\/lyfilter.com\/tr\/wp-json\/wp\/v2\/product_tag?post=599"}],"curies":[{"name":"wp","href":"https:\/\/api.w.org\/{rel}","templated":true}]}}