{"id":593,"date":"2025-12-24T03:09:58","date_gmt":"2025-12-24T03:09:58","guid":{"rendered":"https:\/\/lyfilter.com\/?post_type=product&#038;p=593"},"modified":"2025-12-24T06:47:10","modified_gmt":"2025-12-24T06:47:10","slug":"40-inch-high-flow-pleated-cartridge-filter-for-industrial-liquid-filtration","status":"publish","type":"product","link":"https:\/\/lyfilter.com\/tr\/40-inch-high-flow-pleated-cartridge-filter-for-industrial-liquid-filtration\/","title":{"rendered":"40 in\u00e7 End\u00fcstriyel s\u0131v\u0131 filtrasyonu i\u00e7in y\u00fcksek ak\u0131\u015fl\u0131 pileli kartu\u015f filtre"},"content":{"rendered":"<div class=\"d-tem11-graphic tem11-graphic mockup\" data-detail=\"wrap\">\n<div class=\"tab_row\">\n<div class=\"img\"><img decoding=\"async\" title=\"\" src=\"https:\/\/img.yfisher.com\/m6076\/1725726636j1b\/jpg70-t3-scale100.webp\" alt=\"40 in\u00e7 End\u00fcstriyel s\u0131v\u0131 filtrasyonu i\u00e7in y\u00fcksek ak\u0131\u015fl\u0131 pileli kartu\u015f filtre 6\" data-lazy=\"2\"><\/div>\n<div class=\"text_box\">\n<div class=\"txt\">\n<div class=\"title\">\n<p>LY-HFPK filtre kartu\u015fu serisi, derinlik filtrasyonu i\u00e7in yedek kartu\u015f ve y\u00fcksek ak\u0131\u015f uygulamalar\u0131 i\u00e7in 2-1\/2\u201d \u00e7ap\u0131nda kartu\u015flard\u0131r. RO sistemi i\u00e7in \u00f6n filtreleme buna bir \u00f6rnektir. Lvyuan filtre, y\u00fcksek ak\u0131\u015f alan\u0131 ve kirlilik giderme kapasitesine sahip pilili tasar\u0131ma sahiptir.<\/p>\n<p>Bu tasar\u0131m, son kullan\u0131c\u0131n\u0131n sermaye yat\u0131r\u0131m\u0131n\u0131 azaltmas\u0131na, yerden tasarruf etmesine ve kolay de\u011fi\u015ftirilmesine yard\u0131mc\u0131 olur. Filtre kartu\u015fu ba\u015f\u0131na 1300LPM'ye kadar ak\u0131\u015f h\u0131z\u0131, filtre kartu\u015flar\u0131n\u0131n say\u0131s\u0131n\u0131 ve gerekli filtre muhafazas\u0131n\u0131n boyutunu azaltm\u0131\u015ft\u0131r. S\u00fcper y\u00fcksek ak\u0131\u015fl\u0131 filtre kartu\u015fu ba\u015f\u0131na su ar\u0131tma hacmi, 10\u00d740\u201d uzunlu\u011funda, 2-1\/2\u201d \u00e7ap\u0131nda filtre kartu\u015flar\u0131na e\u015fittir. \u0130\u00e7 O-ring ge\u00e7i\u015f olmamas\u0131n\u0131 sa\u011flar ve tutamak tasar\u0131m\u0131 kurulumu kolayla\u015ft\u0131r\u0131r.<\/p>\n<\/div>\n<\/div>\n<\/div>\n<\/div>\n<\/div>\n<div class=\"er-fangkuang1\">\n<p>\u00a0 \u00dcr\u00fcn \u00d6zelli\u011fi<\/p>\n<div class=\"description\">\n<ul>\n<li><span class=\"font-color\">\u25ea \u00a0 \u00a0<\/span>Y\u00fcksek kir tutma kapasitesi ve uzun servis \u00f6mr\u00fc.<\/li>\n<li><span class=\"font-color\">\u25ea\u00a0 \u00a0<\/span>Ak\u0131\u015f y\u00f6n\u00fc nedeniyle t\u00fcm kirleticiler kartu\u015flar i\u00e7inde giderilebilir<\/li>\n<li><span class=\"font-color\">\u25ea\u00a0 \u00a0<\/span>Su filtrasyonu i\u00e7in bir filtre kartu\u015fu ba\u015f\u0131na 110 m\u00b3\/saate kadar ak\u0131\u015f h\u0131z\u0131<\/li>\n<li><span class=\"font-color\">\u25ea\u00a0 \u00a0<\/span>Maks. 50% filtre sisteminin azalt\u0131lmas\u0131<\/li>\n<li><span class=\"font-color\">\u25ea\u00a0 \u00a0<\/span>B\u00fcy\u00fck kir tutma i\u00e7in \u00e7oklu membran katmanlar\u0131<\/li>\n<li><span class=\"font-color\">\u25ea\u00a0 \u00a0<\/span>O-ring s\u0131zd\u0131rmazl\u0131\u011f\u0131 filtrasyon b\u00fct\u00fcnl\u00fc\u011f\u00fcn\u00fc garanti eder<\/li>\n<li><span class=\"font-color\">\u25ea\u00a0 \u00a0<\/span>Sap tasar\u0131m\u0131 h\u0131zl\u0131 kurulum, g\u00fcvenli ve maliyeti d\u00fc\u015f\u00fcr\u00fcr<\/li>\n<\/ul>\n<\/div>\n<\/div>\n<div class=\"d-tem04-title text-left d-interval manS\" data-detail=\"wrap\">\n<h2 class=\"heading\">\u00dcr\u00fcn Parametresi<\/h2>\n<\/div>\n<div class=\"table-responsive\">\n<table class=\"table table-bordered table-hover\">\n<tbody>\n<tr class=\"firstRow\">\n<td>\u00dcr\u00fcn Ad\u0131<\/td>\n<td>HFPK Serisi y\u00fcksek ak\u0131\u015fl\u0131 pileli kartu\u015f filtre yedek filtre eleman\u0131 (LY-HFPK)<\/td>\n<\/tr>\n<tr>\n<td>Filtre ortam\u0131<\/td>\n<td>PP\/Polipropilen membran<\/td>\n<\/tr>\n<tr>\n<td>Destek<\/td>\n<td>PP\/Polipropilen<\/td>\n<\/tr>\n<tr>\n<td>\u00c7ekirdek\/ U\u00e7 kapa\u011f\u0131<\/td>\n<td>PP\/Polipropilen<\/td>\n<\/tr>\n<tr>\n<td>Conta malzemesi<\/td>\n<td>Silikon\/EPDM\/VITON\/PTFE\/NBR<\/td>\n<\/tr>\n<tr>\n<td>D\u0131\u015f \u00e7ap<\/td>\n<td>6\u201d (152mm)<\/td>\n<\/tr>\n<tr>\n<td>Uzunluk<\/td>\n<td>20\u201d, 40\u201d, 60\u201d, \u00d6zelle\u015ftirilmi\u015f<\/td>\n<\/tr>\n<tr>\n<td>Maksimum \u00e7al\u0131\u015fma s\u0131cakl\u0131\u011f\u0131<\/td>\n<td>82 \u2103 (Pileli PP)<\/td>\n<\/tr>\n<tr>\n<td>Mikron derecesi (\u03bcm)<\/td>\n<td>1, 4, 5, 10, 15, 20, 40, 70, 100<\/td>\n<\/tr>\n<\/tbody>\n<\/table>\n<\/div>\n<div class=\"d-tem04-title text-left d-interval manS\" data-detail=\"wrap\">\n<h2 class=\"heading\">\u00dcr\u00fcn Detaylar\u0131<\/h2>\n<\/div>\n<div class=\"d-tem05-technology mockup\" data-detail=\"wrap\">\n<div class=\"items\">\n<div class=\"item tab_row bg-color-before\">\n<div class=\"img d-font-size-fix\"><img decoding=\"async\" title=\"\" src=\"https:\/\/img.yfisher.com\/m6076\/17257266369n6\/jpg70-t3-scale100.webp\" alt=\"40 in\u00e7 End\u00fcstriyel s\u0131v\u0131 filtrasyonu i\u00e7in y\u00fcksek ak\u0131\u015fl\u0131 pileli kartu\u015f filtre 7\" data-lazy=\"2\"><\/div>\n<div class=\"text_box\">\n<div class=\"txt font-color d-font-size-fix\">\n<div class=\"numbox\">B\u00f6l\u00fcm.1<\/div>\n<div class=\"description\">\n<p>\u2605 Geni\u015f kimyasal uyumluluk i\u00e7in 100% saf polipropilen PP malzemeler, filtre elemanlar\u0131n\u0131n miktarlar\u0131n\u0131 b\u00fcy\u00fck su ak\u0131\u015f h\u0131z\u0131na d\u00fc\u015f\u00fcr\u00fcr.<\/p>\n<\/div>\n<\/div>\n<\/div>\n<\/div>\n<div class=\"item tab_row bg-color-before\">\n<div class=\"img d-font-size-fix\"><img decoding=\"async\" title=\"\" src=\"https:\/\/img.yfisher.com\/m6076\/1725726636jdi\/jpg70-t3-scale100.webp\" alt=\"40 in\u00e7 End\u00fcstriyel s\u0131v\u0131 filtrasyonu i\u00e7in y\u00fcksek ak\u0131\u015fl\u0131 pileli kartu\u015f filtre 8\" data-lazy=\"2\"><\/div>\n<div class=\"text_box\">\n<div class=\"txt font-color d-font-size-fix\">\n<div class=\"numbox\">B\u00f6l\u00fcm.2<\/div>\n<div class=\"description\">Termal olarak ba\u011flanm\u0131\u015f polipropilen ve destek ortam\u0131 partik\u00fcllerin d\u0131\u015far\u0131 s\u0131zmas\u0131n\u0131 \u00f6nler, b\u00fcy\u00fck su ak\u0131\u015f h\u0131z\u0131 tek bir y\u00fcksek ak\u0131\u015fl\u0131 filtre eleman\u0131nda bulunur, RO su tesisinin \u00f6n ar\u0131tma s\u00fcrecinde s\u00fcper maliyet verimlili\u011fi.<\/div>\n<\/div>\n<\/div>\n<\/div>\n<\/div>\n<\/div>\n<div class=\"d-tem04-title text-left d-interval manS\" data-detail=\"wrap\">\n<h2 class=\"heading\">\u00dcr\u00fcn Uygulamalar\u0131<\/h2>\n<\/div>\n<div class=\"d-tem15-graphic mockup\" data-detail=\"wrap\">\n<div class=\"clearfix d-clearfix\">\n<div class=\"col-sm-12 col-md-4 col-xs-6\">\n<div class=\"thumbnail\"><img decoding=\"async\" title=\"\" src=\"https:\/\/img.yfisher.com\/m6076\/1725726634yem\/jpg70-t3-scale100.webp\" alt=\"40 in\u00e7 End\u00fcstriyel s\u0131v\u0131 filtrasyonu i\u00e7in y\u00fcksek ak\u0131\u015fl\u0131 pileli kartu\u015f filtre 9\" data-lazy=\"2\"><\/div>\n<div class=\"description\">\n<p>Belediye musluk suyu, RO \u00f6n filtrasyonu, Deniz suyu tuzdan ar\u0131nd\u0131rma \u00f6n i\u015flemi<\/p>\n<\/div>\n<\/div>\n<div class=\"col-sm-12 col-md-4 col-xs-6\">\n<div class=\"thumbnail\"><img decoding=\"async\" title=\"\" src=\"https:\/\/img.yfisher.com\/m6076\/1725726634jwi\/jpg70-t3-scale100.webp\" alt=\"40 in\u00e7 End\u00fcstriyel s\u0131v\u0131 filtrasyonu i\u00e7in y\u00fcksek ak\u0131\u015fl\u0131 pileli kartu\u015f filtre 10\" data-lazy=\"2\"><\/div>\n<div class=\"description\">Kondens suyu filtrasyonu, enerji \u00fcretiminde s\u0131cak su geri kazan\u0131m\u0131<\/div>\n<\/div>\n<div class=\"col-sm-12 col-md-4 col-xs-6\">\n<div class=\"thumbnail\"><img decoding=\"async\" title=\"\" src=\"https:\/\/img.yfisher.com\/m6076\/1725726636iet\/jpg70-t3-scale100.webp\" alt=\"40 in\u00e7 End\u00fcstriyel s\u0131v\u0131 filtrasyonu i\u00e7in y\u00fcksek ak\u0131\u015fl\u0131 pileli kartu\u015f filtre 11\" data-lazy=\"2\"><\/div>\n<div class=\"description\">BioPharm pazar\u0131nda API, solventler ve su filtrasyonu<\/div>\n<\/div>\n<\/div>\n<\/div>\n<div class=\"d-tem15-graphic mockup\" data-detail=\"wrap\">\n<div class=\"clearfix d-clearfix\">\n<div class=\"col-sm-12 col-md-4 col-xs-6\">\n<div class=\"thumbnail\"><img decoding=\"async\" title=\"\" src=\"https:\/\/img.yfisher.com\/m6076\/1725726636pxa\/jpg70-t3-scale100.webp\" alt=\"40 in\u00e7 End\u00fcstriyel s\u0131v\u0131 filtrasyonu i\u00e7in y\u00fcksek ak\u0131\u015fl\u0131 pileli kartu\u015f filtre 12\" data-lazy=\"2\"><\/div>\n<div class=\"description\">\u015ei\u015felenmi\u015f su, y\u00fcksek fruktoz, yemeklik ya\u011f, alkols\u00fcz i\u00e7ecekler ve s\u00fct filtrasyonu<\/div>\n<\/div>\n<div class=\"col-sm-12 col-md-4 col-xs-6\">\n<div class=\"thumbnail\"><img decoding=\"async\" title=\"\" src=\"https:\/\/img.yfisher.com\/m6076\/1725726636l6r\/jpg70-t3-scale100.webp\" alt=\"40 in\u00e7 End\u00fcstriyel s\u0131v\u0131 filtrasyonu i\u00e7in y\u00fcksek ak\u0131\u015fl\u0131 pileli kartu\u015f filtre 13\" data-lazy=\"2\"><\/div>\n<div class=\"description\">Boyalar ve kaplamalar, Petrokimya, rafineriler, CD\/DVD, manyetik medya, Petrokimya, Rafineriler<\/div>\n<\/div>\n<div class=\"col-sm-12 col-md-4 col-xs-6\">\n<div class=\"thumbnail\"><img decoding=\"async\" title=\"\" src=\"https:\/\/img.yfisher.com\/m6076\/1725726636vx4\/jpg70-t3-scale100.webp\" alt=\"40 in\u00e7 End\u00fcstriyel s\u0131v\u0131 filtrasyonu i\u00e7in y\u00fcksek ak\u0131\u015fl\u0131 pileli kartu\u015f filtre 14\" data-lazy=\"2\"><\/div>\n<div class=\"description\">Mikroelektronik, film, fiber ve re\u00e7ine<\/div>\n<\/div>\n<\/div>\n<\/div>","protected":false},"excerpt":{"rendered":"<table>\n<thead>\n<tr>\n<th>Ba\u015flang\u0131\u00e7 Liman\u0131:<\/th>\n<th>Guangzhou<\/th>\n<\/tr>\n<\/thead>\n<tbody>\n<tr>\n<td>\u00dcretim Kapasitesi:<\/td>\n<td>500 adet\/Ay<\/td>\n<\/tr>\n<tr>\n<td>Men\u015fe Yeri:<\/td>\n<td>Guangdong, \u00c7in<\/td>\n<\/tr>\n<tr>\n<td>\u00d6deme:<\/td>\n<td>D \/ P, T \/ T, Alibaba Ticaret G\u00fcvencesi, paypal<\/td>\n<\/tr>\n<tr>\n<td>ADEDI:<\/td>\n<td>4 adet<\/td>\n<\/tr>\n<tr>\n<td>Model:<\/td>\n<td>LY-HFPK<\/td>\n<\/tr>\n<tr>\n<td>Teslimat S\u00fcresi:<\/td>\n<td>7 i\u015f g\u00fcn\u00fc i\u00e7erisinde<\/td>\n<\/tr>\n<tr>\n<td>Sertifika:<\/td>\n<td>ISO 9001<\/td>\n<\/tr>\n<tr>\n<td>Marka:<\/td>\n<td>OEM\/Lvyuan<\/td>\n<\/tr>\n<\/tbody>\n<\/table>","protected":false},"featured_media":597,"comment_status":"open","ping_status":"closed","template":"","meta":{"_gspb_post_css":""},"product_brand":[],"product_cat":[20,17],"product_tag":[261,266,260,265,267,259],"class_list":{"0":"post-593","1":"product","2":"type-product","3":"status-publish","4":"has-post-thumbnail","6":"product_cat-high-flow-filter-cartridge","7":"product_cat-sediment-filter","8":"product_tag-guangdong-china","9":"product_tag-guangzhou","10":"product_tag-iso-9001","11":"product_tag-lvyuan","12":"product_tag-ly-hfpk","13":"product_tag-oem","15":"first","16":"instock","17":"shipping-taxable","18":"product-type-simple"},"_links":{"self":[{"href":"https:\/\/lyfilter.com\/tr\/wp-json\/wp\/v2\/product\/593","targetHints":{"allow":["GET"]}}],"collection":[{"href":"https:\/\/lyfilter.com\/tr\/wp-json\/wp\/v2\/product"}],"about":[{"href":"https:\/\/lyfilter.com\/tr\/wp-json\/wp\/v2\/types\/product"}],"replies":[{"embeddable":true,"href":"https:\/\/lyfilter.com\/tr\/wp-json\/wp\/v2\/comments?post=593"}],"wp:featuredmedia":[{"embeddable":true,"href":"https:\/\/lyfilter.com\/tr\/wp-json\/wp\/v2\/media\/597"}],"wp:attachment":[{"href":"https:\/\/lyfilter.com\/tr\/wp-json\/wp\/v2\/media?parent=593"}],"wp:term":[{"taxonomy":"product_brand","embeddable":true,"href":"https:\/\/lyfilter.com\/tr\/wp-json\/wp\/v2\/product_brand?post=593"},{"taxonomy":"product_cat","embeddable":true,"href":"https:\/\/lyfilter.com\/tr\/wp-json\/wp\/v2\/product_cat?post=593"},{"taxonomy":"product_tag","embeddable":true,"href":"https:\/\/lyfilter.com\/tr\/wp-json\/wp\/v2\/product_tag?post=593"}],"curies":[{"name":"wp","href":"https:\/\/api.w.org\/{rel}","templated":true}]}}