{"id":590,"date":"2025-12-24T03:05:57","date_gmt":"2025-12-24T03:05:57","guid":{"rendered":"https:\/\/lyfilter.com\/?post_type=product&#038;p=590"},"modified":"2025-12-24T03:05:57","modified_gmt":"2025-12-24T03:05:57","slug":"20-inch-replacement-high-flow-water-pleated-filter-cartridge","status":"publish","type":"product","link":"https:\/\/lyfilter.com\/tr\/20-inch-replacement-high-flow-water-pleated-filter-cartridge\/","title":{"rendered":"20 in\u00e7 Yedek y\u00fcksek ak\u0131\u015fl\u0131 su pileli filtre kartu\u015fu"},"content":{"rendered":"<div class=\"d-tem11-graphic tem11-graphic mockup\" data-detail=\"wrap\">\n<div class=\"tab_row\">\n<div class=\"img\"><img decoding=\"async\" class=\"\" title=\"\" src=\"https:\/\/img.yfisher.com\/m6076\/17257266346yr\/jpg70-t3-scale100.webp\" alt=\"20 in\u00e7 Yedek y\u00fcksek ak\u0131\u015fl\u0131 su pileli filtre kartu\u015fu 3\" data-lazy=\"2\"><\/div>\n<div class=\"text_box\">\n<div class=\"txt\">\n<div class=\"title\">\n<p>LY-HFMH filtre kartu\u015fu, yatay pileli teknolojiyi benimser ve standartla\u015ft\u0131r\u0131lm\u0131\u015f \u00fcr\u00fcnleri verimli bir \u015fekilde \u00fcretmek i\u00e7in \u00f6zel makine ekipman\u0131 kullan\u0131r.<\/p>\n<p>Bu, \u00fcretimin teslim s\u00fcresini k\u0131salt\u0131r ve \u00fcr\u00fcnlerin rekabet\u00e7i fiyatlarda olmas\u0131n\u0131 sa\u011flar.<\/p>\n<p>Bu filtre kartu\u015fu serisi, 1-37 filtre kartu\u015fu i\u00e7eren farkl\u0131 filtre muhafazalar\u0131nda kullan\u0131lmak \u00fczere tasarlanm\u0131\u015ft\u0131r. Farkl\u0131 ak\u0131\u015f h\u0131z\u0131 talepleri i\u00e7in kullan\u0131labilir. B\u00fcy\u00fck filtre alan\u0131na sahip geni\u015f \u00e7ap, filtre kartu\u015flar\u0131n\u0131n say\u0131s\u0131n\u0131 ve gerekli muhafazan\u0131n boyutunu azaltmay\u0131 sa\u011flar. Bu filtre kartu\u015funun su ar\u0131tma sisteminde \u00e7e\u015fitli uygulamalar\u0131 vard\u0131r.<\/p>\n<\/div>\n<\/div>\n<\/div>\n<\/div>\n<\/div>\n<div class=\"er-fangkuang1\">\n<p>\u00a0 \u00dcr\u00fcn \u00d6zelli\u011fi<\/p>\n<div class=\"description\">\n<ul>\n<li><span class=\"font-color\">\u25ea \u00a0\u00a0<\/span>Uzun \u00f6m\u00fcr ve d\u00fc\u015f\u00fck maliyetli filtreleme i\u00e7in y\u00fcksek y\u00fckleme kapasitesi.<\/li>\n<li><span class=\"font-color\">\u25ea\u00a0 \u00a0<\/span>Su filtrasyonu i\u00e7in bir filtre kartu\u015fu ba\u015f\u0131na 110m\u00b3\/saate kadar ak\u0131\u015f h\u0131z\u0131.<\/li>\n<li><span class=\"font-color\">\u25ea\u00a0 \u00a0<\/span>Daha az kartu\u015f, daha az de\u011fi\u015ftirme, dolay\u0131s\u0131yla daha az i\u015f\u00e7ilik maliyeti.<\/li>\n<li><span class=\"font-color\">\u25ea\u00a0 \u00a0<\/span>Farkl\u0131 uygulamalar i\u00e7in geni\u015f kimyasal uyumluluk.<\/li>\n<li><span class=\"font-color\">\u25ea\u00a0 \u00a0<\/span>Daha k\u00fc\u00e7\u00fck montaj yeri ve kolay de\u011fi\u015ftirme.<\/li>\n<li><span class=\"font-color\">\u25ea\u00a0 \u00a0<\/span>Kulp tasar\u0131m\u0131 h\u0131zl\u0131 kurulum, g\u00fcvenli ve maliyeti d\u00fc\u015f\u00fcr\u00fcr.<\/li>\n<\/ul>\n<\/div>\n<\/div>\n<div class=\"d-tem04-title text-left d-interval manS\" data-detail=\"wrap\">\n<h2 class=\"heading\">\u00dcr\u00fcn Parametresi<\/h2>\n<\/div>\n<div class=\"table-responsive\">\n<table class=\"table table-bordered table-hover\">\n<tbody>\n<tr class=\"firstRow\">\n<td>\u00dcr\u00fcn Ad\u0131<\/td>\n<td>yedek y\u00fcksek ak\u0131\u015fl\u0131 su pileli kartu\u015f filtre (LY-HFMH)<\/td>\n<\/tr>\n<tr>\n<td>Filtre ortam\u0131<\/td>\n<td>Polipropilen\/PP membran<\/td>\n<\/tr>\n<tr>\n<td>Destek<\/td>\n<td>PP\/Polipropilen<\/td>\n<\/tr>\n<tr>\n<td>\u00c7ekirdek\/ U\u00e7 kapa\u011f\u0131<\/td>\n<td>PP\/Polipropilen<\/td>\n<\/tr>\n<tr>\n<td>Conta malzemesi<\/td>\n<td>Silikon\/EPDM\/VITON\/PTFE\/NBR<\/td>\n<\/tr>\n<tr>\n<td>D\u0131\u015f \u00e7ap<\/td>\n<td>6,5\u201d (165 mm)<\/td>\n<\/tr>\n<tr>\n<td>Uzunluk<\/td>\n<td>20\u201d, 40\u201d, 60\u201d veya \u00d6zelle\u015ftirilmi\u015f<\/td>\n<\/tr>\n<tr>\n<td>Maksimum \u00e7al\u0131\u015fma s\u0131cakl\u0131\u011f\u0131<\/td>\n<td>82\u2103<\/td>\n<\/tr>\n<tr>\n<td>Mikron derecesi (\u03bcm)<\/td>\n<td>1, 4, 5, 10, 15, 20, 40, 70, 100<\/td>\n<\/tr>\n<\/tbody>\n<\/table>\n<\/div>\n<div class=\"d-tem04-title text-left d-interval manS\" data-detail=\"wrap\">\n<h2 class=\"heading\">\u00dcr\u00fcn Detaylar\u0131<\/h2>\n<\/div>\n<div class=\"d-tem05-technology mockup\" data-detail=\"wrap\">\n<div class=\"items\">\n<div class=\"item tab_row bg-color-before\">\n<div class=\"img d-font-size-fix\"><img decoding=\"async\" title=\"\" src=\"https:\/\/img.yfisher.com\/m6076\/1725726634phq\/jpg70-t3-scale100.webp\" alt=\"20 in\u00e7 Yedek y\u00fcksek ak\u0131\u015fl\u0131 su pileli filtre kartu\u015fu 4\" data-lazy=\"2\"><\/div>\n<div class=\"text_box\">\n<div class=\"txt font-color d-font-size-fix\">\n<div class=\"numbox\">B\u00f6l\u00fcm.1<\/div>\n<div class=\"description\">\n<p>\u2605 Operat\u00f6r\u00fcn kolayca de\u011fi\u015ftirebilece\u011fi dost tutamak tasar\u0131m\u0131.<\/p>\n<p>\u2605 Son derece tutarl\u0131 performans ve 100% geli\u015fmi\u015f polipropilen medya ile \u00fcretilmi\u015ftir.<\/p>\n<\/div>\n<\/div>\n<\/div>\n<\/div>\n<div class=\"item tab_row bg-color-before\">\n<div class=\"img d-font-size-fix\"><img decoding=\"async\" title=\"\" src=\"https:\/\/img.yfisher.com\/m6076\/1725726634diy\/jpg70-t3-scale100.webp\" alt=\"20 in\u00e7 Yedek y\u00fcksek ak\u0131\u015fl\u0131 su pileli filtre kartu\u015fu 5\" data-lazy=\"2\"><\/div>\n<div class=\"text_box\">\n<div class=\"txt font-color d-font-size-fix\">\n<div class=\"numbox\">B\u00f6l\u00fcm.2<\/div>\n<div class=\"description\">\u2605 Kaliteli membran ve bilimsel olarak tasarlanm\u0131\u015f yap\u0131, pazarda \u00e7ok rekabet\u00e7i bir se\u00e7enek haline getirir.<br \/>\n\u2605 100%, geli\u015fmi\u015f polipropilen ortam ve yayg\u0131n olarak m\u00fckemmel kimyasal kapasite ile \u00fcretilmi\u015ftir.<\/div>\n<\/div>\n<\/div>\n<\/div>\n<\/div>\n<\/div>\n<div class=\"d-tem04-title text-left d-interval manS\" data-detail=\"wrap\">\n<h2 class=\"heading\">\u00dcr\u00fcn Uygulamalar\u0131<\/h2>\n<\/div>\n<div class=\"d-tem15-graphic mockup\" data-detail=\"wrap\">\n<div class=\"clearfix d-clearfix\">\n<div class=\"col-sm-12 col-md-4 col-xs-6\">\n<div class=\"thumbnail\"><img decoding=\"async\" title=\"\" src=\"https:\/\/img.yfisher.com\/m6076\/1725726634yem\/jpg70-t3-scale100.webp\" alt=\"20 in\u00e7 Yedek y\u00fcksek ak\u0131\u015fl\u0131 su pileli filtre kartu\u015fu 6\" data-lazy=\"2\"><\/div>\n<div class=\"description\">\n<p>Ro su ar\u0131tma<\/p>\n<\/div>\n<\/div>\n<div class=\"col-sm-12 col-md-4 col-xs-6\">\n<div class=\"thumbnail\"><img decoding=\"async\" title=\"\" src=\"https:\/\/img.yfisher.com\/m6076\/1725726634jwi\/jpg70-t3-scale100.webp\" alt=\"20 in\u00e7 Yedek y\u00fcksek ak\u0131\u015fl\u0131 su pileli filtre kartu\u015fu 7\" data-lazy=\"2\"><\/div>\n<div class=\"description\">End\u00fcstri suyu, kaplama filtrasyonu<\/div>\n<\/div>\n<div class=\"col-sm-12 col-md-4 col-xs-6\">\n<div class=\"thumbnail\"><img decoding=\"async\" title=\"\" src=\"https:\/\/img.yfisher.com\/m6076\/1725726634rbx\/jpg70-t3-scale100.webp\" alt=\"20 in\u00e7 Yedek y\u00fcksek ak\u0131\u015fl\u0131 su pileli filtre kartu\u015fu 8\" data-lazy=\"2\"><\/div>\n<div class=\"description\">Yiyecek ve i\u00e7ecek<\/div>\n<\/div>\n<\/div>\n<\/div>\n<div class=\"d-tem15-graphic mockup\" data-detail=\"wrap\">\n<div class=\"clearfix d-clearfix\">\n<div class=\"col-sm-12 col-md-4 col-xs-6\">\n<div class=\"thumbnail\"><img decoding=\"async\" title=\"\" src=\"https:\/\/img.yfisher.com\/m6076\/17257266342s7\/jpg70-t3-scale100.webp\" alt=\"20 in\u00e7 Yedek y\u00fcksek ak\u0131\u015fl\u0131 su pileli filtre kartu\u015fu 9\" data-lazy=\"2\"><\/div>\n<div class=\"description\">Steril su ve ultra saf su \u00f6n filtrasyonu<\/div>\n<\/div>\n<div class=\"col-sm-12 col-md-4 col-xs-6\">\n<div class=\"thumbnail\"><img decoding=\"async\" title=\"\" src=\"https:\/\/img.yfisher.com\/m6076\/1725726634k4w\/jpg70-t3-scale100.webp\" alt=\"20 in\u00e7 Yedek y\u00fcksek ak\u0131\u015fl\u0131 su pileli filtre kartu\u015fu 10\" data-lazy=\"2\"><\/div>\n<div class=\"description\">Kimyasal ve \u00e7\u00f6z\u00fcc\u00fc su<\/div>\n<\/div>\n<div class=\"col-sm-12 col-md-4 col-xs-6\">\n<div class=\"thumbnail\"><img decoding=\"async\" title=\"\" src=\"https:\/\/img.yfisher.com\/m6076\/1725726634aep\/jpg70-t3-scale100.webp\" alt=\"20 in\u00e7 Yedek y\u00fcksek ak\u0131\u015fl\u0131 su pileli filtre kartu\u015fu 11\" data-lazy=\"2\"><\/div>\n<div class=\"description\">Deniz suyu tuzdan ar\u0131nd\u0131rma<\/div>\n<\/div>\n<\/div>\n<\/div>","protected":false},"excerpt":{"rendered":"<table>\n<thead>\n<tr>\n<th>Ba\u015flang\u0131\u00e7 Liman\u0131:<\/th>\n<th>Guangzhou<\/th>\n<\/tr>\n<\/thead>\n<tbody>\n<tr>\n<td>\u00dcretim Kapasitesi:<\/td>\n<td>500 adet\/Ay<\/td>\n<\/tr>\n<tr>\n<td>Men\u015fe Yeri:<\/td>\n<td>Guangdong, \u00c7in<\/td>\n<\/tr>\n<tr>\n<td>\u00d6deme:<\/td>\n<td>T \/ T, Western Union, Alibaba Ticaret G\u00fcvencesi, paypal<\/td>\n<\/tr>\n<tr>\n<td>ADEDI:<\/td>\n<td>10 adet<\/td>\n<\/tr>\n<tr>\n<td>Model:<\/td>\n<td>LY-HFMH<\/td>\n<\/tr>\n<tr>\n<td>Teslimat S\u00fcresi:<\/td>\n<td>7 i\u015f g\u00fcn\u00fc i\u00e7inde<\/td>\n<\/tr>\n<tr>\n<td>Marka:<\/td>\n<td>OEM\/Lvyuan<\/td>\n<\/tr>\n<\/tbody>\n<\/table>","protected":false},"featured_media":591,"comment_status":"open","ping_status":"closed","template":"","meta":{"_gspb_post_css":""},"product_brand":[],"product_cat":[20,17],"product_tag":[263,261,266,265,264,259],"class_list":{"0":"post-590","1":"product","2":"type-product","3":"status-publish","4":"has-post-thumbnail","6":"product_cat-high-flow-filter-cartridge","7":"product_cat-sediment-filter","8":"product_tag-fast-delivery","9":"product_tag-guangdong-china","10":"product_tag-guangzhou","11":"product_tag-lvyuan","12":"product_tag-ly-hfmh","13":"product_tag-oem","15":"first","16":"instock","17":"shipping-taxable","18":"product-type-simple"},"_links":{"self":[{"href":"https:\/\/lyfilter.com\/tr\/wp-json\/wp\/v2\/product\/590","targetHints":{"allow":["GET"]}}],"collection":[{"href":"https:\/\/lyfilter.com\/tr\/wp-json\/wp\/v2\/product"}],"about":[{"href":"https:\/\/lyfilter.com\/tr\/wp-json\/wp\/v2\/types\/product"}],"replies":[{"embeddable":true,"href":"https:\/\/lyfilter.com\/tr\/wp-json\/wp\/v2\/comments?post=590"}],"wp:featuredmedia":[{"embeddable":true,"href":"https:\/\/lyfilter.com\/tr\/wp-json\/wp\/v2\/media\/591"}],"wp:attachment":[{"href":"https:\/\/lyfilter.com\/tr\/wp-json\/wp\/v2\/media?parent=590"}],"wp:term":[{"taxonomy":"product_brand","embeddable":true,"href":"https:\/\/lyfilter.com\/tr\/wp-json\/wp\/v2\/product_brand?post=590"},{"taxonomy":"product_cat","embeddable":true,"href":"https:\/\/lyfilter.com\/tr\/wp-json\/wp\/v2\/product_cat?post=590"},{"taxonomy":"product_tag","embeddable":true,"href":"https:\/\/lyfilter.com\/tr\/wp-json\/wp\/v2\/product_tag?post=590"}],"curies":[{"name":"wp","href":"https:\/\/api.w.org\/{rel}","templated":true}]}}