{"id":578,"date":"2025-12-24T02:46:37","date_gmt":"2025-12-24T02:46:37","guid":{"rendered":"https:\/\/lyfilter.com\/?post_type=product&#038;p=578"},"modified":"2025-12-24T02:57:31","modified_gmt":"2025-12-24T02:57:31","slug":"high-performance-sanitary-filter-housings-in-stainless-steel","status":"publish","type":"product","link":"https:\/\/lyfilter.com\/tr\/high-performance-sanitary-filter-housings-in-stainless-steel\/","title":{"rendered":"Paslanmaz \u00c7elikten Y\u00fcksek Performansl\u0131 S\u0131hhi Filtre Yuvalar\u0131"},"content":{"rendered":"<div class=\"unit-detail-html-tabs__content-attr\">\n<div class=\"unit-product-attrparam\">\n<div class=\"unit-product-attrparam__items row\">\n<div class=\"col-12 col-md-6\">\n<div class=\"unit-product-attrparam__item\">\n<table>\n<tbody>\n<tr data-start=\"335\" data-end=\"365\">\n<td data-start=\"335\" data-end=\"346\" data-col-size=\"sm\">Malzeme<\/td>\n<td data-start=\"346\" data-end=\"365\" data-col-size=\"sm\">Paslanmaz \u00c7elik<\/td>\n<\/tr>\n<\/tbody>\n<\/table>\n<table>\n<tbody>\n<tr data-start=\"366\" data-end=\"392\" data-is-last-node=\"\">\n<td data-start=\"366\" data-end=\"381\" data-col-size=\"sm\">Kullan\u0131labilirlik<\/td>\n<td data-start=\"381\" data-end=\"392\" data-is-last-node=\"\" data-col-size=\"sm\">OEM\/ODM<\/td>\n<\/tr>\n<\/tbody>\n<\/table>\n<\/div>\n<\/div>\n<\/div>\n<\/div>\n<\/div>\n<div class=\"unit-detail-html-tabs__content-html\">\n<div id=\"module-74E4U0f4f3b0a\">\n<div class=\"ce-d-flex ce-flex-wrap\">\n<div class=\"ce-col-12\">\n<div id=\"unit-zzuNfqHeIMdKBT5\">\n<div class=\"ce-text_item\">\n<div class=\"ce-text\" data-qb-tmp-id=\"lt-270764\" data-gramm=\"false\">\n<div>\n<div class=\"ce-d-flex ce-flex-wrap\">\n<div class=\"ce-col-12\">\n<div id=\"unit-adi8SlZ2NA87g7x\">\n<div class=\"ce-text_item\">\n<div class=\"ce-text\">\n<p><strong>Paslanmaz \u00c7elikten Y\u00fcksek Performansl\u0131 S\u0131hhi Filtre Yuvalar\u0131<\/strong><\/p>\n<p>&nbsp;<\/p>\n<p>Paslanmaz \u00c7elik S\u0131hhi Filtre Yuvalar\u0131 i\u00e7in \u00d6zellikler<\/p>\n<ul>\n<li>Hijyenik Tasar\u0131m: Paslanmaz \u00e7elikten s\u0131hhi filtre muhafazalar\u0131m\u0131z hijyenik bir tasar\u0131mla \u00fcretilmi\u015ftir ve filtreleme i\u015fleminin \u00fcr\u00fcnlerinizin safl\u0131\u011f\u0131n\u0131 korumas\u0131n\u0131 sa\u011flar.<\/li>\n<li>Korozyon Direnci: Y\u00fcksek kaliteli paslanmaz \u00e7elikten \u00fcretilen bu muhafazalar, korozyona kar\u015f\u0131 ola\u011fan\u00fcst\u00fc diren\u00e7 sunarak zorlu ortamlarda kullan\u0131m i\u00e7in idealdir.<\/li>\n<li>Temizlik Kolayl\u0131\u011f\u0131: S\u0131hhi filtre muhafazalar\u0131m\u0131z\u0131n p\u00fcr\u00fczs\u00fcz ve cilal\u0131 y\u00fczeyleri kolay temizlemeyi kolayla\u015ft\u0131rarak h\u0131zl\u0131 ve verimli bak\u0131m sa\u011flar.<\/li>\n<li>G\u0131da S\u0131n\u0131f\u0131 Malzeme: G\u0131da s\u0131n\u0131f\u0131 paslanmaz \u00e7elikten \u00fcretilen filtre muhafazalar\u0131m\u0131z end\u00fcstri standartlar\u0131na uygundur, bu da onlar\u0131 yiyecek ve i\u00e7ecek sekt\u00f6r\u00fcndeki uygulamalar i\u00e7in uygun hale getirir.<\/li>\n<li>\u00d6zelle\u015ftirilebilir Se\u00e7enekler: Bu filtre muhafazalar\u0131n\u0131 \u00f6zel gereksinimlerinize g\u00f6re uyarlay\u0131n. Filtrasyon ihtiya\u00e7lar\u0131n\u0131za uygun \u00e7e\u015fitli boyutlar, konfig\u00fcrasyonlar ve ba\u011flant\u0131 t\u00fcrleri aras\u0131ndan se\u00e7im yap\u0131n.<\/li>\n<li>S\u0131zd\u0131rmazl\u0131k B\u00fct\u00fcnl\u00fc\u011f\u00fc: Muhafaza tasar\u0131m\u0131, filtrasyon i\u015flemi s\u0131ras\u0131nda herhangi bir s\u0131z\u0131nt\u0131 veya kirlenmeyi \u00f6nleyerek g\u00fcvenli bir s\u0131zd\u0131rmazl\u0131k sa\u011flar.<\/li>\n<li>Standartlara Uygunluk: S\u0131hhi filtre muhafazalar\u0131m\u0131z end\u00fcstri standartlar\u0131na ve y\u00f6netmeliklerine uygundur ve \u00fcr\u00fcn g\u00fcvenli\u011fi ve kalitesi konusunda i\u00e7inizin rahat olmas\u0131n\u0131 sa\u011flar.<\/li>\n<li>Geni\u015f Uygulama Yelpazesi: \u0130la\u00e7, kozmetik, g\u0131da i\u015fleme veya di\u011fer end\u00fcstrilerde olsun, bunlar\u00a0<a href=\"https:\/\/lyfilter.com\/tr\/stainless-steel-filter-housing.html\/\">paslanmaz \u00e7elik filtre muhafazas\u0131<\/a>\u00e7ok y\u00f6nl\u00fc ve g\u00fcvenilir filtrasyon \u00e7\u00f6z\u00fcmleri sunar.<\/li>\n<li>Dayan\u0131kl\u0131 Yap\u0131: Sa\u011flam yap\u0131 ve dayan\u0131kl\u0131 malzemelerle s\u0131hhi filtre muhafazalar\u0131m\u0131z, zorlu ortamlarda s\u00fcrekli \u00e7al\u0131\u015fman\u0131n zorluklar\u0131na dayanacak \u015fekilde \u00fcretilmi\u015ftir.<\/li>\n<li>Kolay Kurulum: Kullan\u0131c\u0131 dostu kurulum i\u00e7in tasarlanan bu filtre muhafazalar\u0131, kurulum s\u00fcrecini basitle\u015ftiren \u00f6zelliklerle birlikte gelir ve operasyonlar\u0131n\u0131z i\u00e7in minimum kesinti s\u00fcresi sa\u011flar.<\/li>\n<\/ul>\n<p><img decoding=\"async\" class=\"imageye-selected\" src=\"https:\/\/img.yfisher.com\/m6076\/1725286997w65.jpg\" alt=\"Paslanmaz \u00c7elikten Y\u00fcksek Performansl\u0131 S\u0131hhi Filtre Yuvalar\u0131 7\" data-lazy=\"2\" title=\"\"><\/p>\n<p><img decoding=\"async\" class=\"imageye-selected\" src=\"https:\/\/img.yfisher.com\/m6076\/17252869974hs.jpg\" alt=\"Paslanmaz \u00c7elikten Y\u00fcksek Performansl\u0131 S\u0131hhi Filtre Yuvalar\u0131 8\" data-lazy=\"2\" title=\"\"><\/p>\n<p>&nbsp;<\/p>\n<p>&nbsp;<\/p>\n<p>&nbsp;<\/p>\n<p>&nbsp;<\/p>\n<p>&nbsp;<\/p>\n<p>&nbsp;<\/p>\n<p>&nbsp;<\/p>\n<p>&nbsp;<\/p>\n<p>&nbsp;<\/p>\n<p>&nbsp;<\/p>\n<p>&nbsp;<\/p>\n<p>&nbsp;<\/p>\n<p><strong>Paslanmaz \u00c7elik S\u0131hhi Filtre Muhafazalar\u0131 lvyuan'dan nas\u0131l \u00f6zelle\u015ftirilir?<\/strong><\/p>\n<p>Lvyuan'dan Paslanmaz \u00c7elik S\u0131hhi Filtre Muhafazalar\u0131n\u0131n \u00f6zelle\u015ftirilmesi, benzersiz filtreleme ihtiya\u00e7lar\u0131n\u0131z\u0131 kar\u015f\u0131lamak i\u00e7in uyarlanm\u0131\u015f modern bir s\u00fcre\u00e7tir. Kapasite, bas\u0131n\u00e7 ve ak\u0131\u015f h\u0131z\u0131 gibi gereksinimlerinizi belirleyerek ba\u015flay\u0131n ve 304, 316 veya 316L olsun, uygun paslanmaz \u00e7elik t\u00fcr\u00fcn\u00fc se\u00e7in. Muhafaza konfig\u00fcrasyonunu, boyutlar\u0131n\u0131, y\u00fczey kaplamas\u0131n\u0131, s\u0131zd\u0131rmazl\u0131k se\u00e7eneklerini, kapatma mekanizmas\u0131n\u0131 ve bas\u0131n\u00e7 g\u00f6stergeleri gibi ek \u00f6zellikleri belirleyin.<\/p>\n<p>End\u00fcstri standartlar\u0131na ve sertifikalara uygunlu\u011fu sa\u011flay\u0131n. Spesifikasyonlar\u0131n\u0131z\u0131 sa\u011flayarak ve tasar\u0131m girdisi isteyerek Lvyuan'a dan\u0131\u015f\u0131n. \u00d6nerilen tasar\u0131m\u0131 inceleyip onaylad\u0131ktan sonra, Lvyuan \u00f6zelle\u015ftirilmi\u015f filtre muhafazan\u0131z\u0131n \u00fcretimine devam edecek ve tam spesifikasyonlar\u0131n\u0131za g\u00f6re uyarlanm\u0131\u015f y\u00fcksek kaliteli bir \u00e7\u00f6z\u00fcm sunacakt\u0131r.<\/p>\n<p><img decoding=\"async\" class=\"imageye-selected\" src=\"https:\/\/img.yfisher.com\/m6076\/1725286997m49.jpg\" alt=\"Paslanmaz \u00c7elikten Y\u00fcksek Performansl\u0131 S\u0131hhi Filtre Yuvalar\u0131 9\" data-lazy=\"2\" title=\"\"><\/p>\n<p><img decoding=\"async\" class=\"imageye-selected\" src=\"https:\/\/img.yfisher.com\/m6076\/1725286997okv.jpg\" alt=\"Paslanmaz \u00c7elikten Y\u00fcksek Performansl\u0131 S\u0131hhi Filtre Yuvalar\u0131 10\" data-lazy=\"2\" title=\"\"><\/p>\n<p><strong>Paslanmaz \u00c7elik S\u0131hhi Filtre Yuvalar\u0131n\u0131n Avantajlar\u0131<\/strong><\/p>\n<ol>\n<li>Hijyenik Tasar\u0131m: Paslanmaz \u00e7elikten s\u0131hhi filtre muhafazalar\u0131m\u0131z hijyenik bir tasar\u0131mla \u00fcretilmi\u015ftir ve filtreleme i\u015fleminin \u00fcr\u00fcnlerinizin safl\u0131\u011f\u0131n\u0131 korumas\u0131n\u0131 sa\u011flar.<\/li>\n<li>Korozyon Direnci: Y\u00fcksek kaliteli paslanmaz \u00e7elikten \u00fcretilen bu muhafazalar, korozyona kar\u015f\u0131 ola\u011fan\u00fcst\u00fc diren\u00e7 sunarak zorlu ortamlarda kullan\u0131m i\u00e7in idealdir.<\/li>\n<li>Temizlik Kolayl\u0131\u011f\u0131: S\u0131hhi filtre muhafazalar\u0131m\u0131z\u0131n p\u00fcr\u00fczs\u00fcz ve cilal\u0131 y\u00fczeyleri kolay temizlemeyi kolayla\u015ft\u0131rarak h\u0131zl\u0131 ve verimli bak\u0131m sa\u011flar.<\/li>\n<li>G\u0131da S\u0131n\u0131f\u0131 Malzeme: G\u0131da s\u0131n\u0131f\u0131 paslanmaz \u00e7elikten \u00fcretilen filtre muhafazalar\u0131m\u0131z end\u00fcstri standartlar\u0131na uygundur, bu da onlar\u0131 yiyecek ve i\u00e7ecek sekt\u00f6r\u00fcndeki uygulamalar i\u00e7in uygun hale getirir.<\/li>\n<li>\u00d6zelle\u015ftirilebilir Se\u00e7enekler: Bu filtre muhafazalar\u0131n\u0131 \u00f6zel gereksinimlerinize g\u00f6re uyarlay\u0131n. Filtrasyon ihtiya\u00e7lar\u0131n\u0131za uygun \u00e7e\u015fitli boyutlar, konfig\u00fcrasyonlar ve ba\u011flant\u0131 t\u00fcrleri aras\u0131ndan se\u00e7im yap\u0131n.<\/li>\n<li>S\u0131zd\u0131rmazl\u0131k B\u00fct\u00fcnl\u00fc\u011f\u00fc: Muhafaza tasar\u0131m\u0131, filtrasyon i\u015flemi s\u0131ras\u0131nda herhangi bir s\u0131z\u0131nt\u0131 veya kirlenmeyi \u00f6nleyerek g\u00fcvenli bir s\u0131zd\u0131rmazl\u0131k sa\u011flar.<\/li>\n<li>Standartlara Uygunluk: S\u0131hhi filtre muhafazalar\u0131m\u0131z end\u00fcstri standartlar\u0131na ve y\u00f6netmeliklerine uygundur ve \u00fcr\u00fcn g\u00fcvenli\u011fi ve kalitesi konusunda i\u00e7inizin rahat olmas\u0131n\u0131 sa\u011flar.<\/li>\n<li>Geni\u015f Uygulama Yelpazesi: \u0130la\u00e7, kozmetik, g\u0131da i\u015fleme veya di\u011fer end\u00fcstrilerde, bu paslanmaz \u00e7elik filtre muhafazalar\u0131 \u00e7ok y\u00f6nl\u00fc ve g\u00fcvenilir filtrasyon \u00e7\u00f6z\u00fcmleri sunar.<\/li>\n<li>Dayan\u0131kl\u0131 Yap\u0131: Sa\u011flam yap\u0131 ve dayan\u0131kl\u0131 malzemelerle s\u0131hhi filtre muhafazalar\u0131m\u0131z, zorlu ortamlarda s\u00fcrekli \u00e7al\u0131\u015fman\u0131n zorluklar\u0131na dayanacak \u015fekilde \u00fcretilmi\u015ftir.<\/li>\n<li>Kolay Kurulum: Kullan\u0131c\u0131 dostu kurulum i\u00e7in tasarlanan bu filtre muhafazalar\u0131, kurulum s\u00fcrecini basitle\u015ftiren \u00f6zelliklerle birlikte gelir ve operasyonlar\u0131n\u0131z i\u00e7in minimum kesinti s\u00fcresi sa\u011flar.<\/li>\n<\/ol>\n<p>&nbsp;<\/p>\n<p>&nbsp;<\/p>\n<p><strong><img decoding=\"async\" class=\"imageye-selected\" src=\"https:\/\/img.yfisher.com\/m6076\/1725286997e13.jpg\" alt=\"Paslanmaz \u00c7elikten Y\u00fcksek Performansl\u0131 S\u0131hhi Filtre Yuvalar\u0131 11\" data-lazy=\"2\" title=\"\"><\/strong><\/p>\n<\/div>\n<\/div>\n<\/div>\n<\/div>\n<\/div>\n<\/div>\n<\/div>\n<\/div>\n<\/div>\n<\/div>\n<\/div>\n<\/div>\n<\/div>","protected":false},"excerpt":{"rendered":"<table>\n<thead>\n<tr>\n<th>Saha<\/th>\n<th>Detaylar<\/th>\n<\/tr>\n<\/thead>\n<tbody>\n<tr>\n<td>Ba\u015flang\u0131\u00e7 Liman\u0131<\/td>\n<td>Guangzhou<\/td>\n<\/tr>\n<tr>\n<td>\u00dcretim Kapasitesi<\/td>\n<td>10000 adet\/Ay<\/td>\n<\/tr>\n<tr>\n<td>Men\u015fe Yeri<\/td>\n<td>Guangdong, \u00c7in<\/td>\n<\/tr>\n<tr>\n<td>\u00d6deme<\/td>\n<td>T \/ T, Western Union, paypal<\/td>\n<\/tr>\n<tr>\n<td>ADEDI<\/td>\n<td>1 adet<\/td>\n<\/tr>\n<tr>\n<td>Model<\/td>\n<td>LY-FB<\/td>\n<\/tr>\n<tr>\n<td>Teslimat S\u00fcresi<\/td>\n<td>7 i\u015f g\u00fcn\u00fc i\u00e7erisinde<\/td>\n<\/tr>\n<tr>\n<td>Sertifikasyon<\/td>\n<td>ISO 9001<\/td>\n<\/tr>\n<tr>\n<td>Marka<\/td>\n<td>OEM\/Lvyuan<\/td>\n<\/tr>\n<\/tbody>\n<\/table>","protected":false},"featured_media":580,"comment_status":"open","ping_status":"closed","template":"","meta":{"_gspb_post_css":""},"product_brand":[],"product_cat":[15],"product_tag":[263,261,262,260,258,259],"class_list":{"0":"post-578","1":"product","2":"type-product","3":"status-publish","4":"has-post-thumbnail","6":"product_cat-stainless-steel-filter-housing","7":"product_tag-fast-delivery","8":"product_tag-guangdong-china","9":"product_tag-guangzhou-port","10":"product_tag-iso-9001","11":"product_tag-ly-fb","12":"product_tag-oem","14":"first","15":"instock","16":"shipping-taxable","17":"product-type-simple"},"_links":{"self":[{"href":"https:\/\/lyfilter.com\/tr\/wp-json\/wp\/v2\/product\/578","targetHints":{"allow":["GET"]}}],"collection":[{"href":"https:\/\/lyfilter.com\/tr\/wp-json\/wp\/v2\/product"}],"about":[{"href":"https:\/\/lyfilter.com\/tr\/wp-json\/wp\/v2\/types\/product"}],"replies":[{"embeddable":true,"href":"https:\/\/lyfilter.com\/tr\/wp-json\/wp\/v2\/comments?post=578"}],"wp:featuredmedia":[{"embeddable":true,"href":"https:\/\/lyfilter.com\/tr\/wp-json\/wp\/v2\/media\/580"}],"wp:attachment":[{"href":"https:\/\/lyfilter.com\/tr\/wp-json\/wp\/v2\/media?parent=578"}],"wp:term":[{"taxonomy":"product_brand","embeddable":true,"href":"https:\/\/lyfilter.com\/tr\/wp-json\/wp\/v2\/product_brand?post=578"},{"taxonomy":"product_cat","embeddable":true,"href":"https:\/\/lyfilter.com\/tr\/wp-json\/wp\/v2\/product_cat?post=578"},{"taxonomy":"product_tag","embeddable":true,"href":"https:\/\/lyfilter.com\/tr\/wp-json\/wp\/v2\/product_tag?post=578"}],"curies":[{"name":"wp","href":"https:\/\/api.w.org\/{rel}","templated":true}]}}