{"id":5029,"date":"2026-04-07T08:25:59","date_gmt":"2026-04-07T08:25:59","guid":{"rendered":"https:\/\/lyfilter.com\/"},"modified":"2026-05-08T01:15:34","modified_gmt":"2026-05-08T01:15:34","slug":"20-inch-ss304-ss316-stainless-steel-code-7-cartridge-filter-housing-sanitary-cartridge-filter","status":"publish","type":"product","link":"https:\/\/lyfilter.com\/tr\/20-inch-ss304-ss316-stainless-steel-code-7-cartridge-filter-housing-sanitary-cartridge-filter\/","title":{"rendered":"20 \u0130n\u00e7 SS304 SS316 Paslanmaz \u00c7elik Kod 7 Kartu\u015f Filtre Muhafazas\u0131 \/ S\u0131hhi Kartu\u015f Filtresi"},"content":{"rendered":"<table>\n<thead>\n<tr>\n<th>Men\u015fe Yeri<\/th>\n<th>Guangdong, \u00c7in<\/th>\n<\/tr>\n<\/thead>\n<tbody>\n<tr>\n<td>Marka Ad\u0131<\/td>\n<td>Lvyuan, OEM, ODM<\/td>\n<\/tr>\n<tr>\n<td>Malzeme<\/td>\n<td>paslanmaz \u00e7elik<\/td>\n<\/tr>\n<tr>\n<td>A\u011f\u0131rl\u0131k<\/td>\n<td>\u00f6zelle\u015ftirilmi\u015f<\/td>\n<\/tr>\n<tr>\n<td>Boyut<\/td>\n<td>\u00f6zelle\u015ftirilmi\u015f, 10\u201d20\u201d30\u201d40\u201d<\/td>\n<\/tr>\n<tr>\n<td>G\u00fc\u00e7<\/td>\n<td>0<\/td>\n<\/tr>\n<tr>\n<td>Garanti<\/td>\n<td>1 Y\u0131l<\/td>\n<\/tr>\n<tr>\n<td>Sa\u011flanan Sat\u0131\u015f Sonras\u0131 Hizmet<\/td>\n<td>\u00c7evrimi\u00e7i destek<\/td>\n<\/tr>\n<tr>\n<td>\u00d6zellik<\/td>\n<td>s\u0131v\u0131 ar\u0131tma<\/td>\n<\/tr>\n<tr>\n<td>Sertifikasyon<\/td>\n<td>SGS<\/td>\n<\/tr>\n<tr>\n<td>\u015eekil<\/td>\n<td>Silindir<\/td>\n<\/tr>\n<tr>\n<td>konnekt\u00f6r tipi<\/td>\n<td>kelep\u00e7e<\/td>\n<\/tr>\n<tr>\n<td>Uygulama<\/td>\n<td>end\u00fcstri suyu<\/td>\n<\/tr>\n<tr>\n<td>y\u00fczey<\/td>\n<td>cilal\u0131\/ayna<\/td>\n<\/tr>\n<tr>\n<td>\u0130sim<\/td>\n<td>s\u0131hhi filtre muhafazas\u0131<\/td>\n<\/tr>\n<tr>\n<td>Hammadde<\/td>\n<td>paslanmaz \u00e7elik<\/td>\n<\/tr>\n<tr>\n<td>Renk<\/td>\n<td>G\u00fcm\u00fc\u015f<\/td>\n<\/tr>\n<tr>\n<td>Tedarik Yetene\u011fi<\/td>\n<td>5000 Adet\/Hafta ba\u015f\u0131na<\/td>\n<\/tr>\n<\/tbody>\n<\/table>","protected":false},"excerpt":{"rendered":"<p>S\u0131hhi filtreleme i\u00e7in \u00fcretilen bu SS304 ve SS316 paslanmaz \u00e7elik Kod 7 kartu\u015f filtre muhafazas\u0131, temiz s\u0131v\u0131 ak\u0131\u015f\u0131n\u0131 ve g\u00fcvenilir partik\u00fcl kontrol\u00fcn\u00fc destekler. End\u00fcstriyel sistemlerde istikrarl\u0131 i\u015fleme ve istikrarl\u0131 kullan\u0131m\u0131n korunmas\u0131na yard\u0131mc\u0131 olur.<\/p>","protected":false},"featured_media":5035,"comment_status":"open","ping_status":"closed","template":"","meta":{"_gspb_post_css":""},"product_brand":[],"product_cat":[15],"product_tag":[1957,42,1534,1958,1956,1660],"class_list":{"0":"post-5029","1":"product","2":"type-product","3":"status-publish","4":"has-post-thumbnail","6":"product_cat-stainless-steel-filter-housing","7":"product_tag-code-7-filter-housing","8":"product_tag-industrial-liquid-filtration","9":"product_tag-inversafilterpurification","10":"product_tag-sanitary-cartridge-filter","11":"product_tag-ss304-ss316-sanitary-filter","12":"product_tag-stainless-steel-cartridge-filter-housing","14":"first","15":"instock","16":"shipping-taxable","17":"product-type-simple"},"_links":{"self":[{"href":"https:\/\/lyfilter.com\/tr\/wp-json\/wp\/v2\/product\/5029","targetHints":{"allow":["GET"]}}],"collection":[{"href":"https:\/\/lyfilter.com\/tr\/wp-json\/wp\/v2\/product"}],"about":[{"href":"https:\/\/lyfilter.com\/tr\/wp-json\/wp\/v2\/types\/product"}],"replies":[{"embeddable":true,"href":"https:\/\/lyfilter.com\/tr\/wp-json\/wp\/v2\/comments?post=5029"}],"wp:featuredmedia":[{"embeddable":true,"href":"https:\/\/lyfilter.com\/tr\/wp-json\/wp\/v2\/media\/5035"}],"wp:attachment":[{"href":"https:\/\/lyfilter.com\/tr\/wp-json\/wp\/v2\/media?parent=5029"}],"wp:term":[{"taxonomy":"product_brand","embeddable":true,"href":"https:\/\/lyfilter.com\/tr\/wp-json\/wp\/v2\/product_brand?post=5029"},{"taxonomy":"product_cat","embeddable":true,"href":"https:\/\/lyfilter.com\/tr\/wp-json\/wp\/v2\/product_cat?post=5029"},{"taxonomy":"product_tag","embeddable":true,"href":"https:\/\/lyfilter.com\/tr\/wp-json\/wp\/v2\/product_tag?post=5029"}],"curies":[{"name":"wp","href":"https:\/\/api.w.org\/{rel}","templated":true}]}}