{"id":5024,"date":"2026-04-07T07:59:12","date_gmt":"2026-04-07T07:59:12","guid":{"rendered":"https:\/\/lyfilter.com\/"},"modified":"2026-04-07T07:59:12","modified_gmt":"2026-04-07T07:59:12","slug":"high-flow-pleated-filter-cartridge-ly-hfpl-lvyuan-filter","status":"publish","type":"product","link":"https:\/\/lyfilter.com\/tr\/high-flow-pleated-filter-cartridge-ly-hfpl-lvyuan-filter\/","title":{"rendered":"Y\u00fcksek Ak\u0131\u015fl\u0131 Pileli Filtre Kartu\u015fu LY-HFPL - - Lvyuan Filtre"},"content":{"rendered":"<table>\n<thead>\n<tr>\n<th>Ba\u015flang\u0131\u00e7 Liman\u0131<\/th>\n<th>Guangzhou<\/th>\n<\/tr>\n<\/thead>\n<tbody>\n<tr>\n<td>Model<\/td>\n<td>LY-HFPL<\/td>\n<\/tr>\n<tr>\n<td>Teslimat S\u00fcresi<\/td>\n<td>7 i\u015f g\u00fcn\u00fc i\u00e7erisinde<\/td>\n<\/tr>\n<tr>\n<td>Sertifikasyon<\/td>\n<td>ISO 9001<\/td>\n<\/tr>\n<tr>\n<td>Marka<\/td>\n<td>OEM\/Lvyuan<\/td>\n<\/tr>\n<\/tbody>\n<\/table>","protected":false},"excerpt":{"rendered":"<p>Malzeme:<\/p>\n<p>Malzeme filtresi: cam elyaf, polipropilen (PP)<\/p>\n<p>Destek\/Diversiyon katman\u0131: polipropilen<\/p>\n<p>U\u00e7 kapak: cam elyaf takviyeli polipropilen<\/p>\n<p>Conta halkas\u0131: EPR, PTFE flororubber<\/p>\n<p><a href=\"https:\/\/lyfilter.com\/tr\/products.html\/\">Filtre eleman\u0131<\/a>\u00a0performans:<\/p>\n<p>Filtreleme hassasiyeti: 1\u03bcm, 3\u03bcm, 5\u03bcm, 10\u03bcm, 20\u03bcm, 50\u03bcm, 70\u03bcm<\/p>\n<p>En y\u00fcksek \u00e7al\u0131\u015fma s\u0131cakl\u0131\u011f\u0131: 80 \u2103<\/p>","protected":false},"featured_media":5025,"comment_status":"open","ping_status":"closed","template":"","meta":{"_gspb_post_css":""},"product_brand":[],"product_cat":[20],"product_tag":[1951,743,1534,1242,1952,773],"class_list":{"0":"post-5024","1":"product","2":"type-product","3":"status-publish","4":"has-post-thumbnail","6":"product_cat-high-flow-filter-cartridge","7":"product_tag-high-flow-pleated-filter-cartridge","8":"product_tag-industrial-water-filter-cartridge","9":"product_tag-inversafilterpurification","10":"product_tag-lvyuan-filter","11":"product_tag-ly-hfpl-filter-cartridge","12":"product_tag-water-purification-cartridge","14":"first","15":"instock","16":"shipping-taxable","17":"product-type-simple"},"_links":{"self":[{"href":"https:\/\/lyfilter.com\/tr\/wp-json\/wp\/v2\/product\/5024","targetHints":{"allow":["GET"]}}],"collection":[{"href":"https:\/\/lyfilter.com\/tr\/wp-json\/wp\/v2\/product"}],"about":[{"href":"https:\/\/lyfilter.com\/tr\/wp-json\/wp\/v2\/types\/product"}],"replies":[{"embeddable":true,"href":"https:\/\/lyfilter.com\/tr\/wp-json\/wp\/v2\/comments?post=5024"}],"wp:featuredmedia":[{"embeddable":true,"href":"https:\/\/lyfilter.com\/tr\/wp-json\/wp\/v2\/media\/5025"}],"wp:attachment":[{"href":"https:\/\/lyfilter.com\/tr\/wp-json\/wp\/v2\/media?parent=5024"}],"wp:term":[{"taxonomy":"product_brand","embeddable":true,"href":"https:\/\/lyfilter.com\/tr\/wp-json\/wp\/v2\/product_brand?post=5024"},{"taxonomy":"product_cat","embeddable":true,"href":"https:\/\/lyfilter.com\/tr\/wp-json\/wp\/v2\/product_cat?post=5024"},{"taxonomy":"product_tag","embeddable":true,"href":"https:\/\/lyfilter.com\/tr\/wp-json\/wp\/v2\/product_tag?post=5024"}],"curies":[{"name":"wp","href":"https:\/\/api.w.org\/{rel}","templated":true}]}}