{"id":5020,"date":"2026-04-07T07:53:33","date_gmt":"2026-04-07T07:53:33","guid":{"rendered":"https:\/\/lyfilter.com\/"},"modified":"2026-04-07T07:53:33","modified_gmt":"2026-04-07T07:53:33","slug":"reliable-pp-pleated-filter-cartridge-high-safety-for-purify","status":"publish","type":"product","link":"https:\/\/lyfilter.com\/tr\/reliable-pp-pleated-filter-cartridge-high-safety-for-purify\/","title":{"rendered":"Ar\u0131nd\u0131rmak \u0130\u00e7in G\u00fcvenilir PP Pileli Filtre Kartu\u015fu Y\u00fcksek G\u00fcvenlik"},"content":{"rendered":"<table>\n<thead>\n<tr>\n<th>Men\u015fe Yeri<\/th>\n<th>Guangdong, \u00c7in<\/th>\n<\/tr>\n<\/thead>\n<tbody>\n<tr>\n<td>Marka Ad\u0131<\/td>\n<td>LVYUAN\/OEM<\/td>\n<\/tr>\n<tr>\n<td>Malzeme<\/td>\n<td>Polipropilen<\/td>\n<\/tr>\n<tr>\n<td>A\u011f\u0131rl\u0131k<\/td>\n<td>OEM<\/td>\n<\/tr>\n<tr>\n<td>Boyut<\/td>\n<td>OEM<\/td>\n<\/tr>\n<tr>\n<td>G\u00fc\u00e7<\/td>\n<td>0<\/td>\n<\/tr>\n<tr>\n<td>Garanti<\/td>\n<td>Kullan\u0131lam\u0131yor<\/td>\n<\/tr>\n<tr>\n<td>\u00dcr\u00fcn ad\u0131<\/td>\n<td>Spun filtre polipropilen 10 &amp; 50 mikron PP tortu filtre kartu\u015fu<\/td>\n<\/tr>\n<tr>\n<td>Filtre tipi<\/td>\n<td>Yiv, Kabartma, Noktalar, \u015eirket logosu<\/td>\n<\/tr>\n<tr>\n<td>D\u0131\u015f \u00e7ap<\/td>\n<td>10-200mm<\/td>\n<\/tr>\n<tr>\n<td>Do\u011fruluk<\/td>\n<td>1-100 mikron<\/td>\n<\/tr>\n<tr>\n<td>\u0130\u00e7 \u00e7ap<\/td>\n<td>OEM<\/td>\n<\/tr>\n<tr>\n<td>Filtre adapt\u00f6r\u00fc<\/td>\n<td>D\u00fcz tip, Tip 222, Tip 226, Tip215<\/td>\n<\/tr>\n<tr>\n<td>En y\u00fcksek s\u0131cakl\u0131k<\/td>\n<td>80\u2103<\/td>\n<\/tr>\n<tr>\n<td>\u0130\u015f bas\u0131nc\u0131 d\u00fc\u015f\u00fc\u015f\u00fc<\/td>\n<td>0,1kgf\/c\u33a1<\/td>\n<\/tr>\n<tr>\n<td>En y\u00fcksek kapal\u0131<\/td>\n<td>5kgf\/c\u33a1<\/td>\n<\/tr>\n<tr>\n<td>Maksimum bas\u0131n\u00e7 d\u00fc\u015f\u00fc\u015f\u00fc<\/td>\n<td>3kgf\/c\u33a1<\/td>\n<\/tr>\n<tr>\n<td>Sa\u011flanan Sat\u0131\u015f Sonras\u0131 Hizmet<\/td>\n<td>\u00c7evrimi\u00e7i destek<\/td>\n<\/tr>\n<\/tbody>\n<\/table>","protected":false},"excerpt":{"rendered":"<h3 class=\"do-entry-title\">Paketleme ve Teslimat<\/h3>\n<div class=\"do-entry-list\">\n<dl class=\"do-entry-item\">\n<dt class=\"do-entry-item-key\">Sat\u0131\u015f Birimleri:<\/dt>\n<dd class=\"do-entry-item-val\">Tek \u00fcr\u00fcn<\/dd>\n<\/dl>\n<dl class=\"do-entry-item\">\n<dt class=\"do-entry-item-key\" title=\"Tek paket boyutu:\">Tek paket boyutu:<\/dt>\n<dd class=\"do-entry-item-val\">53X33X33 cm<\/dd>\n<\/dl>\n<dl class=\"do-entry-item\">\n<dt class=\"do-entry-item-key\" title=\"Tek br\u00fct a\u011f\u0131rl\u0131k:\">Tek br\u00fct a\u011f\u0131rl\u0131k:<\/dt>\n<dd class=\"do-entry-item-val\">9.000 kg<\/dd>\n<\/dl>\n<dl class=\"do-entry-item\">\n<dt class=\"do-entry-item-key\">Paket Tipi:<\/dt>\n<dd class=\"do-entry-item-val pkg-method\">RO \u00f6ncesi su filtresi de\u011fi\u015fimi i\u00e7in \u00e7ift katmanl\u0131 b\u00fck\u00fclm\u00fc\u015f filtre polipropilen 10 ve 50 mikron PP tortu filtre kartu\u015fu: Ka\u011f\u0131t karton i\u00e7inde paketlenmi\u015ftir.<\/dd>\n<\/dl>\n<dl class=\"do-entry-item\">\n<dt class=\"do-entry-item-key\" title=\"Teslim S\u00fcresi\">Teslim S\u00fcresi\u00a0<i class=\"next-icon next-icon-help next-icon-xs js-leadtimes-tips\"><\/i>:<\/dt>\n<dd class=\"do-entry-item-val\" title=\"Teslim S\u00fcresi\">\n<div class=\"table-responsive\">\n<table class=\"supply-ability-table ui2-table ui2-table-normal ui2-table-zebra ui2-table-hover\">\n<tbody>\n<tr>\n<td>Miktar (Adet)<\/td>\n<td>1 - 100<\/td>\n<td>101 - 500<\/td>\n<td>501 - 5000<\/td>\n<td>&gt;5000<\/td>\n<\/tr>\n<tr>\n<td>Tahmini Zaman (g\u00fcn)<\/td>\n<td>2<\/td>\n<td>3<\/td>\n<td>7<\/td>\n<td>M\u00fczakere edilecek<\/td>\n<\/tr>\n<\/tbody>\n<\/table>\n<\/div>\n<\/dd>\n<\/dl>\n<\/div>","protected":false},"featured_media":5021,"comment_status":"open","ping_status":"closed","template":"","meta":{"_gspb_post_css":""},"product_brand":[],"product_cat":[23],"product_tag":[1945,1714,1534,1181,1944,1136],"class_list":{"0":"post-5020","1":"product","2":"type-product","3":"status-publish","4":"has-post-thumbnail","6":"product_cat-pp-filter-cartridge","7":"product_tag-high-safety-filter-cartridge","8":"product_tag-industrial-purification-filter","9":"product_tag-inversafilterpurification","10":"product_tag-pp-pleated-filter-cartridge","11":"product_tag-reliable-water-filter-cartridge","12":"product_tag-water-filter-locks","14":"first","15":"instock","16":"shipping-taxable","17":"product-type-simple"},"_links":{"self":[{"href":"https:\/\/lyfilter.com\/tr\/wp-json\/wp\/v2\/product\/5020","targetHints":{"allow":["GET"]}}],"collection":[{"href":"https:\/\/lyfilter.com\/tr\/wp-json\/wp\/v2\/product"}],"about":[{"href":"https:\/\/lyfilter.com\/tr\/wp-json\/wp\/v2\/types\/product"}],"replies":[{"embeddable":true,"href":"https:\/\/lyfilter.com\/tr\/wp-json\/wp\/v2\/comments?post=5020"}],"wp:featuredmedia":[{"embeddable":true,"href":"https:\/\/lyfilter.com\/tr\/wp-json\/wp\/v2\/media\/5021"}],"wp:attachment":[{"href":"https:\/\/lyfilter.com\/tr\/wp-json\/wp\/v2\/media?parent=5020"}],"wp:term":[{"taxonomy":"product_brand","embeddable":true,"href":"https:\/\/lyfilter.com\/tr\/wp-json\/wp\/v2\/product_brand?post=5020"},{"taxonomy":"product_cat","embeddable":true,"href":"https:\/\/lyfilter.com\/tr\/wp-json\/wp\/v2\/product_cat?post=5020"},{"taxonomy":"product_tag","embeddable":true,"href":"https:\/\/lyfilter.com\/tr\/wp-json\/wp\/v2\/product_tag?post=5020"}],"curies":[{"name":"wp","href":"https:\/\/api.w.org\/{rel}","templated":true}]}}