{"id":5018,"date":"2026-04-07T07:50:24","date_gmt":"2026-04-07T07:50:24","guid":{"rendered":"https:\/\/lyfilter.com\/"},"modified":"2026-04-07T07:50:24","modified_gmt":"2026-04-07T07:50:24","slug":"lvyuan-filter-water-treatment-plant-manufacturers-high-safety-for-factory","status":"publish","type":"product","link":"https:\/\/lyfilter.com\/tr\/lvyuan-filter-water-treatment-plant-manufacturers-high-safety-for-factory\/","title":{"rendered":"Lvyuan Filtre Su Ar\u0131tma Tesisi \u00dcreticileri Fabrika \u0130\u00e7in Y\u00fcksek G\u00fcvenlik"},"content":{"rendered":"<table>\n<thead>\n<tr>\n<th>Men\u015fe Yeri<\/th>\n<th>Guangdong, \u00c7in<\/th>\n<\/tr>\n<\/thead>\n<tbody>\n<tr>\n<td>Marka Ad\u0131<\/td>\n<td>Guangzhou Lvyuan<\/td>\n<\/tr>\n<tr>\n<td>Model Numaras\u0131<\/td>\n<td>LY-PV001<\/td>\n<\/tr>\n<tr>\n<td>\u0130sim<\/td>\n<td>316 paslanmaz \u00e7elik membran bas\u0131n\u00e7l\u0131 kaplar<\/td>\n<\/tr>\n<tr>\n<td>muhafaza malzemesi<\/td>\n<td>SS304, SS316<\/td>\n<\/tr>\n<tr>\n<td>konut tipi<\/td>\n<td>diki\u015fsiz veya diki\u015fli<\/td>\n<\/tr>\n<tr>\n<td>u\u00e7 kapak malzemesi<\/td>\n<td>ABS, paslanmaz \u00e7elik<\/td>\n<\/tr>\n<tr>\n<td>bas\u0131n\u00e7 oran\u0131<\/td>\n<td>300psi, 400psi, 1000psi<\/td>\n<\/tr>\n<tr>\n<td>giri\u015f modu<\/td>\n<td>u\u00e7 veya yan<\/td>\n<\/tr>\n<tr>\n<td>giri\u015f portu<\/td>\n<td>3\/4\u2033 di\u015fi veya 1,5\u2033 di\u015fi<\/td>\n<\/tr>\n<tr>\n<td>\u00e7\u0131k\u0131\u015f portu<\/td>\n<td>1\/2\u2033 di\u015fi veya 1\u2033 di\u015fi<\/td>\n<\/tr>\n<tr>\n<td>Sertifikasyon<\/td>\n<td>CE Sertifikas\u0131<\/td>\n<\/tr>\n<tr>\n<td>Uygulama<\/td>\n<td>RO ters osmoz bas\u0131n\u00e7l\u0131 kap<\/td>\n<\/tr>\n<tr>\n<td>Tedarik Yetene\u011fi<\/td>\n<td>10000 Adet \/ Adet her Ay paslanmaz \u00e7elik bas\u0131n\u00e7l\u0131 kap<\/td>\n<\/tr>\n<\/tbody>\n<\/table>","protected":false},"excerpt":{"rendered":"<p>\u015eirket Avantajlar\u0131<br \/>\n1. Lvyuan Filtre, m\u00fc\u015fterilerimize \u00f6zg\u00fcnl\u00fc\u011f\u00fcm\u00fcz\u00fc garanti eden en kaliteli hammaddelerden yap\u0131lm\u0131\u015ft\u0131r. Ba\u011flay\u0131c\u0131lar, maddeler, \u00e7\u00f6z\u00fcc\u00fcler, antistatik malzemeler veya \u0131slat\u0131c\u0131 maddeler i\u00e7ermez<br \/>\n2. Bu \u00f6zellikleri ile d\u00fcnya m\u00fc\u015fterilerinin be\u011fenisini kazanm\u0131\u015ft\u0131r. Y\u0131ld\u0131z \u015feklindeki halka conta, filtre eleman\u0131n\u0131n s\u00f6k\u00fclmesini ve bak\u0131m\u0131n\u0131 kolayla\u015ft\u0131r\u0131r<br \/>\n3. \u00dcr\u00fcn s\u0131cakl\u0131k direncine sahiptir. Sertli\u011fi veya yorulma direnci, s\u0131cakl\u0131ktaki de\u011fi\u015fimlerle kolayca de\u011fi\u015fmeyecektir. Hassas iyon kromatografisi i\u00e7in do\u011fru analiz ve sonu\u00e7lar sa\u011flayabilir<\/p>\n<p>Guangzhou Lvyuan, 2.5\u201d, 4\u201d ve 8\u201d RO membranlar\u0131 i\u00e7in kapsaml\u0131 bir Paslanmaz \u00c7elik RO Membran Yuvalar\u0131 yelpazesi sunmaktad\u0131r. Muhafazalar, \u00e7e\u015fitli boyutlarda permeat ve konsantre portlar\u0131 ile birlikte u\u00e7tan giri\u015fli veya yandan giri\u015fli tiplerde tasarlanm\u0131\u015ft\u0131r. \u00c7e\u015fitlendirilmi\u015f se\u00e7enekler, m\u00fc\u015fterilere farkl\u0131 uygulamalar\u0131 kar\u015f\u0131lamak ve karma\u015f\u0131k manifoldlara yap\u0131lan pahal\u0131 yat\u0131r\u0131mlardan tasarruf etmek i\u00e7in b\u00fcy\u00fck kolayl\u0131k sa\u011flar. T\u00fcm paslanmaz \u00e7elik RO membran muhafazalar\u0131, kullan\u0131m noktas\u0131nda tutarl\u0131 kalite sa\u011flamak i\u00e7in hidrolik olarak test edilir.<\/p>","protected":false},"featured_media":5019,"comment_status":"open","ping_status":"closed","template":"","meta":{"_gspb_post_css":""},"product_brand":[],"product_cat":[1202],"product_tag":[1942,1943,1717,1534,1941,1136],"class_list":{"0":"post-5018","1":"product","2":"type-product","3":"status-publish","4":"has-post-thumbnail","6":"product_cat-filter-cartridge","7":"product_tag-factory-water-filtration","8":"product_tag-high-safety-filtration-system","9":"product_tag-industrial-water-purification","10":"product_tag-inversafilterpurification","11":"product_tag-lvyuan-water-treatment-plant","12":"product_tag-water-filter-locks","14":"first","15":"instock","16":"shipping-taxable","17":"product-type-simple"},"_links":{"self":[{"href":"https:\/\/lyfilter.com\/tr\/wp-json\/wp\/v2\/product\/5018","targetHints":{"allow":["GET"]}}],"collection":[{"href":"https:\/\/lyfilter.com\/tr\/wp-json\/wp\/v2\/product"}],"about":[{"href":"https:\/\/lyfilter.com\/tr\/wp-json\/wp\/v2\/types\/product"}],"replies":[{"embeddable":true,"href":"https:\/\/lyfilter.com\/tr\/wp-json\/wp\/v2\/comments?post=5018"}],"wp:featuredmedia":[{"embeddable":true,"href":"https:\/\/lyfilter.com\/tr\/wp-json\/wp\/v2\/media\/5019"}],"wp:attachment":[{"href":"https:\/\/lyfilter.com\/tr\/wp-json\/wp\/v2\/media?parent=5018"}],"wp:term":[{"taxonomy":"product_brand","embeddable":true,"href":"https:\/\/lyfilter.com\/tr\/wp-json\/wp\/v2\/product_brand?post=5018"},{"taxonomy":"product_cat","embeddable":true,"href":"https:\/\/lyfilter.com\/tr\/wp-json\/wp\/v2\/product_cat?post=5018"},{"taxonomy":"product_tag","embeddable":true,"href":"https:\/\/lyfilter.com\/tr\/wp-json\/wp\/v2\/product_tag?post=5018"}],"curies":[{"name":"wp","href":"https:\/\/api.w.org\/{rel}","templated":true}]}}