{"id":5012,"date":"2026-04-07T07:47:34","date_gmt":"2026-04-07T07:47:34","guid":{"rendered":"https:\/\/lyfilter.com\/"},"modified":"2026-04-07T07:47:34","modified_gmt":"2026-04-07T07:47:34","slug":"stainless-steel-angle-filter-housing","status":"publish","type":"product","link":"https:\/\/lyfilter.com\/tr\/stainless-steel-angle-filter-housing\/","title":{"rendered":"Paslanmaz \u00c7elik A\u00e7\u0131l\u0131 Filtre Muhafazas\u0131"},"content":{"rendered":"<table>\n<thead>\n<tr>\n<th>Ba\u015flang\u0131\u00e7 Liman\u0131<\/th>\n<th>Guangzhou<\/th>\n<\/tr>\n<\/thead>\n<tbody>\n<tr>\n<td>\u00dcretim Kapasitesi<\/td>\n<td>10000 adet\/Ay<\/td>\n<\/tr>\n<tr>\n<td>Men\u015fe Yeri<\/td>\n<td>Guangdong, \u00c7in<\/td>\n<\/tr>\n<tr>\n<td>\u00d6deme<\/td>\n<td>T \/ T, Alibaba Ticaret G\u00fcvencesi, paypal<\/td>\n<\/tr>\n<tr>\n<td>ADEDI<\/td>\n<td>1 adet<\/td>\n<\/tr>\n<tr>\n<td>Teslimat S\u00fcresi<\/td>\n<td>7 i\u015f g\u00fcn\u00fc i\u00e7erisinde<\/td>\n<\/tr>\n<tr>\n<td>Sertifikasyon<\/td>\n<td>ISO 9001<\/td>\n<\/tr>\n<tr>\n<td>Marka<\/td>\n<td>OEM\/Lvyuan<\/td>\n<\/tr>\n<\/tbody>\n<\/table>","protected":false},"excerpt":{"rendered":"<p>Paslanmaz \u00c7elik A\u00e7\u0131l\u0131 filtre muhafazas\u0131, y\u00fcksek bas\u0131n\u00e7l\u0131 sistemlerde gazlar\u0131 veya s\u0131v\u0131lar\u0131 filtrelemek i\u00e7in kullan\u0131l\u0131r. Bu\u00a0<a href=\"https:\/\/lyfilter.com\/tr\/products.html\/\">filtre eleman\u0131<\/a>\u00a0sahada kolayca de\u011fi\u015ftirilebilir. \u00d6zel tasar\u0131m, filtre kartu\u015funun \u00f6nce t\u00fcp\u00fcn \u00f6n\u00fcndeki filtreyi \u00e7\u0131karmadan de\u011fi\u015ftirilmesine olanak tan\u0131r.<\/p>\n<p>Filtre \u00fcniteleri, s\u0131ras\u0131yla 7 \u03bcm, 40 \u03bcm veya 60 \u03bcm g\u00f6zenek boyutlar\u0131na sahip sinterlenmi\u015f malzemeden yap\u0131lm\u0131\u015ft\u0131r. T\u00fcm a\u00e7\u0131l\u0131 filtreler somun ve soketlerle birlikte gelir.<\/p>","protected":false},"featured_media":5014,"comment_status":"open","ping_status":"closed","template":"","meta":{"_gspb_post_css":""},"product_brand":[],"product_cat":[15],"product_tag":[1939,1940,1534,1928,1938,1136],"class_list":{"0":"post-5012","1":"product","2":"type-product","3":"status-publish","4":"has-post-thumbnail","6":"product_cat-stainless-steel-filter-housing","7":"product_tag-angle-filter-housing","8":"product_tag-industrial-liquid-filter-housing","9":"product_tag-inversafilterpurification","10":"product_tag-sanitary-stainless-steel-filter","11":"product_tag-stainless-steel-angle-filter-housing","12":"product_tag-water-filter-locks","14":"first","15":"instock","16":"shipping-taxable","17":"product-type-simple"},"_links":{"self":[{"href":"https:\/\/lyfilter.com\/tr\/wp-json\/wp\/v2\/product\/5012","targetHints":{"allow":["GET"]}}],"collection":[{"href":"https:\/\/lyfilter.com\/tr\/wp-json\/wp\/v2\/product"}],"about":[{"href":"https:\/\/lyfilter.com\/tr\/wp-json\/wp\/v2\/types\/product"}],"replies":[{"embeddable":true,"href":"https:\/\/lyfilter.com\/tr\/wp-json\/wp\/v2\/comments?post=5012"}],"wp:featuredmedia":[{"embeddable":true,"href":"https:\/\/lyfilter.com\/tr\/wp-json\/wp\/v2\/media\/5014"}],"wp:attachment":[{"href":"https:\/\/lyfilter.com\/tr\/wp-json\/wp\/v2\/media?parent=5012"}],"wp:term":[{"taxonomy":"product_brand","embeddable":true,"href":"https:\/\/lyfilter.com\/tr\/wp-json\/wp\/v2\/product_brand?post=5012"},{"taxonomy":"product_cat","embeddable":true,"href":"https:\/\/lyfilter.com\/tr\/wp-json\/wp\/v2\/product_cat?post=5012"},{"taxonomy":"product_tag","embeddable":true,"href":"https:\/\/lyfilter.com\/tr\/wp-json\/wp\/v2\/product_tag?post=5012"}],"curies":[{"name":"wp","href":"https:\/\/api.w.org\/{rel}","templated":true}]}}