{"id":5005,"date":"2026-04-07T07:43:26","date_gmt":"2026-04-07T07:43:26","guid":{"rendered":"https:\/\/lyfilter.com\/"},"modified":"2026-04-07T07:43:26","modified_gmt":"2026-04-07T07:43:26","slug":"custom-sintered-wire-mesh-for-industry","status":"publish","type":"product","link":"https:\/\/lyfilter.com\/tr\/custom-sintered-wire-mesh-for-industry\/","title":{"rendered":"End\u00fcstri \u0130\u00e7in \u00d6zel Sinterlenmi\u015f Has\u0131r"},"content":{"rendered":"<table>\n<thead>\n<tr>\n<th>Garanti Sonras\u0131 Hizmet<\/th>\n<th>\u00c7evrimi\u00e7i destek<\/th>\n<\/tr>\n<\/thead>\n<tbody>\n<tr>\n<td>Yerel Hizmet Konumu<\/td>\n<td>Hi\u00e7biri<\/td>\n<\/tr>\n<tr>\n<td>Showroom Konumu<\/td>\n<td>Hi\u00e7biri<\/td>\n<\/tr>\n<tr>\n<td>Video giden-denetim<\/td>\n<td>Sa\u011fland\u0131<\/td>\n<\/tr>\n<tr>\n<td>Makine Test Raporu<\/td>\n<td>Sa\u011fland\u0131<\/td>\n<\/tr>\n<tr>\n<td>Pazarlama T\u00fcr\u00fc<\/td>\n<td>S\u0131radan \u00dcr\u00fcn<\/td>\n<\/tr>\n<tr>\n<td>\u00c7ekirdek bile\u015fenlerin garantisi<\/td>\n<td>1 Y\u0131l<\/td>\n<\/tr>\n<tr>\n<td>\u00c7ekirdek Bile\u015fenler<\/td>\n<td>Bas\u0131n\u00e7l\u0131 kap<\/td>\n<\/tr>\n<tr>\n<td>Men\u015fe Yeri<\/td>\n<td>Guangdong, \u00c7in<\/td>\n<\/tr>\n<tr>\n<td>Marka Ad\u0131<\/td>\n<td>Lvyuan\/OEM<\/td>\n<\/tr>\n<tr>\n<td>Garanti<\/td>\n<td>1 Y\u0131l<\/td>\n<\/tr>\n<tr>\n<td>Sa\u011flanan Sat\u0131\u015f Sonras\u0131 Hizmet<\/td>\n<td>\u00c7evrimi\u00e7i destek<\/td>\n<\/tr>\n<tr>\n<td>Anahtar Kelimeler<\/td>\n<td>sinterlenmi\u015f toz sus316l filtre<\/td>\n<\/tr>\n<tr>\n<td>\u00c7ap<\/td>\n<td>M\u00fc\u015fteri talebi<\/td>\n<\/tr>\n<tr>\n<td>Malzeme<\/td>\n<td>paslanmaz \u00e7elik<\/td>\n<\/tr>\n<tr>\n<td>\u015eekil<\/td>\n<td>Silindir<\/td>\n<\/tr>\n<tr>\n<td>Kullan\u0131m<\/td>\n<td>su ar\u0131tma<\/td>\n<\/tr>\n<tr>\n<td>Uygulama<\/td>\n<td>end\u00fcstri<\/td>\n<\/tr>\n<tr>\n<td>Renk<\/td>\n<td>\u015eerit<\/td>\n<\/tr>\n<tr>\n<td>Paketleme<\/td>\n<td>KA\u011eIT KUTU<\/td>\n<\/tr>\n<tr>\n<td>uzunluk<\/td>\n<td>10\/20\/30\/40 in\u00e7<\/td>\n<\/tr>\n<tr>\n<td>Avantaj<\/td>\n<td>yeniden kullan\u0131m<\/td>\n<\/tr>\n<tr>\n<td>Tedarik Yetene\u011fi<\/td>\n<td>Ay ba\u015f\u0131na 10000 Adet \/ Adet<\/td>\n<\/tr>\n<\/tbody>\n<\/table>","protected":false},"excerpt":{"rendered":"<p><b>\u015eirket Avantajlar\u0131<\/b><\/p>\n<p>\u00b7\u00a0<a href=\"https:\/\/lyfilter.com\/tr\/\">Lvyuan Filtre<\/a>\u00a0Sinterlenmi\u015f tel \u00f6rg\u00fc, \u00fcst\u00fcn \u00fcretim s\u00fcre\u00e7leri ile \u00fcretilmektedir.<\/p>\n<p>- M\u00fckemmel kalite ve dayan\u0131kl\u0131l\u0131k kesinlikle garanti edilebilir.<\/p>\n<p>- B\u00fcy\u00fck fabrika ve iyi e\u011fitimli personeli ile Guangzhou Lvyuan Su Ar\u0131tma Equipment Co, Ltd k\u0131sa teslim s\u00fcresini garanti edebilir.<\/p>","protected":false},"featured_media":5008,"comment_status":"open","ping_status":"closed","template":"","meta":{"_gspb_post_css":""},"product_brand":[],"product_cat":[18],"product_tag":[1934,1935,1534,1937,1936,1136],"class_list":{"0":"post-5005","1":"product","2":"type-product","3":"status-publish","4":"has-post-thumbnail","6":"product_cat-sintered-metal-filters","7":"product_tag-custom-sintered-wire-mesh","8":"product_tag-industrial-wire-mesh-filter","9":"product_tag-inversafilterpurification","10":"product_tag-precision-particle-control","11":"product_tag-stainless-steel-filtration-mesh","12":"product_tag-water-filter-locks","14":"first","15":"instock","16":"shipping-taxable","17":"product-type-simple"},"_links":{"self":[{"href":"https:\/\/lyfilter.com\/tr\/wp-json\/wp\/v2\/product\/5005","targetHints":{"allow":["GET"]}}],"collection":[{"href":"https:\/\/lyfilter.com\/tr\/wp-json\/wp\/v2\/product"}],"about":[{"href":"https:\/\/lyfilter.com\/tr\/wp-json\/wp\/v2\/types\/product"}],"replies":[{"embeddable":true,"href":"https:\/\/lyfilter.com\/tr\/wp-json\/wp\/v2\/comments?post=5005"}],"wp:featuredmedia":[{"embeddable":true,"href":"https:\/\/lyfilter.com\/tr\/wp-json\/wp\/v2\/media\/5008"}],"wp:attachment":[{"href":"https:\/\/lyfilter.com\/tr\/wp-json\/wp\/v2\/media?parent=5005"}],"wp:term":[{"taxonomy":"product_brand","embeddable":true,"href":"https:\/\/lyfilter.com\/tr\/wp-json\/wp\/v2\/product_brand?post=5005"},{"taxonomy":"product_cat","embeddable":true,"href":"https:\/\/lyfilter.com\/tr\/wp-json\/wp\/v2\/product_cat?post=5005"},{"taxonomy":"product_tag","embeddable":true,"href":"https:\/\/lyfilter.com\/tr\/wp-json\/wp\/v2\/product_tag?post=5005"}],"curies":[{"name":"wp","href":"https:\/\/api.w.org\/{rel}","templated":true}]}}