{"id":5003,"date":"2026-04-07T07:40:06","date_gmt":"2026-04-07T07:40:06","guid":{"rendered":"https:\/\/lyfilter.com\/"},"modified":"2026-05-08T01:22:23","modified_gmt":"2026-05-08T01:22:23","slug":"lvyuan-string-wound-water-filter-factory-for-desalination","status":"publish","type":"product","link":"https:\/\/lyfilter.com\/tr\/lvyuan-string-wound-water-filter-factory-for-desalination\/","title":{"rendered":"Tuzdan Ar\u0131nd\u0131rma i\u00e7in Lvyuan String Wound Su Filtresi Fabrikas\u0131"},"content":{"rendered":"<table>\n<thead>\n<tr>\n<th>Uygulanabilir Sekt\u00f6rler<\/th>\n<th>Ev Kullan\u0131m\u0131<\/th>\n<\/tr>\n<\/thead>\n<tbody>\n<tr>\n<td>Garanti Sonras\u0131 Hizmet<\/td>\n<td>\u00c7evrimi\u00e7i destek<\/td>\n<\/tr>\n<tr>\n<td>Yerel Hizmet Konumu<\/td>\n<td>Hi\u00e7biri<\/td>\n<\/tr>\n<tr>\n<td>Showroom Konumu<\/td>\n<td>Hi\u00e7biri<\/td>\n<\/tr>\n<tr>\n<td>Video giden-denetim<\/td>\n<td>Sa\u011fland\u0131<\/td>\n<\/tr>\n<tr>\n<td>Makine Test Raporu<\/td>\n<td>Sa\u011fland\u0131<\/td>\n<\/tr>\n<tr>\n<td>Pazarlama T\u00fcr\u00fc<\/td>\n<td>S\u0131radan \u00dcr\u00fcn<\/td>\n<\/tr>\n<tr>\n<td>\u00c7ekirdek bile\u015fenlerin garantisi<\/td>\n<td>1 Y\u0131l<\/td>\n<\/tr>\n<tr>\n<td>\u00c7ekirdek Bile\u015fenler<\/td>\n<td>Bas\u0131n\u00e7l\u0131 kap<\/td>\n<\/tr>\n<tr>\n<td>Men\u015fe Yeri<\/td>\n<td>\u00c7in<\/td>\n<\/tr>\n<tr>\n<td>Garanti<\/td>\n<td>1 Y\u0131l<\/td>\n<\/tr>\n<tr>\n<td>Sa\u011flanan Sat\u0131\u015f Sonras\u0131 Hizmet<\/td>\n<td>\u00c7evrimi\u00e7i destek<\/td>\n<\/tr>\n<tr>\n<td>\u00d6\u011fe<\/td>\n<td>sediment su filtre kartu\u015fu<\/td>\n<\/tr>\n<tr>\n<td>Malzeme<\/td>\n<td>polipropilen elyaf, emici pamuk, cam elyaf<\/td>\n<\/tr>\n<tr>\n<td>\u00c7ekirdek<\/td>\n<td>PP\/SS<\/td>\n<\/tr>\n<tr>\n<td>Micron<\/td>\n<td>1\/5\/10\/20\/30\/50\/75\/100<\/td>\n<\/tr>\n<tr>\n<td>\u0130\u00e7 \u00c7ap<\/td>\n<td>28mm \/ 30mm \/ OEM<\/td>\n<\/tr>\n<tr>\n<td>Uzunluk<\/td>\n<td>5\u2033 \/ 10\u2033 \/ 20\u2033 \/ 30\u2033 \/ 40\u2033 \/ 50\u2033 \/ 60\u2033<\/td>\n<\/tr>\n<tr>\n<td>PP sarg\u0131l\u0131 filtre+PP \u00e7ekirdek<\/td>\n<td>65\u2103<\/td>\n<\/tr>\n<tr>\n<td>PP sarg\u0131l\u0131 filtre+SS<\/td>\n<td>120\u2103<\/td>\n<\/tr>\n<tr>\n<td>Pamuk filtre+SS<\/td>\n<td>180\u2103<\/td>\n<\/tr>\n<tr>\n<td>Cam elyaf+SS<\/td>\n<td>180 - 300\u2103<\/td>\n<\/tr>\n<\/tbody>\n<\/table>","protected":false},"excerpt":{"rendered":"<div class=\"scc-wrapper detail-module module-productPackagingAndQuickDetail\" style=\"box-sizing: border-box; color: #333333; font-family: -apple-system, BlinkMacSystemFont, 'Segoe UI', Roboto, 'Helvetica Neue', Arial, 'Noto Sans', sans-serif, 'Apple Color Emoji', 'Segoe UI Emoji', 'Segoe UI Symbol', 'Noto Color Emoji'; font-size: 14px; background-color: #ffffff;\" data-spm=\"prilinga1e\">\n<div class=\"widget-detail-overview\" style=\"box-sizing: border-box;\">\n<div class=\"do-content\" style=\"box-sizing: border-box;\">\n<div class=\"do-overview\" style=\"box-sizing: border-box;\">\n<div class=\"do-entry do-entry-full\" style=\"box-sizing: border-box;\">\n<h3 class=\"do-entry-title\" style=\"box-sizing: border-box; margin-top: 0px; margin-bottom: 0.5rem; font-size: 1.75rem;\">Paketleme ve Teslimat<\/h3>\n<div class=\"do-entry-list\" style=\"box-sizing: border-box;\">\n<dl class=\"do-entry-item\" style=\"box-sizing: border-box; margin-top: 0px; margin-bottom: 1rem;\">\n<dt class=\"do-entry-item-key\" style=\"box-sizing: border-box; font-weight: bold;\">Sat\u0131\u015f Birimleri:<\/dt>\n<dd class=\"do-entry-item-val\" style=\"box-sizing: border-box; margin-bottom: 0.5rem; margin-left: 0px;\">Tek \u00fcr\u00fcn<\/dd>\n<\/dl>\n<dl class=\"do-entry-item\" style=\"box-sizing: border-box; margin-top: 0px; margin-bottom: 1rem;\">\n<dt class=\"do-entry-item-key\" style=\"box-sizing: border-box; font-weight: bold;\" title=\"Tek paket boyutu:\">Tek paket boyutu:<\/dt>\n<dd class=\"do-entry-item-val\" style=\"box-sizing: border-box; margin-bottom: 0.5rem; margin-left: 0px;\">53X33X33 cm<\/dd>\n<\/dl>\n<dl class=\"do-entry-item\" style=\"box-sizing: border-box; margin-top: 0px; margin-bottom: 1rem;\">\n<dt class=\"do-entry-item-key\" style=\"box-sizing: border-box; font-weight: bold;\" title=\"Tek br\u00fct a\u011f\u0131rl\u0131k:\">Tek br\u00fct a\u011f\u0131rl\u0131k:<\/dt>\n<dd class=\"do-entry-item-val\" style=\"box-sizing: border-box; margin-bottom: 0.5rem; margin-left: 0px;\">0.200 kg<\/dd>\n<\/dl>\n<dl class=\"do-entry-item\" style=\"box-sizing: border-box; margin-top: 0px; margin-bottom: 1rem;\">\n<dt class=\"do-entry-item-key\" style=\"box-sizing: border-box; font-weight: bold;\">Paket Tipi:<\/dt>\n<dd class=\"do-entry-item-val pkg-method\" style=\"box-sizing: border-box; margin-bottom: 0.5rem; margin-left: 0px; white-space: initial;\">Guangzhou fabrika PP \/ SS \u00e7ekirdek 10 mikron pamuk PP dize iplik plastik u\u00e7 kapakl\u0131 eriyik \u00fcflemeli tortu su filtresi kartu\u015fu: 51x31x33cm- 10 \u2033 25 adet \/ 20 \u2033 25 adet<\/dd>\n<\/dl>\n<dl class=\"do-entry-item\" style=\"box-sizing: border-box; margin-top: 0px; margin-bottom: 1rem;\">\n<dt class=\"do-entry-item-key\" style=\"box-sizing: border-box; font-weight: bold;\" title=\"Teslim S\u00fcresi\">Teslim S\u00fcresi\u00a0<i class=\"next-icon next-icon-help next-icon-xs js-leadtimes-tips\" style=\"box-sizing: border-box;\"><\/i>:<\/dt>\n<dd class=\"do-entry-item-val\" style=\"box-sizing: border-box; margin-bottom: 0.5rem; margin-left: 0px;\" title=\"Teslim S\u00fcresi\">\n<div class=\"table-responsive\" style=\"box-sizing: border-box; overflow-x: auto; width: 1380px;\">\n<table class=\"supply-ability-table ui2-table ui2-table-normal ui2-table-zebra ui2-table-hover\" style=\"border-collapse: collapse; margin-bottom: 1px; border-color: #e3e3e3; max-width: 100%;\">\n<tbody style=\"box-sizing: border-box;\">\n<tr style=\"box-sizing: border-box;\">\n<td style=\"box-sizing: border-box; padding: 0.4rem; border-collapse: collapse; border: 1px solid inherit;\">Miktar (Adet)<\/td>\n<td style=\"box-sizing: border-box; padding: 0.4rem; border-collapse: collapse; border: 1px solid inherit;\">1 - 500<\/td>\n<td style=\"box-sizing: border-box; padding: 0.4rem; border-collapse: collapse; border: 1px solid inherit;\">501 - 1000<\/td>\n<td style=\"box-sizing: border-box; padding: 0.4rem; border-collapse: collapse; border: 1px solid inherit;\">1001 - 5000<\/td>\n<td style=\"box-sizing: border-box; padding: 0.4rem; border-collapse: collapse; border: 1px solid inherit;\">&gt;5000<\/td>\n<\/tr>\n<tr style=\"box-sizing: border-box;\">\n<td style=\"box-sizing: border-box; padding: 0.4rem; border-collapse: collapse; border: 1px solid inherit;\">Tahmini Zaman (g\u00fcn)<\/td>\n<td style=\"box-sizing: border-box; padding: 0.4rem; border-collapse: collapse; border: 1px solid inherit;\">2<\/td>\n<td style=\"box-sizing: border-box; padding: 0.4rem; border-collapse: collapse; border: 1px solid inherit;\">5<\/td>\n<td style=\"box-sizing: border-box; padding: 0.4rem; border-collapse: collapse; border: 1px solid inherit;\">7<\/td>\n<td style=\"box-sizing: border-box; padding: 0.4rem; border-collapse: collapse; border: 1px solid inherit;\">M\u00fczakere edilecek<\/td>\n<\/tr>\n<\/tbody>\n<\/table>\n<\/div>\n<\/dd>\n<\/dl>\n<\/div>\n<\/div>\n<\/div>\n<\/div>\n<\/div>\n<\/div>\n<div class=\"scc-wrapper detail-module module-detailVideo\" style=\"box-sizing: border-box; color: #333333; font-family: -apple-system, BlinkMacSystemFont, 'Segoe UI', Roboto, 'Helvetica Neue', Arial, 'Noto Sans', sans-serif, 'Apple Color Emoji', 'Segoe UI Emoji', 'Segoe UI Symbol', 'Noto Color Emoji'; font-size: 14px; background-color: #ffffff;\" data-spm=\"detailvideo\"><\/div>\n<div class=\"scc-wrapper detail-module module-productSpecification\" style=\"box-sizing: border-box; color: #333333; font-family: -apple-system, BlinkMacSystemFont, 'Segoe UI', Roboto, 'Helvetica Neue', Arial, 'Noto Sans', sans-serif, 'Apple Color Emoji', 'Segoe UI Emoji', 'Segoe UI Symbol', 'Noto Color Emoji'; font-size: 14px; background-color: #ffffff;\" data-spm=\"pronpeci14\">\n<div id=\"J-rich-text-description\" class=\"richtext richtext-detail rich-text-description\" style=\"box-sizing: border-box;\">\n<div id=\"detail_decorate_root\" style=\"box-sizing: border-box;\" data-host=\"112311420\" data-magic-global=\"%7B%22bizId%22%3A17381045746%2C%22pageId%22%3A5108849987%2C%22siteId%22%3A5005126472%7D\" data-id=\"detail_decorate_root\">\n<div class=\"J_module\" style=\"box-sizing: border-box; margin-top: 10px;\">\n<div class=\"detail-decorate-json-renderer-container\" style=\"box-sizing: border-box;\">\n<div class=\"magic-0\" style=\"box-sizing: border-box; vertical-align: top;\">\n<div class=\"magic-1\" style=\"box-sizing: border-box; vertical-align: top; padding-right: 4px; padding-left: 4px;\">\n<div class=\"magic-2\" style=\"box-sizing: border-box; vertical-align: top; padding-bottom: 4px; padding-top: 4px;\">\n<div class=\"magic-3\" style=\"box-sizing: border-box; padding: 0px; margin: 0px; white-space-collapse: preserve;\"><span style=\"box-sizing: border-box;\">Guangzhou fabrika PP\/SS \u00e7ekirdek 10 mikron pamuk PP dize iplik eriyik \u00fcflemeli tortu su filtre kartu\u015fu plastik u\u00e7 kapaklar\u0131 ile<\/span><\/div>\n<\/div>\n<\/div>\n<\/div>\n<\/div>\n<\/div>\n<\/div>\n<\/div>\n<\/div>","protected":false},"featured_media":5004,"comment_status":"open","ping_status":"closed","template":"","meta":{"_gspb_post_css":""},"product_brand":[],"product_cat":[1095],"product_tag":[1843,811,1534,1933,1932,1136],"class_list":{"0":"post-5003","1":"product","2":"type-product","3":"status-publish","4":"has-post-thumbnail","6":"product_cat-string-wound-filter-cartridge","7":"product_tag-desalination-water-filter","8":"product_tag-industrial-sediment-filter","9":"product_tag-inversafilterpurification","10":"product_tag-lvyuan-filter-factory","11":"product_tag-string-wound-water-filter","12":"product_tag-water-filter-locks","14":"first","15":"instock","16":"shipping-taxable","17":"product-type-simple"},"_links":{"self":[{"href":"https:\/\/lyfilter.com\/tr\/wp-json\/wp\/v2\/product\/5003","targetHints":{"allow":["GET"]}}],"collection":[{"href":"https:\/\/lyfilter.com\/tr\/wp-json\/wp\/v2\/product"}],"about":[{"href":"https:\/\/lyfilter.com\/tr\/wp-json\/wp\/v2\/types\/product"}],"replies":[{"embeddable":true,"href":"https:\/\/lyfilter.com\/tr\/wp-json\/wp\/v2\/comments?post=5003"}],"wp:featuredmedia":[{"embeddable":true,"href":"https:\/\/lyfilter.com\/tr\/wp-json\/wp\/v2\/media\/5004"}],"wp:attachment":[{"href":"https:\/\/lyfilter.com\/tr\/wp-json\/wp\/v2\/media?parent=5003"}],"wp:term":[{"taxonomy":"product_brand","embeddable":true,"href":"https:\/\/lyfilter.com\/tr\/wp-json\/wp\/v2\/product_brand?post=5003"},{"taxonomy":"product_cat","embeddable":true,"href":"https:\/\/lyfilter.com\/tr\/wp-json\/wp\/v2\/product_cat?post=5003"},{"taxonomy":"product_tag","embeddable":true,"href":"https:\/\/lyfilter.com\/tr\/wp-json\/wp\/v2\/product_tag?post=5003"}],"curies":[{"name":"wp","href":"https:\/\/api.w.org\/{rel}","templated":true}]}}