{"id":5001,"date":"2026-04-07T07:37:25","date_gmt":"2026-04-07T07:37:25","guid":{"rendered":"https:\/\/lyfilter.com\/"},"modified":"2026-04-07T07:37:25","modified_gmt":"2026-04-07T07:37:25","slug":"customized-device-sanitary-stainless-steel-liquid-filter-with-1-2-3-4-5-stages-cartridge-bag-purification","status":"publish","type":"product","link":"https:\/\/lyfilter.com\/tr\/customized-device-sanitary-stainless-steel-liquid-filter-with-1-2-3-4-5-stages-cartridge-bag-purification\/","title":{"rendered":"1\/2\/3\/4\/5 A\u015famal\u0131 Kartu\u015f \/ Torba Ar\u0131tma ile \u00d6zelle\u015ftirilmi\u015f Cihaz S\u0131hhi Paslanmaz \u00c7elik S\u0131v\u0131 Filtresi"},"content":{"rendered":"<table>\n<thead>\n<tr>\n<th>Men\u015fe Yeri<\/th>\n<th>Guangdong, \u00c7in<\/th>\n<\/tr>\n<\/thead>\n<tbody>\n<tr>\n<td>Marka Ad\u0131<\/td>\n<td>Lvyuan \/ OEM<\/td>\n<\/tr>\n<tr>\n<td>Garanti<\/td>\n<td>Kullan\u0131lam\u0131yor<\/td>\n<\/tr>\n<tr>\n<td>Sa\u011flanan Sat\u0131\u015f Sonras\u0131 Hizmet<\/td>\n<td>\u00c7evrimi\u00e7i destek<\/td>\n<\/tr>\n<tr>\n<td>\u00dcr\u00fcn ad\u0131<\/td>\n<td>Paslanmaz \u00c7elik S\u0131v\u0131 Filtresi<\/td>\n<\/tr>\n<tr>\n<td>muhafaza malzemesi<\/td>\n<td>ss304, sus 316, ss316L<\/td>\n<\/tr>\n<tr>\n<td>torba fi\u0307ltre mi\u0307ktari<\/td>\n<td>Tekli veya \u00e7oklu torbalar \u00f6zelle\u015ftirilmi\u015f<\/td>\n<\/tr>\n<tr>\n<td>\u00c7anta boyutu<\/td>\n<td>180<em>450 mm veya 180<\/em>810 mm, di\u011fer<\/td>\n<\/tr>\n<tr>\n<td>Giri\u015f ve \u00c7\u0131k\u0131\u015f tipi<\/td>\n<td>Flan\u015f\/di\u015f ba\u011flant\u0131s\u0131<\/td>\n<\/tr>\n<tr>\n<td>Filtre torbas\u0131 malzemesi<\/td>\n<td>PP, PE, \u00f6zelle\u015ftirilmi\u015f<\/td>\n<\/tr>\n<tr>\n<td>Maks. \u00e7al\u0131\u015fma bas\u0131nc\u0131<\/td>\n<td>100\/150\/300 Psi<\/td>\n<\/tr>\n<tr>\n<td>Kullan\u0131m<\/td>\n<td>s\u0131v\u0131 filtrasyonu<\/td>\n<\/tr>\n<tr>\n<td>\u00c7anta numaras\u0131<\/td>\n<td>#1, 2, 3, 4, 5, OEM<\/td>\n<\/tr>\n<tr>\n<td>taraf\u0131ndan konut clousure<\/td>\n<td>h\u0131zl\u0131 c\u0131vata, kelep\u00e7e, flan\u015f<\/td>\n<\/tr>\n<tr>\n<td>Tedarik Yetene\u011fi<\/td>\n<td>Ayda 1500 Adet \/ Adet S\u0131v\u0131 Filtresi<\/td>\n<\/tr>\n<\/tbody>\n<\/table>","protected":false},"excerpt":{"rendered":"<p>G\u00fcvenilir s\u0131v\u0131 ar\u0131tma i\u00e7in \u00fcretilen bu \u00f6zelle\u015ftirilmi\u015f s\u0131hhi paslanmaz \u00e7elik filtre, kartu\u015f veya torba se\u00e7enekleriyle 1 ila 5 a\u015famay\u0131 destekler. Bir\u00e7ok ihtiya\u00e7 i\u00e7in daha temiz ak\u0131\u015f, daha g\u00fcvenli i\u015fleme ve esnek filtreleme sa\u011flar.<\/p>","protected":false},"featured_media":4641,"comment_status":"open","ping_status":"closed","template":"","meta":{"_gspb_post_css":""},"product_brand":[],"product_cat":[1135],"product_tag":[1930,1534,1929,1931,1928,1136],"class_list":{"0":"post-5001","1":"product","2":"type-product","3":"status-publish","4":"has-post-thumbnail","6":"product_cat-stainless-steel-bag-filter-housing","7":"product_tag-cartridge-bag-purification","8":"product_tag-inversafilterpurification","9":"product_tag-liquid-filter-system","10":"product_tag-multi-stage-filtration","11":"product_tag-sanitary-stainless-steel-filter","12":"product_tag-water-filter-locks","14":"first","15":"instock","16":"shipping-taxable","17":"product-type-simple"},"_links":{"self":[{"href":"https:\/\/lyfilter.com\/tr\/wp-json\/wp\/v2\/product\/5001","targetHints":{"allow":["GET"]}}],"collection":[{"href":"https:\/\/lyfilter.com\/tr\/wp-json\/wp\/v2\/product"}],"about":[{"href":"https:\/\/lyfilter.com\/tr\/wp-json\/wp\/v2\/types\/product"}],"replies":[{"embeddable":true,"href":"https:\/\/lyfilter.com\/tr\/wp-json\/wp\/v2\/comments?post=5001"}],"wp:featuredmedia":[{"embeddable":true,"href":"https:\/\/lyfilter.com\/tr\/wp-json\/wp\/v2\/media\/4641"}],"wp:attachment":[{"href":"https:\/\/lyfilter.com\/tr\/wp-json\/wp\/v2\/media?parent=5001"}],"wp:term":[{"taxonomy":"product_brand","embeddable":true,"href":"https:\/\/lyfilter.com\/tr\/wp-json\/wp\/v2\/product_brand?post=5001"},{"taxonomy":"product_cat","embeddable":true,"href":"https:\/\/lyfilter.com\/tr\/wp-json\/wp\/v2\/product_cat?post=5001"},{"taxonomy":"product_tag","embeddable":true,"href":"https:\/\/lyfilter.com\/tr\/wp-json\/wp\/v2\/product_tag?post=5001"}],"curies":[{"name":"wp","href":"https:\/\/api.w.org\/{rel}","templated":true}]}}