{"id":5000,"date":"2026-04-07T07:33:11","date_gmt":"2026-04-07T07:33:11","guid":{"rendered":"https:\/\/lyfilter.com\/"},"modified":"2026-04-07T07:33:11","modified_gmt":"2026-04-07T07:33:11","slug":"best-price-refrigerator-carbon-filter-water-filter-system","status":"publish","type":"product","link":"https:\/\/lyfilter.com\/tr\/best-price-refrigerator-carbon-filter-water-filter-system\/","title":{"rendered":"En \u0130yi Fiyat Buzdolab\u0131 Karbon Filtre Su Filtre Sistemi"},"content":{"rendered":"<table>\n<thead>\n<tr>\n<th>Uygulanabilir Sekt\u00f6rler<\/th>\n<th>\u00dcretim Tesisi, Yiyecek ve \u0130\u00e7ecek Fabrikas\u0131, su ar\u0131tma<\/th>\n<\/tr>\n<\/thead>\n<tbody>\n<tr>\n<td>Garanti Sonras\u0131 Hizmet<\/td>\n<td>\u00c7evrimi\u00e7i destek<\/td>\n<\/tr>\n<tr>\n<td>Yerel Hizmet Konumu<\/td>\n<td>Hi\u00e7biri<\/td>\n<\/tr>\n<tr>\n<td>Showroom Konumu<\/td>\n<td>Hi\u00e7biri<\/td>\n<\/tr>\n<tr>\n<td>Men\u015fe Yeri<\/td>\n<td>Guangdong, \u00c7in<\/td>\n<\/tr>\n<tr>\n<td>Marka Ad\u0131<\/td>\n<td>Lvyuan veya OEM \/ ODM<\/td>\n<\/tr>\n<tr>\n<td>Malzeme<\/td>\n<td>hindistan cevizi karbonu, hindistan cevizi karbonu, k\u00f6m\u00fcr karbonu<\/td>\n<\/tr>\n<tr>\n<td>A\u011f\u0131rl\u0131k<\/td>\n<td>\u00f6zelle\u015ftirilmi\u015f<\/td>\n<\/tr>\n<tr>\n<td>Boyut<\/td>\n<td>\u00f6zelle\u015ftirilmi\u015f, \u00f6zelle\u015ftirilmi\u015f<\/td>\n<\/tr>\n<tr>\n<td>G\u00fc\u00e7<\/td>\n<td>0<\/td>\n<\/tr>\n<tr>\n<td>Garanti<\/td>\n<td>Kullan\u0131lam\u0131yor<\/td>\n<\/tr>\n<tr>\n<td>Anahtar Kelimeler<\/td>\n<td>buzdolab\u0131 karbon filtresi<\/td>\n<\/tr>\n<tr>\n<td>Sa\u011flanan Sat\u0131\u015f Sonras\u0131 Hizmet<\/td>\n<td>\u00c7evrimi\u00e7i destek<\/td>\n<\/tr>\n<tr>\n<td>\u00d6zellik<\/td>\n<td>koku, tortu, koku, vb. giderin<\/td>\n<\/tr>\n<tr>\n<td>Uygulama<\/td>\n<td>\u00d6n filtreleme<\/td>\n<\/tr>\n<tr>\n<td>Renk<\/td>\n<td>Siyah\/gri<\/td>\n<\/tr>\n<tr>\n<td>Tip<\/td>\n<td>Su Filtresi Par\u00e7alar\u0131<\/td>\n<\/tr>\n<tr>\n<td>\u00c7ap<\/td>\n<td>\u00f6zelle\u015ftirilmi\u015f<\/td>\n<\/tr>\n<tr>\n<td>mikron oran\u0131<\/td>\n<td>5\/10\/25 mikron<\/td>\n<\/tr>\n<tr>\n<td>Tedarik Yetene\u011fi<\/td>\n<td>500 Adet\/Hafta ba\u015f\u0131na<\/td>\n<\/tr>\n<\/tbody>\n<\/table>","protected":false},"excerpt":{"rendered":"<p>G\u00fcnl\u00fck mutfak kullan\u0131m\u0131 i\u00e7in \u00fcretilen bu buzdolab\u0131 karbon filtreli su filtre sistemi, her d\u00f6k\u00fc\u015fte tad\u0131 ve tazeli\u011fi iyile\u015ftirmeye yard\u0131mc\u0131 olur. g\u00fcvenli su filtresi kilitleri sabit bir oturmay\u0131 desteklerken, InversaFilterPurification g\u00fcnl\u00fck filtrelemeyi sorunsuz hale getirir.<\/p>","protected":false},"featured_media":4898,"comment_status":"open","ping_status":"closed","template":"","meta":{"_gspb_post_css":""},"product_brand":[],"product_cat":[1339],"product_tag":[1846,1927,1534,1925,1136,1926],"class_list":{"0":"post-5000","1":"product","2":"type-product","3":"status-publish","4":"has-post-thumbnail","6":"product_cat-carbon-filter","7":"product_tag-carbon-water-filter","8":"product_tag-fridge-water-filtration","9":"product_tag-inversafilterpurification","10":"product_tag-refrigerator-carbon-filter","11":"product_tag-water-filter-locks","12":"product_tag-water-filter-system","14":"first","15":"instock","16":"shipping-taxable","17":"product-type-simple"},"_links":{"self":[{"href":"https:\/\/lyfilter.com\/tr\/wp-json\/wp\/v2\/product\/5000","targetHints":{"allow":["GET"]}}],"collection":[{"href":"https:\/\/lyfilter.com\/tr\/wp-json\/wp\/v2\/product"}],"about":[{"href":"https:\/\/lyfilter.com\/tr\/wp-json\/wp\/v2\/types\/product"}],"replies":[{"embeddable":true,"href":"https:\/\/lyfilter.com\/tr\/wp-json\/wp\/v2\/comments?post=5000"}],"wp:featuredmedia":[{"embeddable":true,"href":"https:\/\/lyfilter.com\/tr\/wp-json\/wp\/v2\/media\/4898"}],"wp:attachment":[{"href":"https:\/\/lyfilter.com\/tr\/wp-json\/wp\/v2\/media?parent=5000"}],"wp:term":[{"taxonomy":"product_brand","embeddable":true,"href":"https:\/\/lyfilter.com\/tr\/wp-json\/wp\/v2\/product_brand?post=5000"},{"taxonomy":"product_cat","embeddable":true,"href":"https:\/\/lyfilter.com\/tr\/wp-json\/wp\/v2\/product_cat?post=5000"},{"taxonomy":"product_tag","embeddable":true,"href":"https:\/\/lyfilter.com\/tr\/wp-json\/wp\/v2\/product_tag?post=5000"}],"curies":[{"name":"wp","href":"https:\/\/api.w.org\/{rel}","templated":true}]}}