{"id":4998,"date":"2026-04-07T07:27:47","date_gmt":"2026-04-07T07:27:47","guid":{"rendered":"https:\/\/lyfilter.com\/"},"modified":"2026-04-07T07:27:47","modified_gmt":"2026-04-07T07:27:47","slug":"affordable-activated-carbon-filter-element-replace-for-sea-water","status":"publish","type":"product","link":"https:\/\/lyfilter.com\/tr\/affordable-activated-carbon-filter-element-replace-for-sea-water\/","title":{"rendered":"Uygun Fiyatl\u0131 Aktif Karbon Filtre Eleman\u0131 Deniz Suyu \u0130\u00e7in De\u011fi\u015ftirin"},"content":{"rendered":"<table>\n<thead>\n<tr>\n<th>Uygulanabilir Sekt\u00f6rler<\/th>\n<th>Yiyecek &amp; \u0130\u00e7ecek Fabrikas\u0131, Yiyecek &amp; \u0130\u00e7ecek Ma\u011fazalar\u0131<\/th>\n<\/tr>\n<\/thead>\n<tbody>\n<tr>\n<td>Garanti Sonras\u0131 Hizmet<\/td>\n<td>\u00c7evrimi\u00e7i destek<\/td>\n<\/tr>\n<tr>\n<td>Yerel Hizmet Konumu<\/td>\n<td>Hi\u00e7biri<\/td>\n<\/tr>\n<tr>\n<td>Showroom Konumu<\/td>\n<td>Hi\u00e7biri<\/td>\n<\/tr>\n<tr>\n<td>Video giden-denetim<\/td>\n<td>Sa\u011fland\u0131<\/td>\n<\/tr>\n<tr>\n<td>Makine Test Raporu<\/td>\n<td>Sa\u011fland\u0131<\/td>\n<\/tr>\n<tr>\n<td>Pazarlama T\u00fcr\u00fc<\/td>\n<td>S\u0131radan \u00dcr\u00fcn<\/td>\n<\/tr>\n<tr>\n<td>\u00c7ekirdek bile\u015fenlerin garantisi<\/td>\n<td>1 Y\u0131l<\/td>\n<\/tr>\n<tr>\n<td>\u00c7ekirdek Bile\u015fenler<\/td>\n<td>Bas\u0131n\u00e7l\u0131 kap<\/td>\n<\/tr>\n<tr>\n<td>Men\u015fe Yeri<\/td>\n<td>\u00c7in<\/td>\n<\/tr>\n<tr>\n<td>Marka Ad\u0131<\/td>\n<td>Lvyuan\/Oem<\/td>\n<\/tr>\n<tr>\n<td>Garanti<\/td>\n<td>1 Y\u0131l<\/td>\n<\/tr>\n<tr>\n<td>Sa\u011flanan Sat\u0131\u015f Sonras\u0131 Hizmet<\/td>\n<td>\u00c7evrimi\u00e7i destek<\/td>\n<\/tr>\n<tr>\n<td>\u0130sim<\/td>\n<td>02 mikron kartu\u015f filtre<\/td>\n<\/tr>\n<tr>\n<td>Filtre membran malzemesi<\/td>\n<td>PP\/PVDF\/PTFE\/PES\/Naylon<\/td>\n<\/tr>\n<tr>\n<td>Uzunluk<\/td>\n<td>5 \/ 10 \/ 20 \/ 30 \/ 40 \/ 50 \/ 60 in\u00e7<\/td>\n<\/tr>\n<tr>\n<td>Konekt\u00f6r<\/td>\n<td>Fin\/222\/226\/215\/DOE\/Thread<\/td>\n<\/tr>\n<tr>\n<td>Micron<\/td>\n<td>0.22\/0.5\/1\/3\/5\/10\/25\/50\/75\/100\/150<\/td>\n<\/tr>\n<tr>\n<td>S\u0131zd\u0131rmazl\u0131k y\u00f6ntemi<\/td>\n<td>S\u0131cak eritme kayna\u011f\u0131<\/td>\n<\/tr>\n<tr>\n<td>\u00c7ap<\/td>\n<td>70mm\/OEM<\/td>\n<\/tr>\n<tr>\n<td>\u0130\u00e7 \u00c7ekirdek<\/td>\n<td>PP\/SS\/OEM<\/td>\n<\/tr>\n<tr>\n<td>ADEDI<\/td>\n<td>\u015eu anda s\u0131n\u0131rl\u0131 de\u011fil<\/td>\n<\/tr>\n<tr>\n<td>Tedarik Yetene\u011fi<\/td>\n<td>5000 Adet\/Hafta ba\u015f\u0131na<\/td>\n<\/tr>\n<\/tbody>\n<\/table>","protected":false},"excerpt":{"rendered":"<p><b>\u015eirket Avantajlar\u0131<\/b><br \/>\n<b>1.<\/b>\u00a0A\u015fa\u011f\u0131dakileri i\u00e7eren malzemelerin kombinasyonu\u00a0<a href=\"https:\/\/lyfilter.com\/tr\/sediment-filter.html\/\">tortu filtresi<\/a>\u00a0kartu\u015fu, aktif karbon filtre eleman\u0131n\u0131 m\u00fckemmel kalitede yapar. E\u015fsiz yo\u011funluk gradyanl\u0131 yap\u0131s\u0131 verimlili\u011fi en \u00fcst d\u00fczeye \u00e7\u0131kar\u0131r ve bas\u0131n\u00e7 d\u00fc\u015f\u00fc\u015f\u00fcn\u00fc en aza indirir<br \/>\n<b>2.<\/b>\u00a0\u0130yi hizmet ve \u00fcst\u00fcn kalite, deniza\u015f\u0131r\u0131 pazarda aktif karbon filtre eleman\u0131n\u0131n ba\u015far\u0131s\u0131 i\u00e7in kilit fakt\u00f6rlerdir. Geni\u015f bir etkili filtre alan\u0131na sahiptir<br \/>\n<b>3.<\/b>\u00a0\u00dcr\u00fcn kalite a\u00e7\u0131s\u0131ndan istikrarl\u0131 ve performans a\u00e7\u0131s\u0131ndan \u00fcst\u00fcnd\u00fcr. Filtre ortam\u0131n\u0131n derinli\u011fi boyunca farkl\u0131 g\u00f6zeneklilik vard\u0131r<br \/>\n<b>4.<\/b>\u00a0Profesyonel teknik ekibimiz \u00fcr\u00fcnlerimizin performans\u0131n\u0131 b\u00fcy\u00fck \u00f6l\u00e7\u00fcde optimize eder. Filtrasyon hassasiyetini etkili bir \u015fekilde kontrol edebilir<br \/>\n<b>5.<\/b>\u00a0\u00dcr\u00fcn kalitemizin ve performans\u0131m\u0131z\u0131n sekt\u00f6r\u00fcn \u00f6n saflar\u0131nda yer almas\u0131 i\u00e7in yeni teknolojilerin ara\u015ft\u0131r\u0131lmas\u0131 ve geli\u015ftirilmesi konusunda kararl\u0131y\u0131z. Filtre medyas\u0131, elyaf sal\u0131n\u0131m\u0131n\u0131 \u00f6nlemek i\u00e7in termal olarak ba\u011flan\u0131rken<\/p>","protected":false},"featured_media":4999,"comment_status":"open","ping_status":"closed","template":"","meta":{"_gspb_post_css":""},"product_brand":[],"product_cat":[1339],"product_tag":[1177,1577,1534,1546,1924,1136],"class_list":{"0":"post-4998","1":"product","2":"type-product","3":"status-publish","4":"has-post-thumbnail","6":"product_cat-carbon-filter","7":"product_tag-activated-carbon-filter-element","8":"product_tag-carbon-water-filter-cartridge","9":"product_tag-inversafilterpurification","10":"product_tag-sea-water-filter-replacement","11":"product_tag-sea-water-filtration-filter","12":"product_tag-water-filter-locks","14":"first","15":"instock","16":"shipping-taxable","17":"product-type-simple"},"_links":{"self":[{"href":"https:\/\/lyfilter.com\/tr\/wp-json\/wp\/v2\/product\/4998","targetHints":{"allow":["GET"]}}],"collection":[{"href":"https:\/\/lyfilter.com\/tr\/wp-json\/wp\/v2\/product"}],"about":[{"href":"https:\/\/lyfilter.com\/tr\/wp-json\/wp\/v2\/types\/product"}],"replies":[{"embeddable":true,"href":"https:\/\/lyfilter.com\/tr\/wp-json\/wp\/v2\/comments?post=4998"}],"wp:featuredmedia":[{"embeddable":true,"href":"https:\/\/lyfilter.com\/tr\/wp-json\/wp\/v2\/media\/4999"}],"wp:attachment":[{"href":"https:\/\/lyfilter.com\/tr\/wp-json\/wp\/v2\/media?parent=4998"}],"wp:term":[{"taxonomy":"product_brand","embeddable":true,"href":"https:\/\/lyfilter.com\/tr\/wp-json\/wp\/v2\/product_brand?post=4998"},{"taxonomy":"product_cat","embeddable":true,"href":"https:\/\/lyfilter.com\/tr\/wp-json\/wp\/v2\/product_cat?post=4998"},{"taxonomy":"product_tag","embeddable":true,"href":"https:\/\/lyfilter.com\/tr\/wp-json\/wp\/v2\/product_tag?post=4998"}],"curies":[{"name":"wp","href":"https:\/\/api.w.org\/{rel}","templated":true}]}}