{"id":4974,"date":"2026-04-07T07:03:58","date_gmt":"2026-04-07T07:03:58","guid":{"rendered":"https:\/\/lyfilter.com\/"},"modified":"2026-04-07T07:03:58","modified_gmt":"2026-04-07T07:03:58","slug":"lvyuan-stainless-steel-cartridge-filter-housing-wholesaler-for-water-purifier","status":"publish","type":"product","link":"https:\/\/lyfilter.com\/tr\/lvyuan-stainless-steel-cartridge-filter-housing-wholesaler-for-water-purifier\/","title":{"rendered":"Su Ar\u0131tma Cihaz\u0131 \u0130\u00e7in Lvyuan Paslanmaz \u00c7elik Kartu\u015f Filtre Muhafazas\u0131 Toptanc\u0131s\u0131"},"content":{"rendered":"<table>\n<thead>\n<tr>\n<th>Men\u015fe Yeri<\/th>\n<th>Guangdong, \u00c7in<\/th>\n<\/tr>\n<\/thead>\n<tbody>\n<tr>\n<td>Marka Ad\u0131<\/td>\n<td>Lvyuan \/ OEM<\/td>\n<\/tr>\n<tr>\n<td>Malzeme<\/td>\n<td>paslanmaz \u00e7elik<\/td>\n<\/tr>\n<tr>\n<td>A\u011f\u0131rl\u0131k<\/td>\n<td>De\u011fi\u015fir<\/td>\n<\/tr>\n<tr>\n<td>Boyut<\/td>\n<td>De\u011fi\u015fir<\/td>\n<\/tr>\n<tr>\n<td>G\u00fc\u00e7<\/td>\n<td>0<\/td>\n<\/tr>\n<tr>\n<td>Garanti<\/td>\n<td>1 Y\u0131l<\/td>\n<\/tr>\n<tr>\n<td>Sa\u011flanan Sat\u0131\u015f Sonras\u0131 Hizmet<\/td>\n<td>\u00c7evrimi\u00e7i destek<\/td>\n<\/tr>\n<tr>\n<td>\u00dcr\u00fcn ad\u0131<\/td>\n<td>paslanmaz \u00e7eli\u0307k su fi\u0307ltre muhafazasi<\/td>\n<\/tr>\n<tr>\n<td>Konut Malzemeleri<\/td>\n<td>ss304, 316, 316L<\/td>\n<\/tr>\n<tr>\n<td>Kartu\u015f filtre miktar\u0131<\/td>\n<td>1 - Se\u00e7enek i\u00e7in 160 ADET<\/td>\n<\/tr>\n<tr>\n<td>Filtre kartu\u015fu uzunlu\u011fu<\/td>\n<td>5, 10, 20, 30, 40, 60 in\u00e7, OEM<\/td>\n<\/tr>\n<tr>\n<td>Y\u00fczey i\u015fleme<\/td>\n<td>Cilal\u0131 &amp; Kumlama<\/td>\n<\/tr>\n<tr>\n<td>\u00dcst kapak tak\u0131l\u0131 tip<\/td>\n<td>Kald\u0131rma c\u0131vatalar\u0131\/Flan\u015f\/Kelep\u00e7e tipi<\/td>\n<\/tr>\n<tr>\n<td>Kullan\u0131m<\/td>\n<td>su\/s\u0131v\u0131\/\u015farap ar\u0131tma tesisi<\/td>\n<\/tr>\n<tr>\n<td>Paket<\/td>\n<td>Tahta sand\u0131k<\/td>\n<\/tr>\n<tr>\n<td>Konekt\u00f6r tipi<\/td>\n<td>kod 0 3 6 7 8 9<\/td>\n<\/tr>\n<tr>\n<td>Sertifikasyon<\/td>\n<td>CE ISO SGS<\/td>\n<\/tr>\n<tr>\n<td>Tedarik Yetene\u011fi<\/td>\n<td>G\u00fcnde 500 Adet \/ Adet paslanmaz \u00e7elik kartu\u015f filtre muhafazas\u0131<\/td>\n<\/tr>\n<\/tbody>\n<\/table>","protected":false},"excerpt":{"rendered":"<p>Su ar\u0131tma sistemleri i\u00e7in \u00fcretilen bu paslanmaz \u00e7elik kartu\u015f filtre muhafazas\u0131, istikrarl\u0131 kullan\u0131m i\u00e7in g\u00fc\u00e7l\u00fc bir g\u00f6vde ve g\u00fcvenli kilit uyumu sunar. Lvyuan ve InversaFilterPurification daha temiz ak\u0131\u015f, g\u00fcvenilir filtreleme ve pratik g\u00fcnl\u00fck performans\u0131 destekler.<\/p>","protected":false},"featured_media":4975,"comment_status":"open","ping_status":"closed","template":"","meta":{"_gspb_post_css":""},"product_brand":[],"product_cat":[15],"product_tag":[1913,1534,1186,1660,1136,1912],"class_list":{"0":"post-4974","1":"product","2":"type-product","3":"status-publish","4":"has-post-thumbnail","6":"product_cat-stainless-steel-filter-housing","7":"product_tag-cartridge-filter-system","8":"product_tag-inversafilterpurification","9":"product_tag-lvyuan-filter-housing","10":"product_tag-stainless-steel-cartridge-filter-housing","11":"product_tag-water-filter-locks","12":"product_tag-water-purifier-filter-housing","14":"first","15":"instock","16":"shipping-taxable","17":"product-type-simple"},"_links":{"self":[{"href":"https:\/\/lyfilter.com\/tr\/wp-json\/wp\/v2\/product\/4974","targetHints":{"allow":["GET"]}}],"collection":[{"href":"https:\/\/lyfilter.com\/tr\/wp-json\/wp\/v2\/product"}],"about":[{"href":"https:\/\/lyfilter.com\/tr\/wp-json\/wp\/v2\/types\/product"}],"replies":[{"embeddable":true,"href":"https:\/\/lyfilter.com\/tr\/wp-json\/wp\/v2\/comments?post=4974"}],"wp:featuredmedia":[{"embeddable":true,"href":"https:\/\/lyfilter.com\/tr\/wp-json\/wp\/v2\/media\/4975"}],"wp:attachment":[{"href":"https:\/\/lyfilter.com\/tr\/wp-json\/wp\/v2\/media?parent=4974"}],"wp:term":[{"taxonomy":"product_brand","embeddable":true,"href":"https:\/\/lyfilter.com\/tr\/wp-json\/wp\/v2\/product_brand?post=4974"},{"taxonomy":"product_cat","embeddable":true,"href":"https:\/\/lyfilter.com\/tr\/wp-json\/wp\/v2\/product_cat?post=4974"},{"taxonomy":"product_tag","embeddable":true,"href":"https:\/\/lyfilter.com\/tr\/wp-json\/wp\/v2\/product_tag?post=4974"}],"curies":[{"name":"wp","href":"https:\/\/api.w.org\/{rel}","templated":true}]}}