{"id":4968,"date":"2026-04-07T07:00:19","date_gmt":"2026-04-07T07:00:19","guid":{"rendered":"https:\/\/lyfilter.com\/"},"modified":"2026-04-07T07:00:19","modified_gmt":"2026-04-07T07:00:19","slug":"stainless-steel-high-flow-filter-housing","status":"publish","type":"product","link":"https:\/\/lyfilter.com\/tr\/stainless-steel-high-flow-filter-housing\/","title":{"rendered":"Paslanmaz \u00c7elik Y\u00fcksek Ak\u0131\u015fl\u0131 Filtre Muhafazas\u0131"},"content":{"rendered":"<table>\n<thead>\n<tr>\n<th>Ba\u015flang\u0131\u00e7 Liman\u0131<\/th>\n<th>Guangzhou<\/th>\n<\/tr>\n<\/thead>\n<tbody>\n<tr>\n<td>\u00dcretim Kapasitesi<\/td>\n<td>10000 adet\/Ay<\/td>\n<\/tr>\n<tr>\n<td>Men\u015fe Yeri<\/td>\n<td>Guangdong, \u00c7in<\/td>\n<\/tr>\n<tr>\n<td>\u00d6deme<\/td>\n<td>T \/ T, Alibaba Ticaret G\u00fcvencesi, paypal<\/td>\n<\/tr>\n<tr>\n<td>ADEDI<\/td>\n<td>1 adet<\/td>\n<\/tr>\n<tr>\n<td>Teslimat S\u00fcresi<\/td>\n<td>7 i\u015f g\u00fcn\u00fc i\u00e7erisinde<\/td>\n<\/tr>\n<tr>\n<td>Sertifikasyon<\/td>\n<td>CE, ISO 9001<\/td>\n<\/tr>\n<\/tbody>\n<\/table>","protected":false},"excerpt":{"rendered":"<p>Y\u00fcksek ak\u0131\u015fl\u0131 filtre muhafazas\u0131, ak\u0131\u015fkandaki \u00e7e\u015fitli kat\u0131 partik\u00fcl kirleticileri gidermek i\u00e7in boru hatt\u0131na monte edilen ve bile\u015fenlerin hizmet \u00f6mr\u00fcn\u00fc uzatma ve sistem \u00e7al\u0131\u015fmas\u0131n\u0131n kararl\u0131l\u0131\u011f\u0131n\u0131 art\u0131rma amac\u0131na ula\u015fabilen bir makinedir. Bu filtre serisinin en b\u00fcy\u00fck \u00f6zelli\u011fi kendinden s\u0131zd\u0131rmaz bir cihaza sahip olmas\u0131d\u0131r. De\u011fi\u015ftirirken\u00a0<a href=\"https:\/\/lyfilter.com\/tr\/products.html\/\">filtre eleman\u0131<\/a>, Flan\u015f\u0131 gev\u015fetirken sadece 90\u00b0 d\u00f6nd\u00fcrmek gerekir, bu da s\u0131v\u0131 ta\u015fmas\u0131n\u0131 \u00f6nleme ve filtre eleman\u0131n\u0131n de\u011fi\u015ftirilmesini kolayla\u015ft\u0131rma konusunda kendinden s\u0131zd\u0131rmazl\u0131k gereksinimini kar\u015f\u0131layabilir.<\/p>","protected":false},"featured_media":4973,"comment_status":"open","ping_status":"closed","template":"","meta":{"_gspb_post_css":""},"product_brand":[],"product_cat":[15],"product_tag":[1911,1740,38,1534,34,1136],"class_list":{"0":"post-4968","1":"product","2":"type-product","3":"status-publish","4":"has-post-thumbnail","6":"product_cat-stainless-steel-filter-housing","7":"product_tag-durable-filter-housing","8":"product_tag-high-flow-filter-housing","9":"product_tag-industrial-water-filtration","10":"product_tag-inversafilterpurification","11":"product_tag-stainless-steel-filter-housing","12":"product_tag-water-filter-locks","14":"first","15":"instock","16":"shipping-taxable","17":"product-type-simple"},"_links":{"self":[{"href":"https:\/\/lyfilter.com\/tr\/wp-json\/wp\/v2\/product\/4968","targetHints":{"allow":["GET"]}}],"collection":[{"href":"https:\/\/lyfilter.com\/tr\/wp-json\/wp\/v2\/product"}],"about":[{"href":"https:\/\/lyfilter.com\/tr\/wp-json\/wp\/v2\/types\/product"}],"replies":[{"embeddable":true,"href":"https:\/\/lyfilter.com\/tr\/wp-json\/wp\/v2\/comments?post=4968"}],"wp:featuredmedia":[{"embeddable":true,"href":"https:\/\/lyfilter.com\/tr\/wp-json\/wp\/v2\/media\/4973"}],"wp:attachment":[{"href":"https:\/\/lyfilter.com\/tr\/wp-json\/wp\/v2\/media?parent=4968"}],"wp:term":[{"taxonomy":"product_brand","embeddable":true,"href":"https:\/\/lyfilter.com\/tr\/wp-json\/wp\/v2\/product_brand?post=4968"},{"taxonomy":"product_cat","embeddable":true,"href":"https:\/\/lyfilter.com\/tr\/wp-json\/wp\/v2\/product_cat?post=4968"},{"taxonomy":"product_tag","embeddable":true,"href":"https:\/\/lyfilter.com\/tr\/wp-json\/wp\/v2\/product_tag?post=4968"}],"curies":[{"name":"wp","href":"https:\/\/api.w.org\/{rel}","templated":true}]}}