{"id":4959,"date":"2026-04-07T06:54:26","date_gmt":"2026-04-07T06:54:26","guid":{"rendered":"https:\/\/lyfilter.com\/"},"modified":"2026-04-07T06:54:26","modified_gmt":"2026-04-07T06:54:26","slug":"0-22-um-micron-pleated-membrane-ptfe-air-vent-filter-for-ss-gas-steam-cartridge-housing-215-222-226","status":"publish","type":"product","link":"https:\/\/lyfilter.com\/tr\/0-22-um-micron-pleated-membrane-ptfe-air-vent-filter-for-ss-gas-steam-cartridge-housing-215-222-226\/","title":{"rendered":"0.22 Um Mikron Pileli Membran Ptfe SS Gaz Buhar Kartu\u015fu Muhafazas\u0131 \u0130\u00e7in Hava Havaland\u0131rma Filtresi 215 222 226"},"content":{"rendered":"<table>\n<thead>\n<tr>\n<th>Ba\u015flang\u0131\u00e7 Liman\u0131<\/th>\n<th>\u00dcretim Kapasitesi<\/th>\n<th>Men\u015fe Yeri<\/th>\n<th>\u00d6deme<\/th>\n<th>ADEDI<\/th>\n<th>Teslimat S\u00fcresi<\/th>\n<\/tr>\n<\/thead>\n<tbody>\n<tr>\n<td>Huangpu\/Nansha<\/td>\n<td>10000 adet\/ay<\/td>\n<td>Guangzhou<\/td>\n<td>T \/ T, Western Union, Alibaba Ticaret G\u00fcvencesi, paypal<\/td>\n<td>1 adet<\/td>\n<td>10-15 g\u00fcn<\/td>\n<\/tr>\n<\/tbody>\n<\/table>","protected":false},"excerpt":{"rendered":"<p>Guangzhou'dan pileli membran kartu\u015f filtreler\u00a0<a href=\"https:\/\/lyfilter.com\/tr\/\">Lvyuan Filtre<\/a>\u00a0(ortama ba\u011fl\u0131 olarak) 0,05 ila 100 mikron g\u00f6zenek boyutlar\u0131 ile mutlak filtreleme i\u00e7in \u00fcr\u00fcn g\u00fcvenli\u011fi ve safl\u0131\u011f\u0131nda en \u00fcst seviyeyi sunar. Maksimum kimyasal uyumluluk i\u00e7in Polipropilen, PTFE, Polieters\u00fclfon (PES), Naylon 66 ve PVDF, Cam Elyaf, Polyester membranlarda mevcuttur. Aralar\u0131ndan se\u00e7im yapabilece\u011finiz \u00e7ok \u00e7e\u015fitli mikron boyutlar\u0131 ve u\u00e7 kapak konfig\u00fcrasyonlar\u0131 sunuyoruz. Lvyuan pilili membran filtre kartu\u015fu, y\u00fcksek safl\u0131k, \u00f6n filtreleme ve son filtreleme uygulamalar\u0131 i\u00e7in yayg\u0131n olarak kullan\u0131lmaktad\u0131r.<\/p>","protected":false},"featured_media":4961,"comment_status":"open","ping_status":"closed","template":"","meta":{"_gspb_post_css":""},"product_brand":[],"product_cat":[21],"product_tag":[1906,1909,1534,1907,1908,1136],"class_list":{"0":"post-4959","1":"product","2":"type-product","3":"status-publish","4":"has-post-thumbnail","6":"product_cat-pleated-filter-cartridge","7":"product_tag-0-22-um-ptfe-filter","8":"product_tag-215-222-226-cartridge-housing","9":"product_tag-inversafilterpurification","10":"product_tag-pleated-membrane-air-vent-filter","11":"product_tag-ss-gas-steam-cartridge-filter","12":"product_tag-water-filter-locks","14":"first","15":"instock","16":"shipping-taxable","17":"product-type-simple"},"_links":{"self":[{"href":"https:\/\/lyfilter.com\/tr\/wp-json\/wp\/v2\/product\/4959","targetHints":{"allow":["GET"]}}],"collection":[{"href":"https:\/\/lyfilter.com\/tr\/wp-json\/wp\/v2\/product"}],"about":[{"href":"https:\/\/lyfilter.com\/tr\/wp-json\/wp\/v2\/types\/product"}],"replies":[{"embeddable":true,"href":"https:\/\/lyfilter.com\/tr\/wp-json\/wp\/v2\/comments?post=4959"}],"wp:featuredmedia":[{"embeddable":true,"href":"https:\/\/lyfilter.com\/tr\/wp-json\/wp\/v2\/media\/4961"}],"wp:attachment":[{"href":"https:\/\/lyfilter.com\/tr\/wp-json\/wp\/v2\/media?parent=4959"}],"wp:term":[{"taxonomy":"product_brand","embeddable":true,"href":"https:\/\/lyfilter.com\/tr\/wp-json\/wp\/v2\/product_brand?post=4959"},{"taxonomy":"product_cat","embeddable":true,"href":"https:\/\/lyfilter.com\/tr\/wp-json\/wp\/v2\/product_cat?post=4959"},{"taxonomy":"product_tag","embeddable":true,"href":"https:\/\/lyfilter.com\/tr\/wp-json\/wp\/v2\/product_tag?post=4959"}],"curies":[{"name":"wp","href":"https:\/\/api.w.org\/{rel}","templated":true}]}}