{"id":4957,"date":"2026-04-07T06:51:13","date_gmt":"2026-04-07T06:51:13","guid":{"rendered":"https:\/\/lyfilter.com\/"},"modified":"2026-04-07T06:51:14","modified_gmt":"2026-04-07T06:51:14","slug":"high-quality-best-under-sink-ro-water-filter-wholesale-for-purify","status":"publish","type":"product","link":"https:\/\/lyfilter.com\/tr\/high-quality-best-under-sink-ro-water-filter-wholesale-for-purify\/","title":{"rendered":"Ar\u0131nd\u0131rmak \u0130\u00e7in Y\u00fcksek Kaliteli En \u0130yi Lavabo Alt\u0131 RO Su Filtresi Toptan Sat\u0131\u015f"},"content":{"rendered":"<table>\n<thead>\n<tr>\n<th>Men\u015fe Yeri<\/th>\n<th>Guangdong, \u00c7in<\/th>\n<\/tr>\n<\/thead>\n<tbody>\n<tr>\n<td>Marka Ad\u0131<\/td>\n<td>Lvyuan\/OEM<\/td>\n<\/tr>\n<tr>\n<td>Model Numaras\u0131<\/td>\n<td>LY-RO-109<\/td>\n<\/tr>\n<tr>\n<td>G\u00fc\u00e7 (W)<\/td>\n<td>24<\/td>\n<\/tr>\n<tr>\n<td>Gerilim (V)<\/td>\n<td>220<\/td>\n<\/tr>\n<tr>\n<td>Sa\u011flanan Sat\u0131\u015f Sonras\u0131 Hizmet<\/td>\n<td>Hi\u00e7biri<\/td>\n<\/tr>\n<tr>\n<td>Garanti<\/td>\n<td>1 Y\u0131l<\/td>\n<\/tr>\n<tr>\n<td>Tip<\/td>\n<td>Ters Osmoz<\/td>\n<\/tr>\n<tr>\n<td>Sertifikasyon<\/td>\n<td>ce, GS<\/td>\n<\/tr>\n<tr>\n<td>Kullan\u0131m<\/td>\n<td>Lavabo Alt\u0131, Lavabo Alt\u0131<\/td>\n<\/tr>\n<tr>\n<td>Uygulama<\/td>\n<td>Hane halk\u0131<\/td>\n<\/tr>\n<tr>\n<td>G\u00fc\u00e7 Kayna\u011f\u0131<\/td>\n<td>Elektrik<\/td>\n<\/tr>\n<tr>\n<td>\u00dcr\u00fcn<\/td>\n<td>evsel kullan\u0131m uv ile 8 a\u015famal\u0131 RO ters osmoz filtresi<\/td>\n<\/tr>\n<tr>\n<td>Sistem<\/td>\n<td>RO sistemi<\/td>\n<\/tr>\n<tr>\n<td>Su kapasitesi<\/td>\n<td>50\/75\/100 GPD<\/td>\n<\/tr>\n<tr>\n<td>Bas\u0131n\u00e7 tank\u0131 kapasitesi<\/td>\n<td>3.2G<\/td>\n<\/tr>\n<tr>\n<td>Gerilim<\/td>\n<td>220V\/50Hz,110V\/60Hz (Transformer)<\/td>\n<\/tr>\n<tr>\n<td>G\u00fc\u00e7<\/td>\n<td>24W<\/td>\n<\/tr>\n<tr>\n<td>Su bas\u0131nc\u0131<\/td>\n<td>0.1-0.3mpa<\/td>\n<\/tr>\n<tr>\n<td>Su temini<\/td>\n<td>Musluk suyu<\/td>\n<\/tr>\n<tr>\n<td>Ortam s\u0131cakl\u0131\u011f\u0131<\/td>\n<td>4\u00b0C~40\u00b0C<\/td>\n<\/tr>\n<tr>\n<td>Tedarik Yetene\u011fi<\/td>\n<td>1000 Adet\/Hafta ba\u015f\u0131na<\/td>\n<\/tr>\n<\/tbody>\n<\/table>","protected":false},"excerpt":{"rendered":"<p>Modern mutfaklar i\u00e7in tasarlanan bu evye alt\u0131 RO su filtresi, g\u00fcvenli kilitleme deste\u011fi ve g\u00fcnl\u00fck kullan\u0131m i\u00e7in istikrarl\u0131 ar\u0131tma sunar. InversaFilterPurification, kurulumu basit, d\u00fczenli ve g\u00fcvenmesi kolay tutarken tad\u0131 ve berrakl\u0131\u011f\u0131 iyile\u015ftirmeye yard\u0131mc\u0131 olur.<\/p>","protected":false},"featured_media":4958,"comment_status":"open","ping_status":"closed","template":"","meta":{"_gspb_post_css":""},"product_brand":[],"product_cat":[1470],"product_tag":[1905,1534,1904,1903,1136,1184],"class_list":{"0":"post-4957","1":"product","2":"type-product","3":"status-publish","4":"has-post-thumbnail","6":"product_cat-under-sink-ro-water-purifier","7":"product_tag-home-water-purification","8":"product_tag-inversafilterpurification","9":"product_tag-ro-water-purifier","10":"product_tag-under-sink-ro-water-filter","11":"product_tag-water-filter-locks","12":"product_tag-wholesale-water-filter","14":"first","15":"instock","16":"shipping-taxable","17":"product-type-simple"},"_links":{"self":[{"href":"https:\/\/lyfilter.com\/tr\/wp-json\/wp\/v2\/product\/4957","targetHints":{"allow":["GET"]}}],"collection":[{"href":"https:\/\/lyfilter.com\/tr\/wp-json\/wp\/v2\/product"}],"about":[{"href":"https:\/\/lyfilter.com\/tr\/wp-json\/wp\/v2\/types\/product"}],"replies":[{"embeddable":true,"href":"https:\/\/lyfilter.com\/tr\/wp-json\/wp\/v2\/comments?post=4957"}],"wp:featuredmedia":[{"embeddable":true,"href":"https:\/\/lyfilter.com\/tr\/wp-json\/wp\/v2\/media\/4958"}],"wp:attachment":[{"href":"https:\/\/lyfilter.com\/tr\/wp-json\/wp\/v2\/media?parent=4957"}],"wp:term":[{"taxonomy":"product_brand","embeddable":true,"href":"https:\/\/lyfilter.com\/tr\/wp-json\/wp\/v2\/product_brand?post=4957"},{"taxonomy":"product_cat","embeddable":true,"href":"https:\/\/lyfilter.com\/tr\/wp-json\/wp\/v2\/product_cat?post=4957"},{"taxonomy":"product_tag","embeddable":true,"href":"https:\/\/lyfilter.com\/tr\/wp-json\/wp\/v2\/product_tag?post=4957"}],"curies":[{"name":"wp","href":"https:\/\/api.w.org\/{rel}","templated":true}]}}