{"id":4942,"date":"2026-04-07T06:41:36","date_gmt":"2026-04-07T06:41:36","guid":{"rendered":"https:\/\/lyfilter.com\/"},"modified":"2026-04-07T06:41:37","modified_gmt":"2026-04-07T06:41:37","slug":"high-quality-sintered-plastic-porous-filter-series-for-biopharmaceutical","status":"publish","type":"product","link":"https:\/\/lyfilter.com\/tr\/high-quality-sintered-plastic-porous-filter-series-for-biopharmaceutical\/","title":{"rendered":"Biyofarmas\u00f6tik \u0130\u00e7in Y\u00fcksek Kaliteli Sinterlenmi\u015f Plastik G\u00f6zenekli Filtre Serisi"},"content":{"rendered":"<table>\n<thead>\n<tr>\n<th>\u00dcr\u00fcn A\u00e7\u0131klamas\u0131<\/th>\n<th>Sinterlenmi\u015f plastik g\u00f6zenekli filtrenin \u00f6ne \u00e7\u0131kan avantajlar\u0131 a\u015fa\u011f\u0131daki gibidir.<\/th>\n<\/tr>\n<\/thead>\n<tbody>\n<tr>\n<td>Durum<\/td>\n<td>Yeni<\/td>\n<\/tr>\n<tr>\n<td>Uygulanabilir Sekt\u00f6rler<\/td>\n<td>Oteller, Konfeksiyon Ma\u011fazalar\u0131, \u0130n\u015faat Malzemesi Ma\u011fazalar\u0131, \u00dcretim Tesisi, Makine Tamir At\u00f6lyeleri, Yiyecek ve \u0130\u00e7ecek Fabrikas\u0131, \u00c7iftlikler, Restoran, Ev Kullan\u0131m\u0131, Perakende, Yiyecek Ma\u011fazas\u0131, Matbaalar, \u0130n\u015faat i\u015fleri, Enerji ve Madencilik, Yiyecek ve \u0130\u00e7ecek Ma\u011fazalar\u0131, Reklam \u015eirketi<\/td>\n<\/tr>\n<tr>\n<td>Garanti Sonras\u0131 Hizmet<\/td>\n<td>\u00c7evrimi\u00e7i destek<\/td>\n<\/tr>\n<tr>\n<td>Yerel Hizmet Konumu<\/td>\n<td>Hi\u00e7biri<\/td>\n<\/tr>\n<tr>\n<td>Showroom Konumu<\/td>\n<td>Hi\u00e7biri<\/td>\n<\/tr>\n<tr>\n<td>Video giden-denetim<\/td>\n<td>Sa\u011fland\u0131<\/td>\n<\/tr>\n<tr>\n<td>Makine Test Raporu<\/td>\n<td>Sa\u011fland\u0131<\/td>\n<\/tr>\n<tr>\n<td>Pazarlama T\u00fcr\u00fc<\/td>\n<td>S\u0131radan \u00dcr\u00fcn<\/td>\n<\/tr>\n<tr>\n<td>\u00c7ekirdek bile\u015fenlerin garantisi<\/td>\n<td>1 Y\u0131l<\/td>\n<\/tr>\n<tr>\n<td>\u00c7ekirdek Bile\u015fenler<\/td>\n<td>Bas\u0131n\u00e7l\u0131 kap<\/td>\n<\/tr>\n<tr>\n<td>Men\u015fe Yeri<\/td>\n<td>Guangdong, \u00c7in<\/td>\n<\/tr>\n<tr>\n<td>Marka Ad\u0131<\/td>\n<td>Lvyuan\/OEM<\/td>\n<\/tr>\n<tr>\n<td>Garanti<\/td>\n<td>1 Y\u0131l<\/td>\n<\/tr>\n<tr>\n<td>Sa\u011flanan Sat\u0131\u015f Sonras\u0131 Hizmet<\/td>\n<td>\u00c7evrimi\u00e7i destek<\/td>\n<\/tr>\n<tr>\n<td>\u0130sim<\/td>\n<td>SUS304 316L 50 100 mikron paslanmaz \u00e7elik sinter silindir filtre<\/td>\n<\/tr>\n<tr>\n<td>Malzeme<\/td>\n<td>SS304\/316L<\/td>\n<\/tr>\n<tr>\n<td>Uzunluk<\/td>\n<td>10\/20\/30\/40\/60 in\u00e7<\/td>\n<\/tr>\n<tr>\n<td>Micron<\/td>\n<td>1 - 300um<\/td>\n<\/tr>\n<tr>\n<td>Katmanlar<\/td>\n<td>5 katman<\/td>\n<\/tr>\n<tr>\n<td>Aray\u00fcz formu<\/td>\n<td>222, 226, 215, M36, M24, M22, M20 di\u015fli aray\u00fcz\u00fc<\/td>\n<\/tr>\n<tr>\n<td>Is\u0131 direnci<\/td>\n<td>-200 - 500 derece<\/td>\n<\/tr>\n<tr>\n<td>\u00c7al\u0131\u015fma bas\u0131nc\u0131<\/td>\n<td>0,1 - 30Mpa<\/td>\n<\/tr>\n<tr>\n<td>Boyut<\/td>\n<td>\u00d6zelle\u015ftirilmi\u015f<\/td>\n<\/tr>\n<\/tbody>\n<\/table>","protected":false},"excerpt":{"rendered":"<p>Biyofarmas\u00f6tik filtrasyon i\u00e7in \u00fcretilen bu sinterlenmi\u015f plastik g\u00f6zenekli filtre serisi, sabit ak\u0131\u015f kontrol\u00fc ve dayan\u0131kl\u0131l\u0131k sunar. Kilit tasar\u0131m\u0131 sabit bir oturmay\u0131 desteklerken InversaFilterPurification daha temiz i\u015flemeyi s\u00fcrd\u00fcrmeye yard\u0131mc\u0131 olur.<\/p>","protected":false},"featured_media":4947,"comment_status":"open","ping_status":"closed","template":"","meta":{"_gspb_post_css":""},"product_brand":[],"product_cat":[24],"product_tag":[1900,1534,1901,1810,1899,1136],"class_list":{"0":"post-4942","1":"product","2":"type-product","3":"status-publish","4":"has-post-thumbnail","6":"product_cat-sintered-porous-plastic","7":"product_tag-biopharmaceutical-filter-series","8":"product_tag-inversafilterpurification","9":"product_tag-pharmaceutical-filtration-filter","10":"product_tag-porous-plastic-filter","11":"product_tag-sintered-plastic-porous-filter","12":"product_tag-water-filter-locks","14":"first","15":"instock","16":"shipping-taxable","17":"product-type-simple"},"_links":{"self":[{"href":"https:\/\/lyfilter.com\/tr\/wp-json\/wp\/v2\/product\/4942","targetHints":{"allow":["GET"]}}],"collection":[{"href":"https:\/\/lyfilter.com\/tr\/wp-json\/wp\/v2\/product"}],"about":[{"href":"https:\/\/lyfilter.com\/tr\/wp-json\/wp\/v2\/types\/product"}],"replies":[{"embeddable":true,"href":"https:\/\/lyfilter.com\/tr\/wp-json\/wp\/v2\/comments?post=4942"}],"wp:featuredmedia":[{"embeddable":true,"href":"https:\/\/lyfilter.com\/tr\/wp-json\/wp\/v2\/media\/4947"}],"wp:attachment":[{"href":"https:\/\/lyfilter.com\/tr\/wp-json\/wp\/v2\/media?parent=4942"}],"wp:term":[{"taxonomy":"product_brand","embeddable":true,"href":"https:\/\/lyfilter.com\/tr\/wp-json\/wp\/v2\/product_brand?post=4942"},{"taxonomy":"product_cat","embeddable":true,"href":"https:\/\/lyfilter.com\/tr\/wp-json\/wp\/v2\/product_cat?post=4942"},{"taxonomy":"product_tag","embeddable":true,"href":"https:\/\/lyfilter.com\/tr\/wp-json\/wp\/v2\/product_tag?post=4942"}],"curies":[{"name":"wp","href":"https:\/\/api.w.org\/{rel}","templated":true}]}}