{"id":4939,"date":"2026-04-07T06:38:45","date_gmt":"2026-04-07T06:38:45","guid":{"rendered":"https:\/\/lyfilter.com\/"},"modified":"2026-04-07T06:38:45","modified_gmt":"2026-04-07T06:38:45","slug":"pp-plastic-filter-housing","status":"publish","type":"product","link":"https:\/\/lyfilter.com\/tr\/pp-plastic-filter-housing\/","title":{"rendered":"PP Plastik Filtre Muhafazas\u0131"},"content":{"rendered":"<table>\n<thead>\n<tr>\n<th>Ba\u015flang\u0131\u00e7 Liman\u0131<\/th>\n<th>Guangzhou<\/th>\n<\/tr>\n<\/thead>\n<tbody>\n<tr>\n<td>\u00dcretim Kapasitesi<\/td>\n<td>10000 adet\/Ay<\/td>\n<\/tr>\n<tr>\n<td>Men\u015fe Yeri<\/td>\n<td>Guangdong, \u00c7in<\/td>\n<\/tr>\n<tr>\n<td>\u00d6deme<\/td>\n<td>T \/ T, Alibaba Ticaret G\u00fcvencesi, paypal<\/td>\n<\/tr>\n<tr>\n<td>ADEDI<\/td>\n<td>1 adet<\/td>\n<\/tr>\n<tr>\n<td>Model<\/td>\n<td>LY-HFPL-7<\/td>\n<\/tr>\n<tr>\n<td>Teslimat S\u00fcresi<\/td>\n<td>7 i\u015f g\u00fcn\u00fc i\u00e7erisinde<\/td>\n<\/tr>\n<tr>\n<td>Sertifikasyon<\/td>\n<td>ISO 9001<\/td>\n<\/tr>\n<tr>\n<td>Marka<\/td>\n<td>OEM\/Lvyuan<\/td>\n<\/tr>\n<\/tbody>\n<\/table>","protected":false},"excerpt":{"rendered":"<p>PP TORBA FILTRE MUHAFAZASI<\/p>\n<ol>\n<li>Benzersiz filtre tasar\u0131m teknolojisini benimser. asit ve alkali direnci, korozyon direnci.<\/li>\n<li>Birim filtrasyon alan\u0131 ba\u015f\u0131na i\u015flem ak\u0131\u015f\u0131 daha b\u00fcy\u00fckt\u00fcr. filtrasyon direnci daha k\u00fc\u00e7\u00fckt\u00fcr ve filtrasyon verimlili\u011fi y\u00fcksektir.<\/li>\n<li>Yayg\u0131n olarak kullan\u0131lanlar: kanalizasyon, kimyasal<\/li>\n<li>s\u0131v\u0131, ila\u00e7, kimya, PCB elektroni\u011fi, at\u0131k su ar\u0131tma. elektrokaplama end\u00fcstrisi vb.<\/li>\n<li>Kurulum ve de\u011fi\u015ftirme s\u00fcresi geleneksel \u00e7ekirdek filtreden 2 kat daha azd\u0131r ve i\u015f verimlili\u011fi 80% kadar artar<\/li>\n<\/ol>\n<ul>\n<li>Benzersiz filtre tasar\u0131m teknolojisini benimser. asit ve alkali direnci, korozyon direnci.<\/li>\n<li>Birim filtrasyon alan\u0131 ba\u015f\u0131na i\u015flem ak\u0131\u015f\u0131 daha b\u00fcy\u00fckt\u00fcr. filtrasyon direnci daha k\u00fc\u00e7\u00fckt\u00fcr ve filtrasyon verimlili\u011fi y\u00fcksektir.<\/li>\n<li>Yayg\u0131n olarak kullan\u0131lanlar: kanalizasyon, kimyasal<\/li>\n<li>s\u0131v\u0131, ila\u00e7, kimya, PCB elektroni\u011fi, at\u0131k su ar\u0131tma. elektrokaplama end\u00fcstrisi vb.<\/li>\n<li>Kurulum ve de\u011fi\u015ftirme s\u00fcresi geleneksel \u00e7ekirdek filtreden 2 kat daha azd\u0131r ve i\u015f verimlili\u011fi 80% kadar artar<\/li>\n<\/ul>","protected":false},"featured_media":4941,"comment_status":"open","ping_status":"closed","template":"","meta":{"_gspb_post_css":""},"product_brand":[],"product_cat":[15],"product_tag":[1898,1534,1897,1896,1136,1800],"class_list":{"0":"post-4939","1":"product","2":"type-product","3":"status-publish","4":"has-post-thumbnail","6":"product_cat-stainless-steel-filter-housing","7":"product_tag-filter-housing-for-purification","8":"product_tag-inversafilterpurification","9":"product_tag-plastic-filter-housing","10":"product_tag-pp-plastic-filter-housing","11":"product_tag-water-filter-locks","12":"product_tag-water-treatment-housing","14":"first","15":"instock","16":"shipping-taxable","17":"product-type-simple"},"_links":{"self":[{"href":"https:\/\/lyfilter.com\/tr\/wp-json\/wp\/v2\/product\/4939","targetHints":{"allow":["GET"]}}],"collection":[{"href":"https:\/\/lyfilter.com\/tr\/wp-json\/wp\/v2\/product"}],"about":[{"href":"https:\/\/lyfilter.com\/tr\/wp-json\/wp\/v2\/types\/product"}],"replies":[{"embeddable":true,"href":"https:\/\/lyfilter.com\/tr\/wp-json\/wp\/v2\/comments?post=4939"}],"wp:featuredmedia":[{"embeddable":true,"href":"https:\/\/lyfilter.com\/tr\/wp-json\/wp\/v2\/media\/4941"}],"wp:attachment":[{"href":"https:\/\/lyfilter.com\/tr\/wp-json\/wp\/v2\/media?parent=4939"}],"wp:term":[{"taxonomy":"product_brand","embeddable":true,"href":"https:\/\/lyfilter.com\/tr\/wp-json\/wp\/v2\/product_brand?post=4939"},{"taxonomy":"product_cat","embeddable":true,"href":"https:\/\/lyfilter.com\/tr\/wp-json\/wp\/v2\/product_cat?post=4939"},{"taxonomy":"product_tag","embeddable":true,"href":"https:\/\/lyfilter.com\/tr\/wp-json\/wp\/v2\/product_tag?post=4939"}],"curies":[{"name":"wp","href":"https:\/\/api.w.org\/{rel}","templated":true}]}}