{"id":4915,"date":"2026-04-07T06:17:28","date_gmt":"2026-04-07T06:17:28","guid":{"rendered":"https:\/\/lyfilter.com\/"},"modified":"2026-04-07T06:17:29","modified_gmt":"2026-04-07T06:17:29","slug":"carbon-filter-10-20-30-40-inch-filter-water-sintered-carbon-filter-cartridge-for-water-purifier","status":"publish","type":"product","link":"https:\/\/lyfilter.com\/tr\/carbon-filter-10-20-30-40-inch-filter-water-sintered-carbon-filter-cartridge-for-water-purifier\/","title":{"rendered":"Su Ar\u0131tma Cihaz\u0131 \u0130\u00e7in Karbon Filtre 10 20 30 40 \u0130n\u00e7 Filtre Su Sinterlenmi\u015f Karbon Filtre Kartu\u015fu"},"content":{"rendered":"<table>\n<thead>\n<tr>\n<th>Men\u015fe Yeri<\/th>\n<th>Guangdong, \u00c7in<\/th>\n<th>Marka Ad\u0131<\/th>\n<th>Lvyuan veya OEM \/ ODM<\/th>\n<th>Malzeme<\/th>\n<th>hindistan cevizi karbonu, hindistan cevizi karbonu, k\u00f6m\u00fcr karbonu<\/th>\n<\/tr>\n<\/thead>\n<tbody>\n<tr>\n<td>A\u011f\u0131rl\u0131k<\/td>\n<td>\u00f6zelle\u015ftirilmi\u015f<\/td>\n<td>Boyut<\/td>\n<td>\u00f6zelle\u015ftirilmi\u015f, \u00f6zelle\u015ftirilmi\u015f<\/td>\n<td>G\u00fc\u00e7<\/td>\n<td>0<\/td>\n<\/tr>\n<tr>\n<td>Garanti<\/td>\n<td>Kullan\u0131lam\u0131yor<\/td>\n<td>Sa\u011flanan Sat\u0131\u015f Sonras\u0131 Hizmet<\/td>\n<td>\u00c7evrimi\u00e7i destek, \u00c7evrimi\u00e7i destek<\/td>\n<td>\u00d6zellik<\/td>\n<td>koku, tortu, koku vb. giderir<\/td>\n<\/tr>\n<tr>\n<td>Uygulama<\/td>\n<td>\u00d6n filtreleme<\/td>\n<td>Renk<\/td>\n<td>Siyah\/gri<\/td>\n<td>Tip<\/td>\n<td>Su Filtresi Par\u00e7alar\u0131<\/td>\n<\/tr>\n<tr>\n<td>\u00c7ap<\/td>\n<td>\u00f6zelle\u015ftirilmi\u015f<\/td>\n<td>Anahtar Kelimeler<\/td>\n<td>akti\u0307f karbon seri\u0307si\u0307<\/td>\n<td>mikron oran\u0131<\/td>\n<td>5\/10\/25 mikron<\/td>\n<\/tr>\n<tr>\n<td>Tedarik Yetene\u011fi<\/td>\n<td>5000 Adet\/Hafta ba\u015f\u0131na<\/td>\n<td><\/td>\n<td><\/td>\n<td><\/td>\n<td><\/td>\n<\/tr>\n<\/tbody>\n<\/table>","protected":false},"excerpt":{"rendered":"<p>G\u00fcnl\u00fck ar\u0131tma i\u00e7in \u00fcretilen bu sinterlenmi\u015f karbon filtre kartu\u015fu, sabit ak\u0131\u015f ve daha temiz tat sa\u011flayan 10, 20, 30 ve 40 in\u00e7 su ar\u0131tma cihazlar\u0131na uyar. InversaFilterPurification, g\u00fcvenilir filtreleme ve evde kolay de\u011fi\u015ftirme imkan\u0131 sunar.<\/p>","protected":false},"featured_media":4920,"comment_status":"open","ping_status":"closed","template":"","meta":{"_gspb_post_css":""},"product_brand":[],"product_cat":[22],"product_tag":[1888,1889,709,1534,1837,1887],"class_list":{"0":"post-4915","1":"product","2":"type-product","3":"status-publish","4":"has-post-thumbnail","6":"product_cat-sintered-filter-cartridge","7":"product_tag-10-inch-carbon-filter","8":"product_tag-20-inch-carbon-filter","9":"product_tag-40-inch-water-filter","10":"product_tag-inversafilterpurification","11":"product_tag-sintered-carbon-filter-cartridge","12":"product_tag-water-purifier-carbon-filter","14":"first","15":"instock","16":"shipping-taxable","17":"product-type-simple"},"_links":{"self":[{"href":"https:\/\/lyfilter.com\/tr\/wp-json\/wp\/v2\/product\/4915","targetHints":{"allow":["GET"]}}],"collection":[{"href":"https:\/\/lyfilter.com\/tr\/wp-json\/wp\/v2\/product"}],"about":[{"href":"https:\/\/lyfilter.com\/tr\/wp-json\/wp\/v2\/types\/product"}],"replies":[{"embeddable":true,"href":"https:\/\/lyfilter.com\/tr\/wp-json\/wp\/v2\/comments?post=4915"}],"wp:featuredmedia":[{"embeddable":true,"href":"https:\/\/lyfilter.com\/tr\/wp-json\/wp\/v2\/media\/4920"}],"wp:attachment":[{"href":"https:\/\/lyfilter.com\/tr\/wp-json\/wp\/v2\/media?parent=4915"}],"wp:term":[{"taxonomy":"product_brand","embeddable":true,"href":"https:\/\/lyfilter.com\/tr\/wp-json\/wp\/v2\/product_brand?post=4915"},{"taxonomy":"product_cat","embeddable":true,"href":"https:\/\/lyfilter.com\/tr\/wp-json\/wp\/v2\/product_cat?post=4915"},{"taxonomy":"product_tag","embeddable":true,"href":"https:\/\/lyfilter.com\/tr\/wp-json\/wp\/v2\/product_tag?post=4915"}],"curies":[{"name":"wp","href":"https:\/\/api.w.org\/{rel}","templated":true}]}}