{"id":4913,"date":"2026-04-07T06:11:56","date_gmt":"2026-04-07T06:11:56","guid":{"rendered":"https:\/\/lyfilter.com\/"},"modified":"2026-04-07T06:11:56","modified_gmt":"2026-04-07T06:11:56","slug":"factory-direct-stainless-bag-filter-with-good-price-for-industry","status":"publish","type":"product","link":"https:\/\/lyfilter.com\/tr\/factory-direct-stainless-bag-filter-with-good-price-for-industry\/","title":{"rendered":"End\u00fcstri \u0130\u00e7in \u0130yi Fiyatl\u0131 Fabrika Do\u011frudan Paslanmaz Torba Filtre"},"content":{"rendered":"<table>\n<thead>\n<tr>\n<th>Men\u015fe Yeri<\/th>\n<th>Guangdong, \u00c7in<\/th>\n<th>Marka Ad\u0131<\/th>\n<th>Lvyuan \/ OEM<\/th>\n<th>Garanti<\/th>\n<th>Kullan\u0131lam\u0131yor<\/th>\n<\/tr>\n<\/thead>\n<tbody>\n<tr>\n<td>Sa\u011flanan Sat\u0131\u015f Sonras\u0131 Hizmet<\/td>\n<td>\u00c7evrimi\u00e7i destek<\/td>\n<td>\u00dcr\u00fcn ad\u0131<\/td>\n<td>\u00f6rg\u00fc filtre torbas\u0131<\/td>\n<td>muhafaza malzemesi<\/td>\n<td>ss304, sus 316, ss316L<\/td>\n<\/tr>\n<tr>\n<td>torba fi\u0307ltre mi\u0307ktari<\/td>\n<td>Tekli veya \u00e7oklu torbalar \u00f6zelle\u015ftirilmi\u015f<\/td>\n<td>\u00c7anta boyutu<\/td>\n<td>180<em>450 mm veya 180<\/em>810 mm, di\u011fer<\/td>\n<td>Giri\u015f ve \u00c7\u0131k\u0131\u015f tipi<\/td>\n<td>Flan\u015f\/di\u015f ba\u011flant\u0131s\u0131<\/td>\n<\/tr>\n<tr>\n<td>Filtre torbas\u0131 malzemesi<\/td>\n<td>PP, PE, \u00f6zelle\u015ftirilmi\u015f<\/td>\n<td>Maks. \u00e7al\u0131\u015fma bas\u0131nc\u0131<\/td>\n<td>100\/150\/300 Psi<\/td>\n<td>Kullan\u0131m<\/td>\n<td>s\u0131v\u0131 filtrasyonu<\/td>\n<\/tr>\n<tr>\n<td>\u00c7anta numaras\u0131<\/td>\n<td>#1, 2, 3, 4, 5, OEM<\/td>\n<td>taraf\u0131ndan konut clousure<\/td>\n<td>h\u0131zl\u0131 c\u0131vata, kelep\u00e7e, flan\u015f<\/td>\n<td>Tedarik Yetene\u011fi<\/td>\n<td>1500 Adet \/ Adet her Ay filtre \u00f6rg\u00fc \u00e7anta<\/td>\n<\/tr>\n<\/tbody>\n<\/table>","protected":false},"excerpt":{"rendered":"<p><b>\u015eirket Avantajlar\u0131<\/b><br \/>\n<b>1.<\/b>\u00a0Test\u00a0<a href=\"https:\/\/lyfilter.com\/tr\/\">Lvyuan Filtre<\/a>\u00a0\u00e7e\u015fitli y\u00f6nleri i\u00e7ermektedir. \u00c7al\u0131\u015fma bo\u015fluklar\u0131, bile\u015fenler ve hammaddeler gibi \u015feylerin t\u00fcm\u00fc ciddi \u015fekilde \u00f6l\u00e7\u00fclecektir. M\u00fckemmel filtreleme ve iyi termal stabilite sunar<br \/>\n<b>2.<\/b>\u00a0\u00dcr\u00fcn, insan hatas\u0131n\u0131 \u00fcretim s\u00fcrecinden \u00e7\u0131kararak gereksiz israf\u0131n ortadan kald\u0131r\u0131lmas\u0131na yard\u0131mc\u0131 olur. Bu da \u00fcretim maliyetlerinden tasarruf edilmesine do\u011frudan katk\u0131da bulunacakt\u0131r. T\u00fcm elemanlar\u0131 g\u0131da ve i\u00e7ecek temas\u0131 i\u00e7in FDA uyumlu malzemeden yap\u0131lm\u0131\u015ft\u0131r<br \/>\n<b>3.<\/b>\u00a0\u00dcr\u00fcn y\u00fcksek kalite ve uzun hizmet \u00f6mr\u00fc vaat eder. Geli\u015fmi\u015f verimlilik i\u00e7in t\u00fcm kesit boyunca kirleticileri yakalamaya yard\u0131mc\u0131 olmak \u00fczere kademeli g\u00f6zeneklerle tasarlanm\u0131\u015ft\u0131r<\/p>\n<div class=\"pro_aliData\">\n<div class=\"detail-box\">\n<div class=\"scc-wrapper detail-module module-cspu\" data-module=\"cspu\"><\/div>\n<div class=\"scc-wrapper detail-module module-productPackagingAndQuickDetail\" data-spm=\"prilinga1e\">\n<div class=\"widget-detail-overview\">\n<div class=\"do-title\">Genel Bak\u0131\u015f<\/div>\n<div id=\"car-parts-model\"><\/div>\n<div class=\"do-content\">\n<div class=\"do-overview\">\n<div class=\"do-entry do-entry-separate\">\n<div class=\"do-entry-title\">H\u0131zl\u0131 Ayr\u0131nt\u0131lar<\/div>\n<div class=\"do-entry-list\">\n<dl id=\"224439040\" class=\"do-entry-item\">\n<dt class=\"do-entry-item\"><span class=\"attr-name J-attr-name\" title=\"Uygulanabilir Sekt\u00f6rler\">Uygulanabilir End\u00fcstriler:<\/span><\/dt>\n<dd class=\"do-entry-item-val\">\n<div class=\"ellipsis\" title=\"Oteller, Konfeksiyon Ma\u011fazalar\u0131, \u0130n\u015faat Malzemesi Ma\u011fazalar\u0131, \u00dcretim Tesisi, Makine Tamir At\u00f6lyeleri, Yiyecek ve \u0130\u00e7ecek Fabrikas\u0131, \u00c7iftlikler, Restoran, Ev Kullan\u0131m\u0131, Perakende, Yiyecek Ma\u011fazas\u0131, Matbaalar, \u0130n\u015faat i\u015fleri, Enerji ve Madencilik, Yiyecek ve \u0130\u00e7ecek Ma\u011fazalar\u0131, Reklam \u015eirketi\">Oteller, Konfeksiyon Ma\u011fazalar\u0131, \u0130n\u015faat Malzemesi Ma\u011fazalar\u0131, \u00dcretim Tesisi, Makine Tamir At\u00f6lyeleri, Yiyecek ve \u0130\u00e7ecek Fabrikas\u0131, \u00c7iftlikler, Restoran, Ev Kullan\u0131m\u0131, Perakende, Yiyecek Ma\u011fazas\u0131, Matbaalar, \u0130n\u015faat i\u015fleri, Enerji ve Madencilik, Yiyecek ve \u0130\u00e7ecek Ma\u011fazalar\u0131, Reklam \u015eirketi<\/div>\n<\/dd>\n<\/dl>\n<\/div>\n<\/div>\n<\/div>\n<\/div>\n<\/div>\n<\/div>\n<\/div>\n<\/div>","protected":false},"featured_media":4914,"comment_status":"open","ping_status":"closed","template":"","meta":{"_gspb_post_css":""},"product_brand":[],"product_cat":[1054],"product_tag":[1426,1534,1886,1885,1320,1136],"class_list":{"0":"post-4913","1":"product","2":"type-product","3":"status-publish","4":"has-post-thumbnail","6":"product_cat-filter-bag","7":"product_tag-industrial-bag-filter","8":"product_tag-inversafilterpurification","9":"product_tag-liquid-filtration-filter","10":"product_tag-stainless-bag-filter","11":"product_tag-stainless-steel-bag-filter","12":"product_tag-water-filter-locks","14":"first","15":"instock","16":"shipping-taxable","17":"product-type-simple"},"_links":{"self":[{"href":"https:\/\/lyfilter.com\/tr\/wp-json\/wp\/v2\/product\/4913","targetHints":{"allow":["GET"]}}],"collection":[{"href":"https:\/\/lyfilter.com\/tr\/wp-json\/wp\/v2\/product"}],"about":[{"href":"https:\/\/lyfilter.com\/tr\/wp-json\/wp\/v2\/types\/product"}],"replies":[{"embeddable":true,"href":"https:\/\/lyfilter.com\/tr\/wp-json\/wp\/v2\/comments?post=4913"}],"wp:featuredmedia":[{"embeddable":true,"href":"https:\/\/lyfilter.com\/tr\/wp-json\/wp\/v2\/media\/4914"}],"wp:attachment":[{"href":"https:\/\/lyfilter.com\/tr\/wp-json\/wp\/v2\/media?parent=4913"}],"wp:term":[{"taxonomy":"product_brand","embeddable":true,"href":"https:\/\/lyfilter.com\/tr\/wp-json\/wp\/v2\/product_brand?post=4913"},{"taxonomy":"product_cat","embeddable":true,"href":"https:\/\/lyfilter.com\/tr\/wp-json\/wp\/v2\/product_cat?post=4913"},{"taxonomy":"product_tag","embeddable":true,"href":"https:\/\/lyfilter.com\/tr\/wp-json\/wp\/v2\/product_tag?post=4913"}],"curies":[{"name":"wp","href":"https:\/\/api.w.org\/{rel}","templated":true}]}}