{"id":4906,"date":"2026-04-07T03:59:36","date_gmt":"2026-04-07T03:59:36","guid":{"rendered":"https:\/\/lyfilter.com\/"},"modified":"2026-04-07T03:59:36","modified_gmt":"2026-04-07T03:59:36","slug":"factory-price-customize-size-stainless-steel-sintered-mesh-filter-element","status":"publish","type":"product","link":"https:\/\/lyfilter.com\/tr\/factory-price-customize-size-stainless-steel-sintered-mesh-filter-element\/","title":{"rendered":"Fabrika Fiyat\u0131 \u00d6zelle\u015ftirme Boyutu Paslanmaz \u00c7elik Sinterlenmi\u015f Mesh Filtre Eleman\u0131"},"content":{"rendered":"<table>\n<thead>\n<tr>\n<th>Ba\u015flang\u0131\u00e7 Liman\u0131<\/th>\n<th>Guangzhou<\/th>\n<th>\u00dcretim Kapasitesi<\/th>\n<th>10000 adet\/Ay<\/th>\n<th>Men\u015fe Yeri<\/th>\n<th>Guangdong, \u00c7in<\/th>\n<\/tr>\n<\/thead>\n<tbody>\n<tr>\n<td>\u00d6deme<\/td>\n<td>T \/ T, Western Union, Alibaba Ticaret G\u00fcvencesi, paypal<\/td>\n<td>ADEDI<\/td>\n<td>1 adet<\/td>\n<td>Sertifikasyon<\/td>\n<td>ISO 9001<\/td>\n<\/tr>\n<tr>\n<td>Marka<\/td>\n<td>OEM\/Lvyuan<\/td>\n<td><\/td>\n<td><\/td>\n<td><\/td>\n<td><\/td>\n<\/tr>\n<\/tbody>\n<\/table>\n<p>Filtreleme g\u00f6revleri i\u00e7in \u00fcretilen bu paslanmaz \u00e7elik sinterlenmi\u015f a\u011f filtre eleman\u0131, \u00f6zel boyutland\u0131rma, g\u00fc\u00e7l\u00fc yap\u0131 ve temiz ak\u0131\u015f\u0131 destekler. InversaFilterPurification, g\u00fcnl\u00fck end\u00fcstriyel i\u015fler ve kullan\u0131m i\u00e7in g\u00fcvenilir performans ve de\u011fer sunar.<\/p>","protected":false},"excerpt":{"rendered":"<div class=\"unit-detail-html-tabs__content-attr\">\n<div class=\"unit-product-attrparam\">\n<div class=\"unit-product-attrparam__items row\">\n<div class=\"col-12 col-md-6\">\n<div class=\"unit-product-attrparam__item\"><\/div>\n<\/div>\n<div class=\"col-12 col-md-6\">\n<div class=\"unit-product-attrparam__item\">\n<div class=\"unit-product-attrparam__value\" title=\"OEM\/ODM\">Paslanmaz \u00e7elik sinterlenmi\u015f a\u011f <a href=\"https:\/\/lyfilter.com\/tr\/products.html\/\">filtre eleman\u0131<\/a>tek tip ve ideal bir filtre malzemesi olu\u015fturmak i\u00e7in her bir tel a\u011f\u0131n a\u011flar\u0131n\u0131 birbirine ge\u00e7irmektir. Sinterlenmi\u015f a\u011f filtre eleman\u0131n\u0131n hassasiyeti, g\u00fc\u00e7l\u00fc mukavemet ve sertlik ile tek tip ve stabildir ve son derece y\u00fcksek bas\u0131n\u00e7 dayan\u0131m\u0131 ve filtrasyon do\u011frulu\u011fu gerektirir. Tekd\u00fczelik gerektiren durumlar i\u00e7in ideal se\u00e7imdir.<\/div>\n<\/div>\n<\/div>\n<\/div>\n<\/div>\n<\/div>\n<div class=\"unit-detail-html-tabs__content-html\">\n<p>\u00a0Sinterlenmi\u015f a\u011f filtre eleman\u0131n\u0131n uygulama kapsam\u0131: hidrolik ya\u011f ve ya\u011flama ya\u011f\u0131n\u0131n hassas filtrasyonu, petrol end\u00fcstrisinin filtrasyonu, kanalizasyon filtrasyonu, \u00e7imento, madencilik, metalurji, otomobil, end\u00fcstriyel sirk\u00fclasyon suyu filtrasyonu, hassas filtre, geri y\u0131kama filtresi ve di\u011fer ekipman end\u00fcstrileri. \u0130la\u00e7 end\u00fcstrisindeki malzemelerin filtrasyonu.<\/p>\n<\/div>","protected":false},"featured_media":4907,"comment_status":"open","ping_status":"closed","template":"","meta":{"_gspb_post_css":""},"product_brand":[],"product_cat":[18],"product_tag":[879,1390,1534,1884,1883,1136],"class_list":{"0":"post-4906","1":"product","2":"type-product","3":"status-publish","4":"has-post-thumbnail","6":"product_cat-sintered-metal-filters","7":"product_tag-custom-size-filter-element","8":"product_tag-industrial-mesh-filter","9":"product_tag-inversafilterpurification","10":"product_tag-sintered-mesh-filter-element","11":"product_tag-stainless-steel-sintered-mesh-filter","12":"product_tag-water-filter-locks","14":"first","15":"instock","16":"shipping-taxable","17":"product-type-simple"},"_links":{"self":[{"href":"https:\/\/lyfilter.com\/tr\/wp-json\/wp\/v2\/product\/4906","targetHints":{"allow":["GET"]}}],"collection":[{"href":"https:\/\/lyfilter.com\/tr\/wp-json\/wp\/v2\/product"}],"about":[{"href":"https:\/\/lyfilter.com\/tr\/wp-json\/wp\/v2\/types\/product"}],"replies":[{"embeddable":true,"href":"https:\/\/lyfilter.com\/tr\/wp-json\/wp\/v2\/comments?post=4906"}],"wp:featuredmedia":[{"embeddable":true,"href":"https:\/\/lyfilter.com\/tr\/wp-json\/wp\/v2\/media\/4907"}],"wp:attachment":[{"href":"https:\/\/lyfilter.com\/tr\/wp-json\/wp\/v2\/media?parent=4906"}],"wp:term":[{"taxonomy":"product_brand","embeddable":true,"href":"https:\/\/lyfilter.com\/tr\/wp-json\/wp\/v2\/product_brand?post=4906"},{"taxonomy":"product_cat","embeddable":true,"href":"https:\/\/lyfilter.com\/tr\/wp-json\/wp\/v2\/product_cat?post=4906"},{"taxonomy":"product_tag","embeddable":true,"href":"https:\/\/lyfilter.com\/tr\/wp-json\/wp\/v2\/product_tag?post=4906"}],"curies":[{"name":"wp","href":"https:\/\/api.w.org\/{rel}","templated":true}]}}