{"id":4887,"date":"2026-04-07T03:43:50","date_gmt":"2026-04-07T03:43:50","guid":{"rendered":"https:\/\/lyfilter.com\/"},"modified":"2026-04-07T03:43:50","modified_gmt":"2026-04-07T03:43:50","slug":"pp-polypropylene-pleated-water-filter-cartridges-precision-filter-cartridge-for-stainless-steel-housing","status":"publish","type":"product","link":"https:\/\/lyfilter.com\/tr\/pp-polypropylene-pleated-water-filter-cartridges-precision-filter-cartridge-for-stainless-steel-housing\/","title":{"rendered":"PP Polipropilen Pileli Su Filtresi Kartu\u015flar\u0131 Paslanmaz \u00c7elik Muhafaza \u0130\u00e7in Hassas Filtre Kartu\u015fu"},"content":{"rendered":"<table>\n<thead>\n<tr>\n<th>Garanti Sonras\u0131 Hizmet<\/th>\n<th>\u00c7evrimi\u00e7i destek<\/th>\n<th>Yerel Hizmet Konumu<\/th>\n<th>Hi\u00e7biri<\/th>\n<th>Showroom Konumu<\/th>\n<th>Hi\u00e7biri<\/th>\n<\/tr>\n<\/thead>\n<tbody>\n<tr>\n<td>Men\u015fe Yeri<\/td>\n<td>Guangdong, \u00c7in<\/td>\n<td>Marka Ad\u0131<\/td>\n<td>Lvyuan \/ OEM<\/td>\n<td>Malzeme<\/td>\n<td>Pileli Filtre Eleman\u0131<\/td>\n<\/tr>\n<tr>\n<td>A\u011f\u0131rl\u0131k<\/td>\n<td>ba\u011fl\u0131d\u0131r<\/td>\n<td>Boyut<\/td>\n<td>standart, \u00f6zelle\u015fti\u0307rme<\/td>\n<td>G\u00fc\u00e7<\/td>\n<td>0<\/td>\n<\/tr>\n<tr>\n<td>Garanti<\/td>\n<td>Kullan\u0131lam\u0131yor<\/td>\n<td>\u00dcr\u00fcn ad\u0131<\/td>\n<td>hassas fi\u0307ltre kartu\u015fu<\/td>\n<td>Mikron Oran\u0131<\/td>\n<td>0.1, 0.5, 1, 5, 10 ~60um<\/td>\n<\/tr>\n<tr>\n<td>Pileli kartu\u015f Malzemesi<\/td>\n<td>PP\/PTFE\/PES \/Naylon 6 \/PVDF<\/td>\n<td>Uzunluk<\/td>\n<td>5\u2033, 10\u2033, 20\u2033, 30\u2033, 40\u2033, OEM<\/td>\n<td>Filtre Ortam\u0131<\/td>\n<td>Polipropilen membran<\/td>\n<\/tr>\n<tr>\n<td>U\u00e7 Kapa\u011f\u0131<\/td>\n<td>DOE,222+Fin,222+Flat,226+Fin,226+Flat<\/td>\n<td>Conta\/O halka malzemesi<\/td>\n<td>Silikon\/EPDM\/NBR\/Viton\/Telfon<\/td>\n<td>Kullan\u0131m<\/td>\n<td>s\u0131v\u0131 filtre elemanlar\u0131, su filtresi par\u00e7alar\u0131<\/td>\n<\/tr>\n<tr>\n<td>\u0130\u00e7 \u00e7ekirdek<\/td>\n<td>PP \/ paslanmaz \u00e7elik<\/td>\n<td>Sertifikasyon<\/td>\n<td>SGS\/ISO9001<\/td>\n<td><\/td>\n<td><\/td>\n<\/tr>\n<\/tbody>\n<\/table>","protected":false},"excerpt":{"rendered":"<h3 class=\"do-entry-title\">Paketleme ve Teslimat<\/h3>\n<div class=\"do-entry-list\">\n<dl class=\"do-entry-item\">\n<dt class=\"do-entry-item-key\">Sat\u0131\u015f Birimleri:<\/dt>\n<dd class=\"do-entry-item-val\">Tek \u00fcr\u00fcn<\/dd>\n<\/dl>\n<dl class=\"do-entry-item\">\n<dt class=\"do-entry-item-key\" title=\"Tek paket boyutu:\">Tek paket boyutu:<\/dt>\n<dd class=\"do-entry-item-val\">15X15X103 cm<\/dd>\n<\/dl>\n<dl class=\"do-entry-item\">\n<dt class=\"do-entry-item-key\" title=\"Tek br\u00fct a\u011f\u0131rl\u0131k:\">Tek br\u00fct a\u011f\u0131rl\u0131k:<\/dt>\n<dd class=\"do-entry-item-val\">2.000 kg<\/dd>\n<\/dl>\n<dl class=\"do-entry-item\">\n<dt class=\"do-entry-item-key\">Paket Tipi:<\/dt>\n<dd class=\"do-entry-item-val pkg-method\">PP Polipropilen pileli\u00a0<a href=\"https:\/\/lyfilter.com\/tr\/products.html\/\">su fi\u0307ltre kartu\u015flari<\/a>\u00a0Paslanmaz \u00e7elik g\u00f6vde i\u00e7in hassas filtre kartu\u015fu En iyi birim fiyat ve nakliye maliyeti miktar de\u011fi\u015fikliklerine tabidir, l\u00fctfen en iyi teklif i\u00e7in soru\u015fturma g\u00f6ndermekten \u00e7ekinmeyin. Paket 10 in\u00e7: 50PCS\/CTN 400*400*685mm 20 in\u00e7: 25PCS\/CTN 400*400*685mm 30 in\u00e7: 25PCS\/CTN 835*435*425mm 40 in\u00e7: 25PCS\/CTN 1100*395*400mm<\/dd>\n<\/dl>\n<dl class=\"do-entry-item\">\n<dt class=\"do-entry-item-key\" title=\"Teslim S\u00fcresi\">Teslim S\u00fcresi\u00a0<i class=\"next-icon next-icon-help next-icon-xs js-leadtimes-tips\"><\/i>:<\/dt>\n<dd class=\"do-entry-item-val\" title=\"Teslim S\u00fcresi\">\n<div class=\"table-responsive\">\n<table class=\"supply-ability-table ui2-table ui2-table-normal ui2-table-zebra ui2-table-hover\">\n<tbody>\n<tr>\n<td>Miktar (Adet)<\/td>\n<td>1 - 100<\/td>\n<td>&gt;100<\/td>\n<\/tr>\n<tr>\n<td>Tahmini Zaman (g\u00fcn)<\/td>\n<td>15<\/td>\n<td>M\u00fczakere edilecek<\/td>\n<\/tr>\n<\/tbody>\n<\/table>\n<\/div>\n<\/dd>\n<\/dl>\n<\/div>","protected":false},"featured_media":4890,"comment_status":"open","ping_status":"closed","template":"","meta":{"_gspb_post_css":""},"product_brand":[],"product_cat":[21,23],"product_tag":[1534,814,1453,1877,292,866],"class_list":{"0":"post-4887","1":"product","2":"type-product","3":"status-publish","4":"has-post-thumbnail","6":"product_cat-pleated-filter-cartridge","7":"product_cat-pp-filter-cartridge","8":"product_tag-inversafilterpurification","9":"product_tag-pleated-water-filter-cartridge","10":"product_tag-polypropylene-pleated-filter-cartridge","11":"product_tag-precision-filter-cartridge","12":"product_tag-stainless-steel-housing-filter","13":"product_tag-water-filtration-cartridge","15":"first","16":"instock","17":"shipping-taxable","18":"product-type-simple"},"_links":{"self":[{"href":"https:\/\/lyfilter.com\/tr\/wp-json\/wp\/v2\/product\/4887","targetHints":{"allow":["GET"]}}],"collection":[{"href":"https:\/\/lyfilter.com\/tr\/wp-json\/wp\/v2\/product"}],"about":[{"href":"https:\/\/lyfilter.com\/tr\/wp-json\/wp\/v2\/types\/product"}],"replies":[{"embeddable":true,"href":"https:\/\/lyfilter.com\/tr\/wp-json\/wp\/v2\/comments?post=4887"}],"wp:featuredmedia":[{"embeddable":true,"href":"https:\/\/lyfilter.com\/tr\/wp-json\/wp\/v2\/media\/4890"}],"wp:attachment":[{"href":"https:\/\/lyfilter.com\/tr\/wp-json\/wp\/v2\/media?parent=4887"}],"wp:term":[{"taxonomy":"product_brand","embeddable":true,"href":"https:\/\/lyfilter.com\/tr\/wp-json\/wp\/v2\/product_brand?post=4887"},{"taxonomy":"product_cat","embeddable":true,"href":"https:\/\/lyfilter.com\/tr\/wp-json\/wp\/v2\/product_cat?post=4887"},{"taxonomy":"product_tag","embeddable":true,"href":"https:\/\/lyfilter.com\/tr\/wp-json\/wp\/v2\/product_tag?post=4887"}],"curies":[{"name":"wp","href":"https:\/\/api.w.org\/{rel}","templated":true}]}}