{"id":4876,"date":"2026-04-07T03:33:15","date_gmt":"2026-04-07T03:33:15","guid":{"rendered":"https:\/\/lyfilter.com\/"},"modified":"2026-04-07T03:33:15","modified_gmt":"2026-04-07T03:33:15","slug":"oem-odm-sintered-ss-filters-for-food","status":"publish","type":"product","link":"https:\/\/lyfilter.com\/tr\/oem-odm-sintered-ss-filters-for-food\/","title":{"rendered":"G\u0131da i\u00e7in OEM ve ODM sinterlenmi\u015f SS Filtreler"},"content":{"rendered":"<table>\n<thead>\n<tr>\n<th>Garanti Sonras\u0131 Hizmet<\/th>\n<th>\u00c7evrimi\u00e7i destek<\/th>\n<th>Yerel Hizmet Konumu<\/th>\n<th>Hi\u00e7biri<\/th>\n<th>Showroom Konumu<\/th>\n<th>Hi\u00e7biri<\/th>\n<\/tr>\n<\/thead>\n<tbody>\n<tr>\n<td>Video giden-denetim<\/td>\n<td>Sa\u011fland\u0131<\/td>\n<td>Makine Test Raporu<\/td>\n<td>Sa\u011fland\u0131<\/td>\n<td>Pazarlama T\u00fcr\u00fc<\/td>\n<td>S\u0131radan \u00dcr\u00fcn<\/td>\n<\/tr>\n<tr>\n<td>\u00c7ekirdek bile\u015fenlerin garantisi<\/td>\n<td>1 Y\u0131l<\/td>\n<td>\u00c7ekirdek Bile\u015fenler<\/td>\n<td>Bas\u0131n\u00e7l\u0131 kap<\/td>\n<td>Men\u015fe Yeri<\/td>\n<td>Guangdong, \u00c7in<\/td>\n<\/tr>\n<tr>\n<td>Marka Ad\u0131<\/td>\n<td>Lvyuan\/OEM<\/td>\n<td>Garanti<\/td>\n<td>1 Y\u0131l<\/td>\n<td>Sa\u011flanan Sat\u0131\u015f Sonras\u0131 Hizmet<\/td>\n<td>\u00c7evrimi\u00e7i destek<\/td>\n<\/tr>\n<tr>\n<td>Anahtar Kelimeler<\/td>\n<td>3\u2033,4\u2033 6\u2033 1,5,10,20 mikron sinterlenmi\u015f a\u011f filtre<\/td>\n<td>\u00c7ap<\/td>\n<td>M\u00fc\u015fteri talebi<\/td>\n<td>Malzeme<\/td>\n<td>paslanmaz \u00e7elik<\/td>\n<\/tr>\n<tr>\n<td>\u015eekil<\/td>\n<td>Silindir<\/td>\n<td>Kullan\u0131m<\/td>\n<td>su ar\u0131tma<\/td>\n<td>Uygulama<\/td>\n<td>end\u00fcstri<\/td>\n<\/tr>\n<tr>\n<td>Renk<\/td>\n<td>\u015eerit<\/td>\n<td>Paketleme<\/td>\n<td>KA\u011eIT KUTU<\/td>\n<td>uzunluk<\/td>\n<td>10\/20\/30\/40 in\u00e7<\/td>\n<\/tr>\n<tr>\n<td>Avantaj<\/td>\n<td>yeniden kullan\u0131m<\/td>\n<td>Tedarik Yetene\u011fi<\/td>\n<td>Ay ba\u015f\u0131na 10000 Adet \/ Adet<\/td>\n<td><\/td>\n<td><\/td>\n<\/tr>\n<\/tbody>\n<\/table>","protected":false},"excerpt":{"rendered":"<p><b>\u00dcr\u00fcne Genel Bak\u0131\u015f<\/b><\/p>\n<p>Bu kalite a\u00e7\u0131s\u0131ndan g\u00fcvenilir ve uygun maliyetli sinterlenmi\u015f ss filtreler, y\u00fcksek kaliteli bir kaplama \u00e7\u00f6z\u00fcm\u00fc sa\u011flar. Kompakt yap\u0131, kolay kullan\u0131m ve y\u00fcksek verimlilik avantajlar\u0131na sahiptir. S\u00fcrekli ve uzun s\u00fcreli \u00e7al\u0131\u015fma imkan\u0131 mevcuttur.\u00a0<a href=\"https:\/\/lyfilter.com\/tr\/\">Lvyuan Filtre<\/a>\u00a0sinterlenmi\u015f ss filtreler en son teknoloji kullan\u0131larak \u00fcretilmi\u015ftir. \u00dcr\u00fcn kalite a\u00e7\u0131s\u0131ndan \u00fcst\u00fcn, performans a\u00e7\u0131s\u0131ndan m\u00fckemmel ve kullan\u0131m \u00f6mr\u00fc uzundur. sinterlenmi\u015f ss filtreler, a\u015fa\u011f\u0131daki alanlarda end\u00fcstriyel malzemelerin kesilmesi ve derinlemesine i\u015flenmesi i\u00e7in yayg\u0131n olarak uygulanabilir: dekorasyon, havac\u0131l\u0131k, elektrik, yeni enerji, kimya end\u00fcstrisi, otomotiv \u00fcretimi ve di\u011ferleri. Kaliteli sinterlenmi\u015f ss filtrelerin m\u00fc\u015fterilerin ortak takdirini kazanabilece\u011fi kabul edilmektedir.<\/p>\n<p>&nbsp;<\/p>\n<p><b>\u00dcr\u00fcn Tan\u0131t\u0131m\u0131<\/b><\/p>\n<p>Lvyuan Su Ar\u0131tma Ekipmanlar\u0131, a\u015fa\u011f\u0131daki b\u00f6l\u00fcmde size sinterlenmi\u015f ss filtrelerin ayr\u0131nt\u0131lar\u0131n\u0131 sunacakt\u0131r.<\/p>","protected":false},"featured_media":4880,"comment_status":"open","ping_status":"closed","template":"","meta":{"_gspb_post_css":""},"product_brand":[],"product_cat":[18],"product_tag":[1872,1137,1534,1871,1870,1410],"class_list":{"0":"post-4876","1":"product","2":"type-product","3":"status-publish","4":"has-post-thumbnail","6":"product_cat-sintered-metal-filters","7":"product_tag-food-filtration-filter","8":"product_tag-food-grade-filter","9":"product_tag-inversafilterpurification","10":"product_tag-odm-stainless-steel-filter","11":"product_tag-oem-sintered-filter","12":"product_tag-sintered-ss-filters","14":"first","15":"instock","16":"shipping-taxable","17":"product-type-simple"},"_links":{"self":[{"href":"https:\/\/lyfilter.com\/tr\/wp-json\/wp\/v2\/product\/4876","targetHints":{"allow":["GET"]}}],"collection":[{"href":"https:\/\/lyfilter.com\/tr\/wp-json\/wp\/v2\/product"}],"about":[{"href":"https:\/\/lyfilter.com\/tr\/wp-json\/wp\/v2\/types\/product"}],"replies":[{"embeddable":true,"href":"https:\/\/lyfilter.com\/tr\/wp-json\/wp\/v2\/comments?post=4876"}],"wp:featuredmedia":[{"embeddable":true,"href":"https:\/\/lyfilter.com\/tr\/wp-json\/wp\/v2\/media\/4880"}],"wp:attachment":[{"href":"https:\/\/lyfilter.com\/tr\/wp-json\/wp\/v2\/media?parent=4876"}],"wp:term":[{"taxonomy":"product_brand","embeddable":true,"href":"https:\/\/lyfilter.com\/tr\/wp-json\/wp\/v2\/product_brand?post=4876"},{"taxonomy":"product_cat","embeddable":true,"href":"https:\/\/lyfilter.com\/tr\/wp-json\/wp\/v2\/product_cat?post=4876"},{"taxonomy":"product_tag","embeddable":true,"href":"https:\/\/lyfilter.com\/tr\/wp-json\/wp\/v2\/product_tag?post=4876"}],"curies":[{"name":"wp","href":"https:\/\/api.w.org\/{rel}","templated":true}]}}