{"id":4868,"date":"2026-04-07T03:29:50","date_gmt":"2026-04-07T03:29:50","guid":{"rendered":"https:\/\/lyfilter.com\/"},"modified":"2026-04-07T03:29:50","modified_gmt":"2026-04-07T03:29:50","slug":"in-stock-replaceable-filter-element-filters-for-liquid-water-filtration-housing","status":"publish","type":"product","link":"https:\/\/lyfilter.com\/tr\/in-stock-replaceable-filter-element-filters-for-liquid-water-filtration-housing\/","title":{"rendered":"S\u0131v\u0131 Su Filtrasyon Muhafazas\u0131 \u0130\u00e7in Stokta De\u011fi\u015ftirilebilir Filtre Eleman\u0131 Filtreleri"},"content":{"rendered":"<table>\n<thead>\n<tr>\n<th>Men\u015fe Yeri<\/th>\n<th>\u00c7in<\/th>\n<th>Marka Ad\u0131<\/th>\n<th>Lvyuan\/OEM<\/th>\n<th>Model Numaras\u0131<\/th>\n<th>LY-PLF-01<\/th>\n<\/tr>\n<\/thead>\n<tbody>\n<tr>\n<td>G\u00fc\u00e7 (W)<\/td>\n<td>0<\/td>\n<td>Gerilim (V)<\/td>\n<td>0<\/td>\n<td>Sa\u011flanan Sat\u0131\u015f Sonras\u0131 Hizmet<\/td>\n<td>Hi\u00e7biri<\/td>\n<\/tr>\n<tr>\n<td>Garanti<\/td>\n<td>Hi\u00e7biri<\/td>\n<td>Tip<\/td>\n<td>Ters Osmoz<\/td>\n<td>Sertifikasyon<\/td>\n<td>GS<\/td>\n<\/tr>\n<tr>\n<td>Kullan\u0131m<\/td>\n<td>Ev Tipi \u00d6n Filtreleme<\/td>\n<td>Uygulama<\/td>\n<td>Araba, Karavan, D\u0131\u015f Mekan, Otel, Garaj, Ticari, Ev<\/td>\n<td>G\u00fc\u00e7 Kayna\u011f\u0131<\/td>\n<td>El Kitab\u0131<\/td>\n<\/tr>\n<tr>\n<td>\u0130sim<\/td>\n<td>filtre eleman\u0131 filtreler<\/td>\n<td>Filtre membran malzemesi<\/td>\n<td>PP\/PVDF\/PTFE\/PES\/Naylon<\/td>\n<td>Uzunluk<\/td>\n<td>5 \/ 10 \/ 20 \/ 30 \/ 40 \/ 50 \/ 60 in\u00e7<\/td>\n<\/tr>\n<tr>\n<td>Konekt\u00f6r<\/td>\n<td>Fin\/222\/226\/215\/DOE\/Thread<\/td>\n<td>Micron<\/td>\n<td>0.22\/0.5\/1\/3\/5\/10\/25\/50\/75\/100\/150<\/td>\n<td>S\u0131zd\u0131rmazl\u0131k y\u00f6ntemi<\/td>\n<td>S\u0131cak eritme kayna\u011f\u0131<\/td>\n<\/tr>\n<tr>\n<td>\u00c7ap<\/td>\n<td>70mm\/OEM<\/td>\n<td>\u0130\u00e7 \u00c7ekirdek<\/td>\n<td>PP\/SS\/OEM<\/td>\n<td>ADEDI<\/td>\n<td>\u015eu anda s\u0131n\u0131rl\u0131 de\u011fil<\/td>\n<\/tr>\n<tr>\n<td>Tedarik Yetene\u011fi<\/td>\n<td>5000 Adet\/Hafta ba\u015f\u0131na<\/td>\n<td><\/td>\n<td><\/td>\n<td><\/td>\n<td><\/td>\n<\/tr>\n<\/tbody>\n<\/table>","protected":false},"excerpt":{"rendered":"<p>Stokta bulunan ve de\u011fi\u015ftirilmesi kolay olan bu filtre eleman\u0131, daha temiz ak\u0131\u015f ve kolay bak\u0131m ile s\u0131v\u0131 su filtrasyon muhafazas\u0131n\u0131 destekler. InversaFilterPurification, g\u00fcnl\u00fck kullan\u0131m i\u00e7in g\u00fcvenilir \u00e7\u0131k\u0131\u015f, basit bak\u0131m ve istikrarl\u0131 filtreleme sa\u011flar.<\/p>","protected":false},"featured_media":4870,"comment_status":"open","ping_status":"closed","template":"","meta":{"_gspb_post_css":""},"product_brand":[],"product_cat":[1202],"product_tag":[1868,1869,1534,1867,1866,93],"class_list":{"0":"post-4868","1":"product","2":"type-product","3":"status-publish","4":"has-post-thumbnail","6":"product_cat-filter-cartridge","7":"product_tag-filtration-housing-filter","8":"product_tag-in-stock-filter-element","9":"product_tag-inversafilterpurification","10":"product_tag-liquid-water-filtration","11":"product_tag-replaceable-filter-element","12":"product_tag-water-filter-housing","14":"first","15":"instock","16":"shipping-taxable","17":"product-type-simple"},"_links":{"self":[{"href":"https:\/\/lyfilter.com\/tr\/wp-json\/wp\/v2\/product\/4868","targetHints":{"allow":["GET"]}}],"collection":[{"href":"https:\/\/lyfilter.com\/tr\/wp-json\/wp\/v2\/product"}],"about":[{"href":"https:\/\/lyfilter.com\/tr\/wp-json\/wp\/v2\/types\/product"}],"replies":[{"embeddable":true,"href":"https:\/\/lyfilter.com\/tr\/wp-json\/wp\/v2\/comments?post=4868"}],"wp:featuredmedia":[{"embeddable":true,"href":"https:\/\/lyfilter.com\/tr\/wp-json\/wp\/v2\/media\/4870"}],"wp:attachment":[{"href":"https:\/\/lyfilter.com\/tr\/wp-json\/wp\/v2\/media?parent=4868"}],"wp:term":[{"taxonomy":"product_brand","embeddable":true,"href":"https:\/\/lyfilter.com\/tr\/wp-json\/wp\/v2\/product_brand?post=4868"},{"taxonomy":"product_cat","embeddable":true,"href":"https:\/\/lyfilter.com\/tr\/wp-json\/wp\/v2\/product_cat?post=4868"},{"taxonomy":"product_tag","embeddable":true,"href":"https:\/\/lyfilter.com\/tr\/wp-json\/wp\/v2\/product_tag?post=4868"}],"curies":[{"name":"wp","href":"https:\/\/api.w.org\/{rel}","templated":true}]}}