{"id":4825,"date":"2026-04-07T02:53:16","date_gmt":"2026-04-07T02:53:16","guid":{"rendered":"https:\/\/lyfilter.com\/"},"modified":"2026-04-07T02:53:16","modified_gmt":"2026-04-07T02:53:16","slug":"cost-effective-activated-carbon-water-filtration-activated-carbon-water-filtration-company","status":"publish","type":"product","link":"https:\/\/lyfilter.com\/tr\/cost-effective-activated-carbon-water-filtration-activated-carbon-water-filtration-company\/","title":{"rendered":"Uygun Maliyetli Aktif Karbon Su Filtrasyonu Aktif Karbon Su Filtrasyon \u015eirketi"},"content":{"rendered":"<p><strong>Giri\u015f<\/strong><\/p>\n<p>10 \u2033 T33 filtre kartu\u015fu, kokonet kabu\u011fu aktif karbondan yap\u0131lm\u0131\u015ft\u0131r, kokuyu giderebilir ve suyu taze tutabilir, k\u0131rm\u0131z\u0131, mavi, sar\u0131 ve beyaz gibi farkl\u0131 renk kabu\u011funa sahiptir. kendiniz se\u00e7ebilirsiniz.<\/p>\n<p>T33 filtre kartu\u015fu t\u00fcplere do\u011frudan ba\u011flanmak \u00fczere tasarlanm\u0131\u015ft\u0131r. Kurulum ve s\u0131k s\u0131k de\u011fi\u015ftirme i\u00e7in \u00e7ok uygundur. PP gibi \u00e7e\u015fitli filtre ortamlar\u0131 ile doldurulabilir.\u00a0<a href=\"https:\/\/lyfilter.com\/tr\/sediment-filter.html\/\">Tortu filtresi<\/a>\u00a0kartu\u015f, gran\u00fcl aktif karbon, re\u00e7ine, mineral ta\u015f ve benzeri farkl\u0131 ihtiya\u00e7lar\u0131 kar\u015f\u0131lamak i\u00e7in.<\/p>\n<table>\n<thead>\n<tr>\n<th>Saha<\/th>\n<th>De\u011fer<\/th>\n<th>Saha<\/th>\n<th>De\u011fer<\/th>\n<\/tr>\n<\/thead>\n<tbody>\n<tr>\n<td>Men\u015fe Yeri<\/td>\n<td>Guangdong, \u00c7in<\/td>\n<td>Marka Ad\u0131<\/td>\n<td>Lvyuan\/OEM<\/td>\n<\/tr>\n<tr>\n<td>G\u00fc\u00e7 (W)<\/td>\n<td>0<\/td>\n<td>Gerilim (V)<\/td>\n<td>0<\/td>\n<\/tr>\n<tr>\n<td>Sa\u011flanan Sat\u0131\u015f Sonras\u0131 Hizmet<\/td>\n<td>Yerinde Kurulum<\/td>\n<td>Garanti<\/td>\n<td>1 Y\u0131l<\/td>\n<\/tr>\n<tr>\n<td>Tip<\/td>\n<td>Aktif Karbon<\/td>\n<td>Sertifikasyon<\/td>\n<td>ce, GS<\/td>\n<\/tr>\n<tr>\n<td>Kullan\u0131m<\/td>\n<td>Ev Tipi \u00d6n Filtreleme<\/td>\n<td>Uygulama<\/td>\n<td>Otel, Araba, D\u0131\u015f Mekan, Garaj, RV, Ticari, Ev<\/td>\n<\/tr>\n<tr>\n<td>G\u00fc\u00e7 Kayna\u011f\u0131<\/td>\n<td>El Kitab\u0131<\/td>\n<td>su fi\u0307ltre kartu\u015fu<\/td>\n<td>T33<\/td>\n<\/tr>\n<tr>\n<td>boyut<\/td>\n<td>50*255mm<\/td>\n<td>malzeme<\/td>\n<td>hindistan cevizi kabu\u011fu aktif karbon<\/td>\n<\/tr>\n<tr>\n<td>fonksiyon<\/td>\n<td>kokuyu giderir, suyu taze hale getirir<\/td>\n<td>hizmet \u00f6mr\u00fc<\/td>\n<td>3-6 ay<\/td>\n<\/tr>\n<tr>\n<td>Tedarik Yetene\u011fi<\/td>\n<td>G\u00fcnde 5000 Adet \/ Adet<\/td>\n<td><\/td>\n<td><\/td>\n<\/tr>\n<\/tbody>\n<\/table>\n<p><strong>Parametre<\/strong><\/p>\n<div class=\"table-responsive\">\n<table class=\"aliDataTable\" border=\"1\">\n<tbody>\n<tr>\n<td>su fi\u0307ltre kartu\u015fu<\/td>\n<td>T33<\/td>\n<\/tr>\n<tr>\n<td>boyut<\/td>\n<td>50\u00d7255mm veya 60\u00d7285mm<\/td>\n<\/tr>\n<tr>\n<td>filtre malzemesi<\/td>\n<td>hindistan cevizi kabu\u011fu aktif karbon<\/td>\n<\/tr>\n<tr>\n<td>fonksiyon<\/td>\n<td>kokuyu giderir, suyu taze yapar<\/td>\n<\/tr>\n<tr>\n<td>hizmet \u00f6mr\u00fc<\/td>\n<td>3-6 ay<\/td>\n<\/tr>\n<\/tbody>\n<\/table>\n<\/div>","protected":false},"excerpt":{"rendered":"<p><b>\u015eirket Avantajlar\u0131<\/b><\/p>\n<p>- Tasar\u0131m\u00a0<a href=\"https:\/\/lyfilter.com\/tr\/\">Lvyuan Filtre<\/a>\u00a0Aktif karbon su filtrasyonu, i\u015flevsellik ve esteti\u011fin birle\u015fimi ile \u00f6zenle tasarlanm\u0131\u015ft\u0131r.<\/p>\n<p>- Hammaddenin tutarl\u0131l\u0131\u011f\u0131n\u0131 ve kalitesini sa\u011flamak i\u00e7in eksiksiz bir \u015firket i\u00e7i laboratuvar mevcuttur.<\/p>\n<p>- Guangzhou Lvyuan Su Ar\u0131tma Equipment Co, Ltd en iyi aktif karbon su filtrasyonu \u00fcretmek i\u00e7in g\u00fc\u00e7l\u00fc bir yetene\u011fi vard\u0131r.<\/p>","protected":false},"featured_media":4826,"comment_status":"open","ping_status":"closed","template":"","meta":{"_gspb_post_css":""},"product_brand":[],"product_cat":[1339],"product_tag":[1845,1846,1847,1534,1849,1848],"class_list":{"0":"post-4825","1":"product","2":"type-product","3":"status-publish","4":"has-post-thumbnail","6":"product_cat-carbon-filter","7":"product_tag-activated-carbon-water-filtration","8":"product_tag-carbon-water-filter","9":"product_tag-cost-effective-water-filter","10":"product_tag-inversafilterpurification","11":"product_tag-odor-control-filter","12":"product_tag-water-filtration-company","14":"first","15":"instock","16":"shipping-taxable","17":"product-type-simple"},"_links":{"self":[{"href":"https:\/\/lyfilter.com\/tr\/wp-json\/wp\/v2\/product\/4825","targetHints":{"allow":["GET"]}}],"collection":[{"href":"https:\/\/lyfilter.com\/tr\/wp-json\/wp\/v2\/product"}],"about":[{"href":"https:\/\/lyfilter.com\/tr\/wp-json\/wp\/v2\/types\/product"}],"replies":[{"embeddable":true,"href":"https:\/\/lyfilter.com\/tr\/wp-json\/wp\/v2\/comments?post=4825"}],"wp:featuredmedia":[{"embeddable":true,"href":"https:\/\/lyfilter.com\/tr\/wp-json\/wp\/v2\/media\/4826"}],"wp:attachment":[{"href":"https:\/\/lyfilter.com\/tr\/wp-json\/wp\/v2\/media?parent=4825"}],"wp:term":[{"taxonomy":"product_brand","embeddable":true,"href":"https:\/\/lyfilter.com\/tr\/wp-json\/wp\/v2\/product_brand?post=4825"},{"taxonomy":"product_cat","embeddable":true,"href":"https:\/\/lyfilter.com\/tr\/wp-json\/wp\/v2\/product_cat?post=4825"},{"taxonomy":"product_tag","embeddable":true,"href":"https:\/\/lyfilter.com\/tr\/wp-json\/wp\/v2\/product_tag?post=4825"}],"curies":[{"name":"wp","href":"https:\/\/api.w.org\/{rel}","templated":true}]}}