{"id":4806,"date":"2026-04-07T02:44:46","date_gmt":"2026-04-07T02:44:46","guid":{"rendered":"https:\/\/lyfilter.com\/"},"modified":"2026-04-07T02:44:46","modified_gmt":"2026-04-07T02:44:46","slug":"professional-ss-cartridge-filter-housing-suppliers-for-water-purification","status":"publish","type":"product","link":"https:\/\/lyfilter.com\/tr\/professional-ss-cartridge-filter-housing-suppliers-for-water-purification\/","title":{"rendered":"Su Ar\u0131tma i\u00e7in Profesyonel Ss Kartu\u015f Filtre Muhafazas\u0131 Tedarik\u00e7ileri"},"content":{"rendered":"<table>\n<thead>\n<tr>\n<th>Saha<\/th>\n<th>De\u011fer<\/th>\n<th>Saha<\/th>\n<th>De\u011fer<\/th>\n<\/tr>\n<\/thead>\n<tbody>\n<tr>\n<td>Men\u015fe Yeri<\/td>\n<td>Guangdong, \u00c7in<\/td>\n<td>Marka Ad\u0131<\/td>\n<td>Lvyuan, OEM, ODM<\/td>\n<\/tr>\n<tr>\n<td>Malzeme<\/td>\n<td>paslanmaz \u00e7elik 304\/316<\/td>\n<td>A\u011f\u0131rl\u0131k<\/td>\n<td>\u00f6zelle\u015ftirilmi\u015f<\/td>\n<\/tr>\n<tr>\n<td>Boyut<\/td>\n<td>\u00f6zelle\u015ftirilmi\u015f, 10\u201d20\u201d30\u201d40\u201d<\/td>\n<td>G\u00fc\u00e7<\/td>\n<td>\u00f6zelle\u015ftirilmi\u015f<\/td>\n<\/tr>\n<tr>\n<td>Garanti<\/td>\n<td>1 Y\u0131l<\/td>\n<td>Sa\u011flanan Sat\u0131\u015f Sonras\u0131 Hizmet<\/td>\n<td>\u00c7evrimi\u00e7i destek<\/td>\n<\/tr>\n<tr>\n<td>\u00d6zellik<\/td>\n<td>s\u0131v\u0131 ar\u0131tma<\/td>\n<td>Sertifikasyon<\/td>\n<td>SGS<\/td>\n<\/tr>\n<tr>\n<td>\u015eekil<\/td>\n<td>Silindir<\/td>\n<td>Kullan\u0131m<\/td>\n<td>su ar\u0131tma<\/td>\n<\/tr>\n<tr>\n<td>Uygulama<\/td>\n<td>end\u00fcstri<\/td>\n<td>y\u00fczey<\/td>\n<td>cilal\u0131\/ayna<\/td>\n<\/tr>\n<tr>\n<td>Model<\/td>\n<td>LY-FL-SF<\/td>\n<td>Hammadde<\/td>\n<td>paslanmaz \u00e7elik<\/td>\n<\/tr>\n<tr>\n<td>Renk<\/td>\n<td>G\u00fcm\u00fc\u015f<\/td>\n<td>Tedarik Yetene\u011fi<\/td>\n<td>5000 Adet\/Hafta ba\u015f\u0131na<\/td>\n<\/tr>\n<\/tbody>\n<\/table>","protected":false},"excerpt":{"rendered":"<p><b>\u015eirket Avantajlar\u0131<\/b><br \/>\n<b>1.<\/b>\u00a0Malzeme \u0130htiya\u00e7 Planlamas\u0131 (MRP), Lvyuan 5 mikronun ana fakt\u00f6rlerinden biridir\u00a0<a href=\"https:\/\/lyfilter.com\/tr\/stainless-steel-filter-housing.html\/\">su fi\u0307ltresi\u0307 muhafazasi<\/a>\u00a0\u00dcretim. \u00dcr\u00fcnde kullan\u0131lan malzemelerin mukavemet, mekanik \u00f6zellikler ve dayan\u0131kl\u0131l\u0131k a\u00e7\u0131s\u0131ndan test edilmesi gerekmektedir. Daha fazla kir tutma kapasitesine ve daha uzun \u00f6mre sahiptir.<br \/>\n<b>2.<\/b>\u00a0Bu \u00fcr\u00fcn\u00fc 3 y\u0131l \u00f6nce sat\u0131n alan baz\u0131 m\u00fc\u015fterilerimiz, \u00fcr\u00fcn\u00fcn a\u015f\u0131nma ve y\u0131pranmaya kar\u015f\u0131 son derece dayan\u0131kl\u0131 oldu\u011funu ve bu kadar uzun s\u00fcre kullan\u0131lmas\u0131na ra\u011fmen hala yenisi gibi g\u00f6r\u00fcnd\u00fc\u011f\u00fcn\u00fc s\u00f6yledi. \u0130\u00e7 destek katman\u0131 filtre malzemesine s\u0131k\u0131 s\u0131k\u0131ya ba\u011fl\u0131d\u0131r, bu da onu g\u00fc\u00e7l\u00fc darbe direncine sahip k\u0131lar<br \/>\n<b>3.<\/b>\u00a0Standartlar\u0131n gerekliliklerine uygunlu\u011fu g\u00f6stermek i\u00e7in bir kalite g\u00fcvence sistemi kurulmu\u015ftur. Kendinden destekli fiber matris, hem ekonomik hem de g\u00fc\u00e7l\u00fc olan \u00e7ekirdeksiz bir tasar\u0131m sa\u011flar<br \/>\n<b>4.<\/b>\u00a0QC ekibimiz s\u0131k\u0131 bir kalite kontrol sistemi ve m\u00fckemmel izleme y\u00f6ntemi uygulamaktad\u0131r. End\u00fcstriyel, kimyasal proses, yiyecek ve i\u00e7ecek, kozmetik ve su gibi \u00e7e\u015fitli uygulamalar bulmu\u015ftur.<\/p>","protected":false},"featured_media":4814,"comment_status":"open","ping_status":"closed","template":"","meta":{"_gspb_post_css":""},"product_brand":[],"product_cat":[1245],"product_tag":[1701,1264,1534,1840,34,1703],"class_list":{"0":"post-4806","1":"product","2":"type-product","3":"status-publish","4":"has-post-thumbnail","6":"product_cat-stainless-steel-cartridge-filter-housing","7":"product_tag-cartridge-filter-housing","8":"product_tag-industrial-water-filter-housing","9":"product_tag-inversafilterpurification","10":"product_tag-ss-filter-housing-supplier","11":"product_tag-stainless-steel-filter-housing","12":"product_tag-water-purification-housing","14":"first","15":"instock","16":"shipping-taxable","17":"product-type-simple"},"_links":{"self":[{"href":"https:\/\/lyfilter.com\/tr\/wp-json\/wp\/v2\/product\/4806","targetHints":{"allow":["GET"]}}],"collection":[{"href":"https:\/\/lyfilter.com\/tr\/wp-json\/wp\/v2\/product"}],"about":[{"href":"https:\/\/lyfilter.com\/tr\/wp-json\/wp\/v2\/types\/product"}],"replies":[{"embeddable":true,"href":"https:\/\/lyfilter.com\/tr\/wp-json\/wp\/v2\/comments?post=4806"}],"wp:featuredmedia":[{"embeddable":true,"href":"https:\/\/lyfilter.com\/tr\/wp-json\/wp\/v2\/media\/4814"}],"wp:attachment":[{"href":"https:\/\/lyfilter.com\/tr\/wp-json\/wp\/v2\/media?parent=4806"}],"wp:term":[{"taxonomy":"product_brand","embeddable":true,"href":"https:\/\/lyfilter.com\/tr\/wp-json\/wp\/v2\/product_brand?post=4806"},{"taxonomy":"product_cat","embeddable":true,"href":"https:\/\/lyfilter.com\/tr\/wp-json\/wp\/v2\/product_cat?post=4806"},{"taxonomy":"product_tag","embeddable":true,"href":"https:\/\/lyfilter.com\/tr\/wp-json\/wp\/v2\/product_tag?post=4806"}],"curies":[{"name":"wp","href":"https:\/\/api.w.org\/{rel}","templated":true}]}}