{"id":4798,"date":"2026-04-07T02:39:58","date_gmt":"2026-04-07T02:39:58","guid":{"rendered":"https:\/\/lyfilter.com\/"},"modified":"2026-04-07T02:39:58","modified_gmt":"2026-04-07T02:39:58","slug":"sintered-carbon-filter-cartridge-for-water-plant-lvyuan-filter","status":"publish","type":"product","link":"https:\/\/lyfilter.com\/tr\/sintered-carbon-filter-cartridge-for-water-plant-lvyuan-filter\/","title":{"rendered":"Sinterlenmi\u015f Karbon Filtre Kartu\u015fu - Su Tesisi i\u00e7in - Lvyuan Filter"},"content":{"rendered":"<table>\n<thead>\n<tr>\n<th>Saha<\/th>\n<th>De\u011fer<\/th>\n<th>Saha<\/th>\n<th>De\u011fer<\/th>\n<\/tr>\n<\/thead>\n<tbody>\n<tr>\n<td>Uygulanabilir Sekt\u00f6rler<\/td>\n<td>\u00dcretim Tesisi, Yiyecek ve \u0130\u00e7ecek Fabrikas\u0131, su ar\u0131tma<\/td>\n<td>Garanti Sonras\u0131 Hizmet<\/td>\n<td>\u00c7evrimi\u00e7i destek<\/td>\n<\/tr>\n<tr>\n<td>Yerel Hizmet Konumu<\/td>\n<td>Hi\u00e7biri<\/td>\n<td>Showroom Konumu<\/td>\n<td>Hi\u00e7biri<\/td>\n<\/tr>\n<tr>\n<td>Men\u015fe Yeri<\/td>\n<td>Guangdong, \u00c7in<\/td>\n<td>Marka Ad\u0131<\/td>\n<td>Lvyuan veya OEM \/ ODM<\/td>\n<\/tr>\n<tr>\n<td>Malzeme<\/td>\n<td>hindistan cevizi karbonu, hindistan cevizi karbonu, k\u00f6m\u00fcr karbonu<\/td>\n<td>A\u011f\u0131rl\u0131k<\/td>\n<td>\u00f6zelle\u015ftirilmi\u015f<\/td>\n<\/tr>\n<tr>\n<td>Boyut<\/td>\n<td>\u00f6zelle\u015ftirilmi\u015f, \u00f6zelle\u015ftirilmi\u015f<\/td>\n<td>G\u00fc\u00e7<\/td>\n<td>0<\/td>\n<\/tr>\n<tr>\n<td>Garanti<\/td>\n<td>Kullan\u0131lam\u0131yor<\/td>\n<td>Anahtar Kelimeler<\/td>\n<td>aktif karbon filtre kuma\u015f\u0131<\/td>\n<\/tr>\n<tr>\n<td>Sa\u011flanan Sat\u0131\u015f Sonras\u0131 Hizmet<\/td>\n<td>\u00c7evrimi\u00e7i destek<\/td>\n<td>\u00d6zellik<\/td>\n<td>koku, tortu, koku, vb. giderin<\/td>\n<\/tr>\n<tr>\n<td>Uygulama<\/td>\n<td>\u00d6n filtreleme<\/td>\n<td>Renk<\/td>\n<td>Siyah\/gri<\/td>\n<\/tr>\n<tr>\n<td>Tip<\/td>\n<td>Su Filtresi Par\u00e7alar\u0131<\/td>\n<td>\u00c7ap<\/td>\n<td>\u00f6zelle\u015ftirilmi\u015f<\/td>\n<\/tr>\n<tr>\n<td>mikron oran\u0131<\/td>\n<td>5\/10\/25 mikron<\/td>\n<td>Tedarik Yetene\u011fi<\/td>\n<td>500 Adet\/Hafta ba\u015f\u0131na<\/td>\n<\/tr>\n<\/tbody>\n<\/table>","protected":false},"excerpt":{"rendered":"<p>Su tesisi kullan\u0131m\u0131 i\u00e7in bu Lvyuan sinterlenmi\u015f karbon filtre kartu\u015fu ile daha temiz \u00fcretimi destekleyin. Sabit ak\u0131\u015f, g\u00fcvenilir filtreleme ve rutin filtre bak\u0131m\u0131 i\u00e7in kolay de\u011fi\u015ftirme sa\u011flarken tat ve kokuyu azaltmaya yard\u0131mc\u0131 olur.<\/p>","protected":false},"featured_media":4805,"comment_status":"open","ping_status":"closed","template":"","meta":{"_gspb_post_css":""},"product_brand":[],"product_cat":[22],"product_tag":[1839,1534,1242,1837,1838,773],"class_list":{"0":"post-4798","1":"product","2":"type-product","3":"status-publish","4":"has-post-thumbnail","6":"product_cat-sintered-filter-cartridge","7":"product_tag-carbon-filter-replacement","8":"product_tag-inversafilterpurification","9":"product_tag-lvyuan-filter","10":"product_tag-sintered-carbon-filter-cartridge","11":"product_tag-water-plant-filter","12":"product_tag-water-purification-cartridge","14":"first","15":"instock","16":"shipping-taxable","17":"product-type-simple"},"_links":{"self":[{"href":"https:\/\/lyfilter.com\/tr\/wp-json\/wp\/v2\/product\/4798","targetHints":{"allow":["GET"]}}],"collection":[{"href":"https:\/\/lyfilter.com\/tr\/wp-json\/wp\/v2\/product"}],"about":[{"href":"https:\/\/lyfilter.com\/tr\/wp-json\/wp\/v2\/types\/product"}],"replies":[{"embeddable":true,"href":"https:\/\/lyfilter.com\/tr\/wp-json\/wp\/v2\/comments?post=4798"}],"wp:featuredmedia":[{"embeddable":true,"href":"https:\/\/lyfilter.com\/tr\/wp-json\/wp\/v2\/media\/4805"}],"wp:attachment":[{"href":"https:\/\/lyfilter.com\/tr\/wp-json\/wp\/v2\/media?parent=4798"}],"wp:term":[{"taxonomy":"product_brand","embeddable":true,"href":"https:\/\/lyfilter.com\/tr\/wp-json\/wp\/v2\/product_brand?post=4798"},{"taxonomy":"product_cat","embeddable":true,"href":"https:\/\/lyfilter.com\/tr\/wp-json\/wp\/v2\/product_cat?post=4798"},{"taxonomy":"product_tag","embeddable":true,"href":"https:\/\/lyfilter.com\/tr\/wp-json\/wp\/v2\/product_tag?post=4798"}],"curies":[{"name":"wp","href":"https:\/\/api.w.org\/{rel}","templated":true}]}}